{"id":1684,"date":"2024-10-24T23:21:26","date_gmt":"2024-10-24T15:21:26","guid":{"rendered":"https:\/\/shop.yipinqian.com\/product\/premium-quality-with-good-density-and-light-green-bluish-hue-natural-type-a-jadeite-pendant-necklace-crafted-with-laughing-buddha-certificate-included-weigh-17-14-grams-36-7-34-2-8-7-mm-a-good-collect\/"},"modified":"2025-02-24T01:17:27","modified_gmt":"2025-02-23T17:17:27","slug":"premium-quality-with-good-density-and-light-green-bluish-hue-natural-type-a-jadeite-pendant-necklace-crafted-with-laughing-buddha-certificate-included-weigh-17-14-grams-36-7-34-2-8-7-mm-a-good-collect","status":"publish","type":"product","link":"https:\/\/shop.yipinqian.com\/fr\/produit\/premium-quality-with-good-density-and-light-green-bluish-hue-natural-type-a-jadeite-pendant-necklace-crafted-with-laughing-buddha-certificate-included-weigh-17-14-grams-36-7-34-2-8-7-mm-a-good-collect\/","title":{"rendered":"Collier pendentif en jad\u00e9ite naturelle de type A de qualit\u00e9 sup\u00e9rieure avec une bonne densit\u00e9 et une teinte bleu-vert clair fabriqu\u00e9 avec Bouddha rieur, certificat inclus p\u00e8se 17,14 grammes, 36,7 * 34,2 * 8,7 mm, une bonne collection ou pour votre usage quotidien (pendentif32)"},"content":{"rendered":"<p>Rehaussez votre style avec ce collier pendentif en jad\u00e9ite naturelle de type A de qualit\u00e9 sup\u00e9rieure, fabriqu\u00e9 avec le Bouddha rieur. La teinte bleu-vert clair de la jad\u00e9ite, associ\u00e9e \u00e0 une bonne densit\u00e9, en font un ajout pr\u00e9cieux \u00e0 votre collection de bijoux.<\/p>\n<ul>\n<li>Certificat d&#039;authenticit\u00e9 inclus<\/li>\n<\/ul>\n<p><strong>Num\u00e9ros de certificat : GD2203H017673<\/strong><\/p>\n<p><img fetchpriority=\"high\" decoding=\"async\" height=\"1080\" src=\"https:\/\/shop.yipinqian.com\/wp-content\/uploads\/2024\/10\/71674afd3fbefa67cc3a01a0cb17affe.jpg?from=476444299\" width=\"1080\"><\/p>\n<ul>\n<li>Pesant 17,14 grammes et mesurant 36,7 * 34,2 * 8,7 mm<\/li>\n<li>Design unisexe adapt\u00e9 \u00e0 un usage quotidien<\/li>\n<li>Type de jade : Jad\u00e9ite<\/li>\n<li>Style de collier : D\u00e9contract\u00e9<\/li>\n<\/ul>\n<p>Ce collier est une belle repr\u00e9sentation de la beaut\u00e9 naturelle trouv\u00e9e dans les mines de jade du Myanmar, d&#039;o\u00f9 provient cette pi\u00e8ce exquise.<\/p>\n<p>Le Bouddha rieur sculpt\u00e9 dans le pendentif est un symbole de chance et de fortune, ce qui en fait un cadeau parfait pour quelqu&#039;un de sp\u00e9cial ou comme ajout \u00e0 votre collection personnelle.<\/p>\n<p>Ce collier de qualit\u00e9 sup\u00e9rieure n&#039;est pas accompagn\u00e9 d&#039;une garantie, mais sa durabilit\u00e9 garantit que vous pourrez le ch\u00e9rir pendant des ann\u00e9es !<\/p>\n<p>\u00a0<\/p>\n<p>Yi Pin Qian \u2013 N\u00e9gociant en pierres pr\u00e9cieuses et m\u00e9taux pr\u00e9cieux \u00e0 Singapour \u2013 Num\u00e9ro de licence PS20190000031<\/p>\n<p>\u00a0<\/p>\n<p>*Toutes les jad\u00e9ites achet\u00e9es chez Yi Pin Qian \u00e0 Singapour, les clients peuvent r\u00e9server des cr\u00e9neaux pour le polissage ou une r\u00e9paration mineure en cas de mauvaise manipulation - des frais s&#039;appliquent et uniquement pour les clients de Yi Pin Qian \u00e0 Singapour*<\/p>\n<p>\u00a0<\/p>\n<p><strong>**Types de certificats**<\/strong><\/p>\n<p>\u00a0<\/p>\n<p><strong>NGI (Nan Yang Gemmologie)<\/strong><\/p>\n<p>ou <strong>Certificats \u00e9trangers <\/strong>(Yi Pin Qian utilise uniquement des certificats authentiques provenant de laboratoires \u00e9trangers et contr\u00f4le \u00e9galement la qualit\u00e9 de chacun de nos produits avant de les mettre en vente \u00e0 Singapour)<\/p>\n<p>\u00a0<\/p>\n<p>Chaque produit sur TikTok aura le type de certificat fourni indiqu\u00e9 dans la description. Pour tout client souhaitant envoyer sa commande \u00e0 NGI Singapore, il y aura un d\u00e9lai d&#039;attente pour la livraison de la commande estim\u00e9 \u00e0 environ 4 semaines pour recevoir votre commande. <strong>Les demandes de rapport sur les pierres pr\u00e9cieuses NGI doivent \u00eatre effectu\u00e9es en envoyant un message \u00e0 la boutique TikTok de Yi Pin Qian.<\/strong> Merci, <strong><u>des frais suppl\u00e9mentaires s&#039;appliquent<\/u><\/strong>.<\/p>\n<p>\u00a0<\/p>\n<p><strong>La jad\u00e9ite naturelle n&#039;est pas parfaite, juste un petit rappel : notre jad\u00e9ite naturelle, comme toutes les belles choses de la nature, poss\u00e8de ses caract\u00e9ristiques et ses variations uniques. Nous invitons nos pr\u00e9cieux clients \u00e0 adopter ces variations naturelles. Bon shopping !<\/strong><\/p>\n<p>\u00a0<\/p>\n<p><strong><u>Aucune des photos et des s\u00e9quences vid\u00e9o n&#039;a \u00e9t\u00e9 filtr\u00e9e. Nous encourageons nos clients \u00e0 regarder \u00e9galement les vid\u00e9os d&#039;accompagnement pour une vue plus compl\u00e8te de nos produits<\/u><\/strong><\/p>","protected":false},"excerpt":{"rendered":"<p>Elevate your style with this premium quality Natural Type A Jadeite Pendant Necklace crafted with Laughing Buddha. The light green bluish hue of the jadeite, coupled with good density, make it a valuable addition to your jewelry collection. Certificate included for authenticity Certificate numbers: GD2203H017673 Weighing 17.14 grams and measuring 36.7 * 34.2 * 8.7 [&hellip;]<\/p>","protected":false},"featured_media":7068,"comment_status":"open","ping_status":"closed","template":"","meta":[],"product_brand":[],"product_cat":[195],"product_tag":[],"class_list":{"0":"post-1684","1":"product","2":"type-product","3":"status-publish","4":"has-post-thumbnail","6":"product_cat-heirloom-grade","8":"first","9":"instock","10":"sale","11":"shipping-taxable","12":"purchasable","13":"product-type-simple"},"_links":{"self":[{"href":"https:\/\/shop.yipinqian.com\/fr\/wp-json\/wp\/v2\/product\/1684","targetHints":{"allow":["GET"]}}],"collection":[{"href":"https:\/\/shop.yipinqian.com\/fr\/wp-json\/wp\/v2\/product"}],"about":[{"href":"https:\/\/shop.yipinqian.com\/fr\/wp-json\/wp\/v2\/types\/product"}],"replies":[{"embeddable":true,"href":"https:\/\/shop.yipinqian.com\/fr\/wp-json\/wp\/v2\/comments?post=1684"}],"version-history":[{"count":0,"href":"https:\/\/shop.yipinqian.com\/fr\/wp-json\/wp\/v2\/product\/1684\/revisions"}],"wp:featuredmedia":[{"embeddable":true,"href":"https:\/\/shop.yipinqian.com\/fr\/wp-json\/wp\/v2\/media\/7068"}],"wp:attachment":[{"href":"https:\/\/shop.yipinqian.com\/fr\/wp-json\/wp\/v2\/media?parent=1684"}],"wp:term":[{"taxonomy":"product_brand","embeddable":true,"href":"https:\/\/shop.yipinqian.com\/fr\/wp-json\/wp\/v2\/product_brand?post=1684"},{"taxonomy":"product_cat","embeddable":true,"href":"https:\/\/shop.yipinqian.com\/fr\/wp-json\/wp\/v2\/product_cat?post=1684"},{"taxonomy":"product_tag","embeddable":true,"href":"https:\/\/shop.yipinqian.com\/fr\/wp-json\/wp\/v2\/product_tag?post=1684"}],"curies":[{"name":"wp","href":"https:\/\/api.w.org\/{rel}","templated":true}]}}