{"id":1682,"date":"2024-10-24T23:21:24","date_gmt":"2024-10-24T15:21:24","guid":{"rendered":"https:\/\/shop.yipinqian.com\/product\/premium-quality-spicy-green-bracelet-natural-type-a-jadeite-28-green-beads-bracelet-measurement-size-6-5mm-with-gic-labs-approved-certificate-included-weigh-12-75-grams-a-stunning-bracelet-for-your-da\/"},"modified":"2025-02-17T00:04:13","modified_gmt":"2025-02-16T16:04:13","slug":"premium-quality-spicy-green-bracelet-natural-type-a-jadeite-28-green-beads-bracelet-measurement-size-6-5mm-with-gic-labs-approved-certificate-included-weigh-12-75-grams-a-stunning-bracelet-for-your-da","status":"publish","type":"product","link":"https:\/\/shop.yipinqian.com\/fr\/produit\/premium-quality-spicy-green-bracelet-natural-type-a-jadeite-28-green-beads-bracelet-measurement-size-6-5mm-with-gic-labs-approved-certificate-included-weigh-12-75-grams-a-stunning-bracelet-for-your-da\/","title":{"rendered":"Bracelet vert \u00e9pic\u00e9 de qualit\u00e9 sup\u00e9rieure en jad\u00e9ite naturelle de type A avec 28 perles vertes, taille du bracelet : 6,5 mm avec certificat approuv\u00e9 par les laboratoires QIC inclus, poids : 12,75 grammes, un superbe bracelet \u00e0 porter au quotidien pour le travail ou les rassemblements (bracelet5)"},"content":{"rendered":"<p>This Premium Quality Spicy-Green Bracelet made of Natural Type A Jadeite features 28 stunning green beads with a measurement size of 6.5mm. Weighing 12.75 grams, this bracelet is the perfect accessory for daily wear, be it for work or gatherings.<\/p>\n<ul>\n<li><strong>Design \u00e9poustouflant :<\/strong> Featuring natural Type A Jadeite, this stunning bracelet is a must-have for those who love to stand out from the crowd.<\/li>\n<li><strong>Certificat approuv\u00e9 par QIC Labs\u00a0:<\/strong> This bracelet comes with a QIC labs approved certificate to ensure authenticity and quality.<\/li>\n<li><strong>Durable et r\u00e9sistant :<\/strong> Made from premium quality materials, this Spicy-Green Bracelet is designed to last long without losing its shine or color.<\/li>\n<\/ul>\n<p>This unisex bracelet from Myanmar adds an elegant touch to your daily outfit that makes you stand out in style. Whether it&#8217;s for your personal collection or as a gift, the Premium Quality Spicy-Green Bracelet Natural Type A Jadeite 28 Green Beads Bracelet is an excellent choice that you won&#8217;t regret!<\/p>\n<ul>\n<li><strong>Certificat inclus :<\/strong> Yes &#8211; <strong>Certificate numbers: 5924041108177<\/strong><\/li>\n<\/ul>\n<p><img fetchpriority=\"high\" decoding=\"async\" src=\"https:\/\/shop.yipinqian.com\/wp-content\/uploads\/2024\/10\/decfba3e6733d064de9ac855dbf6e356.jpg?from=476444299\" width=\"1080\" height=\"1080\" \/><\/p>\n<ul>\n<li><strong>Pays d&#039;origine :<\/strong> Birmanie<\/li>\n<li><strong>Type de jade : <\/strong>Jad\u00e9ite<\/li>\n<li><strong>Occasion: <\/strong>\u00c0 porter au quotidien<\/li>\n<\/ul>\n<p>The warranty type of this product is No as it doesn&#8217;t require any maintenance when kept carefully.<\/p>\n<p>\u00a0<\/p>\n<p>Yi Pin Qian \u2013 N\u00e9gociant en pierres pr\u00e9cieuses et m\u00e9taux pr\u00e9cieux \u00e0 Singapour \u2013 Num\u00e9ro de licence PS20190000031<\/p>\n<p>\u00a0<\/p>\n<p>*Toutes les jad\u00e9ites achet\u00e9es chez Yi Pin Qian \u00e0 Singapour, les clients peuvent r\u00e9server des cr\u00e9neaux pour le polissage ou une r\u00e9paration mineure en cas de mauvaise manipulation - des frais s&#039;appliquent et uniquement pour les clients de Yi Pin Qian \u00e0 Singapour*<\/p>\n<p>\u00a0<\/p>\n<p><strong>**Types de certificats**<\/strong><\/p>\n<p>\u00a0<\/p>\n<p><strong>NGI (Nan Yang Gemmologie)<\/strong><\/p>\n<p>ou <strong>Certificats \u00e9trangers <\/strong>(Yi Pin Qian utilise uniquement des certificats authentiques provenant de laboratoires \u00e9trangers et contr\u00f4le \u00e9galement la qualit\u00e9 de chacun de nos produits avant de les mettre en vente \u00e0 Singapour)<\/p>\n<p>\u00a0<\/p>\n<p>Chaque produit sur TikTok aura le type de certificat fourni indiqu\u00e9 dans la description. Pour tout client souhaitant envoyer sa commande \u00e0 NGI Singapore, il y aura un d\u00e9lai d&#039;attente pour la livraison de la commande estim\u00e9 \u00e0 environ 4 semaines pour recevoir votre commande. <strong>Les demandes de rapport sur les pierres pr\u00e9cieuses NGI doivent \u00eatre effectu\u00e9es en envoyant un message \u00e0 la boutique TikTok de Yi Pin Qian.<\/strong> Merci, <strong><u>des frais suppl\u00e9mentaires s&#039;appliquent<\/u><\/strong>.<\/p>\n<p>\u00a0<\/p>\n<p><strong>La jad\u00e9ite naturelle n&#039;est pas parfaite, juste un petit rappel : notre jad\u00e9ite naturelle, comme toutes les belles choses de la nature, poss\u00e8de ses caract\u00e9ristiques et ses variations uniques. Nous invitons nos pr\u00e9cieux clients \u00e0 adopter ces variations naturelles. Bon shopping !<\/strong><\/p>\n<p>\u00a0<\/p>\n<p><strong><u>Aucune des photos et des s\u00e9quences vid\u00e9o n&#039;a \u00e9t\u00e9 filtr\u00e9e. Nous encourageons nos clients \u00e0 regarder \u00e9galement les vid\u00e9os d&#039;accompagnement pour une vue plus compl\u00e8te de nos produits<\/u><\/strong><\/p>","protected":false},"excerpt":{"rendered":"<p>Ce bracelet vert \u00e9pic\u00e9 de qualit\u00e9 sup\u00e9rieure en jad\u00e9ite naturelle de type A comporte 28 superbes perles vertes d&#039;une taille de 6,5 mm. Pesant 12,75 grammes, ce bracelet est l&#039;accessoire parfait \u00e0 porter au quotidien, que ce soit pour le travail ou les r\u00e9unions. Design \u00e9poustouflant : dot\u00e9 de jad\u00e9ite naturelle de type A, ce superbe bracelet est un incontournable pour ceux qui [\u2026]<\/p>","protected":false},"featured_media":7046,"comment_status":"open","ping_status":"closed","template":"","meta":[],"product_brand":[],"product_cat":[121,84],"product_tag":[],"class_list":{"0":"post-1682","1":"product","2":"type-product","3":"status-publish","4":"has-post-thumbnail","6":"product_cat-bracelets-bangles","7":"product_cat-charms-and-charm-bracelet","9":"first","10":"instock","11":"sale","12":"shipping-taxable","13":"purchasable","14":"product-type-simple"},"_links":{"self":[{"href":"https:\/\/shop.yipinqian.com\/fr\/wp-json\/wp\/v2\/product\/1682","targetHints":{"allow":["GET"]}}],"collection":[{"href":"https:\/\/shop.yipinqian.com\/fr\/wp-json\/wp\/v2\/product"}],"about":[{"href":"https:\/\/shop.yipinqian.com\/fr\/wp-json\/wp\/v2\/types\/product"}],"replies":[{"embeddable":true,"href":"https:\/\/shop.yipinqian.com\/fr\/wp-json\/wp\/v2\/comments?post=1682"}],"version-history":[{"count":0,"href":"https:\/\/shop.yipinqian.com\/fr\/wp-json\/wp\/v2\/product\/1682\/revisions"}],"wp:featuredmedia":[{"embeddable":true,"href":"https:\/\/shop.yipinqian.com\/fr\/wp-json\/wp\/v2\/media\/7046"}],"wp:attachment":[{"href":"https:\/\/shop.yipinqian.com\/fr\/wp-json\/wp\/v2\/media?parent=1682"}],"wp:term":[{"taxonomy":"product_brand","embeddable":true,"href":"https:\/\/shop.yipinqian.com\/fr\/wp-json\/wp\/v2\/product_brand?post=1682"},{"taxonomy":"product_cat","embeddable":true,"href":"https:\/\/shop.yipinqian.com\/fr\/wp-json\/wp\/v2\/product_cat?post=1682"},{"taxonomy":"product_tag","embeddable":true,"href":"https:\/\/shop.yipinqian.com\/fr\/wp-json\/wp\/v2\/product_tag?post=1682"}],"curies":[{"name":"wp","href":"https:\/\/api.w.org\/{rel}","templated":true}]}}