{"id":1680,"date":"2024-10-24T23:21:24","date_gmt":"2024-10-24T15:21:24","guid":{"rendered":"https:\/\/shop.yipinqian.com\/product\/premium-quality-semi-icy-light-green-natural-type-a-jadeite-jade-crafted-with-guanyin-as-pendant-certificate-included-weigh-45-05-grams-measurement-56-35-6-11-8-mm-18kp24\/"},"modified":"2025-02-24T01:34:17","modified_gmt":"2025-02-23T17:34:17","slug":"premium-quality-semi-icy-light-green-natural-type-a-jadeite-jade-crafted-with-guanyin-as-pendant-certificate-included-weigh-45-05-grams-measurement-56-35-6-11-8-mm-18kp24","status":"publish","type":"product","link":"https:\/\/shop.yipinqian.com\/fr\/produit\/premium-quality-semi-icy-light-green-natural-type-a-jadeite-jade-crafted-with-guanyin-as-pendant-certificate-included-weigh-45-05-grams-measurement-56-35-6-11-8-mm-18kp24\/","title":{"rendered":"Premium Quality Semi Icy Light Green Natural Type A Jadeite Jade crafted with Guanyin as pendant, certificate included weigh 45.05 grams, measurement 56 * 35.6 * 11.8 mm (18kp24)"},"content":{"rendered":"<article class=\"lzd-article\" style=\"white-space:break-spaces\">\n<p style=\"line-height:1.7;text-align:left;text-indent:0;margin-left:0;margin-top:0;margin-bottom:0\"><span>This Premium Quality Semi Icy Light Green Natural Type A Jadeite Jade pendant, crafted with the image of Guanyin, is a beautiful piece of jewelry that will surely catch anyone&#8217;s eye. It weighs 45.05 grams and measures 56 * 35.6 * 11.8 mm (18kp24).<\/span><\/p>\n<p style=\"line-height:1.7;text-align:left;text-indent:0;margin-left:0;margin-top:0;margin-bottom:0\"><span>with 18k gold clasp<\/span><\/p>\n<p style=\"line-height:1.7;text-align:left;text-indent:0;margin-left:0;margin-top:0;margin-bottom:0\"><span><\/span><\/p>\n<p style=\"line-height:1.7;text-align:left;text-indent:0;margin-left:0;margin-top:0;margin-bottom:0\"><span>Certificate numbers: GD2109H014608<\/span><\/p>\n<ul>\n<li>\n<div style=\"line-height:1.7;text-align:left;text-indent:0\">\n<span style=\"font-weight:bold\">Mat\u00e9riau de haute qualit\u00e9 :<\/span><span> This pendant is made with natural Type A Jadeite Jade from Myanmar and has a beautiful semi-icy light green color.<\/span>\n<\/div>\n<\/li>\n<li>\n<div style=\"line-height:1.7;text-align:left;text-indent:0\">\n<span style=\"font-weight:bold\">Certificat inclus :<\/span><span> You can be confident in the authenticity of this product as it comes with a certificate included.<\/span>\n<\/div>\n<\/li>\n<li>\n<div style=\"line-height:1.7;text-align:left;text-indent:0\">\n<span style=\"font-weight:bold\">Superbe design :<\/span><span> The image of Guanyin on this pendant makes it perfect for those who love both fashion and spirituality.<\/span>\n<\/div>\n<\/li>\n<\/ul>\n<p style=\"line-height:1.7;text-align:left;text-indent:0;margin-left:0;margin-top:0;margin-bottom:0\"><span>This necklace has an Auspicious occasion as per its attributes, making it an ideal gift for special occasions like weddings or other auspicious events<\/span><\/p>\n<ul>\n<li>\n<div style=\"line-height:1.7;text-align:left;text-indent:0\"><span style=\"font-weight:bold\">Aucune garantie incluse\u00a0:<\/span><\/div>\n<\/li>\n<li>\n<div style=\"line-height:1.7;text-align:left;text-indent:0\"><span style=\"font-weight:bold\">You can enjoy your necklace without any warranty included<\/span><\/div>\n<\/li>\n<\/ul>\n<p style=\"line-height:1.7;text-align:left;text-indent:0;margin-left:0;margin-top:0;margin-bottom:0\"><span style=\"font-weight:bold\">.<\/span><\/p>\n<p style=\"line-height:1.7;text-align:left;text-indent:0;margin-left:0;margin-top:0;margin-bottom:0\"><span style=\"font-weight:bold\">The unisex design makes this piece perfect for anyone to wear on any casual occasion while showing off their unique style statement!<\/span><\/p>\n<p style=\"line-height:1.7;text-align:left;text-indent:0;margin-left:0;margin-top:0;margin-bottom:0\"><span style=\"font-weight:bold\">.<\/span><\/p>\n<\/article>","protected":false},"excerpt":{"rendered":"<p>Ce pendentif en jade jad\u00e9ite naturelle de type A de couleur vert clair semi-glac\u00e9 de qualit\u00e9 sup\u00e9rieure, fabriqu\u00e9 avec l&#039;image de Guanyin, est un magnifique bijou qui attirera s\u00fbrement l&#039;attention de tout le monde. Il p\u00e8se 45,05 grammes et mesure 56 * 35,6 * 11,8 mm (18kp24). avec fermoir en or 18 carats Num\u00e9ros de certificat : GD2109H014608 Mat\u00e9riau de haute qualit\u00e9 : ce pendentif [\u2026]<\/p>","protected":false},"featured_media":7036,"comment_status":"open","ping_status":"closed","template":"","meta":[],"product_brand":[],"product_cat":[196],"product_tag":[],"class_list":{"0":"post-1680","1":"product","2":"type-product","3":"status-publish","4":"has-post-thumbnail","6":"product_cat-vault-collection","8":"first","9":"instock","10":"sale","11":"shipping-taxable","12":"purchasable","13":"product-type-simple"},"_links":{"self":[{"href":"https:\/\/shop.yipinqian.com\/fr\/wp-json\/wp\/v2\/product\/1680","targetHints":{"allow":["GET"]}}],"collection":[{"href":"https:\/\/shop.yipinqian.com\/fr\/wp-json\/wp\/v2\/product"}],"about":[{"href":"https:\/\/shop.yipinqian.com\/fr\/wp-json\/wp\/v2\/types\/product"}],"replies":[{"embeddable":true,"href":"https:\/\/shop.yipinqian.com\/fr\/wp-json\/wp\/v2\/comments?post=1680"}],"version-history":[{"count":0,"href":"https:\/\/shop.yipinqian.com\/fr\/wp-json\/wp\/v2\/product\/1680\/revisions"}],"wp:featuredmedia":[{"embeddable":true,"href":"https:\/\/shop.yipinqian.com\/fr\/wp-json\/wp\/v2\/media\/7036"}],"wp:attachment":[{"href":"https:\/\/shop.yipinqian.com\/fr\/wp-json\/wp\/v2\/media?parent=1680"}],"wp:term":[{"taxonomy":"product_brand","embeddable":true,"href":"https:\/\/shop.yipinqian.com\/fr\/wp-json\/wp\/v2\/product_brand?post=1680"},{"taxonomy":"product_cat","embeddable":true,"href":"https:\/\/shop.yipinqian.com\/fr\/wp-json\/wp\/v2\/product_cat?post=1680"},{"taxonomy":"product_tag","embeddable":true,"href":"https:\/\/shop.yipinqian.com\/fr\/wp-json\/wp\/v2\/product_tag?post=1680"}],"curies":[{"name":"wp","href":"https:\/\/api.w.org\/{rel}","templated":true}]}}