{"id":1679,"date":"2024-10-24T23:21:23","date_gmt":"2024-10-24T15:21:23","guid":{"rendered":"https:\/\/shop.yipinqian.com\/product\/premium-quality-light-lavender-natural-type-a-jadeite-jade-crafted-as-cabochon-12-8-6-7-2-8mm-set-on-18k-gold-with-ruby-and-diamonds-as-ring-finger-size-15-5-mm-certificate-weigh-3-22-grams-18kring23\/"},"modified":"2025-02-24T01:17:27","modified_gmt":"2025-02-23T17:17:27","slug":"premium-quality-light-lavender-natural-type-a-jadeite-jade-crafted-as-cabochon-12-8-6-7-2-8mm-set-on-18k-gold-with-ruby-and-diamonds-as-ring-finger-size-15-5-mm-certificate-weigh-3-22-grams-18kring23","status":"publish","type":"product","link":"https:\/\/shop.yipinqian.com\/fr\/produit\/premium-quality-light-lavender-natural-type-a-jadeite-jade-crafted-as-cabochon-12-8-6-7-2-8mm-set-on-18k-gold-with-ruby-and-diamonds-as-ring-finger-size-15-5-mm-certificate-weigh-3-22-grams-18kring23\/","title":{"rendered":"Jade jad\u00e9ite naturel de type A de couleur lavande claire de qualit\u00e9 sup\u00e9rieure fabriqu\u00e9 en cabochon 12,8 * 6,7 * 2,8 mm, serti sur or 18 carats avec rubis et diamants comme bague, taille de doigt 15,5 mm, poids du certificat 3,22 grammes (18kring23)"},"content":{"rendered":"<p>Offrez-vous le luxe avec cette exquise bague en jade jad\u00e9ite naturelle de type A de couleur lavande claire de qualit\u00e9 sup\u00e9rieure.<\/p>\n<p><\/p>\n<p>Num\u00e9ros de certificat : GD2111H020013<\/p>\n<p>L&#039;or 18 carats p\u00e8se 2,52 grammes<\/p>\n<p>Rubis rouges 18 * 0,003 = 0,054 carats<\/p>\n<p>Rubis jaunes 52 * 0,003 = 0,156 carats<\/p>\n<p>Diamants 18 * 0,003 = 0,054 carats<\/p>\n<p>Le cabochon p\u00e8se 0,55 gramme<\/p>\n<p><\/p>\n<ul>\n<li>Un savoir-faire \u00e9poustouflant : dot\u00e9 d&#039;un jade jad\u00e9ite taille cabochon serti sur de l&#039;or 18 carats orn\u00e9 de rubis et de diamants.<\/li>\n<li>Design \u00e9l\u00e9gant : la bague pr\u00e9sente une belle teinte lavande claire et mesure 12,8 * 6,7 * 2,8 mm, avec une taille de doigt de 15,5 mm.<\/li>\n<li>Mat\u00e9riaux pr\u00e9cieux : Les mat\u00e9riaux secondaires comprennent le rubis et les diamants, cr\u00e9ant un look glamour.<\/li>\n<\/ul>\n<p>Cette pi\u00e8ce sophistiqu\u00e9e p\u00e8se <strong>3,22 grammes<\/strong>, ce qui en fait un accessoire id\u00e9al \u00e0 porter au quotidien pour toute femme \u00e0 la mode qui appr\u00e9cie les beaux bijoux.<\/p>\n<p><\/p>\n<p>Yi Pin Qian \u2013 N\u00e9gociant en pierres pr\u00e9cieuses et m\u00e9taux pr\u00e9cieux \u00e0 Singapour \u2013 Num\u00e9ro de licence PS20190000031<\/p>\n<p><\/p>\n<p>*Toutes les jad\u00e9ites achet\u00e9es chez Yi Pin Qian \u00e0 Singapour, les clients peuvent r\u00e9server des cr\u00e9neaux pour le polissage ou une r\u00e9paration mineure en cas de mauvaise manipulation - des frais s&#039;appliquent et uniquement pour les clients de Yi Pin Qian \u00e0 Singapour*<\/p>\n<p><\/p>\n<p><strong>**Types de certificats**<\/strong><\/p>\n<p><\/p>\n<p><strong>NGI (Nan Yang Gemmologie)<\/strong><\/p>\n<p>ou <strong>Certificats \u00e9trangers <\/strong>(Yi Pin Qian utilise uniquement des certificats authentiques provenant de laboratoires \u00e9trangers et contr\u00f4le \u00e9galement la qualit\u00e9 de chacun de nos produits avant de les mettre en vente \u00e0 Singapour)<\/p>\n<p><\/p>\n<p>Chaque produit sur TikTok aura le type de certificat fourni indiqu\u00e9 dans la description. Pour tout client souhaitant envoyer sa commande \u00e0 NGI Singapore, il y aura un d\u00e9lai d&#039;attente pour la livraison de la commande estim\u00e9 \u00e0 environ 4 semaines pour recevoir votre commande. <strong>Les demandes de rapport sur les pierres pr\u00e9cieuses NGI doivent \u00eatre effectu\u00e9es en envoyant un message \u00e0 la boutique TikTok de Yi Pin Qian.<\/strong> Merci, <strong><u>des frais suppl\u00e9mentaires s&#039;appliquent<\/u><\/strong>.<\/p>\n<p><\/p>\n<p><strong>La jad\u00e9ite naturelle n&#039;est pas parfaite, juste un petit rappel : notre jad\u00e9ite naturelle, comme toutes les belles choses de la nature, poss\u00e8de ses caract\u00e9ristiques et ses variations uniques. Nous invitons nos pr\u00e9cieux clients \u00e0 adopter ces variations naturelles. Bon shopping !<\/strong><\/p>\n<p><\/p>\n<p><strong><u>Aucune des photos et des s\u00e9quences vid\u00e9o n&#039;a \u00e9t\u00e9 filtr\u00e9e. Nous encourageons nos clients \u00e0 regarder \u00e9galement les vid\u00e9os d&#039;accompagnement pour une vue plus compl\u00e8te de nos produits<\/u><\/strong><\/p>","protected":false},"excerpt":{"rendered":"<p>Offrez-vous le luxe avec cette exquise bague en jade jad\u00e9ite naturelle de type A de couleur lavande claire de qualit\u00e9 sup\u00e9rieure. Num\u00e9ros de certificat : GD2111H020013 Or 18 carats P\u00e8se 2,52 grammes Rubis rouges 18 * 0,003 = 0,054 carats Rubis jaunes 52 * 0,003 = 0,156 carats Diamants 18 * 0,003 = 0,054 carats Le cabochon p\u00e8se 0,55 gramme Un savoir-faire \u00e9poustouflant : Dot\u00e9 d&#039;un [\u2026]<\/p>","protected":false},"featured_media":7019,"comment_status":"open","ping_status":"closed","template":"","meta":[],"product_brand":[],"product_cat":[195],"product_tag":[],"class_list":{"0":"post-1679","1":"product","2":"type-product","3":"status-publish","4":"has-post-thumbnail","6":"product_cat-heirloom-grade","8":"first","9":"instock","10":"sale","11":"shipping-taxable","12":"purchasable","13":"product-type-simple"},"_links":{"self":[{"href":"https:\/\/shop.yipinqian.com\/fr\/wp-json\/wp\/v2\/product\/1679","targetHints":{"allow":["GET"]}}],"collection":[{"href":"https:\/\/shop.yipinqian.com\/fr\/wp-json\/wp\/v2\/product"}],"about":[{"href":"https:\/\/shop.yipinqian.com\/fr\/wp-json\/wp\/v2\/types\/product"}],"replies":[{"embeddable":true,"href":"https:\/\/shop.yipinqian.com\/fr\/wp-json\/wp\/v2\/comments?post=1679"}],"version-history":[{"count":0,"href":"https:\/\/shop.yipinqian.com\/fr\/wp-json\/wp\/v2\/product\/1679\/revisions"}],"wp:featuredmedia":[{"embeddable":true,"href":"https:\/\/shop.yipinqian.com\/fr\/wp-json\/wp\/v2\/media\/7019"}],"wp:attachment":[{"href":"https:\/\/shop.yipinqian.com\/fr\/wp-json\/wp\/v2\/media?parent=1679"}],"wp:term":[{"taxonomy":"product_brand","embeddable":true,"href":"https:\/\/shop.yipinqian.com\/fr\/wp-json\/wp\/v2\/product_brand?post=1679"},{"taxonomy":"product_cat","embeddable":true,"href":"https:\/\/shop.yipinqian.com\/fr\/wp-json\/wp\/v2\/product_cat?post=1679"},{"taxonomy":"product_tag","embeddable":true,"href":"https:\/\/shop.yipinqian.com\/fr\/wp-json\/wp\/v2\/product_tag?post=1679"}],"curies":[{"name":"wp","href":"https:\/\/api.w.org\/{rel}","templated":true}]}}