{"id":1677,"date":"2024-10-24T23:21:22","date_gmt":"2024-10-24T15:21:22","guid":{"rendered":"https:\/\/shop.yipinqian.com\/product\/premium-quality-lavender-and-green-natural-type-a-jadeite-pendant-necklace-crafted-with-big-fortune-god-holding-ruyi-with-certificate-weigh-77-38-grams-70-47-11-8-mm-pendant35\/"},"modified":"2025-02-24T01:17:27","modified_gmt":"2025-02-23T17:17:27","slug":"premium-quality-lavender-and-green-natural-type-a-jadeite-pendant-necklace-crafted-with-big-fortune-god-holding-ruyi-with-certificate-weigh-77-38-grams-70-47-11-8-mm-pendant35","status":"publish","type":"product","link":"https:\/\/shop.yipinqian.com\/fr\/produit\/premium-quality-lavender-and-green-natural-type-a-jadeite-pendant-necklace-crafted-with-big-fortune-god-holding-ruyi-with-certificate-weigh-77-38-grams-70-47-11-8-mm-pendant35\/","title":{"rendered":"Collier pendentif en jad\u00e9ite naturelle de type A lavande et verte de qualit\u00e9 sup\u00e9rieure fabriqu\u00e9 avec Big Fortune God Holding Ruyi avec certificat pesant 77,38 grammes, 70 * 47 * 11,8 mm (pendentif35)"},"content":{"rendered":"<p>Ce collier pendentif en jad\u00e9ite naturelle de type A de couleur lavande et verte de qualit\u00e9 sup\u00e9rieure est un ajout parfait \u00e0 votre collection de bijoux. Fabriqu\u00e9 avec un grand dieu de la fortune tenant Ruyi, ce collier pendentif est non seulement un bel accessoire mais porte \u00e9galement une signification symbolique.<\/p>\n<ul>\n<li>\n<strong>Mat\u00e9riau de haute qualit\u00e9 :<\/strong> Fabriqu\u00e9 en jad\u00e9ite naturelle de type A, ce collier pendentif est de qualit\u00e9 sup\u00e9rieure.<\/li>\n<li>\n<strong>Certificat inclus :<\/strong> Ce produit est accompagn\u00e9 d&#039;un certificat d&#039;authenticit\u00e9 garantissant son caract\u00e8re authentique.<\/li>\n<\/ul>\n<p><strong>Num\u00e9ros de certificat : GD2110H013563<\/strong><\/p>\n<p><img fetchpriority=\"high\" decoding=\"async\" height=\"1080\" src=\"https:\/\/shop.yipinqian.com\/wp-content\/uploads\/2024\/10\/c2c4a2d6aa2dc91e398b918b785fd925.jpg?from=476444299\" width=\"1080\"><\/p>\n<ul>\n<li>\n<strong>Style d\u00e9contract\u00e9 :<\/strong> Le style d\u00e9contract\u00e9 du collier le rend parfait \u00e0 porter au quotidien ou comme accessoire pour compl\u00e9ter votre tenue en toute occasion.<\/li>\n<\/ul>\n<p><img decoding=\"async\" height=\"1080\" src=\"https:\/\/shop.yipinqian.com\/wp-content\/uploads\/2024\/10\/ca00fb66d8f2e37505a01667df7449f4.jpg?from=476444299\" width=\"1080\"><\/p>\n<p>Pesant 77,38 grammes et mesurant 70 * 47 * 11,8 mm (pendentif35), il est con\u00e7u pour \u00eatre remarquable mais confortable \u00e0 la fois.<\/p>\n<ul>\n<li>\n<strong>L&#039;occasion : <\/strong>Ce produit est id\u00e9al pour un usage quotidien, ce qui en fait un excellent ajout \u00e0 votre collection que vous pouvez porter \u00e0 tout moment et o\u00f9 vous le souhaitez\u00a0!<\/li>\n<\/ul>\n<p>Fabriqu\u00e9 au Myanmar, ce collier pendentif en jad\u00e9ite naturelle de type A lavande et verte de qualit\u00e9 sup\u00e9rieure porte l&#039;essence de la culture orientale dans sa conception tout en \u00e9tant \u00e9galement adapt\u00e9 aux temps modernes.<\/p>\n<ul>\n<li>\n<strong>Le genre : <\/strong>Ce produit convient au genre masculin mais peut \u00e9galement \u00eatre port\u00e9 par tous ceux qui aiment les accessoires de bijoux uniques !<\/li>\n<\/ul>\n<p>Offrez-vous ou offrez \u00e0 quelqu&#039;un de sp\u00e9cial cette pi\u00e8ce exquise qui ne se d\u00e9modera jamais !<\/p>\n<p>\u00a0<\/p>\n<p>Yi Pin Qian \u2013 N\u00e9gociant en pierres pr\u00e9cieuses et m\u00e9taux pr\u00e9cieux \u00e0 Singapour \u2013 Num\u00e9ro de licence PS20190000031<\/p>\n<p>\u00a0<\/p>\n<p>*Toutes les jad\u00e9ites achet\u00e9es chez Yi Pin Qian \u00e0 Singapour, les clients peuvent r\u00e9server des cr\u00e9neaux pour le polissage ou une r\u00e9paration mineure en cas de mauvaise manipulation - des frais s&#039;appliquent et uniquement pour les clients de Yi Pin Qian \u00e0 Singapour*<\/p>\n<p>\u00a0<\/p>\n<p><strong>**Types de certificats**<\/strong><\/p>\n<p>\u00a0<\/p>\n<p><strong>NGI (Nan Yang Gemmologie)<\/strong><\/p>\n<p>ou <strong>Certificats \u00e9trangers <\/strong>(Yi Pin Qian utilise uniquement des certificats authentiques provenant de laboratoires \u00e9trangers et contr\u00f4le \u00e9galement la qualit\u00e9 de chacun de nos produits avant de les mettre en vente \u00e0 Singapour)<\/p>\n<p>\u00a0<\/p>\n<p>Chaque produit sur TikTok aura le type de certificat fourni indiqu\u00e9 dans la description. Pour tout client souhaitant envoyer sa commande \u00e0 NGI Singapore, il y aura un d\u00e9lai d&#039;attente pour la livraison de la commande estim\u00e9 \u00e0 environ 4 semaines pour recevoir votre commande. <strong>Les demandes de rapport sur les pierres pr\u00e9cieuses NGI doivent \u00eatre effectu\u00e9es en envoyant un message \u00e0 la boutique TikTok de Yi Pin Qian.<\/strong> Merci, <strong><u>des frais suppl\u00e9mentaires s&#039;appliquent<\/u><\/strong>.<\/p>\n<p>\u00a0<\/p>\n<p><strong>La jad\u00e9ite naturelle n&#039;est pas parfaite, juste un petit rappel : notre jad\u00e9ite naturelle, comme toutes les belles choses de la nature, poss\u00e8de ses caract\u00e9ristiques et ses variations uniques. Nous invitons nos pr\u00e9cieux clients \u00e0 adopter ces variations naturelles. Bon shopping !<\/strong><\/p>\n<p>\u00a0<\/p>\n<p><strong><u>Aucune des photos et des s\u00e9quences vid\u00e9o n&#039;a \u00e9t\u00e9 filtr\u00e9e. Nous encourageons nos clients \u00e0 regarder \u00e9galement les vid\u00e9os d&#039;accompagnement pour une vue plus compl\u00e8te de nos produits<\/u><\/strong><\/p>","protected":false},"excerpt":{"rendered":"<p>This Premium Quality Lavender and Green Natural Type A Jadeite Pendant Necklace is a perfect addition to your jewelry collection. Crafted with a Big Fortune God Holding Ruyi, this pendant necklace is not only a beautiful accessory but also carries symbolic meaning. High-Quality Material: Made with natural Type A Jadeite, this pendant necklace is of [&hellip;]<\/p>","protected":false},"featured_media":7003,"comment_status":"open","ping_status":"closed","template":"","meta":[],"product_brand":[],"product_cat":[195],"product_tag":[],"class_list":{"0":"post-1677","1":"product","2":"type-product","3":"status-publish","4":"has-post-thumbnail","6":"product_cat-heirloom-grade","8":"first","9":"instock","10":"sale","11":"shipping-taxable","12":"purchasable","13":"product-type-simple"},"_links":{"self":[{"href":"https:\/\/shop.yipinqian.com\/fr\/wp-json\/wp\/v2\/product\/1677","targetHints":{"allow":["GET"]}}],"collection":[{"href":"https:\/\/shop.yipinqian.com\/fr\/wp-json\/wp\/v2\/product"}],"about":[{"href":"https:\/\/shop.yipinqian.com\/fr\/wp-json\/wp\/v2\/types\/product"}],"replies":[{"embeddable":true,"href":"https:\/\/shop.yipinqian.com\/fr\/wp-json\/wp\/v2\/comments?post=1677"}],"version-history":[{"count":0,"href":"https:\/\/shop.yipinqian.com\/fr\/wp-json\/wp\/v2\/product\/1677\/revisions"}],"wp:featuredmedia":[{"embeddable":true,"href":"https:\/\/shop.yipinqian.com\/fr\/wp-json\/wp\/v2\/media\/7003"}],"wp:attachment":[{"href":"https:\/\/shop.yipinqian.com\/fr\/wp-json\/wp\/v2\/media?parent=1677"}],"wp:term":[{"taxonomy":"product_brand","embeddable":true,"href":"https:\/\/shop.yipinqian.com\/fr\/wp-json\/wp\/v2\/product_brand?post=1677"},{"taxonomy":"product_cat","embeddable":true,"href":"https:\/\/shop.yipinqian.com\/fr\/wp-json\/wp\/v2\/product_cat?post=1677"},{"taxonomy":"product_tag","embeddable":true,"href":"https:\/\/shop.yipinqian.com\/fr\/wp-json\/wp\/v2\/product_tag?post=1677"}],"curies":[{"name":"wp","href":"https:\/\/api.w.org\/{rel}","templated":true}]}}