{"id":1675,"date":"2024-10-24T23:21:20","date_gmt":"2024-10-24T15:21:20","guid":{"rendered":"https:\/\/shop.yipinqian.com\/product\/premium-quality-icy-translucent-natural-type-a-jadeite-jade-crafted-with-milo-buddha-set-on-18k-gold-as-pendant-certificate-weighs-6-48-grams-measurement-34-1-26-11-6-mm-18kp61\/"},"modified":"2025-02-24T01:17:27","modified_gmt":"2025-02-23T17:17:27","slug":"premium-quality-icy-translucent-natural-type-a-jadeite-jade-crafted-with-milo-buddha-set-on-18k-gold-as-pendant-certificate-weighs-6-48-grams-measurement-34-1-26-11-6-mm-18kp61","status":"publish","type":"product","link":"https:\/\/shop.yipinqian.com\/fr\/produit\/premium-quality-icy-translucent-natural-type-a-jadeite-jade-crafted-with-milo-buddha-set-on-18k-gold-as-pendant-certificate-weighs-6-48-grams-measurement-34-1-26-11-6-mm-18kp61\/","title":{"rendered":"Jade jad\u00e9ite translucide de qualit\u00e9 sup\u00e9rieure de type A naturel glac\u00e9 fabriqu\u00e9 avec le Bouddha Milo serti sur or 18 carats comme pendentif, le certificat p\u00e8se 6,48 grammes, mesure 34,1 * 26 * 11,6 mm (18kp61)"},"content":{"rendered":"<p>Ce pendentif de qualit\u00e9 sup\u00e9rieure pr\u00e9sente du jade jad\u00e9ite naturel de type A translucide glac\u00e9 avec un motif de Bouddha Milo, serti sur de l&#039;or 18 carats pour une touche \u00e9l\u00e9gante.<\/p>\n<p>\u00a0<\/p>\n<p>Num\u00e9ros de certificat : GD2112H003878<\/p>\n<p>Or 18 carats : 1,85 grammes<\/p>\n<p>Diamants : 38 * 0,003 carats<\/p>\n<p>Mesure de la jad\u00e9ite : 22,6 * 23,6 * 6 mm<\/p>\n<p><img fetchpriority=\"high\" decoding=\"async\" height=\"1080\" src=\"https:\/\/shop.yipinqian.com\/wp-content\/uploads\/2024\/10\/5c3a0de6bc56ab570a3788f69c22b74c.jpg?from=476444299\" width=\"1080\"><\/p>\n<ul>\n<li>Artisanat exquis : Fabriqu\u00e9 avec une attention particuli\u00e8re aux d\u00e9tails, ce pendentif respire le luxe et la sophistication.<\/li>\n<li>Authenticit\u00e9 garantie : Livr\u00e9 avec un certificat v\u00e9rifiant la qualit\u00e9 et l&#039;authenticit\u00e9 du jade.<\/li>\n<li>Conception unique : la conception du Bouddha Milo ajoute un \u00e9l\u00e9ment spirituel et significatif au bijou.<\/li>\n<\/ul>\n<p>Pesant 6,48 grammes et mesurant 34,1 * 26 * 11,6 mm, ce pendentif est un superbe accessoire de d\u00e9claration pour toutes les occasions.<\/p>\n<ul>\n<li>Fabriqu\u00e9 au Myanmar : originaire du Myanmar, connu pour ses riches gisements de jad\u00e9ite, ajoutant \u00e0 son attrait et \u00e0 sa valeur.<\/li>\n<\/ul>\n<p>Cette pi\u00e8ce unisexe est polyvalente dans son style, ce qui la rend adapt\u00e9e aux tenues d\u00e9contract\u00e9es ou aux occasions sp\u00e9ciales o\u00f9 une touche de bon augure est souhait\u00e9e.<\/p>\n<p>\u00a0<\/p>\n<p>Yi Pin Qian \u2013 N\u00e9gociant en pierres pr\u00e9cieuses et m\u00e9taux pr\u00e9cieux \u00e0 Singapour \u2013 Num\u00e9ro de licence PS20190000031<\/p>\n<p>\u00a0<\/p>\n<p>*Toutes les jad\u00e9ites achet\u00e9es chez Yi Pin Qian \u00e0 Singapour, les clients peuvent r\u00e9server des cr\u00e9neaux pour le polissage ou une r\u00e9paration mineure en cas de mauvaise manipulation - des frais s&#039;appliquent et uniquement pour les clients de Yi Pin Qian \u00e0 Singapour*<\/p>\n<p>\u00a0<\/p>\n<p><strong>**Types de certificats**<\/strong><\/p>\n<p>\u00a0<\/p>\n<p><strong>NGI (Nan Yang Gemmologie)<\/strong><\/p>\n<p>ou <strong>Certificats \u00e9trangers <\/strong>(Yi Pin Qian utilise uniquement des certificats authentiques provenant de laboratoires \u00e9trangers et contr\u00f4le \u00e9galement la qualit\u00e9 de chacun de nos produits avant de les mettre en vente \u00e0 Singapour)<\/p>\n<p>\u00a0<\/p>\n<p>Chaque produit sur TikTok aura le type de certificat fourni indiqu\u00e9 dans la description. Pour tout client souhaitant envoyer sa commande \u00e0 NGI Singapore, il y aura un d\u00e9lai d&#039;attente pour la livraison de la commande estim\u00e9 \u00e0 environ 4 semaines pour recevoir votre commande. <strong>Les demandes de rapport NGI Gemstone doivent \u00eatre effectu\u00e9es en nous envoyant un message.<\/strong> Merci, <strong><u>des frais suppl\u00e9mentaires s&#039;appliquent<\/u><\/strong>.<\/p>\n<p>\u00a0<\/p>\n<p><strong>La jad\u00e9ite naturelle n&#039;est pas parfaite, juste un petit rappel : notre jad\u00e9ite naturelle, comme toutes les belles choses de la nature, poss\u00e8de ses caract\u00e9ristiques et ses variations uniques. Nous invitons nos pr\u00e9cieux clients \u00e0 adopter ces variations naturelles. Bon shopping !<\/strong><\/p>\n<p>\u00a0<\/p>\n<p><strong><u>Aucune des photos et des s\u00e9quences vid\u00e9o n&#039;a \u00e9t\u00e9 filtr\u00e9e. Nous encourageons nos clients \u00e0 regarder \u00e9galement les vid\u00e9os d&#039;accompagnement pour une vue plus compl\u00e8te de nos produits<\/u><\/strong><\/p>\n<p>\u00a0<\/p>\n<ul>\n<li>Diff\u00e9rentes plates-formes ne peuvent visionner des vid\u00e9os que via le bureau<\/li>\n<\/ul>","protected":false},"excerpt":{"rendered":"<p>This premium quality pendant features icy translucent natural Type A Jadeite Jade with a Milo Buddha design, set on 18k gold for an elegant touch. \u00a0 Certificate numbers: GD2112H003878 18k Gold: 1.85 grams Diamonds: 38 * 0.003 Carats Jadeite measurement: 22.6 * 23.6 * 6 mm Exquisite Craftsmanship: Crafted with attention to detail, this pendant [&hellip;]<\/p>","protected":false},"featured_media":6981,"comment_status":"open","ping_status":"closed","template":"","meta":[],"product_brand":[],"product_cat":[195],"product_tag":[50,52,53,54,55,56,73,75,59,60,62],"class_list":{"0":"post-1675","1":"product","2":"type-product","3":"status-publish","4":"has-post-thumbnail","6":"product_cat-heirloom-grade","7":"product_tag-18k-gold","8":"product_tag-certified","9":"product_tag-fine-quality","10":"product_tag-icy","11":"product_tag-jadeite","12":"product_tag-limited-editions","13":"product_tag-pendant","14":"product_tag-traditional","15":"product_tag-translucent","16":"product_tag-type-a-jadeite","17":"product_tag-yi-pin-qian-exclusive","19":"first","20":"instock","21":"sale","22":"shipping-taxable","23":"purchasable","24":"product-type-simple"},"_links":{"self":[{"href":"https:\/\/shop.yipinqian.com\/fr\/wp-json\/wp\/v2\/product\/1675","targetHints":{"allow":["GET"]}}],"collection":[{"href":"https:\/\/shop.yipinqian.com\/fr\/wp-json\/wp\/v2\/product"}],"about":[{"href":"https:\/\/shop.yipinqian.com\/fr\/wp-json\/wp\/v2\/types\/product"}],"replies":[{"embeddable":true,"href":"https:\/\/shop.yipinqian.com\/fr\/wp-json\/wp\/v2\/comments?post=1675"}],"version-history":[{"count":0,"href":"https:\/\/shop.yipinqian.com\/fr\/wp-json\/wp\/v2\/product\/1675\/revisions"}],"wp:featuredmedia":[{"embeddable":true,"href":"https:\/\/shop.yipinqian.com\/fr\/wp-json\/wp\/v2\/media\/6981"}],"wp:attachment":[{"href":"https:\/\/shop.yipinqian.com\/fr\/wp-json\/wp\/v2\/media?parent=1675"}],"wp:term":[{"taxonomy":"product_brand","embeddable":true,"href":"https:\/\/shop.yipinqian.com\/fr\/wp-json\/wp\/v2\/product_brand?post=1675"},{"taxonomy":"product_cat","embeddable":true,"href":"https:\/\/shop.yipinqian.com\/fr\/wp-json\/wp\/v2\/product_cat?post=1675"},{"taxonomy":"product_tag","embeddable":true,"href":"https:\/\/shop.yipinqian.com\/fr\/wp-json\/wp\/v2\/product_tag?post=1675"}],"curies":[{"name":"wp","href":"https:\/\/api.w.org\/{rel}","templated":true}]}}