{"id":1674,"date":"2024-10-24T23:21:20","date_gmt":"2024-10-24T15:21:20","guid":{"rendered":"https:\/\/shop.yipinqian.com\/product\/premium-quality-icy-translucent-natural-type-a-jadeite-jade-crafted-as-fish-set-on-18k-gold-as-pendant-certificate-weighs-5-5-grams-measurement-35-7-28-2-9mm-18kp53\/"},"modified":"2025-02-24T01:17:27","modified_gmt":"2025-02-23T17:17:27","slug":"premium-quality-icy-translucent-natural-type-a-jadeite-jade-crafted-as-fish-set-on-18k-gold-as-pendant-certificate-weighs-5-5-grams-measurement-35-7-28-2-9mm-18kp53","status":"publish","type":"product","link":"https:\/\/shop.yipinqian.com\/fr\/produit\/premium-quality-icy-translucent-natural-type-a-jadeite-jade-crafted-as-fish-set-on-18k-gold-as-pendant-certificate-weighs-5-5-grams-measurement-35-7-28-2-9mm-18kp53\/","title":{"rendered":"Jade jad\u00e9ite translucide de qualit\u00e9 sup\u00e9rieure de type A naturel, fa\u00e7onn\u00e9 en forme de poisson, serti sur or 18 carats, comme pendentif, le certificat p\u00e8se 5,5 grammes, mesure 35,7 * 28,2 * 9 mm (18kp53)"},"content":{"rendered":"<p>Ce pendentif en jade jad\u00e9ite naturel translucide de type A de qualit\u00e9 sup\u00e9rieure est un superbe bijou qui pr\u00e9sente la forme d&#039;un poisson, m\u00e9ticuleusement con\u00e7u et serti sur de l&#039;or 18 carats.<\/p>\n<p>\u00a0<\/p>\n<p>Num\u00e9ros de certificat : GD2110H014381<\/p>\n<p>Mesure de la jad\u00e9ite : 16,3 * 22,7 * 4,5 mm<\/p>\n<p>Diamants : 46 * 0,003 carats<\/p>\n<p>Poids de l&#039;or 18 carats : 2,42 grammes<\/p>\n<p><img fetchpriority=\"high\" decoding=\"async\" height=\"1080\" src=\"https:\/\/shop.yipinqian.com\/wp-content\/uploads\/2024\/10\/43b321fd56113837097d3746d665f597.jpg?from=476444299\" width=\"1080\"><\/p>\n<p>Conception exquise : le pendentif met en valeur la beaut\u00e9 naturelle du jade avec son aspect translucide glac\u00e9 et sa forme de poisson complexe.<\/p>\n<ul>\n<li>Mat\u00e9riaux de haute qualit\u00e9 : Fabriqu\u00e9 en or 18 carats, ce pendentif respire le luxe et l&#039;\u00e9l\u00e9gance.<\/li>\n<li>Certificat inclus : Cette pi\u00e8ce est accompagn\u00e9e d&#039;un certificat attestant de son authenticit\u00e9 et de sa qualit\u00e9, pesant 5,5 grammes.<\/li>\n<\/ul>\n<p>Les dimensions du pendentif sont de 35,7 * 28,2 * 9 mm, ce qui en fait un accessoire frappant mais portable pour toutes les occasions.<\/p>\n<ul>\n<li>Pays d&#039;origine : Ce pendentif en jade jad\u00e9ite de qualit\u00e9 sup\u00e9rieure est originaire du Myanmar, connu pour produire certains des meilleurs jades au monde.<\/li>\n<li>Attrait unisexe : avec son design polyvalent, ce pendentif convient aux personnes de tout sexe qui appr\u00e9cient les bijoux de haute qualit\u00e9.<\/li>\n<\/ul>\n<p>Yi Pin Qian \u2013 N\u00e9gociant en pierres pr\u00e9cieuses et m\u00e9taux pr\u00e9cieux \u00e0 Singapour \u2013 Num\u00e9ro de licence PS20190000031<\/p>\n<p>\u00a0<\/p>\n<p>*Toutes les jad\u00e9ites achet\u00e9es chez Yi Pin Qian \u00e0 Singapour, les clients peuvent r\u00e9server des cr\u00e9neaux pour le polissage ou une r\u00e9paration mineure en cas de mauvaise manipulation - des frais s&#039;appliquent et uniquement pour les clients de Yi Pin Qian \u00e0 Singapour*<\/p>\n<p>\u00a0<\/p>\n<p><strong>**Types de certificats**<\/strong><\/p>\n<p>\u00a0<\/p>\n<p><strong>NGI (Nan Yang Gemmologie)<\/strong><\/p>\n<p>ou <strong>Certificats \u00e9trangers <\/strong>(Yi Pin Qian utilise uniquement des certificats authentiques provenant de laboratoires \u00e9trangers et contr\u00f4le \u00e9galement la qualit\u00e9 de chacun de nos produits avant de les mettre en vente \u00e0 Singapour)<\/p>\n<p>\u00a0<\/p>\n<p>Chaque produit sur TikTok aura le type de certificat fourni indiqu\u00e9 dans la description. Pour tout client souhaitant envoyer sa commande \u00e0 NGI Singapore, il y aura un d\u00e9lai d&#039;attente pour la livraison de la commande estim\u00e9 \u00e0 environ 4 semaines pour recevoir votre commande. <strong>Les demandes de rapport sur les pierres pr\u00e9cieuses NGI doivent \u00eatre effectu\u00e9es en envoyant un message \u00e0 la boutique TikTok de Yi Pin Qian.<\/strong> Merci, <strong><u>des frais suppl\u00e9mentaires s&#039;appliquent<\/u><\/strong>.<\/p>\n<p>\u00a0<\/p>\n<p><strong>La jad\u00e9ite naturelle n&#039;est pas parfaite, juste un petit rappel : notre jad\u00e9ite naturelle, comme toutes les belles choses de la nature, poss\u00e8de ses caract\u00e9ristiques et ses variations uniques. Nous invitons nos pr\u00e9cieux clients \u00e0 adopter ces variations naturelles. Bon shopping !<\/strong><\/p>\n<p>\u00a0<\/p>\n<p><strong><u>Aucune des photos et des s\u00e9quences vid\u00e9o n&#039;a \u00e9t\u00e9 filtr\u00e9e. Nous encourageons nos clients \u00e0 regarder \u00e9galement les vid\u00e9os d&#039;accompagnement pour une vue plus compl\u00e8te de nos produits<\/u><\/strong><\/p>","protected":false},"excerpt":{"rendered":"<p>Ce pendentif en jade jad\u00e9ite translucide de type A naturel de qualit\u00e9 sup\u00e9rieure est un superbe bijou en forme de poisson, m\u00e9ticuleusement con\u00e7u et serti sur de l&#039;or 18 carats. Num\u00e9ros de certificat : GD2110H014381 Mesure de la jad\u00e9ite : 16,3 * 22,7 * 4,5 mm Diamants : 46 * 0,003 carats Poids de l&#039;or 18 carats : 2,42 grammes Design exquis : le [\u2026]<\/p>","protected":false},"featured_media":6962,"comment_status":"open","ping_status":"closed","template":"","meta":[],"product_brand":[],"product_cat":[195],"product_tag":[],"class_list":{"0":"post-1674","1":"product","2":"type-product","3":"status-publish","4":"has-post-thumbnail","6":"product_cat-heirloom-grade","8":"first","9":"instock","10":"sale","11":"shipping-taxable","12":"purchasable","13":"product-type-simple"},"_links":{"self":[{"href":"https:\/\/shop.yipinqian.com\/fr\/wp-json\/wp\/v2\/product\/1674","targetHints":{"allow":["GET"]}}],"collection":[{"href":"https:\/\/shop.yipinqian.com\/fr\/wp-json\/wp\/v2\/product"}],"about":[{"href":"https:\/\/shop.yipinqian.com\/fr\/wp-json\/wp\/v2\/types\/product"}],"replies":[{"embeddable":true,"href":"https:\/\/shop.yipinqian.com\/fr\/wp-json\/wp\/v2\/comments?post=1674"}],"version-history":[{"count":0,"href":"https:\/\/shop.yipinqian.com\/fr\/wp-json\/wp\/v2\/product\/1674\/revisions"}],"wp:featuredmedia":[{"embeddable":true,"href":"https:\/\/shop.yipinqian.com\/fr\/wp-json\/wp\/v2\/media\/6962"}],"wp:attachment":[{"href":"https:\/\/shop.yipinqian.com\/fr\/wp-json\/wp\/v2\/media?parent=1674"}],"wp:term":[{"taxonomy":"product_brand","embeddable":true,"href":"https:\/\/shop.yipinqian.com\/fr\/wp-json\/wp\/v2\/product_brand?post=1674"},{"taxonomy":"product_cat","embeddable":true,"href":"https:\/\/shop.yipinqian.com\/fr\/wp-json\/wp\/v2\/product_cat?post=1674"},{"taxonomy":"product_tag","embeddable":true,"href":"https:\/\/shop.yipinqian.com\/fr\/wp-json\/wp\/v2\/product_tag?post=1674"}],"curies":[{"name":"wp","href":"https:\/\/api.w.org\/{rel}","templated":true}]}}