{"id":1673,"date":"2024-10-24T23:21:19","date_gmt":"2024-10-24T15:21:19","guid":{"rendered":"https:\/\/shop.yipinqian.com\/product\/premium-quality-icy-translucent-light-green-hue-natural-type-a-jadeite-jade-crafted-as-leaf-set-on-18k-gold-as-pendant-certificate-weighs-5-07-grams-measurement-40-5-18-7-5-mm-18kp42\/"},"modified":"2025-02-24T01:17:27","modified_gmt":"2025-02-23T17:17:27","slug":"premium-quality-icy-translucent-light-green-hue-natural-type-a-jadeite-jade-crafted-as-leaf-set-on-18k-gold-as-pendant-certificate-weighs-5-07-grams-measurement-40-5-18-7-5-mm-18kp42","status":"publish","type":"product","link":"https:\/\/shop.yipinqian.com\/fr\/produit\/premium-quality-icy-translucent-light-green-hue-natural-type-a-jadeite-jade-crafted-as-leaf-set-on-18k-gold-as-pendant-certificate-weighs-5-07-grams-measurement-40-5-18-7-5-mm-18kp42\/","title":{"rendered":"Jade jad\u00e9ite naturelle de type A de qualit\u00e9 sup\u00e9rieure, translucide et glac\u00e9, serti de feuilles sur or 18 carats, pendentif, certificat pesant 5,07 grammes, mesurant 40,5 * 18 * 7,5 mm (18kp42)"},"content":{"rendered":"<p>Ce pendentif de qualit\u00e9 sup\u00e9rieure est compos\u00e9 de jade jad\u00e9ite naturel de type A de teinte vert clair translucide glac\u00e9, fa\u00e7onn\u00e9 en forme de feuille et serti sur or 18 carats. Il est livr\u00e9 avec un certificat et p\u00e8se 5,07 grammes, avec des mesures de 40,5 * 18 * 7,5 mm.<\/p>\n<p><\/p>\n<p>Dimensions de la feuille de jad\u00e9ite : 28,3 x 18 x 4,7 mm<\/p>\n<p>Num\u00e9ros de certificat : GD2204H015347<\/p>\n<p>L&#039;or 18 carats p\u00e8se 1,6 gramme<\/p>\n<p>Diamants : 13 * 0,003 carats<\/p>\n<p><\/p>\n<ul>\n<li>\n<strong>Mat\u00e9riel:<\/strong> Jade jad\u00e9ite naturelle de type A, diamant (mat\u00e9riau secondaire), or PT\/carat (mat\u00e9riau de monture)<\/li>\n<li>\n<strong>Origine:<\/strong> Birmanie<\/li>\n<li>\n<strong>Occasion:<\/strong> Tous les jours<\/li>\n<li>\n<strong>Type de jade :<\/strong> Jad\u00e9ite<\/li>\n<li>\n<strong>Genre:<\/strong> D&#039;un design \u00e9l\u00e9gant et d&#039;une sophistication d\u00e9bordante, ce pendentif est parfait pour un usage quotidien, aussi bien pour les hommes que pour les femmes. Ajoutez une touche de luxe \u00e0 votre collection de bijoux avec cette pi\u00e8ce exquise qui met en valeur la beaut\u00e9 du jade jad\u00e9ite naturel et le savoir-faire du sertissage en or.<\/li>\n<\/ul>\n<p>Yi Pin Qian \u2013 N\u00e9gociant en pierres pr\u00e9cieuses et m\u00e9taux pr\u00e9cieux \u00e0 Singapour \u2013 Num\u00e9ro de licence PS20190000031<\/p>\n<p><\/p>\n<p>*Toutes les jad\u00e9ites achet\u00e9es chez Yi Pin Qian \u00e0 Singapour, les clients peuvent r\u00e9server des cr\u00e9neaux pour le polissage ou une r\u00e9paration mineure en cas de mauvaise manipulation - des frais s&#039;appliquent et uniquement pour les clients de Yi Pin Qian \u00e0 Singapour*<\/p>\n<p><\/p>\n<p><strong>**Types de certificats**<\/strong><\/p>\n<p><\/p>\n<p><strong>NGI (Nan Yang Gemmologie)<\/strong><\/p>\n<p>ou <strong>Certificats \u00e9trangers <\/strong>(Yi Pin Qian utilise uniquement des certificats authentiques provenant de laboratoires \u00e9trangers et contr\u00f4le \u00e9galement la qualit\u00e9 de chacun de nos produits avant de les mettre en vente \u00e0 Singapour)<\/p>\n<p><\/p>\n<p>Chaque produit sur TikTok aura le type de certificat fourni indiqu\u00e9 dans la description. Pour tout client souhaitant envoyer sa commande \u00e0 NGI Singapore, il y aura un d\u00e9lai d&#039;attente pour la livraison de la commande estim\u00e9 \u00e0 environ 4 semaines pour recevoir votre commande. <strong>Les demandes de rapport sur les pierres pr\u00e9cieuses NGI doivent \u00eatre effectu\u00e9es en envoyant un message \u00e0 la boutique TikTok de Yi Pin Qian.<\/strong> Merci, <strong><u>des frais suppl\u00e9mentaires s&#039;appliquent<\/u><\/strong>.<\/p>\n<p><\/p>\n<p><strong>La jad\u00e9ite naturelle n&#039;est pas parfaite, juste un petit rappel : notre jad\u00e9ite naturelle, comme toutes les belles choses de la nature, poss\u00e8de ses caract\u00e9ristiques et ses variations uniques. Nous invitons nos pr\u00e9cieux clients \u00e0 adopter ces variations naturelles. Bon shopping !<\/strong><\/p>\n<p><\/p>\n<p><strong><u>Aucune des photos et des s\u00e9quences vid\u00e9o n&#039;a \u00e9t\u00e9 filtr\u00e9e. Nous encourageons nos clients \u00e0 regarder \u00e9galement les vid\u00e9os d&#039;accompagnement pour une vue plus compl\u00e8te de nos produits<\/u><\/strong><\/p>","protected":false},"excerpt":{"rendered":"<p>This premium quality pendant features icy translucent light green hue natural Type A jadeite jade crafted as a leaf and set on 18k gold. It comes with a certificate and weighs 5.07 grams, with measurements of 40.5 * 18 * 7.5 mm. Leaf Jadeite measurement: 28.3 * 18 * 4.7 mm Certificate numbers: GD2204H015347 18k [&hellip;]<\/p>","protected":false},"featured_media":6943,"comment_status":"open","ping_status":"closed","template":"","meta":[],"product_brand":[],"product_cat":[195],"product_tag":[],"class_list":{"0":"post-1673","1":"product","2":"type-product","3":"status-publish","4":"has-post-thumbnail","6":"product_cat-heirloom-grade","8":"first","9":"instock","10":"sale","11":"shipping-taxable","12":"purchasable","13":"product-type-simple"},"_links":{"self":[{"href":"https:\/\/shop.yipinqian.com\/fr\/wp-json\/wp\/v2\/product\/1673","targetHints":{"allow":["GET"]}}],"collection":[{"href":"https:\/\/shop.yipinqian.com\/fr\/wp-json\/wp\/v2\/product"}],"about":[{"href":"https:\/\/shop.yipinqian.com\/fr\/wp-json\/wp\/v2\/types\/product"}],"replies":[{"embeddable":true,"href":"https:\/\/shop.yipinqian.com\/fr\/wp-json\/wp\/v2\/comments?post=1673"}],"version-history":[{"count":0,"href":"https:\/\/shop.yipinqian.com\/fr\/wp-json\/wp\/v2\/product\/1673\/revisions"}],"wp:featuredmedia":[{"embeddable":true,"href":"https:\/\/shop.yipinqian.com\/fr\/wp-json\/wp\/v2\/media\/6943"}],"wp:attachment":[{"href":"https:\/\/shop.yipinqian.com\/fr\/wp-json\/wp\/v2\/media?parent=1673"}],"wp:term":[{"taxonomy":"product_brand","embeddable":true,"href":"https:\/\/shop.yipinqian.com\/fr\/wp-json\/wp\/v2\/product_brand?post=1673"},{"taxonomy":"product_cat","embeddable":true,"href":"https:\/\/shop.yipinqian.com\/fr\/wp-json\/wp\/v2\/product_cat?post=1673"},{"taxonomy":"product_tag","embeddable":true,"href":"https:\/\/shop.yipinqian.com\/fr\/wp-json\/wp\/v2\/product_tag?post=1673"}],"curies":[{"name":"wp","href":"https:\/\/api.w.org\/{rel}","templated":true}]}}