{"id":1671,"date":"2024-10-24T23:21:19","date_gmt":"2024-10-24T15:21:19","guid":{"rendered":"https:\/\/shop.yipinqian.com\/product\/premium-quality-icy-translucent-green-with-green-patches-natural-type-a-jadeite-jade-crafted-with-squirrel-and-ruyi-as-pendant-certificate-weigh-17-83-grams-measurement-49-3-21-9-3-mm-pendant225\/"},"modified":"2025-02-24T01:17:27","modified_gmt":"2025-02-23T17:17:27","slug":"premium-quality-icy-translucent-green-with-green-patches-natural-type-a-jadeite-jade-crafted-with-squirrel-and-ruyi-as-pendant-certificate-weigh-17-83-grams-measurement-49-3-21-9-3-mm-pendant225","status":"publish","type":"product","link":"https:\/\/shop.yipinqian.com\/fr\/produit\/premium-quality-icy-translucent-green-with-green-patches-natural-type-a-jadeite-jade-crafted-with-squirrel-and-ruyi-as-pendant-certificate-weigh-17-83-grams-measurement-49-3-21-9-3-mm-pendant225\/","title":{"rendered":"Jade jad\u00e9ite naturelle de type A de qualit\u00e9 sup\u00e9rieure, vert translucide glac\u00e9 avec des taches vertes, fabriqu\u00e9 avec de l&#039;\u00e9cureuil et du Ruyi comme pendentif, certificat pesant 17,83 grammes, mesurant 49,3 * 21 * 9,3 mm (pendentif225)"},"content":{"rendered":"<p>Rehaussez votre collection de bijoux avec ce superbe pendentif en jade jad\u00e9ite naturel de type A de qualit\u00e9 sup\u00e9rieure, vert glac\u00e9 translucide avec des taches vertes, du Myanmar.<\/p>\n<p>\u00a0<\/p>\n<p>Num\u00e9ros de certificat : GD2205H014641<\/p>\n<p><img fetchpriority=\"high\" decoding=\"async\" height=\"1080\" src=\"https:\/\/shop.yipinqian.com\/wp-content\/uploads\/2024\/10\/0eb51192059cf6f12c6e750bfbb1c122.jpg?from=476444299\" width=\"1080\"><\/p>\n<ul>\n<li>\n<strong>Design \u00e9poustouflant :<\/strong> Ce pendentif est magnifiquement con\u00e7u sous la forme d&#039;un \u00e9cureuil tenant un Ruyi, symbolisant la chance et la fortune.<\/li>\n<li>\n<strong>Jad\u00e9ite naturelle de type A :<\/strong> Fabriqu\u00e9 \u00e0 partir de jad\u00e9ite naturelle de type A de la plus haute qualit\u00e9, ce pendentif est \u00e0 la fois durable et \u00e9l\u00e9gant.<\/li>\n<\/ul>\n<p>Pesant 17,83 grammes et mesurant 49,3 * 21 * 9,3 mm, ce collier est parfait pour un usage quotidien avec son style d\u00e9contract\u00e9.<\/p>\n<ul>\n<li>\n<strong>Certificat inclus :<\/strong> Ce pendentif est accompagn\u00e9 d&#039;un certificat d&#039;authenticit\u00e9 pour votre tranquillit\u00e9 d&#039;esprit.<\/li>\n<li>\n<strong>Aucune garantie incluse\u00a0:<\/strong> Bien qu&#039;aucune garantie ne soit incluse, vous pouvez \u00eatre s\u00fbr de la qualit\u00e9 de votre achat gr\u00e2ce \u00e0 son savoir-faire haut de gamme.<\/li>\n<\/ul>\n<p>Ajoutez une \u00e9l\u00e9gance intemporelle \u00e0 n\u2019importe quelle tenue avec ce superbe collier en jade \u2013 parfait pour toutes les occasions !<\/p>\n<p>\u00a0<\/p>\n<p>Yi Pin Qian \u2013 N\u00e9gociant en pierres pr\u00e9cieuses et m\u00e9taux pr\u00e9cieux \u00e0 Singapour \u2013 Num\u00e9ro de licence PS20190000031<\/p>\n<p>\u00a0<\/p>\n<p>*Toutes les jad\u00e9ites achet\u00e9es chez Yi Pin Qian \u00e0 Singapour, les clients peuvent r\u00e9server des cr\u00e9neaux pour le polissage ou une r\u00e9paration mineure en cas de mauvaise manipulation - des frais s&#039;appliquent et uniquement pour les clients de Yi Pin Qian \u00e0 Singapour*<\/p>\n<p>\u00a0<\/p>\n<p><strong>**Types de certificats**<\/strong><\/p>\n<p>\u00a0<\/p>\n<p><strong>NGI (Nan Yang Gemmologie)<\/strong><\/p>\n<p>ou <strong>Certificats \u00e9trangers <\/strong>(Yi Pin Qian utilise uniquement des certificats authentiques provenant de laboratoires \u00e9trangers et contr\u00f4le \u00e9galement la qualit\u00e9 de chacun de nos produits avant de les mettre en vente \u00e0 Singapour)<\/p>\n<p>\u00a0<\/p>\n<p>Chaque produit sur TikTok aura le type de certificat fourni indiqu\u00e9 dans la description. Pour tout client souhaitant envoyer sa commande \u00e0 NGI Singapore, il y aura un d\u00e9lai d&#039;attente pour la livraison de la commande estim\u00e9 \u00e0 environ 4 semaines pour recevoir votre commande. <strong>Les demandes de rapport sur les pierres pr\u00e9cieuses NGI doivent \u00eatre effectu\u00e9es en envoyant un message \u00e0 la boutique TikTok de Yi Pin Qian.<\/strong> Merci, <strong><u>des frais suppl\u00e9mentaires s&#039;appliquent<\/u><\/strong>.<\/p>\n<p>\u00a0<\/p>\n<p><strong>La jad\u00e9ite naturelle n&#039;est pas parfaite, juste un petit rappel : notre jad\u00e9ite naturelle, comme toutes les belles choses de la nature, poss\u00e8de ses caract\u00e9ristiques et ses variations uniques. Nous invitons nos pr\u00e9cieux clients \u00e0 adopter ces variations naturelles. Bon shopping !<\/strong><\/p>\n<p>\u00a0<\/p>\n<p><strong><u>Aucune des photos et des s\u00e9quences vid\u00e9o n&#039;a \u00e9t\u00e9 filtr\u00e9e. Nous encourageons nos clients \u00e0 regarder \u00e9galement les vid\u00e9os d&#039;accompagnement pour une vue plus compl\u00e8te de nos produits<\/u><\/strong><\/p>","protected":false},"excerpt":{"rendered":"<p>Elevate your jewelry collection with this exquisite Premium Quality Icy Translucent Green with Green Patches Natural Type A Jadeite Jade pendant from Myanmar. \u00a0 Certificate numbers: GD2205H014641 Stunning Design: This pendant is beautifully crafted in the shape of a squirrel holding a Ruyi, symbolizing good luck and fortune. Natural Type A Jadeite: Made from the [&hellip;]<\/p>","protected":false},"featured_media":6935,"comment_status":"open","ping_status":"closed","template":"","meta":[],"product_brand":[],"product_cat":[195],"product_tag":[],"class_list":{"0":"post-1671","1":"product","2":"type-product","3":"status-publish","4":"has-post-thumbnail","6":"product_cat-heirloom-grade","8":"first","9":"instock","10":"sale","11":"shipping-taxable","12":"purchasable","13":"product-type-simple"},"_links":{"self":[{"href":"https:\/\/shop.yipinqian.com\/fr\/wp-json\/wp\/v2\/product\/1671","targetHints":{"allow":["GET"]}}],"collection":[{"href":"https:\/\/shop.yipinqian.com\/fr\/wp-json\/wp\/v2\/product"}],"about":[{"href":"https:\/\/shop.yipinqian.com\/fr\/wp-json\/wp\/v2\/types\/product"}],"replies":[{"embeddable":true,"href":"https:\/\/shop.yipinqian.com\/fr\/wp-json\/wp\/v2\/comments?post=1671"}],"version-history":[{"count":0,"href":"https:\/\/shop.yipinqian.com\/fr\/wp-json\/wp\/v2\/product\/1671\/revisions"}],"wp:featuredmedia":[{"embeddable":true,"href":"https:\/\/shop.yipinqian.com\/fr\/wp-json\/wp\/v2\/media\/6935"}],"wp:attachment":[{"href":"https:\/\/shop.yipinqian.com\/fr\/wp-json\/wp\/v2\/media?parent=1671"}],"wp:term":[{"taxonomy":"product_brand","embeddable":true,"href":"https:\/\/shop.yipinqian.com\/fr\/wp-json\/wp\/v2\/product_brand?post=1671"},{"taxonomy":"product_cat","embeddable":true,"href":"https:\/\/shop.yipinqian.com\/fr\/wp-json\/wp\/v2\/product_cat?post=1671"},{"taxonomy":"product_tag","embeddable":true,"href":"https:\/\/shop.yipinqian.com\/fr\/wp-json\/wp\/v2\/product_tag?post=1671"}],"curies":[{"name":"wp","href":"https:\/\/api.w.org\/{rel}","templated":true}]}}