{"id":1670,"date":"2024-10-24T23:21:18","date_gmt":"2024-10-24T15:21:18","guid":{"rendered":"https:\/\/shop.yipinqian.com\/product\/premium-quality-icy-translucent-green-hue-crafted-as-french-bean-natural-type-a-jadeite-jade-as-pendant-certificate-weighs-12-37-grams-measurement-49-9-20-7-6-mm-pendant297\/"},"modified":"2025-02-24T01:17:27","modified_gmt":"2025-02-23T17:17:27","slug":"premium-quality-icy-translucent-green-hue-crafted-as-french-bean-natural-type-a-jadeite-jade-as-pendant-certificate-weighs-12-37-grams-measurement-49-9-20-7-6-mm-pendant297","status":"publish","type":"product","link":"https:\/\/shop.yipinqian.com\/fr\/produit\/premium-quality-icy-translucent-green-hue-crafted-as-french-bean-natural-type-a-jadeite-jade-as-pendant-certificate-weighs-12-37-grams-measurement-49-9-20-7-6-mm-pendant297\/","title":{"rendered":"Pendentif en jade jad\u00e9ite naturel de type A de qualit\u00e9 sup\u00e9rieure, de couleur verte translucide glac\u00e9e, certifi\u00e9, pesant 12,37 grammes, mesurant 49,9 * 20 * 7,6 mm (pendentif297)"},"content":{"rendered":"<p>Ce pendentif en jade jad\u00e9ite naturelle de type A de couleur vert translucide glac\u00e9 de qualit\u00e9 sup\u00e9rieure respire l&#039;\u00e9l\u00e9gance et la sophistication.<\/p>\n<p><\/p>\n<p>Num\u00e9ros de certificat : GD2202H006838<\/p>\n<p><img fetchpriority=\"high\" decoding=\"async\" src=\"https:\/\/shop.yipinqian.com\/wp-content\/uploads\/2024\/10\/8d9bf36c98194d96bead0bd99657746atplv-aphluv4xwc-origin-jpeg.jpeg?from=476444299\" width=\"1080\" height=\"1080\"><\/p>\n<ul>\n<li>\n<strong>Mat\u00e9riel:<\/strong> Fabriqu\u00e9 \u00e0 partir de jade jad\u00e9ite naturel de type A<\/li>\n<li>\n<strong>Couleur:<\/strong> Teinte verte translucide glac\u00e9e<\/li>\n<li>\n<strong>Certificat:<\/strong> Livr\u00e9 avec un certificat confirmant l&#039;authenticit\u00e9<\/li>\n<li>\n<strong>P\u00e8se :<\/strong> <strong>12,37 grammes<\/strong>\n<\/li>\n<li>\n<strong>Le pays d&#039;origine : <\/strong>Birmanie <\/li>\n<li>Le pendentif mesure <strong>49,9 x 20 x 7,6 mm<\/strong>, ce qui en fait une pi\u00e8ce polyvalente qui ajoute une touche de luxe \u00e0 n&#039;importe quelle tenue.<\/li>\n<li>Ce pendentif unisexe convient \u00e0 un usage quotidien, ajoutant une touche d&#039;\u00e9l\u00e9gance d\u00e9contract\u00e9e \u00e0 n&#039;importe quelle occasion.<\/li>\n<\/ul>\n<p><img decoding=\"async\" src=\"https:\/\/shop.yipinqian.com\/wp-content\/uploads\/2024\/10\/a4c6446376ab4531bed34ddab20cb2d0tplv-aphluv4xwc-origin-jpeg.jpeg?from=476444299\" width=\"1080\" height=\"1080\"><\/p>\n<p>Yi Pin Qian \u2013 N\u00e9gociant en pierres pr\u00e9cieuses et m\u00e9taux pr\u00e9cieux \u00e0 Singapour \u2013 Num\u00e9ro de licence PS20190000031<\/p>\n<p><\/p>\n<p>*Toutes les jad\u00e9ites achet\u00e9es chez Yi Pin Qian \u00e0 Singapour, les clients peuvent r\u00e9server des cr\u00e9neaux pour le polissage ou une r\u00e9paration mineure en cas de mauvaise manipulation - des frais s&#039;appliquent et uniquement pour les clients de Yi Pin Qian \u00e0 Singapour*<\/p>\n<p><\/p>\n<p><strong>**Types de certificats**<\/strong><\/p>\n<p><\/p>\n<p><strong>NGI (Nan Yang Gemmologie)<\/strong><\/p>\n<p>ou <strong>Certificats \u00e9trangers <\/strong>(Yi Pin Qian utilise uniquement des certificats authentiques provenant de laboratoires \u00e9trangers et contr\u00f4le \u00e9galement la qualit\u00e9 de chacun de nos produits avant de les mettre en vente \u00e0 Singapour)<\/p>\n<p><\/p>\n<p>Chaque produit sur TikTok aura le type de certificat fourni indiqu\u00e9 dans la description. Pour tout client souhaitant envoyer sa commande \u00e0 NGI Singapore, il y aura un d\u00e9lai d&#039;attente pour la livraison de la commande estim\u00e9 \u00e0 environ 4 semaines pour recevoir votre commande. <strong>Les demandes de rapport NGI Gemstone doivent \u00eatre effectu\u00e9es en nous envoyant un message.<\/strong> Merci, <strong><u>des frais suppl\u00e9mentaires s&#039;appliquent<\/u><\/strong>.<\/p>\n<p><\/p>\n<p><strong>La jad\u00e9ite naturelle n&#039;est pas parfaite, juste un petit rappel : notre jad\u00e9ite naturelle, comme toutes les belles choses de la nature, poss\u00e8de ses caract\u00e9ristiques et ses variations uniques. Nous invitons nos pr\u00e9cieux clients \u00e0 adopter ces variations naturelles. Bon shopping !<\/strong><\/p>\n<p><\/p>\n<p><strong><u>Aucune des photos et des s\u00e9quences vid\u00e9o n&#039;a \u00e9t\u00e9 filtr\u00e9e. Nous encourageons nos clients \u00e0 regarder \u00e9galement les vid\u00e9os d&#039;accompagnement pour une vue plus compl\u00e8te de nos produits<\/u><\/strong><\/p>\n<p><\/p>\n<ul>\n<li>Diff\u00e9rentes plates-formes ne peuvent visionner des vid\u00e9os que via le bureau<\/li>\n<\/ul>","protected":false},"excerpt":{"rendered":"<p>This premium quality icy translucent green hue French Bean natural Type A jadeite jade pendant exudes elegance and sophistication. Certificate numbers: GD2202H006838 Material: Crafted from natural Type A jadeite jade Color: Icy translucent green hue Certificate: Comes with a certificate confirming authenticity Weighs: 12.37 grams The Country of Origin: Myanmar The pendant measures 49.9 x [&hellip;]<\/p>","protected":false},"featured_media":6924,"comment_status":"open","ping_status":"closed","template":"","meta":[],"product_brand":[],"product_cat":[195],"product_tag":[52,53,55,56,73,75,59,60,61,62],"class_list":{"0":"post-1670","1":"product","2":"type-product","3":"status-publish","4":"has-post-thumbnail","6":"product_cat-heirloom-grade","7":"product_tag-certified","8":"product_tag-fine-quality","9":"product_tag-jadeite","10":"product_tag-limited-editions","11":"product_tag-pendant","12":"product_tag-traditional","13":"product_tag-translucent","14":"product_tag-type-a-jadeite","15":"product_tag-unisex","16":"product_tag-yi-pin-qian-exclusive","18":"first","19":"instock","20":"sale","21":"shipping-taxable","22":"purchasable","23":"product-type-simple"},"_links":{"self":[{"href":"https:\/\/shop.yipinqian.com\/fr\/wp-json\/wp\/v2\/product\/1670","targetHints":{"allow":["GET"]}}],"collection":[{"href":"https:\/\/shop.yipinqian.com\/fr\/wp-json\/wp\/v2\/product"}],"about":[{"href":"https:\/\/shop.yipinqian.com\/fr\/wp-json\/wp\/v2\/types\/product"}],"replies":[{"embeddable":true,"href":"https:\/\/shop.yipinqian.com\/fr\/wp-json\/wp\/v2\/comments?post=1670"}],"version-history":[{"count":0,"href":"https:\/\/shop.yipinqian.com\/fr\/wp-json\/wp\/v2\/product\/1670\/revisions"}],"wp:featuredmedia":[{"embeddable":true,"href":"https:\/\/shop.yipinqian.com\/fr\/wp-json\/wp\/v2\/media\/6924"}],"wp:attachment":[{"href":"https:\/\/shop.yipinqian.com\/fr\/wp-json\/wp\/v2\/media?parent=1670"}],"wp:term":[{"taxonomy":"product_brand","embeddable":true,"href":"https:\/\/shop.yipinqian.com\/fr\/wp-json\/wp\/v2\/product_brand?post=1670"},{"taxonomy":"product_cat","embeddable":true,"href":"https:\/\/shop.yipinqian.com\/fr\/wp-json\/wp\/v2\/product_cat?post=1670"},{"taxonomy":"product_tag","embeddable":true,"href":"https:\/\/shop.yipinqian.com\/fr\/wp-json\/wp\/v2\/product_tag?post=1670"}],"curies":[{"name":"wp","href":"https:\/\/api.w.org\/{rel}","templated":true}]}}