{"id":1668,"date":"2024-10-24T23:21:16","date_gmt":"2024-10-24T15:21:16","guid":{"rendered":"https:\/\/shop.yipinqian.com\/product\/premium-quality-icy-light-green-with-patches-natural-type-a-jadeite-jade-crafted-as-leaf-set-on-18k-gold-with-1-green-cabochon-and-diamonds-certificate-included-weigh-4-36-grams-measurement-35-3-22-8\/"},"modified":"2025-02-24T01:17:27","modified_gmt":"2025-02-23T17:17:27","slug":"premium-quality-icy-light-green-with-patches-natural-type-a-jadeite-jade-crafted-as-leaf-set-on-18k-gold-with-1-green-cabochon-and-diamonds-certificate-included-weigh-4-36-grams-measurement-35-3-22-8","status":"publish","type":"product","link":"https:\/\/shop.yipinqian.com\/fr\/produit\/premium-quality-icy-light-green-with-patches-natural-type-a-jadeite-jade-crafted-as-leaf-set-on-18k-gold-with-1-green-cabochon-and-diamonds-certificate-included-weigh-4-36-grams-measurement-35-3-22-8\/","title":{"rendered":"Premium Quality Icy light green with patches Natural Type A Jadeite Jade crafted as Leaf set on 18k Gold with 1 Green Cabochon and Diamonds, Certificate included weigh 4.36 grams, Measurement 35.3 * 22 * 8.2 mm (18kp25)"},"content":{"rendered":"<p>This Premium Quality Icy light green with patches Natural Type A Jadeite Jade necklace is an exquisite piece of jewelry that will add elegance to any outfit. The leaf-shaped pendant is beautifully crafted from 18k Gold and features 1 Green Cabochon and Diamonds, adding a touch of sparkle to the piece.<\/p>\n<p>\u00a0<\/p>\n<p>Certificate numbers: ZS22120501362<\/p>\n<p>\u00a0<\/p>\n<p>Diamonds: 55 *<em> 0.003(FF) = 0.165 carats \/ 1 *<\/em> 0.08(FF)carats<\/p>\n<p>Red Rubys: 7 *<em> 0.003 \/ 5 *<\/em> 0.005<\/p>\n<p>18 Gold Weight: 3.41 grams<\/p>\n<p>Green cabochon * 1<\/p>\n<p>Jadeite weight: 0.88 grams (measurement: 20.1 <em> 9.6 <\/em> 3.1 mm)<\/p>\n<p>Overall size measurement: 35.3 * 22 * 8.2 mm<\/p>\n<p>\u00a0<\/p>\n<p><img fetchpriority=\"high\" decoding=\"async\" height=\"1080\" src=\"https:\/\/shop.yipinqian.com\/wp-content\/uploads\/2024\/10\/5d51c35bc70cf8c41217f6283b032cf6.jpg?from=476444299\" width=\"1080\"><\/p>\n<ul>\n<li>\n<strong>Mat\u00e9riau de haute qualit\u00e9 :<\/strong> Crafted from Natural Type A Jadeite Jade, this necklace weighs <strong>4.36 grams<\/strong> and has a Measurement (18kp25).<\/li>\n<li>\n<strong>Certificat inclus :<\/strong> This necklace comes with a Certificate, ensuring its authenticity.<\/li>\n<li>\n<strong>Design \u00e9l\u00e9gant :<\/strong> The leaf-shaped pendant adds an elegant touch to the design making it perfect for any formal occasion.<\/li>\n<\/ul>\n<p>The secondary material of this necklace is Diamond while the setting material is PT\/Carat Gold. This product originates from Myanmar adding authenticity and uniqueness to it. It&#8217;s designed as unisex making it perfect for either men or women who appreciate fine jewelry pieces.<\/p>\n<p>If you are looking for an elegant yet unique jade necklace that will make you stand out in any formal event or gathering, then this Premium Quality Icy light green with patches Natural Type A Jadeite Leaf set on 18k Gold Necklace with Diamonds and Certificate included might just be what you&#8217;re looking for!<\/p>\n<p>\u00a0<\/p>\n<p>Yi Pin Qian \u2013 N\u00e9gociant en pierres pr\u00e9cieuses et m\u00e9taux pr\u00e9cieux \u00e0 Singapour \u2013 Num\u00e9ro de licence PS20190000031<\/p>\n<p>\u00a0<\/p>\n<p>*Toutes les jad\u00e9ites achet\u00e9es chez Yi Pin Qian \u00e0 Singapour, les clients peuvent r\u00e9server des cr\u00e9neaux pour le polissage ou une r\u00e9paration mineure en cas de mauvaise manipulation - des frais s&#039;appliquent et uniquement pour les clients de Yi Pin Qian \u00e0 Singapour*<\/p>\n<p>\u00a0<\/p>\n<p><strong>**Types de certificats**<\/strong><\/p>\n<p>\u00a0<\/p>\n<p><strong>NGI (Nan Yang Gemmologie)<\/strong><\/p>\n<p>ou <strong>Certificats \u00e9trangers <\/strong>(Yi Pin Qian utilise uniquement des certificats authentiques provenant de laboratoires \u00e9trangers et contr\u00f4le \u00e9galement la qualit\u00e9 de chacun de nos produits avant de les mettre en vente \u00e0 Singapour)<\/p>\n<p>\u00a0<\/p>\n<p>Chaque produit sur TikTok aura le type de certificat fourni indiqu\u00e9 dans la description. Pour tout client souhaitant envoyer sa commande \u00e0 NGI Singapore, il y aura un d\u00e9lai d&#039;attente pour la livraison de la commande estim\u00e9 \u00e0 environ 4 semaines pour recevoir votre commande. <strong>Les demandes de rapport sur les pierres pr\u00e9cieuses NGI doivent \u00eatre effectu\u00e9es en envoyant un message \u00e0 la boutique TikTok de Yi Pin Qian.<\/strong> Merci, <strong><u>des frais suppl\u00e9mentaires s&#039;appliquent<\/u><\/strong>.<\/p>\n<p>\u00a0<\/p>\n<p><strong>La jad\u00e9ite naturelle n&#039;est pas parfaite, juste un petit rappel : notre jad\u00e9ite naturelle, comme toutes les belles choses de la nature, poss\u00e8de ses caract\u00e9ristiques et ses variations uniques. Nous invitons nos pr\u00e9cieux clients \u00e0 adopter ces variations naturelles. Bon shopping !<\/strong><\/p>\n<p>\u00a0<\/p>\n<p><strong><u>Aucune des photos et des s\u00e9quences vid\u00e9o n&#039;a \u00e9t\u00e9 filtr\u00e9e. Nous encourageons nos clients \u00e0 regarder \u00e9galement les vid\u00e9os d&#039;accompagnement pour une vue plus compl\u00e8te de nos produits<\/u><\/strong><\/p>","protected":false},"excerpt":{"rendered":"<p>This Premium Quality Icy light green with patches Natural Type A Jadeite Jade necklace is an exquisite piece of jewelry that will add elegance to any outfit. The leaf-shaped pendant is beautifully crafted from 18k Gold and features 1 Green Cabochon and Diamonds, adding a touch of sparkle to the piece. \u00a0 Certificate numbers: ZS22120501362 [&hellip;]<\/p>","protected":false},"featured_media":6912,"comment_status":"open","ping_status":"closed","template":"","meta":[],"product_brand":[],"product_cat":[195],"product_tag":[],"class_list":{"0":"post-1668","1":"product","2":"type-product","3":"status-publish","4":"has-post-thumbnail","6":"product_cat-heirloom-grade","8":"first","9":"instock","10":"sale","11":"shipping-taxable","12":"purchasable","13":"product-type-simple"},"_links":{"self":[{"href":"https:\/\/shop.yipinqian.com\/fr\/wp-json\/wp\/v2\/product\/1668","targetHints":{"allow":["GET"]}}],"collection":[{"href":"https:\/\/shop.yipinqian.com\/fr\/wp-json\/wp\/v2\/product"}],"about":[{"href":"https:\/\/shop.yipinqian.com\/fr\/wp-json\/wp\/v2\/types\/product"}],"replies":[{"embeddable":true,"href":"https:\/\/shop.yipinqian.com\/fr\/wp-json\/wp\/v2\/comments?post=1668"}],"version-history":[{"count":0,"href":"https:\/\/shop.yipinqian.com\/fr\/wp-json\/wp\/v2\/product\/1668\/revisions"}],"wp:featuredmedia":[{"embeddable":true,"href":"https:\/\/shop.yipinqian.com\/fr\/wp-json\/wp\/v2\/media\/6912"}],"wp:attachment":[{"href":"https:\/\/shop.yipinqian.com\/fr\/wp-json\/wp\/v2\/media?parent=1668"}],"wp:term":[{"taxonomy":"product_brand","embeddable":true,"href":"https:\/\/shop.yipinqian.com\/fr\/wp-json\/wp\/v2\/product_brand?post=1668"},{"taxonomy":"product_cat","embeddable":true,"href":"https:\/\/shop.yipinqian.com\/fr\/wp-json\/wp\/v2\/product_cat?post=1668"},{"taxonomy":"product_tag","embeddable":true,"href":"https:\/\/shop.yipinqian.com\/fr\/wp-json\/wp\/v2\/product_tag?post=1668"}],"curies":[{"name":"wp","href":"https:\/\/api.w.org\/{rel}","templated":true}]}}