{"id":1667,"date":"2024-10-24T23:21:16","date_gmt":"2024-10-24T15:21:16","guid":{"rendered":"https:\/\/shop.yipinqian.com\/product\/premium-quality-green-and-yellow-natural-type-a-jadeite-jade-crafted-with-shapes-of-perfect-circle-represent-blessed-shape-bangle-with-certificate-weigh-36-75-grams-measurement-8-6-8-3-bangle2\/"},"modified":"2025-02-24T01:17:27","modified_gmt":"2025-02-23T17:17:27","slug":"premium-quality-green-and-yellow-natural-type-a-jadeite-jade-crafted-with-shapes-of-perfect-circle-represent-blessed-shape-bangle-with-certificate-weigh-36-75-grams-measurement-8-6-8-3-bangle2","status":"publish","type":"product","link":"https:\/\/shop.yipinqian.com\/fr\/produit\/premium-quality-green-and-yellow-natural-type-a-jadeite-jade-crafted-with-shapes-of-perfect-circle-represent-blessed-shape-bangle-with-certificate-weigh-36-75-grams-measurement-8-6-8-3-bangle2\/","title":{"rendered":"Bracelet en jad\u00e9ite naturelle de type A de qualit\u00e9 sup\u00e9rieure, vert et jaune, fabriqu\u00e9 avec des formes de cercle parfait repr\u00e9sentant la forme b\u00e9nie, avec certificat pesant 36,75 grammes, mesurant 8,6 * 8,3 (bracelet2)"},"content":{"rendered":"<article class=\"lzd-article\">\n<p style=\"line-height: 1.7;text-align: left;text-indent: 0;margin-left: 0;margin-top: 0;margin-bottom: 0\"><span>Ce bracelet en jad\u00e9ite naturelle de type A de qualit\u00e9 sup\u00e9rieure, vert et jaune, est un v\u00e9ritable chef-d&#039;\u0153uvre dans la cat\u00e9gorie Accessoires et produits d\u00e9riv\u00e9s de bijoux. Il est con\u00e7u avec des formes de cercle parfait qui repr\u00e9sentent le bracelet en forme de b\u00e9n\u00e9diction, ce qui en fait une pi\u00e8ce unique et sp\u00e9ciale.<\/span><\/p>\n<p style=\"line-height: 1.7;text-align: left;text-indent: 0;margin-left: 0;margin-top: 0;margin-bottom: 0\"><span> <\/span><\/p>\n<p style=\"line-height: 1.7;text-align: left;text-indent: 0;margin-left: 0;margin-top: 0;margin-bottom: 0\"><span style=\"font-weight: bold\">Num\u00e9ros de certificat : <\/span><span>920870005528<\/span><\/p>\n<p style=\"line-height: 1.7;text-align: left;text-indent: 0;margin-left: 0;margin-top: 0;margin-bottom: 0\"><span> <\/span><\/p>\n<p style=\"line-height: 1.7;text-align: left;text-indent: 0;margin-left: 0;margin-top: 0;margin-bottom: 0\"><span style=\"font-weight: bold;text-decoration: underline\">Mesures du bracelet<\/span><\/p>\n<p style=\"line-height: 1.7;text-align: left;text-indent: 0;margin-left: 0;margin-top: 0;margin-bottom: 0\"><span> <\/span><\/p>\n<p style=\"line-height: 1.7;text-align: left;text-indent: 0;margin-left: 0;margin-top: 0;margin-bottom: 0\"><span style=\"font-weight: bold\">Diam\u00e8tre int\u00e9rieur :<\/span><span> 53,5 mm<\/span><\/p>\n<p style=\"line-height: 1.7;text-align: left;text-indent: 0;margin-left: 0;margin-top: 0;margin-bottom: 0\"><span style=\"font-weight: bold\">Largeur:<\/span><span> 8,6 mm<\/span><\/p>\n<p style=\"line-height: 1.7;text-align: left;text-indent: 0;margin-left: 0;margin-top: 0;margin-bottom: 0\"><span style=\"font-weight: bold\">\u00c9paisseur:<\/span><span> 8,3 mm<\/span><\/p>\n<p style=\"line-height: 1.7;text-align: left;text-indent: 0;margin-left: 0;margin-top: 0;margin-bottom: 0\"><span> <\/span><\/p>\n<ul>\n<li>\n<div style=\"line-height: 1.7;text-align: left;text-indent: 0\">\n<span>Le bracelet p\u00e8se <\/span><span style=\"font-weight: bold\">36,75 grammes <\/span><span>et a des mesures de <\/span><span style=\"font-weight: bold\">8.6 * 8.3<\/span><span>, le rendant confortable \u00e0 porter au quotidien.<\/span>\n<\/div>\n<\/li>\n<li>\n<div style=\"line-height: 1.7;text-align: left;text-indent: 0\"><span>Le jade utilis\u00e9 dans ce bracelet est de qualit\u00e9 Type A, connu pour sa puret\u00e9 et son authenticit\u00e9 du Myanmar.<\/span><\/div>\n<\/li>\n<li>\n<div style=\"line-height: 1.7;text-align: left;text-indent: 0\"><span>Comme ce bracelet est accompagn\u00e9 d&#039;un certificat, vous pouvez \u00eatre s\u00fbr de sa qualit\u00e9 sans aucun doute.<\/span><\/div>\n<\/li>\n<\/ul>\n<p style=\"line-height: 1.7;text-align: left;text-indent: 0;margin-left: 0;margin-top: 0;margin-bottom: 0\"><span>Cette belle pi\u00e8ce peut \u00eatre un cadeau id\u00e9al pour vous-m\u00eame ou votre bien-aim\u00e9 en toute occasion car elle convient aussi bien \u00e0 un usage quotidien qu&#039;\u00e0 des \u00e9v\u00e9nements sp\u00e9ciaux.<\/span><\/p>\n<ul>\n<li>\n<div style=\"line-height: 1.7;text-align: left;text-indent: 0\"><span>Il est con\u00e7u sp\u00e9cifiquement pour les femmes en tenant compte de leurs pr\u00e9f\u00e9rences<\/span><\/div>\n<\/li>\n<li>\n<div style=\"line-height: 1.7;text-align: left;text-indent: 0\"><span>Ce bracelet de type jonc compl\u00e8tera s\u00fbrement votre tenue tout en ajoutant une touche \u00e9l\u00e9gante \u00e0 votre look<\/span><\/div>\n<\/li>\n<\/ul>\n<p style=\"line-height: 1.7;text-align: left;text-indent: 0;margin-left: 0;margin-top: 0;margin-bottom: 0\"><span>Veuillez noter que ce produit n&#039;est accompagn\u00e9 d&#039;aucun type de garantie ; cependant, vous ch\u00e9rirez s\u00fbrement sa beaut\u00e9 pour toujours une fois achet\u00e9 !<\/span><\/p>\n<p style=\"line-height: 1.7;text-align: left;text-indent: 0;margin-left: 0;margin-top: 0;margin-bottom: 0\"><span> <\/span><\/p>\n<p style=\"line-height: 1.7;text-align: left;text-indent: 0;margin-left: 0;margin-top: 0;margin-bottom: 0\"><span><\/span><img decoding=\"async\" src=\"https:\/\/shop.yipinqian.com\/wp-content\/uploads\/2024\/10\/Sebb0310554b44285b943af2ae35f1d68a.jpg\" style=\"width: 526.0px;height: 362.0px;vertical-align: middle\"><span> <\/span><\/p>\n<p style=\"line-height: 1.7;text-align: left;text-indent: 0;margin-left: 0;margin-top: 0;margin-bottom: 0\"><span>Yi Pin Qian \u2013 N\u00e9gociant en pierres pr\u00e9cieuses et m\u00e9taux pr\u00e9cieux \u00e0 Singapour \u2013 Num\u00e9ro de licence PS20190000031<\/span><\/p>\n<p style=\"line-height: 1.7;text-align: left;text-indent: 0;margin-left: 0;margin-top: 0;margin-bottom: 0\"><span> <\/span><\/p>\n<p style=\"line-height: 1.7;text-align: left;text-indent: 0;margin-left: 0;margin-top: 0;margin-bottom: 0\"><span>*Toutes les jad\u00e9ites achet\u00e9es chez Yi Pin Qian \u00e0 Singapour, les clients peuvent r\u00e9server des cr\u00e9neaux pour le polissage ou une r\u00e9paration mineure en cas de mauvaise manipulation - des frais s&#039;appliquent et uniquement pour les clients de Yi Pin Qian \u00e0 Singapour*<\/span><\/p>\n<p style=\"line-height: 1.7;text-align: left;text-indent: 0;margin-left: 0;margin-top: 0;margin-bottom: 0\"><span> <\/span><\/p>\n<p style=\"line-height: 1.7;text-align: left;text-indent: 0;margin-left: 0;margin-top: 0;margin-bottom: 0\"><span style=\"font-weight: bold\">**Types de certificats**<\/span><\/p>\n<p style=\"line-height: 1.7;text-align: left;text-indent: 0;margin-left: 0;margin-top: 0;margin-bottom: 0\"><span> <\/span><\/p>\n<p style=\"line-height: 1.7;text-align: left;text-indent: 0;margin-left: 0;margin-top: 0;margin-bottom: 0\"><span style=\"font-weight: bold\">NGI (Nan Yang Gemmologie)<\/span><\/p>\n<p style=\"line-height: 1.7;text-align: left;text-indent: 0;margin-left: 0;margin-top: 0;margin-bottom: 0\"><span>ou <\/span><span style=\"font-weight: bold\">Certificats \u00e9trangers <\/span><span>(Yi Pin Qian utilise uniquement des certificats authentiques provenant de laboratoires \u00e9trangers et contr\u00f4le \u00e9galement la qualit\u00e9 de chacun de nos produits avant de les mettre en vente \u00e0 Singapour)<\/span><\/p>\n<p style=\"line-height: 1.7;text-align: left;text-indent: 0;margin-left: 0;margin-top: 0;margin-bottom: 0\"><span> <\/span><\/p>\n<p style=\"line-height: 1.7;text-align: left;text-indent: 0;margin-left: 0;margin-top: 0;margin-bottom: 0\"><span>Chaque produit sur TikTok aura le type de certificat fourni indiqu\u00e9 dans la description. Pour tout client souhaitant envoyer sa commande \u00e0 NGI Singapore, il y aura un d\u00e9lai d&#039;attente pour la livraison de la commande estim\u00e9 \u00e0 environ 4 semaines pour recevoir votre commande. <\/span><span style=\"font-weight: bold\">Les demandes de rapport sur les pierres pr\u00e9cieuses NGI doivent \u00eatre effectu\u00e9es en envoyant un message \u00e0 la boutique TikTok de Yi Pin Qian.<\/span><span> Merci, <\/span><span style=\"font-weight: bold;text-decoration: underline\">des frais suppl\u00e9mentaires s&#039;appliquent<\/span><span>.<\/span><\/p>\n<p style=\"line-height: 1.7;text-align: left;text-indent: 0;margin-left: 0;margin-top: 0;margin-bottom: 0\"><span> <\/span><\/p>\n<p style=\"line-height: 1.7;text-align: left;text-indent: 0;margin-left: 0;margin-top: 0;margin-bottom: 0\"><span style=\"font-weight: bold\">La jad\u00e9ite naturelle n&#039;est pas parfaite, juste un petit rappel : notre jad\u00e9ite naturelle, comme toutes les belles choses de la nature, poss\u00e8de ses caract\u00e9ristiques et ses variations uniques. Nous invitons nos pr\u00e9cieux clients \u00e0 adopter ces variations naturelles. Bon shopping !<\/span><\/p>\n<p style=\"line-height: 1.7;text-align: left;text-indent: 0;margin-left: 0;margin-top: 0;margin-bottom: 0\"><span> <\/span><\/p>\n<p style=\"line-height: 1.7;text-align: left;text-indent: 0;margin-left: 0;margin-top: 0;margin-bottom: 0\"><span style=\"font-weight: bold;text-decoration: underline\">Aucune des photos et des s\u00e9quences vid\u00e9o n&#039;a \u00e9t\u00e9 filtr\u00e9e. Nous encourageons nos clients \u00e0 regarder \u00e9galement les vid\u00e9os d&#039;accompagnement pour une vue plus compl\u00e8te de nos produits<\/span><\/p>\n<\/article>","protected":false},"excerpt":{"rendered":"<p>Ce bracelet en jade jad\u00e9ite naturelle de type A de qualit\u00e9 sup\u00e9rieure, vert et jaune, est un v\u00e9ritable chef-d&#039;\u0153uvre dans la cat\u00e9gorie Accessoires et produits d\u00e9riv\u00e9s de bijoux. Il est con\u00e7u avec des formes de cercle parfait qui repr\u00e9sentent le bracelet en forme de b\u00e9n\u00e9diction, ce qui en fait une pi\u00e8ce unique et sp\u00e9ciale. Num\u00e9ros de certificat : 920870005528 Dimensions du bracelet Diam\u00e8tre int\u00e9rieur : 53,5 mm Largeur : 8,6 [\u2026]<\/p>","protected":false},"featured_media":6902,"comment_status":"open","ping_status":"closed","template":"","meta":[],"product_brand":[],"product_cat":[195],"product_tag":[],"class_list":{"0":"post-1667","1":"product","2":"type-product","3":"status-publish","4":"has-post-thumbnail","6":"product_cat-heirloom-grade","8":"first","9":"instock","10":"sale","11":"shipping-taxable","12":"purchasable","13":"product-type-simple"},"_links":{"self":[{"href":"https:\/\/shop.yipinqian.com\/fr\/wp-json\/wp\/v2\/product\/1667","targetHints":{"allow":["GET"]}}],"collection":[{"href":"https:\/\/shop.yipinqian.com\/fr\/wp-json\/wp\/v2\/product"}],"about":[{"href":"https:\/\/shop.yipinqian.com\/fr\/wp-json\/wp\/v2\/types\/product"}],"replies":[{"embeddable":true,"href":"https:\/\/shop.yipinqian.com\/fr\/wp-json\/wp\/v2\/comments?post=1667"}],"version-history":[{"count":0,"href":"https:\/\/shop.yipinqian.com\/fr\/wp-json\/wp\/v2\/product\/1667\/revisions"}],"wp:featuredmedia":[{"embeddable":true,"href":"https:\/\/shop.yipinqian.com\/fr\/wp-json\/wp\/v2\/media\/6902"}],"wp:attachment":[{"href":"https:\/\/shop.yipinqian.com\/fr\/wp-json\/wp\/v2\/media?parent=1667"}],"wp:term":[{"taxonomy":"product_brand","embeddable":true,"href":"https:\/\/shop.yipinqian.com\/fr\/wp-json\/wp\/v2\/product_brand?post=1667"},{"taxonomy":"product_cat","embeddable":true,"href":"https:\/\/shop.yipinqian.com\/fr\/wp-json\/wp\/v2\/product_cat?post=1667"},{"taxonomy":"product_tag","embeddable":true,"href":"https:\/\/shop.yipinqian.com\/fr\/wp-json\/wp\/v2\/product_tag?post=1667"}],"curies":[{"name":"wp","href":"https:\/\/api.w.org\/{rel}","templated":true}]}}