{"id":1665,"date":"2024-10-24T23:21:16","date_gmt":"2024-10-24T15:21:16","guid":{"rendered":"https:\/\/shop.yipinqian.com\/product\/premium-quality-6-icy-and-5-green-natural-type-a-jadeite-jade-crafted-as-cabochons-set-on-18k-gold-as-bracelet-chain-with-certificate-weigh-4-03-grams-measurement-see-description-18kpw3\/"},"modified":"2025-02-24T01:17:27","modified_gmt":"2025-02-23T17:17:27","slug":"premium-quality-6-icy-and-5-green-natural-type-a-jadeite-jade-crafted-as-cabochons-set-on-18k-gold-as-bracelet-chain-with-certificate-weigh-4-03-grams-measurement-see-description-18kpw3","status":"publish","type":"product","link":"https:\/\/shop.yipinqian.com\/fr\/produit\/premium-quality-6-icy-and-5-green-natural-type-a-jadeite-jade-crafted-as-cabochons-set-on-18k-gold-as-bracelet-chain-with-certificate-weigh-4-03-grams-measurement-see-description-18kpw3\/","title":{"rendered":"Jade jad\u00e9ite naturel de type A de qualit\u00e9 sup\u00e9rieure, 6 Icy et 5 Green, fabriqu\u00e9 sous forme de cabochons sertis sur or 18 carats comme cha\u00eene de bracelet avec certificat, p\u00e8se 4,03 grammes, mesure voir description (18kpw3)"},"content":{"rendered":"<article class=\"lzd-article\" style=\"white-space: break-spaces;\">\n<p style=\"line-height: 1.7;text-align: left;text-indent: 0;margin-left: 0;margin-top: 0;margin-bottom: 0;\"><span>Offrez-vous la qualit\u00e9 sup\u00e9rieure de cette cha\u00eene de bracelet en jade jad\u00e9ite fabriqu\u00e9e avec 6 cabochons glac\u00e9s et 5 cabochons naturels verts, sertis sur une luxueuse cha\u00eene en or 18 carats.<\/span><\/p>\n<p style=\"line-height: 1.7;text-align: left;text-indent: 0;margin-left: 0;margin-top: 0;margin-bottom: 0;\"><span><\/span><\/p>\n<p style=\"line-height: 1.7;text-align: left;text-indent: 0;margin-left: 0;margin-top: 0;margin-bottom: 0;\"><span>Num\u00e9ros de certificat : GD2110H010863<\/span><\/p>\n<p style=\"line-height: 1.7;text-align: left;text-indent: 0;margin-left: 0;margin-top: 0;margin-bottom: 0;\"><span><\/span><\/p>\n<p style=\"line-height: 1.7;text-align: left;text-indent: 0;margin-left: 0;margin-top: 0;margin-bottom: 0;\"><span style=\"font-weight: bold;\">6 cabochons glac\u00e9s :<\/span><span> 7,6 * 4,5 * 2,9 mm, 7,2 * 4,5 * 3,4 mm, 7 * 4,8 * 3,3 mm, 7,3 * 5,3 * 3,6 mm, 6,7 * 4,7 * 3,1 mm, 6,7 * 4,3 * 2,6 mm<\/span><\/p>\n<p style=\"line-height: 1.7;text-align: left;text-indent: 0;margin-left: 0;margin-top: 0;margin-bottom: 0;\"><span><\/span><\/p>\n<p style=\"line-height: 1.7;text-align: left;text-indent: 0;margin-left: 0;margin-top: 0;margin-bottom: 0;\"><span style=\"font-weight: bold;\">5 Cabochons Verts :<\/span><span> 3,6 * 2 mm, 3,9 * 2,1 mm, 4,2 * 2 mm, 3,8 * 2 mm<\/span><\/p>\n<p style=\"line-height: 1.7;text-align: left;text-indent: 0;margin-left: 0;margin-top: 0;margin-bottom: 0;\"><span><\/span><\/p>\n<p style=\"line-height: 1.7;text-align: left;text-indent: 0;margin-left: 0;margin-top: 0;margin-bottom: 0;\"><span style=\"font-weight: bold;\">Poids de l&#039;or 18 carats : <\/span><span>3,01 grammes<\/span><\/p>\n<p style=\"line-height: 1.7;text-align: left;text-indent: 0;margin-left: 0;margin-top: 0;margin-bottom: 0;\"><span><\/span><\/p>\n<p style=\"line-height: 1.7;text-align: left;text-indent: 0;margin-left: 0;margin-top: 0;margin-bottom: 0;\"><span style=\"font-weight: bold;\">Diamants :<\/span><span> 78 * 0,003 = 0,234 carat<\/span><\/p>\n<p style=\"line-height: 1.7;text-align: left;text-indent: 0;margin-left: 0;margin-top: 0;margin-bottom: 0;\"><span><\/span><\/p>\n<ul>\n<li>\n<div style=\"line-height: 1.7;text-align: left;text-indent: 0;\"><span>Authenticit\u00e9 garantie : Avec un certificat inclus, vous pouvez \u00eatre s\u00fbr que ce bracelet en jade est de la plus haute qualit\u00e9.<\/span><\/div>\n<\/li>\n<li>\n<div style=\"line-height: 1.7;text-align: left;text-indent: 0;\"><span>Design \u00e9l\u00e9gant : le sertissage complexe du cabochon sur la cha\u00eene en or en fait un superbe bijou.<\/span><\/div>\n<\/li>\n<li>\n<div style=\"line-height: 1.7;text-align: left;text-indent: 0;\"><span>Construction durable : pesant 4,03 grammes, ce bracelet en jade est con\u00e7u pour durer et r\u00e9sister \u00e0 l&#039;usure quotidienne.<\/span><\/div>\n<\/li>\n<\/ul>\n<p style=\"line-height: 1.7;text-align: left;text-indent: 0;margin-left: 0;margin-top: 0;margin-bottom: 0;\"><span>Cet accessoire de bijoux exquis est parfait pour toutes les occasions et ajoutera une touche \u00e9l\u00e9gante \u00e0 votre tenue.<\/span><\/p>\n<ul>\n<li>\n<div style=\"line-height: 1.7;text-align: left;text-indent: 0;\"><span>Fabriqu\u00e9 avec les meilleurs mat\u00e9riaux : le mat\u00e9riau secondaire utilis\u00e9 dans la fabrication de ce chef-d&#039;\u0153uvre est le diamant tandis que l&#039;or PT\/Carat a \u00e9t\u00e9 utilis\u00e9 comme mat\u00e9riaux de sertissage<\/span><\/div>\n<\/li>\n<li>\n<div style=\"line-height: 1.7;text-align: left;text-indent: 0;\"><span>.<\/span><\/div>\n<\/li>\n<li>\n<div style=\"line-height: 1.7;text-align: left;text-indent: 0;\"><span>Fabriqu\u00e9 fi\u00e8rement par les meilleurs artisans du Myanmar, garantissant ainsi une pi\u00e8ce authentique qui durera des ann\u00e9es.<\/span><\/div>\n<\/li>\n<li>\n<div style=\"line-height: 1.7;text-align: left;text-indent: 0;\"><span>Le cadeau id\u00e9al pour toute femme qui appr\u00e9cie les beaux bijoux ! Il est con\u00e7u comme un bracelet qui s&#039;adapte parfaitement au poignet de toute femme. Investissez en vous-m\u00eame ou offrez \u00e0 quelqu&#039;un de sp\u00e9cial un accessoire qu&#039;il ch\u00e9rira pour toujours !<\/span><\/div>\n<\/li>\n<\/ul>\n<p style=\"line-height: 1.7;text-align: left;text-indent: 0;margin-left: 0;margin-top: 0;margin-bottom: 0;\"><span>Yi Pin Qian \u2013 N\u00e9gociant en pierres pr\u00e9cieuses et m\u00e9taux pr\u00e9cieux \u00e0 Singapour \u2013 Num\u00e9ro de licence PS20190000031<\/span><\/p>\n<p style=\"line-height: 1.7;text-align: left;text-indent: 0;margin-left: 0;margin-top: 0;margin-bottom: 0;\"><span><\/span><\/p>\n<p style=\"line-height: 1.7;text-align: left;text-indent: 0;margin-left: 0;margin-top: 0;margin-bottom: 0;\"><span>*Toutes les jad\u00e9ites achet\u00e9es chez Yi Pin Qian \u00e0 Singapour, les clients peuvent r\u00e9server des cr\u00e9neaux pour le polissage ou une r\u00e9paration mineure en cas de mauvaise manipulation - des frais s&#039;appliquent et uniquement pour les clients de Yi Pin Qian \u00e0 Singapour*<\/span><\/p>\n<p style=\"line-height: 1.7;text-align: left;text-indent: 0;margin-left: 0;margin-top: 0;margin-bottom: 0;\"><span><\/span><\/p>\n<p style=\"line-height: 1.7;text-align: left;text-indent: 0;margin-left: 0;margin-top: 0;margin-bottom: 0;\"><span style=\"font-weight: bold;\">**Types de certificats**<\/span><\/p>\n<p style=\"line-height: 1.7;text-align: left;text-indent: 0;margin-left: 0;margin-top: 0;margin-bottom: 0;\"><span><\/span><\/p>\n<p style=\"line-height: 1.7;text-align: left;text-indent: 0;margin-left: 0;margin-top: 0;margin-bottom: 0;\"><span style=\"font-weight: bold;\">NGI (Nan Yang Gemmologie)<\/span><\/p>\n<p style=\"line-height: 1.7;text-align: left;text-indent: 0;margin-left: 0;margin-top: 0;margin-bottom: 0;\"><span>ou <\/span><span style=\"font-weight: bold;\">Certificats \u00e9trangers <\/span><span>(Yi Pin Qian utilise uniquement des certificats authentiques provenant de laboratoires \u00e9trangers et contr\u00f4le \u00e9galement la qualit\u00e9 de chacun de nos produits avant de les mettre en vente \u00e0 Singapour)<\/span><\/p>\n<p style=\"line-height: 1.7;text-align: left;text-indent: 0;margin-left: 0;margin-top: 0;margin-bottom: 0;\"><span><\/span><\/p>\n<p style=\"line-height: 1.7;text-align: left;text-indent: 0;margin-left: 0;margin-top: 0;margin-bottom: 0;\"><span>Chaque produit sur TikTok aura le type de certificat fourni indiqu\u00e9 dans la description. Pour tout client souhaitant envoyer sa commande \u00e0 NGI Singapore, il y aura un d\u00e9lai d&#039;attente pour la livraison de la commande estim\u00e9 \u00e0 environ 4 semaines pour recevoir votre commande. <\/span><span style=\"font-weight: bold;\">Les demandes de rapport sur les pierres pr\u00e9cieuses NGI doivent \u00eatre effectu\u00e9es en envoyant un message \u00e0 la boutique TikTok de Yi Pin Qian.<\/span><span> Merci, <\/span><span style=\"font-weight: bold;text-decoration: underline;\">des frais suppl\u00e9mentaires s&#039;appliquent<\/span><span>.<\/span><\/p>\n<p style=\"line-height: 1.7;text-align: left;text-indent: 0;margin-left: 0;margin-top: 0;margin-bottom: 0;\"><span><\/span><\/p>\n<p style=\"line-height: 1.7;text-align: left;text-indent: 0;margin-left: 0;margin-top: 0;margin-bottom: 0;\"><span style=\"font-weight: bold;\">La jad\u00e9ite naturelle n&#039;est pas parfaite, juste un petit rappel : notre jad\u00e9ite naturelle, comme toutes les belles choses de la nature, poss\u00e8de ses caract\u00e9ristiques et ses variations uniques. Nous invitons nos pr\u00e9cieux clients \u00e0 adopter ces variations naturelles. Bon shopping !<\/span><\/p>\n<p style=\"line-height: 1.7;text-align: left;text-indent: 0;margin-left: 0;margin-top: 0;margin-bottom: 0;\"><span><\/span><\/p>\n<p style=\"line-height: 1.7;text-align: left;text-indent: 0;margin-left: 0;margin-top: 0;margin-bottom: 0;\"><span style=\"font-weight: bold;text-decoration: underline;\">Aucune des photos et des s\u00e9quences vid\u00e9o n&#039;a \u00e9t\u00e9 filtr\u00e9e. Nous encourageons nos clients \u00e0 regarder \u00e9galement les vid\u00e9os d&#039;accompagnement pour une vue plus compl\u00e8te de nos produits<\/span><\/p>\n<\/article>","protected":false},"excerpt":{"rendered":"<p>Laissez-vous tenter par la qualit\u00e9 sup\u00e9rieure de ce bracelet en jade jad\u00e9ite compos\u00e9 de 6 cabochons glac\u00e9s et de 5 cabochons naturels verts, mont\u00e9s sur une luxueuse cha\u00eene en or 18 carats. Num\u00e9ros de certificat : GD2110H010863 6 cabochons glac\u00e9s : 7,6 * 4,5 * 2,9 mm, 7,2 * 4,5 * 3,4 mm, 7 * 4,8 * 3,3 mm, 7,3 * 5,3 * 3,6 mm, 6,7 * [\u2026]<\/p>","protected":false},"featured_media":6893,"comment_status":"open","ping_status":"closed","template":"","meta":[],"product_brand":[],"product_cat":[195],"product_tag":[],"class_list":{"0":"post-1665","1":"product","2":"type-product","3":"status-publish","4":"has-post-thumbnail","6":"product_cat-heirloom-grade","8":"first","9":"instock","10":"sale","11":"shipping-taxable","12":"purchasable","13":"product-type-simple"},"_links":{"self":[{"href":"https:\/\/shop.yipinqian.com\/fr\/wp-json\/wp\/v2\/product\/1665","targetHints":{"allow":["GET"]}}],"collection":[{"href":"https:\/\/shop.yipinqian.com\/fr\/wp-json\/wp\/v2\/product"}],"about":[{"href":"https:\/\/shop.yipinqian.com\/fr\/wp-json\/wp\/v2\/types\/product"}],"replies":[{"embeddable":true,"href":"https:\/\/shop.yipinqian.com\/fr\/wp-json\/wp\/v2\/comments?post=1665"}],"version-history":[{"count":0,"href":"https:\/\/shop.yipinqian.com\/fr\/wp-json\/wp\/v2\/product\/1665\/revisions"}],"wp:featuredmedia":[{"embeddable":true,"href":"https:\/\/shop.yipinqian.com\/fr\/wp-json\/wp\/v2\/media\/6893"}],"wp:attachment":[{"href":"https:\/\/shop.yipinqian.com\/fr\/wp-json\/wp\/v2\/media?parent=1665"}],"wp:term":[{"taxonomy":"product_brand","embeddable":true,"href":"https:\/\/shop.yipinqian.com\/fr\/wp-json\/wp\/v2\/product_brand?post=1665"},{"taxonomy":"product_cat","embeddable":true,"href":"https:\/\/shop.yipinqian.com\/fr\/wp-json\/wp\/v2\/product_cat?post=1665"},{"taxonomy":"product_tag","embeddable":true,"href":"https:\/\/shop.yipinqian.com\/fr\/wp-json\/wp\/v2\/product_tag?post=1665"}],"curies":[{"name":"wp","href":"https:\/\/api.w.org\/{rel}","templated":true}]}}