{"id":1664,"date":"2024-10-24T23:21:15","date_gmt":"2024-10-24T15:21:15","guid":{"rendered":"https:\/\/shop.yipinqian.com\/product\/premium-old-pit-rare-green-hue-icy-translucent-natural-type-a-jadeite-jade-crafted-with-parrot-as-pendant-for-the-collectors-certificate-weigh-6-25-grams-measurement-41-6-15-2-6-5-mm-pendant213\/"},"modified":"2025-02-24T01:34:17","modified_gmt":"2025-02-23T17:34:17","slug":"premium-old-pit-rare-green-hue-icy-translucent-natural-type-a-jadeite-jade-crafted-with-parrot-as-pendant-for-the-collectors-certificate-weigh-6-25-grams-measurement-41-6-15-2-6-5-mm-pendant213","status":"publish","type":"product","link":"https:\/\/shop.yipinqian.com\/fr\/produit\/premium-old-pit-rare-green-hue-icy-translucent-natural-type-a-jadeite-jade-crafted-with-parrot-as-pendant-for-the-collectors-certificate-weigh-6-25-grams-measurement-41-6-15-2-6-5-mm-pendant213\/","title":{"rendered":"Premium Old Pit Rare Green Hue Icy Translucent Natural Type A Jadeite Jade crafted with Parrot as Pendant for the collectors, certificate weigh 6.25 grams, measurement 41.6 * 15.2 * 6.5 mm (pendant213)"},"content":{"rendered":"<p>Elevate your jewelry collection with this premium Old Pit Rare Green Hue Icy Translucent Natural Type A Jadeite Jade pendant, perfect for collectors. Crafted with intricate details, the pendant features a parrot design that adds a touch of elegance to your everyday look.<\/p>\n<p>\u00a0<\/p>\n<p>Certificate numbers: 920660037830<\/p>\n<p><img fetchpriority=\"high\" decoding=\"async\" height=\"1080\" src=\"https:\/\/shop.yipinqian.com\/wp-content\/uploads\/2024\/10\/b4e68d4be59fb0157dfba6e4508cea86.jpg?from=476444299\" width=\"1080\"><\/p>\n<ul>\n<li>\n<strong>Mat\u00e9riel:<\/strong> This piece is made of rare and precious Type A Jadeite Jade from Myanmar, known for its beautiful translucency and icy green hue.<\/li>\n<li>\n<strong>Certificat:<\/strong> Comes with a certificate to ensure the authenticity of the jade.<\/li>\n<li>\n<strong>Mesures:<\/strong> With measurement 41.6 * 15.2 * 6.5 mm (pendant213), this stunning pendant weighs approximately 6.25 grams.<\/li>\n<\/ul>\n<p>The necklace style is elegant and versatile, making it perfect for daily wear or special occasions. Plus, it&#8217;s unisex so anyone can elevate their look with this timeless piece! Please note that there is no warranty included in this purchase.<\/p>\n<p>\u00a0<\/p>\n<p>Yi Pin Qian \u2013 N\u00e9gociant en pierres pr\u00e9cieuses et m\u00e9taux pr\u00e9cieux \u00e0 Singapour \u2013 Num\u00e9ro de licence PS20190000031<\/p>\n<p>\u00a0<\/p>\n<p>*Toutes les jad\u00e9ites achet\u00e9es chez Yi Pin Qian \u00e0 Singapour, les clients peuvent r\u00e9server des cr\u00e9neaux pour le polissage ou une r\u00e9paration mineure en cas de mauvaise manipulation - des frais s&#039;appliquent et uniquement pour les clients de Yi Pin Qian \u00e0 Singapour*<\/p>\n<p>\u00a0<\/p>\n<p><strong>**Types de certificats**<\/strong><\/p>\n<p>\u00a0<\/p>\n<p><strong>NGI (Nan Yang Gemmologie)<\/strong><\/p>\n<p>ou <strong>Certificats \u00e9trangers <\/strong>(Yi Pin Qian utilise uniquement des certificats authentiques provenant de laboratoires \u00e9trangers et contr\u00f4le \u00e9galement la qualit\u00e9 de chacun de nos produits avant de les mettre en vente \u00e0 Singapour)<\/p>\n<p>\u00a0<\/p>\n<p>Chaque produit sur TikTok aura le type de certificat fourni indiqu\u00e9 dans la description. Pour tout client souhaitant envoyer sa commande \u00e0 NGI Singapore, il y aura un d\u00e9lai d&#039;attente pour la livraison de la commande estim\u00e9 \u00e0 environ 4 semaines pour recevoir votre commande. <strong>Les demandes de rapport sur les pierres pr\u00e9cieuses NGI doivent \u00eatre effectu\u00e9es en envoyant un message \u00e0 la boutique TikTok de Yi Pin Qian.<\/strong> Merci, <strong><u>des frais suppl\u00e9mentaires s&#039;appliquent<\/u><\/strong>.<\/p>\n<p>\u00a0<\/p>\n<p><strong>La jad\u00e9ite naturelle n&#039;est pas parfaite, juste un petit rappel : notre jad\u00e9ite naturelle, comme toutes les belles choses de la nature, poss\u00e8de ses caract\u00e9ristiques et ses variations uniques. Nous invitons nos pr\u00e9cieux clients \u00e0 adopter ces variations naturelles. Bon shopping !<\/strong><\/p>\n<p>\u00a0<\/p>\n<p><strong><u>Aucune des photos et des s\u00e9quences vid\u00e9o n&#039;a \u00e9t\u00e9 filtr\u00e9e. Nous encourageons nos clients \u00e0 regarder \u00e9galement les vid\u00e9os d&#039;accompagnement pour une vue plus compl\u00e8te de nos produits<\/u><\/strong><\/p>","protected":false},"excerpt":{"rendered":"<p>Elevate your jewelry collection with this premium Old Pit Rare Green Hue Icy Translucent Natural Type A Jadeite Jade pendant, perfect for collectors. Crafted with intricate details, the pendant features a parrot design that adds a touch of elegance to your everyday look. \u00a0 Certificate numbers: 920660037830 Material: This piece is made of rare and [&hellip;]<\/p>","protected":false},"featured_media":6885,"comment_status":"open","ping_status":"closed","template":"","meta":[],"product_brand":[],"product_cat":[196],"product_tag":[],"class_list":{"0":"post-1664","1":"product","2":"type-product","3":"status-publish","4":"has-post-thumbnail","6":"product_cat-vault-collection","8":"first","9":"instock","10":"sale","11":"shipping-taxable","12":"purchasable","13":"product-type-simple"},"_links":{"self":[{"href":"https:\/\/shop.yipinqian.com\/fr\/wp-json\/wp\/v2\/product\/1664","targetHints":{"allow":["GET"]}}],"collection":[{"href":"https:\/\/shop.yipinqian.com\/fr\/wp-json\/wp\/v2\/product"}],"about":[{"href":"https:\/\/shop.yipinqian.com\/fr\/wp-json\/wp\/v2\/types\/product"}],"replies":[{"embeddable":true,"href":"https:\/\/shop.yipinqian.com\/fr\/wp-json\/wp\/v2\/comments?post=1664"}],"version-history":[{"count":0,"href":"https:\/\/shop.yipinqian.com\/fr\/wp-json\/wp\/v2\/product\/1664\/revisions"}],"wp:featuredmedia":[{"embeddable":true,"href":"https:\/\/shop.yipinqian.com\/fr\/wp-json\/wp\/v2\/media\/6885"}],"wp:attachment":[{"href":"https:\/\/shop.yipinqian.com\/fr\/wp-json\/wp\/v2\/media?parent=1664"}],"wp:term":[{"taxonomy":"product_brand","embeddable":true,"href":"https:\/\/shop.yipinqian.com\/fr\/wp-json\/wp\/v2\/product_brand?post=1664"},{"taxonomy":"product_cat","embeddable":true,"href":"https:\/\/shop.yipinqian.com\/fr\/wp-json\/wp\/v2\/product_cat?post=1664"},{"taxonomy":"product_tag","embeddable":true,"href":"https:\/\/shop.yipinqian.com\/fr\/wp-json\/wp\/v2\/product_tag?post=1664"}],"curies":[{"name":"wp","href":"https:\/\/api.w.org\/{rel}","templated":true}]}}