{"id":1663,"date":"2024-10-24T23:21:15","date_gmt":"2024-10-24T15:21:15","guid":{"rendered":"https:\/\/shop.yipinqian.com\/product\/premium-light-green-semi-icy-natural-type-a-jadeite-jade-pendant-crafted-with-frogs-coins-and-lotus-with-certificate-weigh-35-12-grams-measurement-50-7-24-7-18-2-mm-pendant193\/"},"modified":"2025-02-24T01:17:27","modified_gmt":"2025-02-23T17:17:27","slug":"premium-light-green-semi-icy-natural-type-a-jadeite-jade-pendant-crafted-with-frogs-coins-and-lotus-with-certificate-weigh-35-12-grams-measurement-50-7-24-7-18-2-mm-pendant193","status":"publish","type":"product","link":"https:\/\/shop.yipinqian.com\/fr\/produit\/premium-light-green-semi-icy-natural-type-a-jadeite-jade-pendant-crafted-with-frogs-coins-and-lotus-with-certificate-weigh-35-12-grams-measurement-50-7-24-7-18-2-mm-pendant193\/","title":{"rendered":"Pendentif en jade jad\u00e9ite de type A naturel semi-glac\u00e9 vert clair de qualit\u00e9 sup\u00e9rieure fabriqu\u00e9 avec des grenouilles, des pi\u00e8ces de monnaie et des lotus avec certificat pesant 35,12 grammes, mesurant 50,7 * 24,7 * 18,2 mm (pendentif193)"},"content":{"rendered":"<p>Am\u00e9liorez votre collection de bijoux avec ce superbe pendentif en jade jad\u00e9ite naturelle de type A de couleur vert clair semi-glac\u00e9e de qualit\u00e9 sup\u00e9rieure. Ce pendentif est fabriqu\u00e9 avec des grenouilles, des pi\u00e8ces de monnaie et des lotus, ce qui en fait un choix parfait pour un usage quotidien.<\/p>\n<p>\u00a0<\/p>\n<p><strong>Num\u00e9ros de certificat : GD2112H015303 <\/strong><\/p>\n<p><img fetchpriority=\"high\" decoding=\"async\" height=\"1080\" src=\"https:\/\/shop.yipinqian.com\/wp-content\/uploads\/2024\/10\/5ac0106908d847b0ed62f090fd2c5aef.jpg?from=476444299\" width=\"1080\"><\/p>\n<ul>\n<li>\n<strong>Qualit\u00e9 sup\u00e9rieure :<\/strong> Fabriqu\u00e9 avec du jade jad\u00e9ite naturel de type A de haute qualit\u00e9, ce pendentif est parfait pour ajouter une touche d&#039;\u00e9l\u00e9gance \u00e0 votre collection de bijoux.<\/li>\n<li>\n<strong>Conception unique :<\/strong> Le design de ce pendentif est inspir\u00e9 de la nature et r\u00e9alis\u00e9 de mani\u00e8re complexe avec des grenouilles, des pi\u00e8ces de monnaie et des lotus, ce qui en fait un bijou unique.<\/li>\n<li>\n<strong>Certificat:<\/strong> Ce pendentif en jade jad\u00e9ite de type A est accompagn\u00e9 d&#039;un certificat garantissant son authenticit\u00e9 et sa qualit\u00e9.<\/li>\n<\/ul>\n<p>Ce pendentif en jade jad\u00e9ite naturelle de type A semi-glac\u00e9 vert clair de qualit\u00e9 sup\u00e9rieure p\u00e8se 35,12 grammes et mesure 50,7 * 24,7 * 18,2 mm, ce qui le rend facile \u00e0 porter pour les hommes et les femmes.<\/p>\n<ul>\n<li>\n<strong>Type de jade :<\/strong> Fabriqu\u00e9 \u00e0 partir de jad\u00e9ite naturelle de type A, ce qui le rend unique en termes de couleur et de texture<\/li>\n<li>\n<strong>Le pays d&#039;origine : <\/strong>Ce produit provient du pays du Myanmar, c\u00e9l\u00e8bre depuis l&#039;Antiquit\u00e9 pour ses pierres pr\u00e9cieuses authentiques<\/li>\n<li>\n<strong>Le style du collier : <\/strong>Le style d\u00e9contract\u00e9 du collier le rend adapt\u00e9 \u00e0 un usage quotidien<\/li>\n<\/ul>\n<p>Ajoutez une touche \u00e9l\u00e9gante \u00e0 vos tenues quotidiennes ou surprenez quelqu&#039;un de sp\u00e9cial en lui offrant cette pi\u00e8ce \u00e9l\u00e9gante qui sera ch\u00e9rie pour toujours !<\/p>\n<p>\u00a0<\/p>\n<p>Yi Pin Qian \u2013 N\u00e9gociant en pierres pr\u00e9cieuses et m\u00e9taux pr\u00e9cieux \u00e0 Singapour \u2013 Num\u00e9ro de licence PS20190000031<\/p>\n<p>\u00a0<\/p>\n<p>*Toutes les jad\u00e9ites achet\u00e9es chez Yi Pin Qian \u00e0 Singapour, les clients peuvent r\u00e9server des cr\u00e9neaux pour le polissage ou une r\u00e9paration mineure en cas de mauvaise manipulation - des frais s&#039;appliquent et uniquement pour les clients de Yi Pin Qian \u00e0 Singapour*<\/p>\n<p>\u00a0<\/p>\n<p><strong>**Types de certificats**<\/strong><\/p>\n<p>\u00a0<\/p>\n<p><strong>NGI (Nan Yang Gemmologie)<\/strong><\/p>\n<p>ou <strong>Certificats \u00e9trangers <\/strong>(Yi Pin Qian utilise uniquement des certificats authentiques provenant de laboratoires \u00e9trangers et contr\u00f4le \u00e9galement la qualit\u00e9 de chacun de nos produits avant de les mettre en vente \u00e0 Singapour)<\/p>\n<p>\u00a0<\/p>\n<p>Chaque produit sur TikTok aura le type de certificat fourni indiqu\u00e9 dans la description. Pour tout client souhaitant envoyer sa commande \u00e0 NGI Singapore, il y aura un d\u00e9lai d&#039;attente pour la livraison de la commande estim\u00e9 \u00e0 environ 4 semaines pour recevoir votre commande. <strong>Les demandes de rapport sur les pierres pr\u00e9cieuses NGI doivent \u00eatre effectu\u00e9es en envoyant un message \u00e0 la boutique TikTok de Yi Pin Qian.<\/strong> Merci, <strong><u>des frais suppl\u00e9mentaires s&#039;appliquent<\/u><\/strong>.<\/p>\n<p>\u00a0<\/p>\n<p><strong>La jad\u00e9ite naturelle n&#039;est pas parfaite, juste un petit rappel : notre jad\u00e9ite naturelle, comme toutes les belles choses de la nature, poss\u00e8de ses caract\u00e9ristiques et ses variations uniques. Nous invitons nos pr\u00e9cieux clients \u00e0 adopter ces variations naturelles. Bon shopping !<\/strong><\/p>\n<p>\u00a0<\/p>\n<p><strong><u>Aucune des photos et des s\u00e9quences vid\u00e9o n&#039;a \u00e9t\u00e9 filtr\u00e9e. Nous encourageons nos clients \u00e0 regarder \u00e9galement les vid\u00e9os d&#039;accompagnement pour une vue plus compl\u00e8te de nos produits<\/u><\/strong><\/p>","protected":false},"excerpt":{"rendered":"<p>Am\u00e9liorez votre collection de bijoux avec ce superbe pendentif en jade jad\u00e9ite de type A naturel semi-glac\u00e9 vert clair de qualit\u00e9 sup\u00e9rieure. Ce pendentif est fabriqu\u00e9 avec des grenouilles, des pi\u00e8ces de monnaie et des lotus, ce qui en fait un choix parfait pour un usage quotidien. Num\u00e9ros de certificat : GD2112H015303 Qualit\u00e9 sup\u00e9rieure : Fabriqu\u00e9 en jade jad\u00e9ite de type A naturel de haute qualit\u00e9, ce pendentif est parfait pour [\u2026]<\/p>","protected":false},"featured_media":6875,"comment_status":"open","ping_status":"closed","template":"","meta":[],"product_brand":[],"product_cat":[195],"product_tag":[],"class_list":{"0":"post-1663","1":"product","2":"type-product","3":"status-publish","4":"has-post-thumbnail","6":"product_cat-heirloom-grade","8":"first","9":"instock","10":"sale","11":"shipping-taxable","12":"purchasable","13":"product-type-simple"},"_links":{"self":[{"href":"https:\/\/shop.yipinqian.com\/fr\/wp-json\/wp\/v2\/product\/1663","targetHints":{"allow":["GET"]}}],"collection":[{"href":"https:\/\/shop.yipinqian.com\/fr\/wp-json\/wp\/v2\/product"}],"about":[{"href":"https:\/\/shop.yipinqian.com\/fr\/wp-json\/wp\/v2\/types\/product"}],"replies":[{"embeddable":true,"href":"https:\/\/shop.yipinqian.com\/fr\/wp-json\/wp\/v2\/comments?post=1663"}],"version-history":[{"count":0,"href":"https:\/\/shop.yipinqian.com\/fr\/wp-json\/wp\/v2\/product\/1663\/revisions"}],"wp:featuredmedia":[{"embeddable":true,"href":"https:\/\/shop.yipinqian.com\/fr\/wp-json\/wp\/v2\/media\/6875"}],"wp:attachment":[{"href":"https:\/\/shop.yipinqian.com\/fr\/wp-json\/wp\/v2\/media?parent=1663"}],"wp:term":[{"taxonomy":"product_brand","embeddable":true,"href":"https:\/\/shop.yipinqian.com\/fr\/wp-json\/wp\/v2\/product_brand?post=1663"},{"taxonomy":"product_cat","embeddable":true,"href":"https:\/\/shop.yipinqian.com\/fr\/wp-json\/wp\/v2\/product_cat?post=1663"},{"taxonomy":"product_tag","embeddable":true,"href":"https:\/\/shop.yipinqian.com\/fr\/wp-json\/wp\/v2\/product_tag?post=1663"}],"curies":[{"name":"wp","href":"https:\/\/api.w.org\/{rel}","templated":true}]}}