{"id":1659,"date":"2024-10-24T23:21:12","date_gmt":"2024-10-24T15:21:12","guid":{"rendered":"https:\/\/shop.yipinqian.com\/product\/premium-icy-yellow-natural-type-a-jadeite-jade-crafted-with-dragon-as-pendant-certificate-weighs-15-64-grams-measurement-50-6-27-11-5-mm-pendant253\/"},"modified":"2025-02-24T01:17:28","modified_gmt":"2025-02-23T17:17:28","slug":"premium-icy-yellow-natural-type-a-jadeite-jade-crafted-with-dragon-as-pendant-certificate-weighs-15-64-grams-measurement-50-6-27-11-5-mm-pendant253","status":"publish","type":"product","link":"https:\/\/shop.yipinqian.com\/fr\/produit\/premium-icy-yellow-natural-type-a-jadeite-jade-crafted-with-dragon-as-pendant-certificate-weighs-15-64-grams-measurement-50-6-27-11-5-mm-pendant253\/","title":{"rendered":"Jade jad\u00e9ite naturelle de type A jaune glac\u00e9 de qualit\u00e9 sup\u00e9rieure fabriqu\u00e9 avec un certificat Dragon as Pendant p\u00e8se 15,64 grammes, mesure 50,6 * 27 * 11,5 mm (pendentif253)"},"content":{"rendered":"<p>Rehaussez votre style avec ce superbe pendentif en jade jad\u00e9ite naturelle de type A jaune glac\u00e9 de qualit\u00e9 sup\u00e9rieure, dot\u00e9 d&#039;un magnifique motif de dragon.<\/p>\n<p><\/p>\n<p>Num\u00e9ros de certificat : GD2207H003409<\/p>\n<ul>\n<li>Artisanat exquis : Fabriqu\u00e9 en jade jad\u00e9ite de type A de haute qualit\u00e9, ce pendentif respire l&#039;\u00e9l\u00e9gance et la sophistication.<\/li>\n<li>Symbolisme propice : le motif du dragon symbolise la force, la puissance et la bonne fortune, ce qui le rend parfait pour toutes les occasions.<\/li>\n<li>Mesure unique : Avec des dimensions de 50,6 * 27 * 11,5 mm et un poids de 15,64 grammes, ce pendentif est vraiment unique en son genre (pendentif253).<\/li>\n<\/ul>\n<p>Cet accessoire de collier unisexe est livr\u00e9 avec un certificat d&#039;authenticit\u00e9 du Myanmar, garantissant sa qualit\u00e9 sup\u00e9rieure et son authenticit\u00e9.<\/p>\n<p><\/p>\n<p>Yi Pin Qian \u2013 N\u00e9gociant en pierres pr\u00e9cieuses et m\u00e9taux pr\u00e9cieux \u00e0 Singapour \u2013 Num\u00e9ro de licence PS20190000031<\/p>\n<p><\/p>\n<p>*Toutes les jad\u00e9ites achet\u00e9es chez Yi Pin Qian \u00e0 Singapour, les clients peuvent r\u00e9server des cr\u00e9neaux pour le polissage ou une r\u00e9paration mineure en cas de mauvaise manipulation - des frais s&#039;appliquent et uniquement pour les clients de Yi Pin Qian \u00e0 Singapour*<\/p>\n<p><\/p>\n<p><strong>**Types de certificats**<\/strong><\/p>\n<p><\/p>\n<p><strong>NGI (Nan Yang Gemmologie)<\/strong><\/p>\n<p>ou <strong>Certificats \u00e9trangers <\/strong>(Yi Pin Qian utilise uniquement des certificats authentiques provenant de laboratoires \u00e9trangers et contr\u00f4le \u00e9galement la qualit\u00e9 de chacun de nos produits avant de les mettre en vente \u00e0 Singapour)<\/p>\n<p><\/p>\n<p>Chaque produit sur TikTok aura le type de certificat fourni indiqu\u00e9 dans la description. Pour tout client souhaitant envoyer sa commande \u00e0 NGI Singapore, il y aura un d\u00e9lai d&#039;attente pour la livraison de la commande estim\u00e9 \u00e0 environ 4 semaines pour recevoir votre commande. <strong>Les demandes de rapport sur les pierres pr\u00e9cieuses NGI doivent \u00eatre effectu\u00e9es en envoyant un message \u00e0 la boutique TikTok de Yi Pin Qian.<\/strong> Merci, <strong><u>des frais suppl\u00e9mentaires s&#039;appliquent<\/u><\/strong>.<\/p>\n<p><\/p>\n<p><strong>La jad\u00e9ite naturelle n&#039;est pas parfaite, juste un petit rappel : notre jad\u00e9ite naturelle, comme toutes les belles choses de la nature, poss\u00e8de ses caract\u00e9ristiques et ses variations uniques. Nous invitons nos pr\u00e9cieux clients \u00e0 adopter ces variations naturelles. Bon shopping !<\/strong><\/p>\n<p><\/p>\n<p><strong><u>Aucune des photos et des s\u00e9quences vid\u00e9o n&#039;a \u00e9t\u00e9 filtr\u00e9e. Nous encourageons nos clients \u00e0 regarder \u00e9galement les vid\u00e9os d&#039;accompagnement pour une vue plus compl\u00e8te de nos produits<\/u><\/strong><\/p>","protected":false},"excerpt":{"rendered":"<p>Enhance your style with this exquisite Premium Icy Yellow Natural Type A Jadeite Jade pendant featuring a beautifully crafted Dragon design. Certificate numbers: GD2207H003409 Exquisite Craftsmanship: Made with high-quality Type A Jadeite Jade, this pendant exudes elegance and sophistication. Auspicious Symbolism: The Dragon design symbolizes strength, power, and good fortune, making it perfect for any [&hellip;]<\/p>","protected":false},"featured_media":6839,"comment_status":"open","ping_status":"closed","template":"","meta":[],"product_brand":[],"product_cat":[195],"product_tag":[],"class_list":{"0":"post-1659","1":"product","2":"type-product","3":"status-publish","4":"has-post-thumbnail","6":"product_cat-heirloom-grade","8":"first","9":"instock","10":"sale","11":"shipping-taxable","12":"purchasable","13":"product-type-simple"},"_links":{"self":[{"href":"https:\/\/shop.yipinqian.com\/fr\/wp-json\/wp\/v2\/product\/1659","targetHints":{"allow":["GET"]}}],"collection":[{"href":"https:\/\/shop.yipinqian.com\/fr\/wp-json\/wp\/v2\/product"}],"about":[{"href":"https:\/\/shop.yipinqian.com\/fr\/wp-json\/wp\/v2\/types\/product"}],"replies":[{"embeddable":true,"href":"https:\/\/shop.yipinqian.com\/fr\/wp-json\/wp\/v2\/comments?post=1659"}],"version-history":[{"count":0,"href":"https:\/\/shop.yipinqian.com\/fr\/wp-json\/wp\/v2\/product\/1659\/revisions"}],"wp:featuredmedia":[{"embeddable":true,"href":"https:\/\/shop.yipinqian.com\/fr\/wp-json\/wp\/v2\/media\/6839"}],"wp:attachment":[{"href":"https:\/\/shop.yipinqian.com\/fr\/wp-json\/wp\/v2\/media?parent=1659"}],"wp:term":[{"taxonomy":"product_brand","embeddable":true,"href":"https:\/\/shop.yipinqian.com\/fr\/wp-json\/wp\/v2\/product_brand?post=1659"},{"taxonomy":"product_cat","embeddable":true,"href":"https:\/\/shop.yipinqian.com\/fr\/wp-json\/wp\/v2\/product_cat?post=1659"},{"taxonomy":"product_tag","embeddable":true,"href":"https:\/\/shop.yipinqian.com\/fr\/wp-json\/wp\/v2\/product_tag?post=1659"}],"curies":[{"name":"wp","href":"https:\/\/api.w.org\/{rel}","templated":true}]}}