{"id":1656,"date":"2024-10-24T23:21:11","date_gmt":"2024-10-24T15:21:11","guid":{"rendered":"https:\/\/shop.yipinqian.com\/product\/premium-icy-translucent-with-light-green-patches-natural-type-a-jadeite-jade-crafted-with-108-6-5-mm-beads-as-bracelet-or-necklace-certificate-weighs-52-19-grams-bracelet25\/"},"modified":"2025-02-24T01:17:28","modified_gmt":"2025-02-23T17:17:28","slug":"premium-icy-translucent-with-light-green-patches-natural-type-a-jadeite-jade-crafted-with-108-6-5-mm-beads-as-bracelet-or-necklace-certificate-weighs-52-19-grams-bracelet25","status":"publish","type":"product","link":"https:\/\/shop.yipinqian.com\/fr\/produit\/premium-icy-translucent-with-light-green-patches-natural-type-a-jadeite-jade-crafted-with-108-6-5-mm-beads-as-bracelet-or-necklace-certificate-weighs-52-19-grams-bracelet25\/","title":{"rendered":"Jade jad\u00e9ite naturelle de type A de qualit\u00e9 sup\u00e9rieure translucide avec des taches vert clair fabriqu\u00e9 avec des perles de 108 * 6,5 mm en bracelet ou collier, le certificat p\u00e8se 52,19 grammes (bracelet25)"},"content":{"rendered":"<p>Ce bracelet ou collier en jade jad\u00e9ite translucide glac\u00e9 de qualit\u00e9 sup\u00e9rieure est un superbe accessoire fabriqu\u00e9 \u00e0 la main avec 108 perles mesurant 6,5 mm chacune.<\/p>\n<p><\/p>\n<p>Num\u00e9ros de certificat : GD2110H006846<\/p>\n<ul>\n<li><strong>Caract\u00e9ristiques principales :<\/strong><\/li>\n<li>Translucide avec des taches vert clair<\/li>\n<li>P\u00e8se 52,19 grammes<\/li>\n<\/ul>\n<p>Ce bijou est originaire du Myanmar et est parfait pour un usage quotidien. Son design unisexe le rend id\u00e9al pour tous ceux qui cherchent \u00e0 ajouter une touche d&#039;\u00e9l\u00e9gance \u00e0 leur tenue.<\/p>\n<ul>\n<li><strong>Attributs du produit :<\/strong><\/li>\n<li>Certificat: Oui<\/li>\n<li>Pays d&#039;origine : Myanmar<\/li>\n<li>Occasion : Quotidien<\/li>\n<li>Type de garantie : Non<\/li>\n<\/ul>\n<p>Yi Pin Qian \u2013 N\u00e9gociant en pierres pr\u00e9cieuses et m\u00e9taux pr\u00e9cieux \u00e0 Singapour \u2013 Num\u00e9ro de licence PS20190000031<\/p>\n<p><\/p>\n<p>*Toutes les jad\u00e9ites achet\u00e9es chez Yi Pin Qian \u00e0 Singapour, les clients peuvent r\u00e9server des cr\u00e9neaux pour le polissage ou une r\u00e9paration mineure en cas de mauvaise manipulation - des frais s&#039;appliquent et uniquement pour les clients de Yi Pin Qian \u00e0 Singapour*<\/p>\n<p><\/p>\n<p><strong>**Types de certificats**<\/strong><\/p>\n<p><\/p>\n<p><strong>NGI (Nan Yang Gemmologie)<\/strong><\/p>\n<p>ou <strong>Certificats \u00e9trangers <\/strong>(Yi Pin Qian utilise uniquement des certificats authentiques provenant de laboratoires \u00e9trangers et contr\u00f4le \u00e9galement la qualit\u00e9 de chacun de nos produits avant de les mettre en vente \u00e0 Singapour)<\/p>\n<p><\/p>\n<p>Chaque produit sur TikTok aura le type de certificat fourni indiqu\u00e9 dans la description. Pour tout client souhaitant envoyer sa commande \u00e0 NGI Singapore, il y aura un d\u00e9lai d&#039;attente pour la livraison de la commande estim\u00e9 \u00e0 environ 4 semaines pour recevoir votre commande. <strong>Les demandes de rapport sur les pierres pr\u00e9cieuses NGI doivent \u00eatre effectu\u00e9es en envoyant un message \u00e0 la boutique TikTok de Yi Pin Qian.<\/strong> Merci, <strong><u>des frais suppl\u00e9mentaires s&#039;appliquent<\/u><\/strong>.<\/p>\n<p><strong>La jad\u00e9ite naturelle n&#039;est pas parfaite, juste un petit rappel : notre jad\u00e9ite naturelle, comme toutes les belles choses de la nature, poss\u00e8de ses caract\u00e9ristiques et ses variations uniques. Nous invitons nos pr\u00e9cieux clients \u00e0 adopter ces variations naturelles. Bon shopping !<\/strong><\/p>\n<p><\/p>\n<p><strong><u>Aucune des photos et des s\u00e9quences vid\u00e9o n&#039;a \u00e9t\u00e9 filtr\u00e9e. Nous encourageons nos clients \u00e0 regarder \u00e9galement les vid\u00e9os d&#039;accompagnement pour une vue plus compl\u00e8te de nos produits<\/u><\/strong><\/p>","protected":false},"excerpt":{"rendered":"<p>Ce bracelet ou collier en jade jad\u00e9ite translucide de qualit\u00e9 sup\u00e9rieure est un superbe accessoire fabriqu\u00e9 \u00e0 la main avec 108 perles mesurant 6,5 mm chacune. Num\u00e9ros de certificat : GD2110H006846 Principales caract\u00e9ristiques : Translucide avec des taches vert clair P\u00e8se 52,19 grammes Avec un certificat inclus, cette pi\u00e8ce est originaire du Myanmar et est parfaite pour un usage quotidien. Le design unisexe le rend adapt\u00e9 [\u2026]<\/p>","protected":false},"featured_media":6814,"comment_status":"open","ping_status":"closed","template":"","meta":[],"product_brand":[],"product_cat":[195],"product_tag":[],"class_list":{"0":"post-1656","1":"product","2":"type-product","3":"status-publish","4":"has-post-thumbnail","6":"product_cat-heirloom-grade","8":"first","9":"instock","10":"sale","11":"shipping-taxable","12":"purchasable","13":"product-type-simple"},"_links":{"self":[{"href":"https:\/\/shop.yipinqian.com\/fr\/wp-json\/wp\/v2\/product\/1656","targetHints":{"allow":["GET"]}}],"collection":[{"href":"https:\/\/shop.yipinqian.com\/fr\/wp-json\/wp\/v2\/product"}],"about":[{"href":"https:\/\/shop.yipinqian.com\/fr\/wp-json\/wp\/v2\/types\/product"}],"replies":[{"embeddable":true,"href":"https:\/\/shop.yipinqian.com\/fr\/wp-json\/wp\/v2\/comments?post=1656"}],"version-history":[{"count":0,"href":"https:\/\/shop.yipinqian.com\/fr\/wp-json\/wp\/v2\/product\/1656\/revisions"}],"wp:featuredmedia":[{"embeddable":true,"href":"https:\/\/shop.yipinqian.com\/fr\/wp-json\/wp\/v2\/media\/6814"}],"wp:attachment":[{"href":"https:\/\/shop.yipinqian.com\/fr\/wp-json\/wp\/v2\/media?parent=1656"}],"wp:term":[{"taxonomy":"product_brand","embeddable":true,"href":"https:\/\/shop.yipinqian.com\/fr\/wp-json\/wp\/v2\/product_brand?post=1656"},{"taxonomy":"product_cat","embeddable":true,"href":"https:\/\/shop.yipinqian.com\/fr\/wp-json\/wp\/v2\/product_cat?post=1656"},{"taxonomy":"product_tag","embeddable":true,"href":"https:\/\/shop.yipinqian.com\/fr\/wp-json\/wp\/v2\/product_tag?post=1656"}],"curies":[{"name":"wp","href":"https:\/\/api.w.org\/{rel}","templated":true}]}}