{"id":1653,"date":"2024-10-24T23:21:08","date_gmt":"2024-10-24T15:21:08","guid":{"rendered":"https:\/\/shop.yipinqian.com\/product\/premium-icy-translucent-natural-type-a-jadeite-jade-crafted-as-standing-milo-buddha-set-on-18k-gold-with-diamonds-as-pendant-certificate-included-weigh-6-56-grams-measurement-37-5-19-7-9-mm-18kp27\/"},"modified":"2025-02-24T01:17:28","modified_gmt":"2025-02-23T17:17:28","slug":"premium-icy-translucent-natural-type-a-jadeite-jade-crafted-as-standing-milo-buddha-set-on-18k-gold-with-diamonds-as-pendant-certificate-included-weigh-6-56-grams-measurement-37-5-19-7-9-mm-18kp27","status":"publish","type":"product","link":"https:\/\/shop.yipinqian.com\/fr\/produit\/premium-icy-translucent-natural-type-a-jadeite-jade-crafted-as-standing-milo-buddha-set-on-18k-gold-with-diamonds-as-pendant-certificate-included-weigh-6-56-grams-measurement-37-5-19-7-9-mm-18kp27\/","title":{"rendered":"Jade jad\u00e9ite naturelle translucide de type A de qualit\u00e9 sup\u00e9rieure, fabriqu\u00e9 en forme de Bouddha Milo debout, serti sur or 18 carats avec des diamants en pendentif, certificat inclus, p\u00e8se 6,56 grammes, mesure 37,5 * 19,7 * 9 mm (18kp27)"},"content":{"rendered":"<article class=\"lzd-article\" style=\"white-space: break-spaces;\">\n<p style=\"line-height: 1.7;text-align: left;text-indent: 0;margin-left: 0;margin-top: 0;margin-bottom: 0;\"><span>Rehaussez votre style avec ce pendentif en jade jad\u00e9ite naturelle translucide de type A de qualit\u00e9 sup\u00e9rieure, con\u00e7u comme un Bouddha Milo debout et serti sur de l&#039;or 18 carats avec des diamants. Pesant 6,56 grammes et mesurant 37,5 * 19,7 * 9 mm, cette pi\u00e8ce est un v\u00e9ritable chef-d&#039;\u0153uvre qui vous fera sortir du lot.<\/span><\/p>\n<p style=\"line-height: 1.7;text-align: left;text-indent: 0;margin-left: 0;margin-top: 0;margin-bottom: 0;\"><span> <\/span><\/p>\n<p style=\"line-height: 1.7;text-align: left;text-indent: 0;margin-left: 0;margin-top: 0;margin-bottom: 0;\"><span>Num\u00e9ros de certificat : GD2205H004254<\/span><\/p>\n<p style=\"line-height: 1.7;text-align: left;text-indent: 0;margin-left: 0;margin-top: 0;margin-bottom: 0;\"><span>Poids de l&#039;or 18 carats : 2,09 grammes<\/span><\/p>\n<p style=\"line-height: 1.7;text-align: left;text-indent: 0;margin-left: 0;margin-top: 0;margin-bottom: 0;\"><span>Diamants : 26 * 0,003 FF = 0,078 carat \/<\/span><span style=\"font-style: italic;\"> 3 * <\/span><span>0,005 FF = 0,015 carat<\/span><\/p>\n<p style=\"line-height: 1.7;text-align: left;text-indent: 0;margin-left: 0;margin-top: 0;margin-bottom: 0;\"><span>Bouddha Milo debout Jad\u00e9ite Dimensions : 26,5 x 17,8 x 6,7 mm<\/span><\/p>\n<p style=\"line-height: 1.7;text-align: left;text-indent: 0;margin-left: 0;margin-top: 0;margin-bottom: 0;\"><span>Avec r\u00e9glage de mesure : 37,5 * 19,7 * 9 mm<\/span><\/p>\n<p style=\"line-height: 1.7;text-align: left;text-indent: 0;margin-left: 0;margin-top: 0;margin-bottom: 0;\"><span> <\/span><\/p>\n<ul>\n<li>\n<div style=\"line-height: 1.7;text-align: left;text-indent: 0;\">\n<span style=\"font-weight: bold;\">Jad\u00e9ite de type A :<\/span><span> Cette pi\u00e8ce est fabriqu\u00e9e \u00e0 partir de jad\u00e9ite de type A de la meilleure qualit\u00e9, connue pour sa translucidit\u00e9 et sa texture exceptionnelles.<\/span>\n<\/div>\n<\/li>\n<li>\n<div style=\"line-height: 1.7;text-align: left;text-indent: 0;\">\n<span style=\"font-weight: bold;\">Or 18 carats et diamants :<\/span><span> La monture du pendentif est en or PT\/Carat avec des diamants qui ajoutent une touche de sophistication suppl\u00e9mentaire.<\/span>\n<\/div>\n<\/li>\n<li>\n<div style=\"line-height: 1.7;text-align: left;text-indent: 0;\">\n<span style=\"font-weight: bold;\">Certificat inclus :<\/span><span> Ce pendentif est accompagn\u00e9 d&#039;un certificat attestant de son authenticit\u00e9 en tant que jad\u00e9ite naturelle de premi\u00e8re qualit\u00e9 <\/span>\n<\/div>\n<\/li>\n<\/ul>\n<p style=\"line-height: 1.7;text-align: left;text-indent: 0;margin-left: 0;margin-top: 0;margin-bottom: 0;\"><span><\/span><\/p>\n<p style=\"line-height: 1.7;text-align: left;text-indent: 0;margin-left: 0;margin-top: 0;margin-bottom: 0;\"><span>Ce pendentif \u00e9l\u00e9gant de style collier est le cadeau de bon augure id\u00e9al pour toute occasion car il est de conception unisexe - parfait pour tous ceux qui appr\u00e9cient les accessoires et d\u00e9riv\u00e9s de haute joaillerie !<\/span><\/p>\n<ul>\n<li>\n<div style=\"line-height: 1.7;text-align: left;text-indent: 0;\">\n<span style=\"font-weight: bold;\">Aucune garantie :<\/span><span> Veuillez noter qu&#039;il n&#039;y a aucune garantie sur ce produit, bien qu&#039;en raison de ses mat\u00e9riaux de haute qualit\u00e9, il durera \u00e9ternellement !<\/span>\n<\/div>\n<\/li>\n<\/ul>\n<p style=\"line-height: 1.7;text-align: left;text-indent: 0;margin-left: 0;margin-top: 0;margin-bottom: 0;\"><span>Yi Pin Qian \u2013 N\u00e9gociant en pierres pr\u00e9cieuses et m\u00e9taux pr\u00e9cieux \u00e0 Singapour \u2013 Num\u00e9ro de licence PS20190000031<\/span><\/p>\n<p style=\"line-height: 1.7;text-align: left;text-indent: 0;margin-left: 0;margin-top: 0;margin-bottom: 0;\"><span> <\/span><\/p>\n<p style=\"line-height: 1.7;text-align: left;text-indent: 0;margin-left: 0;margin-top: 0;margin-bottom: 0;\"><span>*Toutes les jad\u00e9ites achet\u00e9es chez Yi Pin Qian \u00e0 Singapour, les clients peuvent r\u00e9server des cr\u00e9neaux pour le polissage ou une r\u00e9paration mineure en cas de mauvaise manipulation - des frais s&#039;appliquent et uniquement pour les clients de Yi Pin Qian \u00e0 Singapour*<\/span><\/p>\n<p style=\"line-height: 1.7;text-align: left;text-indent: 0;margin-left: 0;margin-top: 0;margin-bottom: 0;\"><span> <\/span><\/p>\n<p style=\"line-height: 1.7;text-align: left;text-indent: 0;margin-left: 0;margin-top: 0;margin-bottom: 0;\"><span style=\"font-weight: bold;\">**Types de certificats**<\/span><\/p>\n<p style=\"line-height: 1.7;text-align: left;text-indent: 0;margin-left: 0;margin-top: 0;margin-bottom: 0;\"><span> <\/span><\/p>\n<p style=\"line-height: 1.7;text-align: left;text-indent: 0;margin-left: 0;margin-top: 0;margin-bottom: 0;\"><span style=\"font-weight: bold;\">NGI (Nan Yang Gemmologie)<\/span><\/p>\n<p style=\"line-height: 1.7;text-align: left;text-indent: 0;margin-left: 0;margin-top: 0;margin-bottom: 0;\"><span>ou <\/span><span style=\"font-weight: bold;\">Certificats \u00e9trangers <\/span><span>(Yi Pin Qian utilise uniquement des certificats authentiques provenant de laboratoires \u00e9trangers et contr\u00f4le \u00e9galement la qualit\u00e9 de chacun de nos produits avant de les mettre en vente \u00e0 Singapour)<\/span><\/p>\n<p style=\"line-height: 1.7;text-align: left;text-indent: 0;margin-left: 0;margin-top: 0;margin-bottom: 0;\"><span> <\/span><\/p>\n<p style=\"line-height: 1.7;text-align: left;text-indent: 0;margin-left: 0;margin-top: 0;margin-bottom: 0;\"><span>Chaque produit sur TikTok aura le type de certificat fourni indiqu\u00e9 dans la description. Pour tout client souhaitant envoyer sa commande \u00e0 NGI Singapore, il y aura un d\u00e9lai d&#039;attente pour la livraison de la commande estim\u00e9 \u00e0 environ 4 semaines pour recevoir votre commande. <\/span><span style=\"font-weight: bold;\">Les demandes de rapport sur les pierres pr\u00e9cieuses NGI doivent \u00eatre effectu\u00e9es en envoyant un message \u00e0 la boutique TikTok de Yi Pin Qian.<\/span><span> Merci, <\/span><span style=\"font-weight: bold;text-decoration: underline;\">des frais suppl\u00e9mentaires s&#039;appliquent<\/span><span>.<\/span><\/p>\n<p style=\"line-height: 1.7;text-align: left;text-indent: 0;margin-left: 0;margin-top: 0;margin-bottom: 0;\"><span> <\/span><\/p>\n<p style=\"line-height: 1.7;text-align: left;text-indent: 0;margin-left: 0;margin-top: 0;margin-bottom: 0;\"><span style=\"font-weight: bold;\">La jad\u00e9ite naturelle n&#039;est pas parfaite, juste un petit rappel : notre jad\u00e9ite naturelle, comme toutes les belles choses de la nature, poss\u00e8de ses caract\u00e9ristiques et ses variations uniques. Nous invitons nos pr\u00e9cieux clients \u00e0 adopter ces variations naturelles. Bon shopping !<\/span><\/p>\n<p style=\"line-height: 1.7;text-align: left;text-indent: 0;margin-left: 0;margin-top: 0;margin-bottom: 0;\"><span> <\/span><\/p>\n<p style=\"line-height: 1.7;text-align: left;text-indent: 0;margin-left: 0;margin-top: 0;margin-bottom: 0;\"><span style=\"font-weight: bold;text-decoration: underline;\">Aucune des photos et des s\u00e9quences vid\u00e9o n&#039;a \u00e9t\u00e9 filtr\u00e9e. Nous encourageons nos clients \u00e0 regarder \u00e9galement les vid\u00e9os d&#039;accompagnement pour une vue plus compl\u00e8te de nos produits<\/span><\/p>\n<\/article>","protected":false},"excerpt":{"rendered":"<p>Elevate your style with this Premium Icy Translucent Natural Type A Jadeite Jade Pendant, crafted as a Standing Milo Buddha and set on 18k gold with diamonds. Weighing 6.56 grams and measuring 37.5 * 19.7 * 9 mm, this piece is a true masterpiece that will make you stand out. Certificate numbers: GD2205H004254 18k Gold [&hellip;]<\/p>","protected":false},"featured_media":6789,"comment_status":"open","ping_status":"closed","template":"","meta":[],"product_brand":[],"product_cat":[195],"product_tag":[],"class_list":{"0":"post-1653","1":"product","2":"type-product","3":"status-publish","4":"has-post-thumbnail","6":"product_cat-heirloom-grade","8":"first","9":"instock","10":"sale","11":"shipping-taxable","12":"purchasable","13":"product-type-simple"},"_links":{"self":[{"href":"https:\/\/shop.yipinqian.com\/fr\/wp-json\/wp\/v2\/product\/1653","targetHints":{"allow":["GET"]}}],"collection":[{"href":"https:\/\/shop.yipinqian.com\/fr\/wp-json\/wp\/v2\/product"}],"about":[{"href":"https:\/\/shop.yipinqian.com\/fr\/wp-json\/wp\/v2\/types\/product"}],"replies":[{"embeddable":true,"href":"https:\/\/shop.yipinqian.com\/fr\/wp-json\/wp\/v2\/comments?post=1653"}],"version-history":[{"count":0,"href":"https:\/\/shop.yipinqian.com\/fr\/wp-json\/wp\/v2\/product\/1653\/revisions"}],"wp:featuredmedia":[{"embeddable":true,"href":"https:\/\/shop.yipinqian.com\/fr\/wp-json\/wp\/v2\/media\/6789"}],"wp:attachment":[{"href":"https:\/\/shop.yipinqian.com\/fr\/wp-json\/wp\/v2\/media?parent=1653"}],"wp:term":[{"taxonomy":"product_brand","embeddable":true,"href":"https:\/\/shop.yipinqian.com\/fr\/wp-json\/wp\/v2\/product_brand?post=1653"},{"taxonomy":"product_cat","embeddable":true,"href":"https:\/\/shop.yipinqian.com\/fr\/wp-json\/wp\/v2\/product_cat?post=1653"},{"taxonomy":"product_tag","embeddable":true,"href":"https:\/\/shop.yipinqian.com\/fr\/wp-json\/wp\/v2\/product_tag?post=1653"}],"curies":[{"name":"wp","href":"https:\/\/api.w.org\/{rel}","templated":true}]}}