{"id":1648,"date":"2024-10-24T23:21:07","date_gmt":"2024-10-24T15:21:07","guid":{"rendered":"https:\/\/shop.yipinqian.com\/product\/premium-icy-translucent-green-hue-natural-type-a-jadeite-jade-crafted-with-french-beans-as-pendant-symbols-of-beauty-harmony-harvest-and-happiness-certificate-weigh-7-44-grams-measurement-41-3-16-2-6\/"},"modified":"2025-02-24T01:17:28","modified_gmt":"2025-02-23T17:17:28","slug":"premium-icy-translucent-green-hue-natural-type-a-jadeite-jade-crafted-with-french-beans-as-pendant-symbols-of-beauty-harmony-harvest-and-happiness-certificate-weigh-7-44-grams-measurement-41-3-16-2-6","status":"publish","type":"product","link":"https:\/\/shop.yipinqian.com\/fr\/produit\/premium-icy-translucent-green-hue-natural-type-a-jadeite-jade-crafted-with-french-beans-as-pendant-symbols-of-beauty-harmony-harvest-and-happiness-certificate-weigh-7-44-grams-measurement-41-3-16-2-6\/","title":{"rendered":"Premium Icy Translucent Green Hue Natural Type A Jadeite Jade crafted with French Beans as Pendant, symbols of Beauty, harmony, harvest and happiness, certificate weigh 7.44 grams, measurement 41.3 * 16.2 * 6.9 mm (pendant219)"},"content":{"rendered":"<p>This Premium Icy Translucent Green Hue Natural Type A Jadeite Jade pendant is a stunning addition to any jewelry collection. Crafted with French Beans, the pendant symbolizes beauty, harmony, harvest and happiness.<\/p>\n<p><\/p>\n<p>Certificate numbers: GD2204H002693<\/p>\n<ul>\n<li>Certificate Weight: 7.44 grams<\/li>\n<li>Measurement: 41.3 * 16.2 * 6.9 mm (pendant219)<\/li>\n<li>Type de jade : Jad\u00e9ite<\/li>\n<li>Necklace Style: Elegant<\/li>\n<\/ul>\n<p>The natural green hue of the jade is both calming and eye-catching, making it perfect for daily wear or special occasions.<\/p>\n<ul>\n<li>Certificat inclus : Oui<\/li>\n<li>Country of Origin : Myanmar<\/li>\n<li>Ocassion : Daily<\/li>\n<li>Warranty Type : No<\/li>\n<\/ul>\n<p>This exquisite pendant is sure to turn heads and will make a beautiful gift for yourself or someone special.<\/p>\n<p><\/p>\n<p>Yi Pin Qian \u2013 N\u00e9gociant en pierres pr\u00e9cieuses et m\u00e9taux pr\u00e9cieux \u00e0 Singapour \u2013 Num\u00e9ro de licence PS20190000031<\/p>\n<p><\/p>\n<p>*Toutes les jad\u00e9ites achet\u00e9es chez Yi Pin Qian \u00e0 Singapour, les clients peuvent r\u00e9server des cr\u00e9neaux pour le polissage ou une r\u00e9paration mineure en cas de mauvaise manipulation - des frais s&#039;appliquent et uniquement pour les clients de Yi Pin Qian \u00e0 Singapour*<\/p>\n<p><\/p>\n<p><strong>**Types de certificats**<\/strong><\/p>\n<p><\/p>\n<p><strong>NGI (Nan Yang Gemmologie)<\/strong><\/p>\n<p>ou <strong>Certificats \u00e9trangers <\/strong>(Yi Pin Qian utilise uniquement des certificats authentiques provenant de laboratoires \u00e9trangers et contr\u00f4le \u00e9galement la qualit\u00e9 de chacun de nos produits avant de les mettre en vente \u00e0 Singapour)<\/p>\n<p><\/p>\n<p>Chaque produit sur TikTok aura le type de certificat fourni indiqu\u00e9 dans la description. Pour tout client souhaitant envoyer sa commande \u00e0 NGI Singapore, il y aura un d\u00e9lai d&#039;attente pour la livraison de la commande estim\u00e9 \u00e0 environ 4 semaines pour recevoir votre commande. <strong>Les demandes de rapport sur les pierres pr\u00e9cieuses NGI doivent \u00eatre effectu\u00e9es en envoyant un message \u00e0 la boutique TikTok de Yi Pin Qian.<\/strong> Merci, <strong><u>des frais suppl\u00e9mentaires s&#039;appliquent<\/u><\/strong>.<\/p>\n<p><\/p>\n<p><strong>La jad\u00e9ite naturelle n&#039;est pas parfaite, juste un petit rappel : notre jad\u00e9ite naturelle, comme toutes les belles choses de la nature, poss\u00e8de ses caract\u00e9ristiques et ses variations uniques. Nous invitons nos pr\u00e9cieux clients \u00e0 adopter ces variations naturelles. Bon shopping !<\/strong><\/p>\n<p><\/p>\n<p><strong><u>Aucune des photos et des s\u00e9quences vid\u00e9o n&#039;a \u00e9t\u00e9 filtr\u00e9e. Nous encourageons nos clients \u00e0 regarder \u00e9galement les vid\u00e9os d&#039;accompagnement pour une vue plus compl\u00e8te de nos produits<\/u><\/strong><\/p>","protected":false},"excerpt":{"rendered":"<p>This Premium Icy Translucent Green Hue Natural Type A Jadeite Jade pendant is a stunning addition to any jewelry collection. Crafted with French Beans, the pendant symbolizes beauty, harmony, harvest and happiness. Certificate numbers: GD2204H002693 Certificate Weight: 7.44 grams Measurement: 41.3 * 16.2 * 6.9 mm (pendant219) Jade Type: Jadeite Necklace Style: Elegant The natural [&hellip;]<\/p>","protected":false},"featured_media":6739,"comment_status":"open","ping_status":"closed","template":"","meta":[],"product_brand":[],"product_cat":[195],"product_tag":[],"class_list":{"0":"post-1648","1":"product","2":"type-product","3":"status-publish","4":"has-post-thumbnail","6":"product_cat-heirloom-grade","8":"first","9":"instock","10":"sale","11":"shipping-taxable","12":"purchasable","13":"product-type-simple"},"_links":{"self":[{"href":"https:\/\/shop.yipinqian.com\/fr\/wp-json\/wp\/v2\/product\/1648","targetHints":{"allow":["GET"]}}],"collection":[{"href":"https:\/\/shop.yipinqian.com\/fr\/wp-json\/wp\/v2\/product"}],"about":[{"href":"https:\/\/shop.yipinqian.com\/fr\/wp-json\/wp\/v2\/types\/product"}],"replies":[{"embeddable":true,"href":"https:\/\/shop.yipinqian.com\/fr\/wp-json\/wp\/v2\/comments?post=1648"}],"version-history":[{"count":0,"href":"https:\/\/shop.yipinqian.com\/fr\/wp-json\/wp\/v2\/product\/1648\/revisions"}],"wp:featuredmedia":[{"embeddable":true,"href":"https:\/\/shop.yipinqian.com\/fr\/wp-json\/wp\/v2\/media\/6739"}],"wp:attachment":[{"href":"https:\/\/shop.yipinqian.com\/fr\/wp-json\/wp\/v2\/media?parent=1648"}],"wp:term":[{"taxonomy":"product_brand","embeddable":true,"href":"https:\/\/shop.yipinqian.com\/fr\/wp-json\/wp\/v2\/product_brand?post=1648"},{"taxonomy":"product_cat","embeddable":true,"href":"https:\/\/shop.yipinqian.com\/fr\/wp-json\/wp\/v2\/product_cat?post=1648"},{"taxonomy":"product_tag","embeddable":true,"href":"https:\/\/shop.yipinqian.com\/fr\/wp-json\/wp\/v2\/product_tag?post=1648"}],"curies":[{"name":"wp","href":"https:\/\/api.w.org\/{rel}","templated":true}]}}