{"id":1645,"date":"2024-10-24T23:21:04","date_gmt":"2024-10-24T15:21:04","guid":{"rendered":"https:\/\/shop.yipinqian.com\/product\/premium-icy-natural-type-a-jadeite-jade-crafted-and-set-on-18k-gold-with-the-shape-of-drum-as-pendant-adding-diamonds-and-1-green-cabochon-certificate-included-weigh-4-72-grams-measurement-10-1-16-7-1\/"},"modified":"2025-03-20T00:17:42","modified_gmt":"2025-03-19T16:17:42","slug":"premium-icy-natural-type-a-jadeite-jade-crafted-and-set-on-18k-gold-with-the-shape-of-drum-as-pendant-adding-diamonds-and-1-green-cabochon-certificate-included-weigh-4-72-grams-measurement-10-1-16-7-1","status":"publish","type":"product","link":"https:\/\/shop.yipinqian.com\/fr\/produit\/premium-icy-natural-type-a-jadeite-jade-crafted-and-set-on-18k-gold-with-the-shape-of-drum-as-pendant-adding-diamonds-and-1-green-cabochon-certificate-included-weigh-4-72-grams-measurement-10-1-16-7-1\/","title":{"rendered":"Jade jad\u00e9ite naturelle de type A de qualit\u00e9 sup\u00e9rieure, fabriqu\u00e9 et serti sur or 18 carats avec la forme d&#039;un tambour en guise de pendentif, ajoutant des diamants et 1 cabochon vert, certificat inclus, p\u00e8se 4,72 grammes, mesure 10,1 * 16,7 (18kp22)"},"content":{"rendered":"<p>Laissez-vous s\u00e9duire par le superbe look du jade jad\u00e9ite naturel glac\u00e9 de type A de premi\u00e8re qualit\u00e9 avec ce superbe collier pendentif en forme de tambour. Fabriqu\u00e9 et serti sur de l&#039;or 18 carats, ce collier est une pi\u00e8ce remarquable qui comporte des diamants et un cabochon vert qui ajoute \u00e0 son attrait.<\/p>\n<p>\u00a0<\/p>\n<p><strong>Num\u00e9ros de certificat : GD2110H017969<\/strong><\/p>\n<p><strong>Diamants : 56 * 0,003 = 0,168 carats<\/strong><\/p>\n<p><strong>Poids de l&#039;or 18 carats : 2,19 grammes<\/strong><\/p>\n<p><strong>Jad\u00e9ite glac\u00e9e Poids : 2,51 grammes<\/strong><\/p>\n<p><strong>Poids total : 4,72 grammes<\/strong><\/p>\n<p><img fetchpriority=\"high\" decoding=\"async\" height=\"1080\" src=\"https:\/\/shop.yipinqian.com\/wp-content\/uploads\/2024\/10\/75fd137619d4b1353d1c457bd6b2c4ef.jpg?from=476444299\" width=\"1080\"><\/p>\n<ul>\n<li>\n<strong>Design \u00e9poustouflant :<\/strong> La forme tambour du pendentif en fait une pi\u00e8ce unique, tandis que les diamants et le cabochon vert ajoutent \u00e0 sa beaut\u00e9.<\/li>\n<li>\n<strong>Mat\u00e9riau de qualit\u00e9 sup\u00e9rieure :<\/strong> Fabriqu\u00e9 avec du jade jad\u00e9ite naturel de type A, serti sur de l&#039;or 18 carats, ce qui en fait un bijou exceptionnel.<\/li>\n<li>\n<strong>Authenticit\u00e9 garantie :<\/strong> Le certificat inclus certifie que vous obtenez du jade jad\u00e9ite de type A naturel authentique.<\/li>\n<\/ul>\n<p>Pesant 4,72 grammes et mesurant 10,1 * 16,7 (18kp22), ce collier pendentif est parfait pour un usage quotidien ou toute occasion d\u00e9contract\u00e9e pour les hommes ou les femmes avec n&#039;importe quelle tenue.<\/p>\n<ul>\n<li>\n<strong>Am\u00e9liorez votre style :<\/strong>Le jade jad\u00e9ite de type A naturel glac\u00e9 de qualit\u00e9 sup\u00e9rieure offre un attrait \u00e9l\u00e9gant lorsqu&#039;il est associ\u00e9 \u00e0 des tenues d\u00e9contract\u00e9es<\/li>\n<\/ul>\n<p>Ce superbe collier pendentif est fabriqu\u00e9 au Myanmar, connu pour produire certains des jades les plus exquis au monde, ce qui en fait un ajout exceptionnel \u00e0 votre collection\u00a0!<\/p>\n<ul>\n<li>\n<strong>Le cadeau parfait : <\/strong>Cet accessoire de bijouterie d&#039;une beaut\u00e9 \u00e0 couper le souffle est livr\u00e9 sans garantie mais parfait comme cadeau pour les proches qui appr\u00e9cient la beaut\u00e9 unique !<\/li>\n<\/ul>\n<p>Yi Pin Qian \u2013 N\u00e9gociant en pierres pr\u00e9cieuses et m\u00e9taux pr\u00e9cieux \u00e0 Singapour \u2013 Num\u00e9ro de licence PS20190000031<\/p>\n<p>\u00a0<\/p>\n<p>*Toutes les jad\u00e9ites achet\u00e9es chez Yi Pin Qian \u00e0 Singapour, les clients peuvent r\u00e9server des cr\u00e9neaux pour le polissage ou une r\u00e9paration mineure en cas de mauvaise manipulation - des frais s&#039;appliquent et uniquement pour les clients de Yi Pin Qian \u00e0 Singapour*<\/p>\n<p>\u00a0<\/p>\n<p><strong>**Types de certificats**<\/strong><\/p>\n<p>\u00a0<\/p>\n<p><strong>NGI (Nan Yang Gemmologie)<\/strong><\/p>\n<p>ou <strong>Certificats \u00e9trangers <\/strong>(Yi Pin Qian utilise uniquement des certificats authentiques provenant de laboratoires \u00e9trangers et contr\u00f4le \u00e9galement la qualit\u00e9 de chacun de nos produits avant de les mettre en vente \u00e0 Singapour)<\/p>\n<p>\u00a0<\/p>\n<p>Chaque produit sur TikTok aura le type de certificat fourni indiqu\u00e9 dans la description. Pour tout client souhaitant envoyer sa commande \u00e0 NGI Singapore, il y aura un d\u00e9lai d&#039;attente pour la livraison de la commande estim\u00e9 \u00e0 environ 4 semaines pour recevoir votre commande. <strong>Les demandes de rapport sur les pierres pr\u00e9cieuses NGI doivent \u00eatre effectu\u00e9es en envoyant un message \u00e0 la boutique TikTok de Yi Pin Qian.<\/strong> Merci, <strong><u>des frais suppl\u00e9mentaires s&#039;appliquent<\/u><\/strong>.<\/p>\n<p>\u00a0<\/p>\n<p><strong>La jad\u00e9ite naturelle n&#039;est pas parfaite, juste un petit rappel : notre jad\u00e9ite naturelle, comme toutes les belles choses de la nature, poss\u00e8de ses caract\u00e9ristiques et ses variations uniques. Nous invitons nos pr\u00e9cieux clients \u00e0 adopter ces variations naturelles. Bon shopping !<\/strong><\/p>\n<p>\u00a0<\/p>\n<p><strong><u>Aucune des photos et des s\u00e9quences vid\u00e9o n&#039;a \u00e9t\u00e9 filtr\u00e9e. Nous encourageons nos clients \u00e0 regarder \u00e9galement les vid\u00e9os d&#039;accompagnement pour une vue plus compl\u00e8te de nos produits<\/u><\/strong><\/p>\n<p>\u00a0<\/p>\n<p>.<\/p>","protected":false},"excerpt":{"rendered":"<p>Laissez-vous s\u00e9duire par le look exquis du jade jad\u00e9ite naturel glac\u00e9 de type A de premi\u00e8re qualit\u00e9 avec ce superbe collier pendentif en forme de tambour. Fabriqu\u00e9 et serti sur de l&#039;or 18 carats, ce collier est une pi\u00e8ce remarquable qui comporte des diamants et un cabochon vert qui ajoute \u00e0 son attrait. Num\u00e9ros de certificat : GD2110H017969 Diamants : 56 * 0,003 = 0,168 carats [\u2026]<\/p>","protected":false},"featured_media":6714,"comment_status":"open","ping_status":"closed","template":"","meta":[],"product_brand":[],"product_cat":[48],"product_tag":[],"class_list":{"0":"post-1645","1":"product","2":"type-product","3":"status-publish","4":"has-post-thumbnail","6":"product_cat-pendants","8":"first","9":"instock","10":"sale","11":"shipping-taxable","12":"purchasable","13":"product-type-simple"},"_links":{"self":[{"href":"https:\/\/shop.yipinqian.com\/fr\/wp-json\/wp\/v2\/product\/1645","targetHints":{"allow":["GET"]}}],"collection":[{"href":"https:\/\/shop.yipinqian.com\/fr\/wp-json\/wp\/v2\/product"}],"about":[{"href":"https:\/\/shop.yipinqian.com\/fr\/wp-json\/wp\/v2\/types\/product"}],"replies":[{"embeddable":true,"href":"https:\/\/shop.yipinqian.com\/fr\/wp-json\/wp\/v2\/comments?post=1645"}],"version-history":[{"count":0,"href":"https:\/\/shop.yipinqian.com\/fr\/wp-json\/wp\/v2\/product\/1645\/revisions"}],"wp:featuredmedia":[{"embeddable":true,"href":"https:\/\/shop.yipinqian.com\/fr\/wp-json\/wp\/v2\/media\/6714"}],"wp:attachment":[{"href":"https:\/\/shop.yipinqian.com\/fr\/wp-json\/wp\/v2\/media?parent=1645"}],"wp:term":[{"taxonomy":"product_brand","embeddable":true,"href":"https:\/\/shop.yipinqian.com\/fr\/wp-json\/wp\/v2\/product_brand?post=1645"},{"taxonomy":"product_cat","embeddable":true,"href":"https:\/\/shop.yipinqian.com\/fr\/wp-json\/wp\/v2\/product_cat?post=1645"},{"taxonomy":"product_tag","embeddable":true,"href":"https:\/\/shop.yipinqian.com\/fr\/wp-json\/wp\/v2\/product_tag?post=1645"}],"curies":[{"name":"wp","href":"https:\/\/api.w.org\/{rel}","templated":true}]}}