{"id":1644,"date":"2024-10-24T23:21:03","date_gmt":"2024-10-24T15:21:03","guid":{"rendered":"https:\/\/shop.yipinqian.com\/product\/premium-icy-marquise-cabochon-13-3-7-2-4-mm-natural-type-a-jadeite-jade-set-on-18k-gold-as-ring-with-certificate-weigh-2-25-grams-finger-size-16-8mm-18kring17\/"},"modified":"2025-02-24T01:17:28","modified_gmt":"2025-02-23T17:17:28","slug":"premium-icy-marquise-cabochon-13-3-7-2-4-mm-natural-type-a-jadeite-jade-set-on-18k-gold-as-ring-with-certificate-weigh-2-25-grams-finger-size-16-8mm-18kring17","status":"publish","type":"product","link":"https:\/\/shop.yipinqian.com\/fr\/produit\/premium-icy-marquise-cabochon-13-3-7-2-4-mm-natural-type-a-jadeite-jade-set-on-18k-gold-as-ring-with-certificate-weigh-2-25-grams-finger-size-16-8mm-18kring17\/","title":{"rendered":"Cabochon marquise glac\u00e9 de qualit\u00e9 sup\u00e9rieure 13,3 x 7,2 x 4 mm Jade jad\u00e9ite naturelle de type A serti sur or 18 carats comme bague avec certificat pesant 2,25 grammes, taille de doigt 16,8 mm (18kring17)"},"content":{"rendered":"<p>Offrez-vous l&#039;\u00e9l\u00e9gance du jade jad\u00e9ite naturel de type A avec cette bague cabochon Icy Marquise de qualit\u00e9 sup\u00e9rieure, sertie sur or 18 carats.<\/p>\n<p>\u00a0<\/p>\n<p><strong>Num\u00e9ros de certificat : GD2203H013238<\/strong><\/p>\n<p><strong>Poids de l&#039;or 18 carats : 1,64 gramme<\/strong><\/p>\n<p><strong>Jad\u00e9ite Poids : 0,61 gramme<\/strong><\/p>\n<p><strong>Diamants : 0,005 * 2 = 0,01 carat<\/strong><\/p>\n<p><img fetchpriority=\"high\" decoding=\"async\" height=\"1080\" src=\"https:\/\/shop.yipinqian.com\/wp-content\/uploads\/2024\/10\/404e6c57c34d7258d77568e41af41355.jpg?from=476444299\" width=\"1080\"><\/p>\n<ul>\n<li>\n<strong>Jad\u00e9ite naturelle de type A :<\/strong> Dot\u00e9 d&#039;un superbe <strong>13,3 * 7,2 * 4 mm<\/strong> Cabochon marquise dans une teinte glac\u00e9e de premi\u00e8re qualit\u00e9, cette bague met en valeur la beaut\u00e9 du jade jad\u00e9ite naturel de type A du Myanmar.<\/li>\n<li>\n<strong>M\u00e9tal pr\u00e9cieux :<\/strong> La bague est sertie d&#039;or 18 carats de haute qualit\u00e9 et durable qui compl\u00e8te parfaitement la teinte glac\u00e9e de la pierre de jade.<\/li>\n<li>\n<strong>Certificat:<\/strong> Livr\u00e9 avec un certificat qui vous assure de son authenticit\u00e9 et de sa qualit\u00e9.<\/li>\n<\/ul>\n<p>Cette belle bague ne p\u00e8se qu&#039;environ <strong>2,25 grammes<\/strong> et a une taille de doigt de<strong> 16,8 mm<\/strong> (18kring17). Parfait pour des fian\u00e7ailles ou toute occasion sp\u00e9ciale, il est con\u00e7u pour les femmes qui appr\u00e9cient l&#039;\u00e9l\u00e9gance intemporelle et le luxe.<\/p>\n<ul>\n<li>\n<strong>Accents de diamant\u00a0:<\/strong> Comprend des accents de diamant comme mat\u00e9riau secondaire pour ajouter un \u00e9clat suppl\u00e9mentaire \u00e0 cette pi\u00e8ce d\u00e9j\u00e0 fascinante (en option).<\/li>\n<\/ul>\n<p>Rehaussez votre collection de bijoux avec cette superbe bague en jad\u00e9ite naturelle de type A sertie sur m\u00e9tal pr\u00e9cieux \u2013 un cadeau id\u00e9al pour quelqu&#039;un de sp\u00e9cial ou pour vous-m\u00eame !<\/p>\n<p>\u00a0<\/p>\n<p>Yi Pin Qian \u2013 N\u00e9gociant en pierres pr\u00e9cieuses et m\u00e9taux pr\u00e9cieux \u00e0 Singapour \u2013 Num\u00e9ro de licence PS20190000031<\/p>\n<p>\u00a0<\/p>\n<p>*Toutes les jad\u00e9ites achet\u00e9es chez Yi Pin Qian \u00e0 Singapour, les clients peuvent r\u00e9server des cr\u00e9neaux pour le polissage ou une r\u00e9paration mineure en cas de mauvaise manipulation - des frais s&#039;appliquent et uniquement pour les clients de Yi Pin Qian \u00e0 Singapour*<\/p>\n<p>\u00a0<\/p>\n<p><strong>**Types de certificats**<\/strong><\/p>\n<p>\u00a0<\/p>\n<p><strong>NGI (Nan Yang Gemmologie)<\/strong><\/p>\n<p>ou <strong>Certificats \u00e9trangers <\/strong>(Yi Pin Qian utilise uniquement des certificats authentiques provenant de laboratoires \u00e9trangers et contr\u00f4le \u00e9galement la qualit\u00e9 de chacun de nos produits avant de les mettre en vente \u00e0 Singapour)<\/p>\n<p>\u00a0<\/p>\n<p>Chaque produit sur TikTok aura le type de certificat fourni indiqu\u00e9 dans la description. Pour tout client souhaitant envoyer sa commande \u00e0 NGI Singapore, il y aura un d\u00e9lai d&#039;attente pour la livraison de la commande estim\u00e9 \u00e0 environ 4 semaines pour recevoir votre commande. <strong>Les demandes de rapport sur les pierres pr\u00e9cieuses NGI doivent \u00eatre effectu\u00e9es en envoyant un message \u00e0 la boutique TikTok de Yi Pin Qian.<\/strong> Merci, <strong><u>des frais suppl\u00e9mentaires s&#039;appliquent<\/u><\/strong>.<\/p>\n<p>\u00a0<\/p>\n<p><strong>La jad\u00e9ite naturelle n&#039;est pas parfaite, juste un petit rappel : notre jad\u00e9ite naturelle, comme toutes les belles choses de la nature, poss\u00e8de ses caract\u00e9ristiques et ses variations uniques. Nous invitons nos pr\u00e9cieux clients \u00e0 adopter ces variations naturelles. Bon shopping !<\/strong><\/p>\n<p>\u00a0<\/p>\n<p><strong><u>Aucune des photos et des s\u00e9quences vid\u00e9o n&#039;a \u00e9t\u00e9 filtr\u00e9e. Nous encourageons nos clients \u00e0 regarder \u00e9galement les vid\u00e9os d&#039;accompagnement pour une vue plus compl\u00e8te de nos produits<\/u><\/strong><\/p>","protected":false},"excerpt":{"rendered":"<p>Offrez-vous l&#039;\u00e9l\u00e9gance du jade jad\u00e9ite naturel de type A avec cette bague cabochon marquise glac\u00e9e de qualit\u00e9 sup\u00e9rieure, sertie sur or 18 carats. Num\u00e9ros de certificat : GD2203H013238 Poids en or 18 carats : 1,64 gramme Poids en jad\u00e9ite : 0,61 gramme Diamants : 0,005 * 2 = 0,01 carat Jad\u00e9ite naturelle de type A : Dot\u00e9e d&#039;une superbe marquise de 13,3 * 7,2 * 4 mm [\u2026]<\/p>","protected":false},"featured_media":6704,"comment_status":"open","ping_status":"closed","template":"","meta":[],"product_brand":[],"product_cat":[195],"product_tag":[],"class_list":{"0":"post-1644","1":"product","2":"type-product","3":"status-publish","4":"has-post-thumbnail","6":"product_cat-heirloom-grade","8":"first","9":"instock","10":"sale","11":"shipping-taxable","12":"purchasable","13":"product-type-simple"},"_links":{"self":[{"href":"https:\/\/shop.yipinqian.com\/fr\/wp-json\/wp\/v2\/product\/1644","targetHints":{"allow":["GET"]}}],"collection":[{"href":"https:\/\/shop.yipinqian.com\/fr\/wp-json\/wp\/v2\/product"}],"about":[{"href":"https:\/\/shop.yipinqian.com\/fr\/wp-json\/wp\/v2\/types\/product"}],"replies":[{"embeddable":true,"href":"https:\/\/shop.yipinqian.com\/fr\/wp-json\/wp\/v2\/comments?post=1644"}],"version-history":[{"count":0,"href":"https:\/\/shop.yipinqian.com\/fr\/wp-json\/wp\/v2\/product\/1644\/revisions"}],"wp:featuredmedia":[{"embeddable":true,"href":"https:\/\/shop.yipinqian.com\/fr\/wp-json\/wp\/v2\/media\/6704"}],"wp:attachment":[{"href":"https:\/\/shop.yipinqian.com\/fr\/wp-json\/wp\/v2\/media?parent=1644"}],"wp:term":[{"taxonomy":"product_brand","embeddable":true,"href":"https:\/\/shop.yipinqian.com\/fr\/wp-json\/wp\/v2\/product_brand?post=1644"},{"taxonomy":"product_cat","embeddable":true,"href":"https:\/\/shop.yipinqian.com\/fr\/wp-json\/wp\/v2\/product_cat?post=1644"},{"taxonomy":"product_tag","embeddable":true,"href":"https:\/\/shop.yipinqian.com\/fr\/wp-json\/wp\/v2\/product_tag?post=1644"}],"curies":[{"name":"wp","href":"https:\/\/api.w.org\/{rel}","templated":true}]}}