{"id":1643,"date":"2024-10-24T23:21:03","date_gmt":"2024-10-24T15:21:03","guid":{"rendered":"https:\/\/shop.yipinqian.com\/product\/premium-icy-good-translucency-green-hue-natural-type-a-jadeite-pendant-necklace-crafted-as-buddha-with-certificate-weigh-8-65-grams-42-5-23-8-5-8-mm-collectible-jadeite-suitable-for-daily-wear\/"},"modified":"2025-02-17T00:04:09","modified_gmt":"2025-02-16T16:04:09","slug":"premium-icy-good-translucency-green-hue-natural-type-a-jadeite-pendant-necklace-crafted-as-buddha-with-certificate-weigh-8-65-grams-42-5-23-8-5-8-mm-collectible-jadeite-suitable-for-daily-wear","status":"publish","type":"product","link":"https:\/\/shop.yipinqian.com\/fr\/produit\/premium-icy-good-translucency-green-hue-natural-type-a-jadeite-pendant-necklace-crafted-as-buddha-with-certificate-weigh-8-65-grams-42-5-23-8-5-8-mm-collectible-jadeite-suitable-for-daily-wear\/","title":{"rendered":"Collier pendentif en jad\u00e9ite naturelle de type A de qualit\u00e9 sup\u00e9rieure, de couleur verte translucide, fabriqu\u00e9 en forme de Bouddha avec certificat, p\u00e8se 8,65 grammes, 42,5 * 23,8 * 5,8 mm, jad\u00e9ite de collection adapt\u00e9e \u00e0 un usage quotidien"},"content":{"rendered":"<p>Rehaussez votre tenue quotidienne avec ce collier pendentif en jad\u00e9ite naturelle de type A de couleur verte translucide de qualit\u00e9 sup\u00e9rieure, con\u00e7u en forme de Bouddha.<\/p>\n<ul>\n<li>Jad\u00e9ite de type A du Myanmar<\/li>\n<li>P\u00e8se 8,65 grammes<\/li>\n<li>Dimensions : 42,5 * 23,8 * 5,8 mm<\/li>\n<li>Certificat d&#039;authenticit\u00e9 inclus<\/li>\n<\/ul>\n<p><strong>Num\u00e9ros de certificat : GD2112H014707<\/strong><\/p>\n<p><img fetchpriority=\"high\" decoding=\"async\" height=\"1080\" src=\"https:\/\/shop.yipinqian.com\/wp-content\/uploads\/2024\/10\/fbf832053a017b01b4f5c6d6ef02b909.jpg?from=476444299\" width=\"1080\"><\/p>\n<ul>\n<li>Convient pour un usage quotidien avec un design de collier de style d\u00e9contract\u00e9<\/li>\n<\/ul>\n<p>Cette jad\u00e9ite de collection pr\u00e9sente une translucidit\u00e9 glac\u00e9e de premi\u00e8re qualit\u00e9 et une teinte verte qui incarne la paix et la s\u00e9r\u00e9nit\u00e9, ce qui en fait l&#039;accessoire parfait pour toute occasion.<\/p>\n<ul>\n<li><strong>Attributs du produit :<\/strong><\/li>\n<li>\n<strong>Certificat:<\/strong> Oui<\/li>\n<li>\n<strong>Pays d&#039;origine :<\/strong>: Birmanie<\/li>\n<li><strong>Occasion : Quotidien<\/strong><\/li>\n<li>\n<strong>Type de garantie :<\/strong>: Non<\/li>\n<li>\n<strong>Genre:<\/strong>: Unisex<\/li>\n<li>\n<strong>Type de jade : <\/strong>Jad\u00e9ite.<\/li>\n<\/ul>","protected":false},"excerpt":{"rendered":"<p>Elevate your daily wear with this Premium Icy Good Translucency Green Hue Natural Type A Jadeite Pendant Necklace crafted as Buddha. Type A jadeite from Myanmar Weighs 8.65 grams Dimensions: 42.5 * 23.8 *5 .8 mm Certificate of authenticity included Certificate numbers: GD2112H014707 Suitable for daily wear with a casual style necklace design This collectible [&hellip;]<\/p>","protected":false},"featured_media":6694,"comment_status":"open","ping_status":"closed","template":"","meta":[],"product_brand":[],"product_cat":[48],"product_tag":[],"class_list":{"0":"post-1643","1":"product","2":"type-product","3":"status-publish","4":"has-post-thumbnail","6":"product_cat-pendants","8":"first","9":"instock","10":"sale","11":"shipping-taxable","12":"purchasable","13":"product-type-simple"},"_links":{"self":[{"href":"https:\/\/shop.yipinqian.com\/fr\/wp-json\/wp\/v2\/product\/1643","targetHints":{"allow":["GET"]}}],"collection":[{"href":"https:\/\/shop.yipinqian.com\/fr\/wp-json\/wp\/v2\/product"}],"about":[{"href":"https:\/\/shop.yipinqian.com\/fr\/wp-json\/wp\/v2\/types\/product"}],"replies":[{"embeddable":true,"href":"https:\/\/shop.yipinqian.com\/fr\/wp-json\/wp\/v2\/comments?post=1643"}],"version-history":[{"count":0,"href":"https:\/\/shop.yipinqian.com\/fr\/wp-json\/wp\/v2\/product\/1643\/revisions"}],"wp:featuredmedia":[{"embeddable":true,"href":"https:\/\/shop.yipinqian.com\/fr\/wp-json\/wp\/v2\/media\/6694"}],"wp:attachment":[{"href":"https:\/\/shop.yipinqian.com\/fr\/wp-json\/wp\/v2\/media?parent=1643"}],"wp:term":[{"taxonomy":"product_brand","embeddable":true,"href":"https:\/\/shop.yipinqian.com\/fr\/wp-json\/wp\/v2\/product_brand?post=1643"},{"taxonomy":"product_cat","embeddable":true,"href":"https:\/\/shop.yipinqian.com\/fr\/wp-json\/wp\/v2\/product_cat?post=1643"},{"taxonomy":"product_tag","embeddable":true,"href":"https:\/\/shop.yipinqian.com\/fr\/wp-json\/wp\/v2\/product_tag?post=1643"}],"curies":[{"name":"wp","href":"https:\/\/api.w.org\/{rel}","templated":true}]}}