{"id":1640,"date":"2024-10-24T23:21:00","date_gmt":"2024-10-24T15:21:00","guid":{"rendered":"https:\/\/shop.yipinqian.com\/product\/premium-high-quality-natural-type-a-jadeite-jade-crafted-as-seating-guanyin-set-with-18k-gold-clasp-as-pendant-certificate-weighs-21-43-grams-measurement-59-1-35-6-6-1-mm-18kp54\/"},"modified":"2025-02-24T01:34:17","modified_gmt":"2025-02-23T17:34:17","slug":"premium-high-quality-natural-type-a-jadeite-jade-crafted-as-seating-guanyin-set-with-18k-gold-clasp-as-pendant-certificate-weighs-21-43-grams-measurement-59-1-35-6-6-1-mm-18kp54","status":"publish","type":"product","link":"https:\/\/shop.yipinqian.com\/fr\/produit\/premium-high-quality-natural-type-a-jadeite-jade-crafted-as-seating-guanyin-set-with-18k-gold-clasp-as-pendant-certificate-weighs-21-43-grams-measurement-59-1-35-6-6-1-mm-18kp54\/","title":{"rendered":"Jade jad\u00e9ite naturelle de type A de qualit\u00e9 sup\u00e9rieure, fabriqu\u00e9 en tant que Guanyin assis, serti d&#039;un fermoir en or 18 carats en guise de pendentif, le certificat p\u00e8se 21,43 grammes, mesure 59,1 * 35,6 * 6,1 mm (18kp54)"},"content":{"rendered":"<p>D\u00e9couvrez l&#039;\u00e9l\u00e9gance et la spiritualit\u00e9 avec ce pendentif en jade jad\u00e9ite naturelle de type A de qualit\u00e9 sup\u00e9rieure, orn\u00e9 d&#039;un motif Guanyin assis. Fabriqu\u00e9 avec des d\u00e9tails m\u00e9ticuleux, ce pendentif est serti d&#039;un fermoir exquis en or 18 carats pour une touche de luxe.<\/p>\n<p>\u00a0<\/p>\n<p>Num\u00e9ros de certificat : GD2111H018853<\/p>\n<p>Fermoir en or 18 carats : 0,55 gramme<\/p>\n<p><img fetchpriority=\"high\" decoding=\"async\" height=\"1080\" src=\"https:\/\/shop.yipinqian.com\/wp-content\/uploads\/2024\/10\/3bdb36507c47a7a7a02a53bf3f9a2478.jpg?from=476444299\" width=\"1080\"><\/p>\n<ul>\n<li>\n<strong>Mat\u00e9riel:<\/strong> Or PT\/Carat<\/li>\n<li>\n<strong>Type de jade :<\/strong> Jad\u00e9ite<\/li>\n<li>\n<strong>Certificat:<\/strong> Oui<\/li>\n<li>\n<strong>P\u00e8se :<\/strong> 21,43 grammes<\/li>\n<li>\n<strong>Mesures:<\/strong> 59,1 * 35,6 * 6,1 mm (18kp54)<\/li>\n<li>\n<strong>Style de collier : <\/strong>\u00c9l\u00e9gant<\/li>\n<\/ul>\n<p>Cette pi\u00e8ce de bon augure, originaire du Myanmar, est parfaite pour les hommes et les femmes qui recherchent un ajout significatif \u00e0 leur collection de bijoux.<\/p>\n<p>Ajoutez une touche de spiritualit\u00e9 et de sophistication \u00e0 n&#039;importe quelle tenue avec ce pendentif en jade unique qui respire la beaut\u00e9 et la gr\u00e2ce.<\/p>\n<p>.<\/p>\n<p>Yi Pin Qian \u2013 N\u00e9gociant en pierres pr\u00e9cieuses et m\u00e9taux pr\u00e9cieux \u00e0 Singapour \u2013 Num\u00e9ro de licence PS20190000031<\/p>\n<p>\u00a0<\/p>\n<p>*Toutes les jad\u00e9ites achet\u00e9es chez Yi Pin Qian \u00e0 Singapour, les clients peuvent r\u00e9server des cr\u00e9neaux pour le polissage ou une r\u00e9paration mineure en cas de mauvaise manipulation - des frais s&#039;appliquent et uniquement pour les clients de Yi Pin Qian \u00e0 Singapour*<\/p>\n<p>\u00a0<\/p>\n<p><strong>**Types de certificats**<\/strong><\/p>\n<p>\u00a0<\/p>\n<p><strong>NGI (Nan Yang Gemmologie)<\/strong><\/p>\n<p>ou <strong>Certificats \u00e9trangers <\/strong>(Yi Pin Qian utilise uniquement des certificats authentiques provenant de laboratoires \u00e9trangers et contr\u00f4le \u00e9galement la qualit\u00e9 de chacun de nos produits avant de les mettre en vente \u00e0 Singapour)<\/p>\n<p>\u00a0<\/p>\n<p>Chaque produit sur TikTok aura le type de certificat fourni indiqu\u00e9 dans la description. Pour tout client souhaitant envoyer sa commande \u00e0 NGI Singapore, il y aura un d\u00e9lai d&#039;attente pour la livraison de la commande estim\u00e9 \u00e0 environ 4 semaines pour recevoir votre commande. <strong>Les demandes de rapport sur les pierres pr\u00e9cieuses NGI doivent \u00eatre effectu\u00e9es en envoyant un message \u00e0 la boutique TikTok de Yi Pin Qian.<\/strong> Merci, <strong><u>des frais suppl\u00e9mentaires s&#039;appliquent<\/u><\/strong>.<\/p>\n<p>\u00a0<\/p>\n<p><strong>La jad\u00e9ite naturelle n&#039;est pas parfaite, juste un petit rappel : notre jad\u00e9ite naturelle, comme toutes les belles choses de la nature, poss\u00e8de ses caract\u00e9ristiques et ses variations uniques. Nous invitons nos pr\u00e9cieux clients \u00e0 adopter ces variations naturelles. Bon shopping !<\/strong><\/p>\n<p>\u00a0<\/p>\n<p><strong><u>Aucune des photos et des s\u00e9quences vid\u00e9o n&#039;a \u00e9t\u00e9 filtr\u00e9e. Nous encourageons nos clients \u00e0 regarder \u00e9galement les vid\u00e9os d&#039;accompagnement pour une vue plus compl\u00e8te de nos produits<\/u><\/strong><\/p>","protected":false},"excerpt":{"rendered":"<p>Experience elegance and spirituality with this Premium High Quality Natural Type A Jadeite Jade pendant featuring a seated Guanyin design. Crafted with meticulous detail, this pendant is set with an exquisite 18k gold clasp for a touch of luxury. \u00a0 Certificate numbers: GD2111H018853 18k Gold Clasp: 0.55 grams Material: PT\/Carat Gold Jade Type: Jadeite Certificate: [&hellip;]<\/p>","protected":false},"featured_media":6658,"comment_status":"open","ping_status":"closed","template":"","meta":[],"product_brand":[],"product_cat":[196],"product_tag":[],"class_list":{"0":"post-1640","1":"product","2":"type-product","3":"status-publish","4":"has-post-thumbnail","6":"product_cat-vault-collection","8":"first","9":"instock","10":"sale","11":"shipping-taxable","12":"purchasable","13":"product-type-simple"},"_links":{"self":[{"href":"https:\/\/shop.yipinqian.com\/fr\/wp-json\/wp\/v2\/product\/1640","targetHints":{"allow":["GET"]}}],"collection":[{"href":"https:\/\/shop.yipinqian.com\/fr\/wp-json\/wp\/v2\/product"}],"about":[{"href":"https:\/\/shop.yipinqian.com\/fr\/wp-json\/wp\/v2\/types\/product"}],"replies":[{"embeddable":true,"href":"https:\/\/shop.yipinqian.com\/fr\/wp-json\/wp\/v2\/comments?post=1640"}],"version-history":[{"count":0,"href":"https:\/\/shop.yipinqian.com\/fr\/wp-json\/wp\/v2\/product\/1640\/revisions"}],"wp:featuredmedia":[{"embeddable":true,"href":"https:\/\/shop.yipinqian.com\/fr\/wp-json\/wp\/v2\/media\/6658"}],"wp:attachment":[{"href":"https:\/\/shop.yipinqian.com\/fr\/wp-json\/wp\/v2\/media?parent=1640"}],"wp:term":[{"taxonomy":"product_brand","embeddable":true,"href":"https:\/\/shop.yipinqian.com\/fr\/wp-json\/wp\/v2\/product_brand?post=1640"},{"taxonomy":"product_cat","embeddable":true,"href":"https:\/\/shop.yipinqian.com\/fr\/wp-json\/wp\/v2\/product_cat?post=1640"},{"taxonomy":"product_tag","embeddable":true,"href":"https:\/\/shop.yipinqian.com\/fr\/wp-json\/wp\/v2\/product_tag?post=1640"}],"curies":[{"name":"wp","href":"https:\/\/api.w.org\/{rel}","templated":true}]}}