{"id":1637,"date":"2024-10-24T23:20:59","date_gmt":"2024-10-24T15:20:59","guid":{"rendered":"https:\/\/shop.yipinqian.com\/product\/premium-grade-30-beads-floating-icy-green-with-floating-icy-bluish-green-natural-type-a-jadeite-bracelet-size-6mm-weigh-10-77-grams-with-gic-approved-labs-certificate-mid-year-offer-price-suitable-for\/"},"modified":"2025-02-24T00:49:52","modified_gmt":"2025-02-23T16:49:52","slug":"premium-grade-30-beads-floating-icy-green-with-floating-icy-bluish-green-natural-type-a-jadeite-bracelet-size-6mm-weigh-10-77-grams-with-gic-approved-labs-certificate-mid-year-offer-price-suitable-for","status":"publish","type":"product","link":"https:\/\/shop.yipinqian.com\/fr\/produit\/premium-grade-30-beads-floating-icy-green-with-floating-icy-bluish-green-natural-type-a-jadeite-bracelet-size-6mm-weigh-10-77-grams-with-gic-approved-labs-certificate-mid-year-offer-price-suitable-for\/","title":{"rendered":"Bracelet en jad\u00e9ite naturelle de type A de qualit\u00e9 sup\u00e9rieure, 30 perles flottantes vert glac\u00e9 avec vert bleut\u00e9 glac\u00e9 flottant, taille 6 mm, poids 10,77 grammes avec certificat de laboratoire approuv\u00e9 par QIC, prix d&#039;offre de mi-ann\u00e9e, adapt\u00e9 \u00e0 la collection et rare (bracelet9)"},"content":{"rendered":"<p>This 6mm Natural Type A Jadeite Bracelet with 30 floating Icy green and floating Icy bluish green beads, weighing 10.77 grams, is a rare and stunning addition to any jewelry collection. Made in Myanmar, this bracelet comes with a QIC approved labs certificate for authenticity.<\/p>\n<ul>\n<li><strong>Authenticit\u00e9 garantie :<\/strong> The QIC approved labs certificate ensures the authenticity of this natural Type A Jadeite bracelet.<\/li>\n<\/ul>\n<p><strong>Certificate numbers: SD24022408084<\/strong><\/p>\n<p><img fetchpriority=\"high\" decoding=\"async\" src=\"https:\/\/shop.yipinqian.com\/wp-content\/uploads\/2024\/10\/fbd9ba61e9bb7aa727df5a0831c97cd6.jpg?from=476444299\" width=\"1080\" height=\"1080\" \/><\/p>\n<ul>\n<li><strong>Belle conception:<\/strong> The mix of floating Icy green and bluish-green beads makes for a unique and eye-catching design.<\/li>\n<li><strong>Convient pour un usage quotidien :<\/strong> This unisex bracelet is versatile enough to be worn on any occasion &#8211; from daily wear to special events.<\/li>\n<\/ul>\n<p>This beautiful jadeite bracelet makes for an excellent collector&#8217;s item or gift option. Get it now at the Mid-Year Offer Price before it&#8217;s too late!<\/p>\n<p>\u00a0<\/p>\n<p>Yi Pin Qian \u2013 N\u00e9gociant en pierres pr\u00e9cieuses et m\u00e9taux pr\u00e9cieux \u00e0 Singapour \u2013 Num\u00e9ro de licence PS20190000031<\/p>\n<p>\u00a0<\/p>\n<p>*Toutes les jad\u00e9ites achet\u00e9es chez Yi Pin Qian \u00e0 Singapour, les clients peuvent r\u00e9server des cr\u00e9neaux pour le polissage ou une r\u00e9paration mineure en cas de mauvaise manipulation - des frais s&#039;appliquent et uniquement pour les clients de Yi Pin Qian \u00e0 Singapour*<\/p>\n<p>\u00a0<\/p>\n<p><strong>**Types de certificats**<\/strong><\/p>\n<p>\u00a0<\/p>\n<p><strong>NGI (Nan Yang Gemmologie)<\/strong><\/p>\n<p>ou <strong>Certificats \u00e9trangers <\/strong>(Yi Pin Qian utilise uniquement des certificats authentiques provenant de laboratoires \u00e9trangers et contr\u00f4le \u00e9galement la qualit\u00e9 de chacun de nos produits avant de les mettre en vente \u00e0 Singapour)<\/p>\n<p>\u00a0<\/p>\n<p>Chaque produit sur TikTok aura le type de certificat fourni indiqu\u00e9 dans la description. Pour tout client souhaitant envoyer sa commande \u00e0 NGI Singapore, il y aura un d\u00e9lai d&#039;attente pour la livraison de la commande estim\u00e9 \u00e0 environ 4 semaines pour recevoir votre commande. <strong>Les demandes de rapport sur les pierres pr\u00e9cieuses NGI doivent \u00eatre effectu\u00e9es en envoyant un message \u00e0 la boutique TikTok de Yi Pin Qian.<\/strong> Merci, <strong><u>des frais suppl\u00e9mentaires s&#039;appliquent<\/u><\/strong>.<\/p>\n<p>\u00a0<\/p>\n<p><strong>La jad\u00e9ite naturelle n&#039;est pas parfaite, juste un petit rappel : notre jad\u00e9ite naturelle, comme toutes les belles choses de la nature, poss\u00e8de ses caract\u00e9ristiques et ses variations uniques. Nous invitons nos pr\u00e9cieux clients \u00e0 adopter ces variations naturelles. Bon shopping !<\/strong><\/p>\n<p>\u00a0<\/p>\n<p><strong><u>Aucune des photos et des s\u00e9quences vid\u00e9o n&#039;a \u00e9t\u00e9 filtr\u00e9e. Nous encourageons nos clients \u00e0 regarder \u00e9galement les vid\u00e9os d&#039;accompagnement pour une vue plus compl\u00e8te de nos produits<\/u><\/strong><\/p>","protected":false},"excerpt":{"rendered":"<p>Ce bracelet en jad\u00e9ite naturelle de type A de 6 mm avec 30 perles flottantes vertes glac\u00e9es et vertes bleut\u00e9es glac\u00e9es flottantes, pesant 10,77 grammes, est un ajout rare et \u00e9tonnant \u00e0 toute collection de bijoux. Fabriqu\u00e9 au Myanmar, ce bracelet est livr\u00e9 avec un certificat d&#039;authenticit\u00e9 approuv\u00e9 par QIC. Authenticit\u00e9 garantie : Le certificat de laboratoire approuv\u00e9 par QIC garantit l&#039;authenticit\u00e9 [\u2026]<\/p>","protected":false},"featured_media":6638,"comment_status":"open","ping_status":"closed","template":"","meta":[],"product_brand":[],"product_cat":[194],"product_tag":[],"class_list":{"0":"post-1637","1":"product","2":"type-product","3":"status-publish","4":"has-post-thumbnail","6":"product_cat-value-picks","8":"first","9":"instock","10":"sale","11":"shipping-taxable","12":"purchasable","13":"product-type-simple"},"_links":{"self":[{"href":"https:\/\/shop.yipinqian.com\/fr\/wp-json\/wp\/v2\/product\/1637","targetHints":{"allow":["GET"]}}],"collection":[{"href":"https:\/\/shop.yipinqian.com\/fr\/wp-json\/wp\/v2\/product"}],"about":[{"href":"https:\/\/shop.yipinqian.com\/fr\/wp-json\/wp\/v2\/types\/product"}],"replies":[{"embeddable":true,"href":"https:\/\/shop.yipinqian.com\/fr\/wp-json\/wp\/v2\/comments?post=1637"}],"version-history":[{"count":0,"href":"https:\/\/shop.yipinqian.com\/fr\/wp-json\/wp\/v2\/product\/1637\/revisions"}],"wp:featuredmedia":[{"embeddable":true,"href":"https:\/\/shop.yipinqian.com\/fr\/wp-json\/wp\/v2\/media\/6638"}],"wp:attachment":[{"href":"https:\/\/shop.yipinqian.com\/fr\/wp-json\/wp\/v2\/media?parent=1637"}],"wp:term":[{"taxonomy":"product_brand","embeddable":true,"href":"https:\/\/shop.yipinqian.com\/fr\/wp-json\/wp\/v2\/product_brand?post=1637"},{"taxonomy":"product_cat","embeddable":true,"href":"https:\/\/shop.yipinqian.com\/fr\/wp-json\/wp\/v2\/product_cat?post=1637"},{"taxonomy":"product_tag","embeddable":true,"href":"https:\/\/shop.yipinqian.com\/fr\/wp-json\/wp\/v2\/product_tag?post=1637"}],"curies":[{"name":"wp","href":"https:\/\/api.w.org\/{rel}","templated":true}]}}