{"id":1636,"date":"2024-10-24T23:20:58","date_gmt":"2024-10-24T15:20:58","guid":{"rendered":"https:\/\/shop.yipinqian.com\/product\/premium-good-quality-light-lavender-and-light-green-natural-type-a-jadeite-jade-crafted-with-dragonfly-ruyi-as-pendant-certificate-weigh-35-87-grams-measurement-63-38-3-10-mm-pendant236\/"},"modified":"2025-02-24T01:17:28","modified_gmt":"2025-02-23T17:17:28","slug":"premium-good-quality-light-lavender-and-light-green-natural-type-a-jadeite-jade-crafted-with-dragonfly-ruyi-as-pendant-certificate-weigh-35-87-grams-measurement-63-38-3-10-mm-pendant236","status":"publish","type":"product","link":"https:\/\/shop.yipinqian.com\/fr\/produit\/premium-good-quality-light-lavender-and-light-green-natural-type-a-jadeite-jade-crafted-with-dragonfly-ruyi-as-pendant-certificate-weigh-35-87-grams-measurement-63-38-3-10-mm-pendant236\/","title":{"rendered":"Jade jad\u00e9ite naturel de type A de qualit\u00e9 sup\u00e9rieure, lavande clair et vert clair, fabriqu\u00e9 avec une libellule, Ruyi comme pendentif, certificat pesant 35,87 grammes, mesure 63 * 38,3 * 10 mm (pendentif236)"},"content":{"rendered":"<p>Ce collier en jade haut de gamme pr\u00e9sente un superbe design avec du jade jad\u00e9ite naturel de type A lavande clair et vert clair, orn\u00e9 d&#039;un pendentif libellule et Ruyi.<\/p>\n<p><\/p>\n<p>Num\u00e9ros de certificat : GD2110H012859<\/p>\n<ul>\n<li><strong>Caract\u00e9ristiques principales :<\/strong><\/li>\n<li>Mat\u00e9riau : Jade jad\u00e9ite de type A<\/li>\n<li>Mod\u00e8le de pendentif : libellule, Ruyi<\/li>\n<li>Poids du certificat : 35,87 grammes<\/li>\n<li>Mesure : 63 * 38,3 * 10 mm (Pendentif236)<\/li>\n<\/ul>\n<p>Fabriqu\u00e9 \u00e0 la main avec pr\u00e9cision, ce collier respire l&#039;\u00e9l\u00e9gance et le style, ce qui en fait un accessoire parfait pour toutes les occasions.<\/p>\n<ul>\n<li><strong>Attributs du produit :<\/strong><\/li>\n<li>\n<em>Certificat inclus :<\/em> Oui<\/li>\n<li>,<\/li>\n<li><em>Fabriqu\u00e9 au Myanmar<\/em><\/li>\n<li>,<\/li>\n<li><em>Aucune garantie disponible<\/em><\/li>\n<li>,<\/li>\n<li><em>Convient aux v\u00eatements unisexes, type de jade : jad\u00e9ite<\/em><\/li>\n<\/ul>\n<p>Yi Pin Qian \u2013 N\u00e9gociant en pierres pr\u00e9cieuses et m\u00e9taux pr\u00e9cieux \u00e0 Singapour \u2013 Num\u00e9ro de licence PS20190000031<\/p>\n<p><\/p>\n<p>*Toutes les jad\u00e9ites achet\u00e9es chez Yi Pin Qian \u00e0 Singapour, les clients peuvent r\u00e9server des cr\u00e9neaux pour le polissage ou une r\u00e9paration mineure en cas de mauvaise manipulation - des frais s&#039;appliquent et uniquement pour les clients de Yi Pin Qian \u00e0 Singapour*<\/p>\n<p><\/p>\n<p><strong>**Types de certificats**<\/strong><\/p>\n<p><\/p>\n<p><strong>NGI (Nan Yang Gemmologie)<\/strong><\/p>\n<p>ou <strong>Certificats \u00e9trangers <\/strong>(Yi Pin Qian utilise uniquement des certificats authentiques provenant de laboratoires \u00e9trangers et contr\u00f4le \u00e9galement la qualit\u00e9 de chacun de nos produits avant de les mettre en vente \u00e0 Singapour)<\/p>\n<p><\/p>\n<p>Chaque produit sur TikTok aura le type de certificat fourni indiqu\u00e9 dans la description. Pour tout client souhaitant envoyer sa commande \u00e0 NGI Singapore, il y aura un d\u00e9lai d&#039;attente pour la livraison de la commande estim\u00e9 \u00e0 environ 4 semaines pour recevoir votre commande. <strong>Les demandes de rapport sur les pierres pr\u00e9cieuses NGI doivent \u00eatre effectu\u00e9es en envoyant un message \u00e0 la boutique TikTok de Yi Pin Qian.<\/strong> Merci, <strong><u>des frais suppl\u00e9mentaires s&#039;appliquent<\/u><\/strong>.<\/p>\n<p><\/p>\n<p><strong>La jad\u00e9ite naturelle n&#039;est pas parfaite, juste un petit rappel : notre jad\u00e9ite naturelle, comme toutes les belles choses de la nature, poss\u00e8de ses caract\u00e9ristiques et ses variations uniques. Nous invitons nos pr\u00e9cieux clients \u00e0 adopter ces variations naturelles. Bon shopping !<\/strong><\/p>\n<p><\/p>\n<p><strong><u>Aucune des photos et des s\u00e9quences vid\u00e9o n&#039;a \u00e9t\u00e9 filtr\u00e9e. Nous encourageons nos clients \u00e0 regarder \u00e9galement les vid\u00e9os d&#039;accompagnement pour une vue plus compl\u00e8te de nos produits<\/u><\/strong><\/p>","protected":false},"excerpt":{"rendered":"<p>This premium jade necklace features a stunning design with light lavender and light green natural Type A Jadeite Jade, adorned with a Dragonfly and Ruyi pendant. Certificate numbers: GD2110H012859 Key Features: Material: Type A Jadeite Jade Pendant Design: Dragonfly, Ruyi Certificate Weight: 35.87 grams Measurement: 63 * 38.3 * 10 mm (Pendant236) Handcrafted with precision, [&hellip;]<\/p>","protected":false},"featured_media":6619,"comment_status":"open","ping_status":"closed","template":"","meta":[],"product_brand":[],"product_cat":[195],"product_tag":[],"class_list":{"0":"post-1636","1":"product","2":"type-product","3":"status-publish","4":"has-post-thumbnail","6":"product_cat-heirloom-grade","8":"first","9":"instock","10":"sale","11":"shipping-taxable","12":"purchasable","13":"product-type-simple"},"_links":{"self":[{"href":"https:\/\/shop.yipinqian.com\/fr\/wp-json\/wp\/v2\/product\/1636","targetHints":{"allow":["GET"]}}],"collection":[{"href":"https:\/\/shop.yipinqian.com\/fr\/wp-json\/wp\/v2\/product"}],"about":[{"href":"https:\/\/shop.yipinqian.com\/fr\/wp-json\/wp\/v2\/types\/product"}],"replies":[{"embeddable":true,"href":"https:\/\/shop.yipinqian.com\/fr\/wp-json\/wp\/v2\/comments?post=1636"}],"version-history":[{"count":0,"href":"https:\/\/shop.yipinqian.com\/fr\/wp-json\/wp\/v2\/product\/1636\/revisions"}],"wp:featuredmedia":[{"embeddable":true,"href":"https:\/\/shop.yipinqian.com\/fr\/wp-json\/wp\/v2\/media\/6619"}],"wp:attachment":[{"href":"https:\/\/shop.yipinqian.com\/fr\/wp-json\/wp\/v2\/media?parent=1636"}],"wp:term":[{"taxonomy":"product_brand","embeddable":true,"href":"https:\/\/shop.yipinqian.com\/fr\/wp-json\/wp\/v2\/product_brand?post=1636"},{"taxonomy":"product_cat","embeddable":true,"href":"https:\/\/shop.yipinqian.com\/fr\/wp-json\/wp\/v2\/product_cat?post=1636"},{"taxonomy":"product_tag","embeddable":true,"href":"https:\/\/shop.yipinqian.com\/fr\/wp-json\/wp\/v2\/product_tag?post=1636"}],"curies":[{"name":"wp","href":"https:\/\/api.w.org\/{rel}","templated":true}]}}