{"id":1633,"date":"2024-10-24T23:20:56","date_gmt":"2024-10-24T15:20:56","guid":{"rendered":"https:\/\/shop.yipinqian.com\/product\/premium-full-light-green-with-good-translucency-natural-type-a-jadeite-pendant-necklace-crafted-with-moutain-trees-houses-bride-and-running-water-with-certificate-weigh-28-09-grams-54-29-8-9-8-mm-pend\/"},"modified":"2025-02-17T00:04:08","modified_gmt":"2025-02-16T16:04:08","slug":"premium-full-light-green-with-good-translucency-natural-type-a-jadeite-pendant-necklace-crafted-with-moutain-trees-houses-bride-and-running-water-with-certificate-weigh-28-09-grams-54-29-8-9-8-mm-pend","status":"publish","type":"product","link":"https:\/\/shop.yipinqian.com\/fr\/produit\/premium-full-light-green-with-good-translucency-natural-type-a-jadeite-pendant-necklace-crafted-with-moutain-trees-houses-bride-and-running-water-with-certificate-weigh-28-09-grams-54-29-8-9-8-mm-pend\/","title":{"rendered":"Collier pendentif en jad\u00e9ite naturelle de type A de qualit\u00e9 sup\u00e9rieure, vert clair et translucide, fabriqu\u00e9 avec des montagnes, des arbres, des maisons, une mari\u00e9e et de l&#039;eau courante avec certificat, p\u00e8se 28,09 grammes, 54 * 29,8 * 9,8 mm (pendentif36)"},"content":{"rendered":"<p>Rehaussez votre beaut\u00e9 et votre \u00e9l\u00e9gance avec ce collier pendentif en jad\u00e9ite naturelle de type A de qualit\u00e9 sup\u00e9rieure, vert clair et de bonne translucidit\u00e9, parfait pour un usage quotidien.<\/p>\n<ul>\n<li>\n<strong>Artisanat exquis :<\/strong> Ce collier est con\u00e7u avec le design complexe de montagnes, d&#039;arbres, de maisons, de mari\u00e9e et d&#039;eau courante qui montre le savoir-faire raffin\u00e9 de nos artisans qualifi\u00e9s.<\/li>\n<li>\n<strong>Qualit\u00e9 sup\u00e9rieure :<\/strong> Le pendentif en jad\u00e9ite naturelle de type A est de couleur vert clair et poss\u00e8de une bonne translucidit\u00e9 qui en fait une pierre pr\u00e9cieuse. Il p\u00e8se 28,09 grammes et a une taille de 54 * 29,8 * 9,8 mm (pendentif36).<\/li>\n<li>\n<strong>Certificat inclus :<\/strong> Ce collier est accompagn\u00e9 d&#039;un certificat pour vous assurer qu&#039;il est fabriqu\u00e9 \u00e0 partir de v\u00e9ritable jad\u00e9ite<\/li>\n<\/ul>\n<p>Num\u00e9ros de certificat : GD2110H019144<\/p>\n<p><img fetchpriority=\"high\" decoding=\"async\" height=\"1080\" src=\"https:\/\/shop.yipinqian.com\/wp-content\/uploads\/2024\/10\/902a932311608a838da77de33f0e519f.jpg?from=476444299\" width=\"1080\"><\/p>\n<p>Ce collier de style d\u00e9contract\u00e9 convient aussi bien aux hommes qu&#039;aux femmes qui souhaitent ajouter de la sophistication \u00e0 leur collection d&#039;accessoires de mode sans compromettre le confort dans leur tenue ou leurs activit\u00e9s quotidiennes.<\/p>\n<p>Rehaussez votre d\u00e9claration de mode aujourd&#039;hui en portant ce collier pendentif en jad\u00e9ite vert clair de qualit\u00e9 sup\u00e9rieure - con\u00e7u uniquement pour vous !<\/p>\n<p>\u00a0<\/p>\n<p>Yi Pin Qian \u2013 N\u00e9gociant en pierres pr\u00e9cieuses et m\u00e9taux pr\u00e9cieux \u00e0 Singapour \u2013 Num\u00e9ro de licence PS20190000031<\/p>\n<p>\u00a0<\/p>\n<p>*Toutes les jad\u00e9ites achet\u00e9es chez Yi Pin Qian \u00e0 Singapour, les clients peuvent r\u00e9server des cr\u00e9neaux pour le polissage ou une r\u00e9paration mineure en cas de mauvaise manipulation - des frais s&#039;appliquent et uniquement pour les clients de Yi Pin Qian \u00e0 Singapour*<\/p>\n<p>\u00a0<\/p>\n<p><strong>**Types de certificats**<\/strong><\/p>\n<p>\u00a0<\/p>\n<p><strong>NGI (Nan Yang Gemmologie)<\/strong><\/p>\n<p>ou <strong>Certificats \u00e9trangers <\/strong>(Yi Pin Qian utilise uniquement des certificats authentiques provenant de laboratoires \u00e9trangers et contr\u00f4le \u00e9galement la qualit\u00e9 de chacun de nos produits avant de les mettre en vente \u00e0 Singapour)<\/p>\n<p>\u00a0<\/p>\n<p>Chaque produit sur TikTok aura le type de certificat fourni indiqu\u00e9 dans la description. Pour tout client souhaitant envoyer sa commande \u00e0 NGI Singapore, il y aura un d\u00e9lai d&#039;attente pour la livraison de la commande estim\u00e9 \u00e0 environ 4 semaines pour recevoir votre commande. <strong>Les demandes de rapport sur les pierres pr\u00e9cieuses NGI doivent \u00eatre effectu\u00e9es en envoyant un message \u00e0 la boutique TikTok de Yi Pin Qian.<\/strong> Merci, <strong><u>des frais suppl\u00e9mentaires s&#039;appliquent<\/u><\/strong>.<\/p>\n<p>\u00a0<\/p>\n<p><strong>La jad\u00e9ite naturelle n&#039;est pas parfaite, juste un petit rappel : notre jad\u00e9ite naturelle, comme toutes les belles choses de la nature, poss\u00e8de ses caract\u00e9ristiques et ses variations uniques. Nous invitons nos pr\u00e9cieux clients \u00e0 adopter ces variations naturelles. Bon shopping !<\/strong><\/p>\n<p>\u00a0<\/p>\n<p><strong><u>Aucune des photos et des s\u00e9quences vid\u00e9o n&#039;a \u00e9t\u00e9 filtr\u00e9e. Nous encourageons nos clients \u00e0 regarder \u00e9galement les vid\u00e9os d&#039;accompagnement pour une vue plus compl\u00e8te de nos produits<\/u><\/strong><\/p>","protected":false},"excerpt":{"rendered":"<p>Enhance your beauty and elegance with this Premium Full Light Green with Good Translucency Natural Type A Jadeite Pendant Necklace, perfect for daily wear. Exquisite Craftsmanship: This necklace is crafted with the intricate design of Mountains, Trees, Houses, Bride and Running Water that shows the fine artistry of our skilled artisans. Premium Quality: The natural [&hellip;]<\/p>","protected":false},"featured_media":6601,"comment_status":"open","ping_status":"closed","template":"","meta":[],"product_brand":[],"product_cat":[48],"product_tag":[],"class_list":{"0":"post-1633","1":"product","2":"type-product","3":"status-publish","4":"has-post-thumbnail","6":"product_cat-pendants","8":"first","9":"instock","10":"sale","11":"shipping-taxable","12":"purchasable","13":"product-type-simple"},"_links":{"self":[{"href":"https:\/\/shop.yipinqian.com\/fr\/wp-json\/wp\/v2\/product\/1633","targetHints":{"allow":["GET"]}}],"collection":[{"href":"https:\/\/shop.yipinqian.com\/fr\/wp-json\/wp\/v2\/product"}],"about":[{"href":"https:\/\/shop.yipinqian.com\/fr\/wp-json\/wp\/v2\/types\/product"}],"replies":[{"embeddable":true,"href":"https:\/\/shop.yipinqian.com\/fr\/wp-json\/wp\/v2\/comments?post=1633"}],"version-history":[{"count":0,"href":"https:\/\/shop.yipinqian.com\/fr\/wp-json\/wp\/v2\/product\/1633\/revisions"}],"wp:featuredmedia":[{"embeddable":true,"href":"https:\/\/shop.yipinqian.com\/fr\/wp-json\/wp\/v2\/media\/6601"}],"wp:attachment":[{"href":"https:\/\/shop.yipinqian.com\/fr\/wp-json\/wp\/v2\/media?parent=1633"}],"wp:term":[{"taxonomy":"product_brand","embeddable":true,"href":"https:\/\/shop.yipinqian.com\/fr\/wp-json\/wp\/v2\/product_brand?post=1633"},{"taxonomy":"product_cat","embeddable":true,"href":"https:\/\/shop.yipinqian.com\/fr\/wp-json\/wp\/v2\/product_cat?post=1633"},{"taxonomy":"product_tag","embeddable":true,"href":"https:\/\/shop.yipinqian.com\/fr\/wp-json\/wp\/v2\/product_tag?post=1633"}],"curies":[{"name":"wp","href":"https:\/\/api.w.org\/{rel}","templated":true}]}}