{"id":1632,"date":"2024-10-24T23:20:55","date_gmt":"2024-10-24T15:20:55","guid":{"rendered":"https:\/\/shop.yipinqian.com\/product\/premium-full-light-green-natural-type-a-jadeite-jade-pendant-necklace-crafted-with-dragon-with-good-glossy-shines-certificate-included-weigh-77-81-grams-55-5-55-5-13-8-mm-pendant169\/"},"modified":"2025-02-24T01:17:28","modified_gmt":"2025-02-23T17:17:28","slug":"premium-full-light-green-natural-type-a-jadeite-jade-pendant-necklace-crafted-with-dragon-with-good-glossy-shines-certificate-included-weigh-77-81-grams-55-5-55-5-13-8-mm-pendant169","status":"publish","type":"product","link":"https:\/\/shop.yipinqian.com\/fr\/produit\/premium-full-light-green-natural-type-a-jadeite-jade-pendant-necklace-crafted-with-dragon-with-good-glossy-shines-certificate-included-weigh-77-81-grams-55-5-55-5-13-8-mm-pendant169\/","title":{"rendered":"Collier pendentif en jade jad\u00e9ite naturelle de type A de qualit\u00e9 sup\u00e9rieure, vert clair, fabriqu\u00e9 avec un dragon avec de bons \u00e9clats brillants, certificat inclus, p\u00e8se 77,81 grammes, 55,5 * 55,5 * 13,8 mm (pendentif169)"},"content":{"rendered":"<p>Ce collier pendentif en jade jad\u00e9ite naturelle de type A de couleur vert clair de qualit\u00e9 sup\u00e9rieure est un ajout \u00e9tonnant \u00e0 toute collection de bijoux. Fabriqu\u00e9 avec un motif de dragon, il pr\u00e9sente de belles brillances brillantes qui vous laisseront hypnotis\u00e9.<\/p>\n<p><\/p>\n<p><strong>Num\u00e9ros de certificat : GD2112H002818<\/strong><\/p>\n<ul>\n<li>\n<strong>Jad\u00e9ite naturelle de type A :<\/strong> Fabriqu\u00e9 en jad\u00e9ite naturelle de type A de couleur vert clair de premi\u00e8re qualit\u00e9, ce collier pendentif est \u00e0 la fois durable et beau.<\/li>\n<li>\n<strong>Avec certificat :<\/strong> Ce collier est accompagn\u00e9 d&#039;un certificat d&#039;authenticit\u00e9, garantissant que vous obtenez la vraie affaire.<\/li>\n<li>\n<strong>Style d\u00e9contract\u00e9 :<\/strong> Parfait pour un usage quotidien, ce collier a un style d\u00e9contract\u00e9 qui se marie bien avec n&#039;importe quelle tenue.<\/li>\n<\/ul>\n<p>Pes\u00e9e <strong>77,81 grammes<\/strong> et mesurer <strong>55,5 * 55,5 * 13,8 mm<\/strong> (pendentif169), ce collier pendentif unisexe est un excellent cadeau ou un plaisir personnel.<\/p>\n<ul>\n<li>\n<strong>Fabriqu\u00e9 au Myanmar :<\/strong> Ce pendentif en jade authentique vient du Myanmar, le pays des pierres pr\u00e9cieuses de jade<\/li>\n<li>\n<strong>Aucune garantie :<\/strong>Ce produit n&#039;est pas couvert par la garantie<\/li>\n<\/ul>\n<p>Yi Pin Qian \u2013 N\u00e9gociant en pierres pr\u00e9cieuses et m\u00e9taux pr\u00e9cieux \u00e0 Singapour \u2013 Num\u00e9ro de licence PS20190000031<\/p>\n<p><\/p>\n<p>*Toutes les jad\u00e9ites achet\u00e9es chez Yi Pin Qian \u00e0 Singapour, les clients peuvent r\u00e9server des cr\u00e9neaux pour le polissage ou une r\u00e9paration mineure en cas de mauvaise manipulation - des frais s&#039;appliquent et uniquement pour les clients de Yi Pin Qian \u00e0 Singapour*<\/p>\n<p><\/p>\n<p><strong>**Types de certificats**<\/strong><\/p>\n<p><\/p>\n<p><strong>NGI (Nan Yang Gemmologie)<\/strong><\/p>\n<p>ou <strong>Certificats \u00e9trangers <\/strong>(Yi Pin Qian utilise uniquement des certificats authentiques provenant de laboratoires \u00e9trangers et contr\u00f4le \u00e9galement la qualit\u00e9 de chacun de nos produits avant de les mettre en vente \u00e0 Singapour)<\/p>\n<p><\/p>\n<p>Chaque produit sur TikTok aura le type de certificat fourni indiqu\u00e9 dans la description. Pour tout client souhaitant envoyer sa commande \u00e0 NGI Singapore, il y aura un d\u00e9lai d&#039;attente pour la livraison de la commande estim\u00e9 \u00e0 environ 4 semaines pour recevoir votre commande. <strong>Les demandes de rapport sur les pierres pr\u00e9cieuses NGI doivent \u00eatre effectu\u00e9es en envoyant un message \u00e0 la boutique TikTok de Yi Pin Qian.<\/strong> Merci, <strong><u>des frais suppl\u00e9mentaires s&#039;appliquent<\/u><\/strong>.<\/p>\n<p><\/p>\n<p><strong>La jad\u00e9ite naturelle n&#039;est pas parfaite, juste un petit rappel : notre jad\u00e9ite naturelle, comme toutes les belles choses de la nature, poss\u00e8de ses caract\u00e9ristiques et ses variations uniques. Nous invitons nos pr\u00e9cieux clients \u00e0 adopter ces variations naturelles. Bon shopping !<\/strong><\/p>\n<p><\/p>\n<p><strong><u>Aucune des photos et des s\u00e9quences vid\u00e9o n&#039;a \u00e9t\u00e9 filtr\u00e9e. Nous encourageons nos clients \u00e0 regarder \u00e9galement les vid\u00e9os d&#039;accompagnement pour une vue plus compl\u00e8te de nos produits<\/u><\/strong><\/p>\n<p>.<\/p>","protected":false},"excerpt":{"rendered":"<p>Ce collier pendentif en jad\u00e9ite naturelle de type A de qualit\u00e9 sup\u00e9rieure, vert clair, est un ajout \u00e9tonnant \u00e0 toute collection de bijoux. Fabriqu\u00e9 avec un motif de dragon, il pr\u00e9sente de belles brillances brillantes qui vous laisseront hypnotis\u00e9. Num\u00e9ros de certificat : GD2112H002818 Jad\u00e9ite naturelle de type A : Fabriqu\u00e9 avec de la jad\u00e9ite naturelle de type A de qualit\u00e9 sup\u00e9rieure, vert clair, ce collier pendentif [\u2026]<\/p>","protected":false},"featured_media":6591,"comment_status":"open","ping_status":"closed","template":"","meta":[],"product_brand":[],"product_cat":[195],"product_tag":[],"class_list":{"0":"post-1632","1":"product","2":"type-product","3":"status-publish","4":"has-post-thumbnail","6":"product_cat-heirloom-grade","8":"first","9":"instock","10":"sale","11":"shipping-taxable","12":"purchasable","13":"product-type-simple"},"_links":{"self":[{"href":"https:\/\/shop.yipinqian.com\/fr\/wp-json\/wp\/v2\/product\/1632","targetHints":{"allow":["GET"]}}],"collection":[{"href":"https:\/\/shop.yipinqian.com\/fr\/wp-json\/wp\/v2\/product"}],"about":[{"href":"https:\/\/shop.yipinqian.com\/fr\/wp-json\/wp\/v2\/types\/product"}],"replies":[{"embeddable":true,"href":"https:\/\/shop.yipinqian.com\/fr\/wp-json\/wp\/v2\/comments?post=1632"}],"version-history":[{"count":0,"href":"https:\/\/shop.yipinqian.com\/fr\/wp-json\/wp\/v2\/product\/1632\/revisions"}],"wp:featuredmedia":[{"embeddable":true,"href":"https:\/\/shop.yipinqian.com\/fr\/wp-json\/wp\/v2\/media\/6591"}],"wp:attachment":[{"href":"https:\/\/shop.yipinqian.com\/fr\/wp-json\/wp\/v2\/media?parent=1632"}],"wp:term":[{"taxonomy":"product_brand","embeddable":true,"href":"https:\/\/shop.yipinqian.com\/fr\/wp-json\/wp\/v2\/product_brand?post=1632"},{"taxonomy":"product_cat","embeddable":true,"href":"https:\/\/shop.yipinqian.com\/fr\/wp-json\/wp\/v2\/product_cat?post=1632"},{"taxonomy":"product_tag","embeddable":true,"href":"https:\/\/shop.yipinqian.com\/fr\/wp-json\/wp\/v2\/product_tag?post=1632"}],"curies":[{"name":"wp","href":"https:\/\/api.w.org\/{rel}","templated":true}]}}