{"id":1630,"date":"2024-10-24T23:20:55","date_gmt":"2024-10-24T15:20:55","guid":{"rendered":"https:\/\/shop.yipinqian.com\/product\/premium-full-green-with-green-patches-rare-natural-type-a-jadeite-jade-pendant-necklace-crafted-as-dragon-with-certificate-weigh-40-07-grams-53-6-36-12-3-mm-pendant168\/"},"modified":"2025-02-24T01:17:28","modified_gmt":"2025-02-23T17:17:28","slug":"premium-full-green-with-green-patches-rare-natural-type-a-jadeite-jade-pendant-necklace-crafted-as-dragon-with-certificate-weigh-40-07-grams-53-6-36-12-3-mm-pendant168","status":"publish","type":"product","link":"https:\/\/shop.yipinqian.com\/fr\/produit\/premium-full-green-with-green-patches-rare-natural-type-a-jadeite-jade-pendant-necklace-crafted-as-dragon-with-certificate-weigh-40-07-grams-53-6-36-12-3-mm-pendant168\/","title":{"rendered":"Collier pendentif en jade jad\u00e9ite de type A naturel rare de qualit\u00e9 sup\u00e9rieure enti\u00e8rement vert avec des taches vertes fabriqu\u00e9 en forme de dragon avec certificat p\u00e8se 40,07 grammes, 53,6 * 36 * 12,3 mm (pendentif168)"},"content":{"rendered":"<p>Rehaussez votre collection de bijoux avec ce collier pendentif en jade jad\u00e9ite de type A naturel rare, enti\u00e8rement vert avec des taches vertes. Fabriqu\u00e9 sous la forme d&#039;un dragon, ce collier est un v\u00e9ritable chef-d&#039;\u0153uvre.<\/p>\n<p><\/p>\n<p><strong>Num\u00e9ros de certificat : GD2110H002972<\/strong><\/p>\n<ul>\n<li>\n<strong>Naturel et rare :<\/strong> Fabriqu\u00e9 \u00e0 partir de jade jad\u00e9ite naturel de type A, ce collier pendentif est rare et unique \u00e0 sa mani\u00e8re.<\/li>\n<li>\n<strong>Certificat inclus :<\/strong> Livr\u00e9 avec un certificat d&#039;authenticit\u00e9, vous pouvez donc \u00eatre assur\u00e9 que vous obtenez la vraie affaire.<\/li>\n<li>\n<strong>Style de collier \u00e9l\u00e9gant :<\/strong> Ce style de collier \u00e9l\u00e9gant est parfait pour un usage quotidien ou pour des occasions sp\u00e9ciales.<\/li>\n<\/ul>\n<p>Pes\u00e9e <strong>40,07 grammes<\/strong> et mesurer <strong>53,6 * 36 * 12,3 mm<\/strong> (pendentif168), il a la taille parfaite pour le rendre visible mais subtil sur votre d\u00e9collet\u00e9.<\/p>\n<ul>\n<li>\n<strong>Fabriqu\u00e9 au Myanmar :<\/strong> Ce pendentif en jade jad\u00e9ite de qualit\u00e9 sup\u00e9rieure est originaire du Myanmar<\/li>\n<li>\n<strong>Convient \u00e0 tous : <\/strong>Ce bijou exquis peut \u00eatre port\u00e9 par n&#039;importe qui, homme ou femme, ce qui en fait \u00e9galement une option de cadeau id\u00e9ale !<\/li>\n<\/ul>\n<p>Ajoutez ce magnifique pendentif en jade fa\u00e7onn\u00e9 en forme de dragon \u00e0 votre collection d\u00e8s aujourd&#039;hui et faites tourner les t\u00eates partout o\u00f9 vous allez !<\/p>\n<p><\/p>\n<p>Yi Pin Qian \u2013 N\u00e9gociant en pierres pr\u00e9cieuses et m\u00e9taux pr\u00e9cieux \u00e0 Singapour \u2013 Num\u00e9ro de licence PS20190000031<\/p>\n<p><\/p>\n<p>*Toutes les jad\u00e9ites achet\u00e9es chez Yi Pin Qian \u00e0 Singapour, les clients peuvent r\u00e9server des cr\u00e9neaux pour le polissage ou une r\u00e9paration mineure en cas de mauvaise manipulation - des frais s&#039;appliquent et uniquement pour les clients de Yi Pin Qian \u00e0 Singapour*<\/p>\n<p><\/p>\n<p><strong>**Types de certificats**<\/strong><\/p>\n<p><\/p>\n<p><strong>NGI (Nan Yang Gemmologie)<\/strong><\/p>\n<p>ou <strong>Certificats \u00e9trangers <\/strong>(Yi Pin Qian utilise uniquement des certificats authentiques provenant de laboratoires \u00e9trangers et contr\u00f4le \u00e9galement la qualit\u00e9 de chacun de nos produits avant de les mettre en vente \u00e0 Singapour)<\/p>\n<p><\/p>\n<p>Chaque produit sur TikTok aura le type de certificat fourni indiqu\u00e9 dans la description. Pour tout client souhaitant envoyer sa commande \u00e0 NGI Singapore, il y aura un d\u00e9lai d&#039;attente pour la livraison de la commande estim\u00e9 \u00e0 environ 4 semaines pour recevoir votre commande. <strong>Les demandes de rapport sur les pierres pr\u00e9cieuses NGI doivent \u00eatre effectu\u00e9es en envoyant un message \u00e0 la boutique TikTok de Yi Pin Qian.<\/strong> Merci, <strong><u>des frais suppl\u00e9mentaires s&#039;appliquent<\/u><\/strong>.<\/p>\n<p><\/p>\n<p><strong>La jad\u00e9ite naturelle n&#039;est pas parfaite, juste un petit rappel : notre jad\u00e9ite naturelle, comme toutes les belles choses de la nature, poss\u00e8de ses caract\u00e9ristiques et ses variations uniques. Nous invitons nos pr\u00e9cieux clients \u00e0 adopter ces variations naturelles. Bon shopping !<\/strong><\/p>\n<p><\/p>\n<p><strong><u>Aucune des photos et des s\u00e9quences vid\u00e9o n&#039;a \u00e9t\u00e9 filtr\u00e9e. Nous encourageons nos clients \u00e0 regarder \u00e9galement les vid\u00e9os d&#039;accompagnement pour une vue plus compl\u00e8te de nos produits<\/u><\/strong><\/p>","protected":false},"excerpt":{"rendered":"<p>Elevate your jewelry collection with this premium full green with green patches rare natural Type A Jadeite Jade pendant necklace. Crafted in the form of a dragon, this necklace is a true masterpiece. Certificate Numbers: GD2110H002972 Natural and Rare: Made from natural Type A Jadeite Jade, this pendant necklace is rare and unique in its [&hellip;]<\/p>","protected":false},"featured_media":6583,"comment_status":"open","ping_status":"closed","template":"","meta":[],"product_brand":[],"product_cat":[195],"product_tag":[],"class_list":{"0":"post-1630","1":"product","2":"type-product","3":"status-publish","4":"has-post-thumbnail","6":"product_cat-heirloom-grade","8":"first","9":"instock","10":"sale","11":"shipping-taxable","12":"purchasable","13":"product-type-simple"},"_links":{"self":[{"href":"https:\/\/shop.yipinqian.com\/fr\/wp-json\/wp\/v2\/product\/1630","targetHints":{"allow":["GET"]}}],"collection":[{"href":"https:\/\/shop.yipinqian.com\/fr\/wp-json\/wp\/v2\/product"}],"about":[{"href":"https:\/\/shop.yipinqian.com\/fr\/wp-json\/wp\/v2\/types\/product"}],"replies":[{"embeddable":true,"href":"https:\/\/shop.yipinqian.com\/fr\/wp-json\/wp\/v2\/comments?post=1630"}],"version-history":[{"count":0,"href":"https:\/\/shop.yipinqian.com\/fr\/wp-json\/wp\/v2\/product\/1630\/revisions"}],"wp:featuredmedia":[{"embeddable":true,"href":"https:\/\/shop.yipinqian.com\/fr\/wp-json\/wp\/v2\/media\/6583"}],"wp:attachment":[{"href":"https:\/\/shop.yipinqian.com\/fr\/wp-json\/wp\/v2\/media?parent=1630"}],"wp:term":[{"taxonomy":"product_brand","embeddable":true,"href":"https:\/\/shop.yipinqian.com\/fr\/wp-json\/wp\/v2\/product_brand?post=1630"},{"taxonomy":"product_cat","embeddable":true,"href":"https:\/\/shop.yipinqian.com\/fr\/wp-json\/wp\/v2\/product_cat?post=1630"},{"taxonomy":"product_tag","embeddable":true,"href":"https:\/\/shop.yipinqian.com\/fr\/wp-json\/wp\/v2\/product_tag?post=1630"}],"curies":[{"name":"wp","href":"https:\/\/api.w.org\/{rel}","templated":true}]}}