{"id":1628,"date":"2024-10-24T23:20:54","date_gmt":"2024-10-24T15:20:54","guid":{"rendered":"https:\/\/shop.yipinqian.com\/product\/old-school-light-green-natural-type-a-jadeite-jade-pendant-necklace-crafted-as-guanyin-with-certificate-weigh-33-21-grams-measurement-66-42-7-6-8-mm-pendant188\/"},"modified":"2025-02-17T00:04:08","modified_gmt":"2025-02-16T16:04:08","slug":"old-school-light-green-natural-type-a-jadeite-jade-pendant-necklace-crafted-as-guanyin-with-certificate-weigh-33-21-grams-measurement-66-42-7-6-8-mm-pendant188","status":"publish","type":"product","link":"https:\/\/shop.yipinqian.com\/fr\/produit\/old-school-light-green-natural-type-a-jadeite-jade-pendant-necklace-crafted-as-guanyin-with-certificate-weigh-33-21-grams-measurement-66-42-7-6-8-mm-pendant188\/","title":{"rendered":"Collier pendentif en jade jad\u00e9ite naturelle de type A vert clair \u00e0 l&#039;ancienne, fabriqu\u00e9 comme Guanyin avec certificat, p\u00e8se 33,21 grammes, mesure 66 * 42,7 * 6,8 mm (pendentif188)"},"content":{"rendered":"<p>Ce collier pendentif en jade jad\u00e9ite naturelle de type A vert clair de la vieille \u00e9cole est un incontournable pour tous ceux qui aiment les bijoux raffin\u00e9s. Le pendentif est soigneusement con\u00e7u en tant que Guanyin, cr\u00e9ant une pi\u00e8ce pleine de sens et de beaut\u00e9.<\/p>\n<p><\/p>\n<p><strong>Num\u00e9ros de certificat : 920460008861<\/strong><\/p>\n<ul>\n<li>\n<strong>Jad\u00e9ite naturelle de type A :<\/strong> Ce pendentif est fabriqu\u00e9 en jad\u00e9ite naturelle de type A, ce qui lui conf\u00e8re une durabilit\u00e9 et une beaut\u00e9 incroyables.<\/li>\n<li>\n<strong>Avec certificat :<\/strong> Vous pouvez \u00eatre s\u00fbr de la qualit\u00e9 de ce collier car il est accompagn\u00e9 d&#039;un certificat prouvant son authenticit\u00e9.<\/li>\n<li>\n<strong>Style de collier d\u00e9contract\u00e9 :<\/strong> Ce collier au style d\u00e9contract\u00e9 est parfait pour un usage quotidien. Il est suffisamment polyvalent pour s&#039;associer \u00e0 n&#039;importe quelle tenue, ce qui en fait un excellent ajout \u00e0 votre collection de bijoux.<\/li>\n<\/ul>\n<p>Le collier pendentif en jade jad\u00e9ite naturelle de type A vert clair de la vieille \u00e9cole p\u00e8se 33,21 grammes et mesure 66 * 42,7 * 6,8 mm (pendentif 188). La taille du pendentif le rend visible mais pas trop grand ou trop encombrant pour un usage quotidien.<\/p>\n<ul>\n<li>\n<strong>Fabriqu\u00e9 au Myanmar :<\/strong> Ce collier vient du Myanmar, o\u00f9 des artisans qualifi\u00e9s ont confectionn\u00e9 le magnifique design Guanyin en utilisant des pierres de jad\u00e9ite naturelles<\/li>\n<li>\n<strong>Occasion quotidienne : <\/strong>Ce bijou convient \u00e0 toutes les occasions, des r\u00e9unions de bureau aux sorties d\u00e9contract\u00e9es, gr\u00e2ce \u00e0 son design \u00e9l\u00e9gant mais simple qui ajouterait de la beaut\u00e9 sans \u00eatre trop voyant.<\/li>\n<\/ul>\n<p><\/p>\n<p>Ce superbe collier est parfait pour tous ceux qui aiment le jade ou qui veulent un bijou exquis qu&#039;ils peuvent porter au quotidien sans se soucier des dommages ou des exigences d&#039;entretien excessives, car il n&#039;y a aucune garantie. Il est \u00e9galement unisexe, vous pouvez donc offrir ce chef-d&#039;\u0153uvre unique d\u00e8s aujourd&#039;hui !<\/p>\n<p>.<\/p>\n<p>Yi Pin Qian \u2013 N\u00e9gociant en pierres pr\u00e9cieuses et m\u00e9taux pr\u00e9cieux \u00e0 Singapour \u2013 Num\u00e9ro de licence PS20190000031<\/p>\n<p><\/p>\n<p>*Toutes les jad\u00e9ites achet\u00e9es chez Yi Pin Qian \u00e0 Singapour, les clients peuvent r\u00e9server des cr\u00e9neaux pour le polissage ou une r\u00e9paration mineure en cas de mauvaise manipulation - des frais s&#039;appliquent et uniquement pour les clients de Yi Pin Qian \u00e0 Singapour*<\/p>\n<p><\/p>\n<p><strong>**Types de certificats**<\/strong><\/p>\n<p><\/p>\n<p><strong>NGI (Nan Yang Gemmologie)<\/strong><\/p>\n<p>ou <strong>Certificats \u00e9trangers <\/strong>(Yi Pin Qian utilise uniquement des certificats authentiques provenant de laboratoires \u00e9trangers et contr\u00f4le \u00e9galement la qualit\u00e9 de chacun de nos produits avant de les mettre en vente \u00e0 Singapour)<\/p>\n<p><\/p>\n<p>Chaque produit sur TikTok aura le type de certificat fourni indiqu\u00e9 dans la description. Pour tout client souhaitant envoyer sa commande \u00e0 NGI Singapore, il y aura un d\u00e9lai d&#039;attente pour la livraison de la commande estim\u00e9 \u00e0 environ 4 semaines pour recevoir votre commande. <strong>Les demandes de rapport sur les pierres pr\u00e9cieuses NGI doivent \u00eatre effectu\u00e9es en envoyant un message \u00e0 la boutique TikTok de Yi Pin Qian.<\/strong> Merci, <strong><u>des frais suppl\u00e9mentaires s&#039;appliquent<\/u><\/strong>.<\/p>\n<p><\/p>\n<p><strong>La jad\u00e9ite naturelle n&#039;est pas parfaite, juste un petit rappel : notre jad\u00e9ite naturelle, comme toutes les belles choses de la nature, poss\u00e8de ses caract\u00e9ristiques et ses variations uniques. Nous invitons nos pr\u00e9cieux clients \u00e0 adopter ces variations naturelles. Bon shopping !<\/strong><\/p>\n<p><\/p>\n<p><strong><u>Aucune des photos et des s\u00e9quences vid\u00e9o n&#039;a \u00e9t\u00e9 filtr\u00e9e. Nous encourageons nos clients \u00e0 regarder \u00e9galement les vid\u00e9os d&#039;accompagnement pour une vue plus compl\u00e8te de nos produits<\/u><\/strong><\/p>","protected":false},"excerpt":{"rendered":"<p>This Old school Light Green Natural Type A Jadeite Jade Pendant Necklace is a must-have for anyone who loves exquisite jewelry. The pendant is carefully crafted as Guanyin, creating a meaningful and beautiful piece. Certificate numbers: 920460008861 Natural Type A Jadeite: This pendant is made of natural Type A jadeite, which gives it incredible durability [&hellip;]<\/p>","protected":false},"featured_media":6565,"comment_status":"open","ping_status":"closed","template":"","meta":[],"product_brand":[],"product_cat":[48],"product_tag":[],"class_list":{"0":"post-1628","1":"product","2":"type-product","3":"status-publish","4":"has-post-thumbnail","6":"product_cat-pendants","8":"first","9":"instock","10":"sale","11":"shipping-taxable","12":"purchasable","13":"product-type-simple"},"_links":{"self":[{"href":"https:\/\/shop.yipinqian.com\/fr\/wp-json\/wp\/v2\/product\/1628","targetHints":{"allow":["GET"]}}],"collection":[{"href":"https:\/\/shop.yipinqian.com\/fr\/wp-json\/wp\/v2\/product"}],"about":[{"href":"https:\/\/shop.yipinqian.com\/fr\/wp-json\/wp\/v2\/types\/product"}],"replies":[{"embeddable":true,"href":"https:\/\/shop.yipinqian.com\/fr\/wp-json\/wp\/v2\/comments?post=1628"}],"version-history":[{"count":0,"href":"https:\/\/shop.yipinqian.com\/fr\/wp-json\/wp\/v2\/product\/1628\/revisions"}],"wp:featuredmedia":[{"embeddable":true,"href":"https:\/\/shop.yipinqian.com\/fr\/wp-json\/wp\/v2\/media\/6565"}],"wp:attachment":[{"href":"https:\/\/shop.yipinqian.com\/fr\/wp-json\/wp\/v2\/media?parent=1628"}],"wp:term":[{"taxonomy":"product_brand","embeddable":true,"href":"https:\/\/shop.yipinqian.com\/fr\/wp-json\/wp\/v2\/product_brand?post=1628"},{"taxonomy":"product_cat","embeddable":true,"href":"https:\/\/shop.yipinqian.com\/fr\/wp-json\/wp\/v2\/product_cat?post=1628"},{"taxonomy":"product_tag","embeddable":true,"href":"https:\/\/shop.yipinqian.com\/fr\/wp-json\/wp\/v2\/product_tag?post=1628"}],"curies":[{"name":"wp","href":"https:\/\/api.w.org\/{rel}","templated":true}]}}