{"id":1626,"date":"2024-10-24T23:20:52","date_gmt":"2024-10-24T15:20:52","guid":{"rendered":"https:\/\/shop.yipinqian.com\/product\/old-school-hollow-style-green-and-white-natural-type-a-jadeite-jade-crafted-with-flowers-and-coins-as-a-pendant-necklace-with-certificate-weigh-41-56-grams-measurement-56-3-43-2-11-8-mm-pendant204\/"},"modified":"2025-02-24T01:17:28","modified_gmt":"2025-02-23T17:17:28","slug":"old-school-hollow-style-green-and-white-natural-type-a-jadeite-jade-crafted-with-flowers-and-coins-as-a-pendant-necklace-with-certificate-weigh-41-56-grams-measurement-56-3-43-2-11-8-mm-pendant204","status":"publish","type":"product","link":"https:\/\/shop.yipinqian.com\/fr\/produit\/old-school-hollow-style-green-and-white-natural-type-a-jadeite-jade-crafted-with-flowers-and-coins-as-a-pendant-necklace-with-certificate-weigh-41-56-grams-measurement-56-3-43-2-11-8-mm-pendant204\/","title":{"rendered":"Collier pendentif en jade jad\u00e9ite naturelle de type A vert et blanc de style creux \u00e0 l&#039;ancienne, fabriqu\u00e9 avec des fleurs et des pi\u00e8ces de monnaie, avec certificat, pesant 41,56 grammes, mesurant 56,3 * 43,2 * 11,8 mm (pendentif204)"},"content":{"rendered":"<p>Ce collier pendentif en jade jad\u00e9ite naturelle de type A vert et blanc est un superbe bijou parfait pour un usage quotidien. Fabriqu\u00e9 dans un style creux \u00e0 l&#039;ancienne, ce pendentif pr\u00e9sente des fleurs et des pi\u00e8ces d\u00e9licates qui lui donnent une touche unique.<\/p>\n<p><\/p>\n<p>Num\u00e9ros de certificat : ZGDTE183107<\/p>\n<p><\/p>\n<ul>\n<li>\n<strong>Artisanat exquis :<\/strong> La conception complexe de ce pendentif met en valeur le savoir-faire exquis impliqu\u00e9 dans sa cr\u00e9ation.<\/li>\n<li>\n<strong>Jad\u00e9ite naturelle :<\/strong> Fabriqu\u00e9 en jad\u00e9ite naturelle de type A 100%, le collier a un poids de 41,56 grammes et mesure 56,3 * 43,2 * 11,8 mm (pendentif204).<\/li>\n<li>\n<strong>Certificat inclus :<\/strong> Ce collier en jade est accompagn\u00e9 d&#039;un certificat garantissant son authenticit\u00e9.<\/li>\n<\/ul>\n<p>Fabriqu\u00e9 au Myanmar, ce collier unisexe a un style d\u00e9contract\u00e9 qui peut \u00eatre port\u00e9 en toute occasion sans compromettre le style ou l&#039;\u00e9l\u00e9gance. Cependant, il n&#039;est assorti d&#039;aucune garantie.<\/p>\n<p><\/p>\n<p>Yi Pin Qian \u2013 N\u00e9gociant en pierres pr\u00e9cieuses et m\u00e9taux pr\u00e9cieux \u00e0 Singapour \u2013 Num\u00e9ro de licence PS20190000031<\/p>\n<p><\/p>\n<p>*Toutes les jad\u00e9ites achet\u00e9es chez Yi Pin Qian \u00e0 Singapour, les clients peuvent r\u00e9server des cr\u00e9neaux pour le polissage ou une r\u00e9paration mineure en cas de mauvaise manipulation - des frais s&#039;appliquent et uniquement pour les clients de Yi Pin Qian \u00e0 Singapour*<\/p>\n<p><\/p>\n<p><strong>**Types de certificats**<\/strong><\/p>\n<p><\/p>\n<p><strong>NGI (Nan Yang Gemmologie)<\/strong><\/p>\n<p>ou <strong>Certificats \u00e9trangers <\/strong>(Yi Pin Qian utilise uniquement des certificats authentiques provenant de laboratoires \u00e9trangers et contr\u00f4le \u00e9galement la qualit\u00e9 de chacun de nos produits avant de les mettre en vente \u00e0 Singapour)<\/p>\n<p><\/p>\n<p>Chaque produit sur TikTok aura le type de certificat fourni indiqu\u00e9 dans la description. Pour tout client souhaitant envoyer sa commande \u00e0 NGI Singapore, il y aura un d\u00e9lai d&#039;attente pour la livraison de la commande estim\u00e9 \u00e0 environ 4 semaines pour recevoir votre commande. <strong>Les demandes de rapport sur les pierres pr\u00e9cieuses NGI doivent \u00eatre effectu\u00e9es en envoyant un message \u00e0 la boutique TikTok de Yi Pin Qian.<\/strong> Merci, <strong><u>des frais suppl\u00e9mentaires s&#039;appliquent<\/u><\/strong>.<\/p>\n<p><\/p>\n<p><strong>La jad\u00e9ite naturelle n&#039;est pas parfaite, juste un petit rappel : notre jad\u00e9ite naturelle, comme toutes les belles choses de la nature, poss\u00e8de ses caract\u00e9ristiques et ses variations uniques. Nous invitons nos pr\u00e9cieux clients \u00e0 adopter ces variations naturelles. Bon shopping !<\/strong><\/p>\n<p><\/p>\n<p><strong><u>Aucune des photos et des s\u00e9quences vid\u00e9o n&#039;a \u00e9t\u00e9 filtr\u00e9e. Nous encourageons nos clients \u00e0 regarder \u00e9galement les vid\u00e9os d&#039;accompagnement pour une vue plus compl\u00e8te de nos produits<\/u><\/strong><\/p>","protected":false},"excerpt":{"rendered":"<p>This Green and White Natural Type A Jadeite Jade pendant necklace is a stunning piece of jewelry that is perfect for daily wear. Crafted in an old school hollow style, this pendant features delicate flowers and coins that give it a unique touch. Certificate numbers: ZGDTE183107 Exquisite Craftsmanship: The intricate design of this pendant showcases [&hellip;]<\/p>","protected":false},"featured_media":6557,"comment_status":"open","ping_status":"closed","template":"","meta":[],"product_brand":[],"product_cat":[195],"product_tag":[],"class_list":{"0":"post-1626","1":"product","2":"type-product","3":"status-publish","4":"has-post-thumbnail","6":"product_cat-heirloom-grade","8":"first","9":"instock","10":"sale","11":"shipping-taxable","12":"purchasable","13":"product-type-simple"},"_links":{"self":[{"href":"https:\/\/shop.yipinqian.com\/fr\/wp-json\/wp\/v2\/product\/1626","targetHints":{"allow":["GET"]}}],"collection":[{"href":"https:\/\/shop.yipinqian.com\/fr\/wp-json\/wp\/v2\/product"}],"about":[{"href":"https:\/\/shop.yipinqian.com\/fr\/wp-json\/wp\/v2\/types\/product"}],"replies":[{"embeddable":true,"href":"https:\/\/shop.yipinqian.com\/fr\/wp-json\/wp\/v2\/comments?post=1626"}],"version-history":[{"count":0,"href":"https:\/\/shop.yipinqian.com\/fr\/wp-json\/wp\/v2\/product\/1626\/revisions"}],"wp:featuredmedia":[{"embeddable":true,"href":"https:\/\/shop.yipinqian.com\/fr\/wp-json\/wp\/v2\/media\/6557"}],"wp:attachment":[{"href":"https:\/\/shop.yipinqian.com\/fr\/wp-json\/wp\/v2\/media?parent=1626"}],"wp:term":[{"taxonomy":"product_brand","embeddable":true,"href":"https:\/\/shop.yipinqian.com\/fr\/wp-json\/wp\/v2\/product_brand?post=1626"},{"taxonomy":"product_cat","embeddable":true,"href":"https:\/\/shop.yipinqian.com\/fr\/wp-json\/wp\/v2\/product_cat?post=1626"},{"taxonomy":"product_tag","embeddable":true,"href":"https:\/\/shop.yipinqian.com\/fr\/wp-json\/wp\/v2\/product_tag?post=1626"}],"curies":[{"name":"wp","href":"https:\/\/api.w.org\/{rel}","templated":true}]}}