{"id":1624,"date":"2024-10-24T23:20:51","date_gmt":"2024-10-24T15:20:51","guid":{"rendered":"https:\/\/shop.yipinqian.com\/product\/old-pit-rare-green-natural-type-a-jadeite-g18k-setting-gold-ring-with-dia-crafted-as-dragon-with-certificate-total-weigh-2-99-grams-internal-finger-ring-size-17-6-mm-18kring6\/"},"modified":"2025-02-24T01:17:28","modified_gmt":"2025-02-23T17:17:28","slug":"old-pit-rare-green-natural-type-a-jadeite-g18k-setting-gold-ring-with-dia-crafted-as-dragon-with-certificate-total-weigh-2-99-grams-internal-finger-ring-size-17-6-mm-18kring6","status":"publish","type":"product","link":"https:\/\/shop.yipinqian.com\/fr\/produit\/old-pit-rare-green-natural-type-a-jadeite-g18k-setting-gold-ring-with-dia-crafted-as-dragon-with-certificate-total-weigh-2-99-grams-internal-finger-ring-size-17-6-mm-18kring6\/","title":{"rendered":"Bague en or avec monture en jad\u00e9ite naturelle verte rare de type A de Old Pit G18k avec diam\u00e8tre fabriqu\u00e9 en forme de dragon avec certificat, poids total de 2,99 grammes, taille de l&#039;anneau interne 17,6 mm (18kring6)"},"content":{"rendered":"<p>This Old Pit Rare Green Natural Type A Jadeite G18k Setting Gold Ring with Dia is a stunning piece of jewelry that will add a touch of elegance to any outfit. Crafted as Dragon, this ring is truly unique and eye-catching.<\/p>\n<ul>\n<li>\n<strong>Rare Natural Jadeite:<\/strong> Made from rare natural Type A jadeite from Myanmar, this ring has a beautiful green hue.<\/li>\n<\/ul>\n<p><strong>Dragon Cabochon size<\/strong>: 9.6 *<em> 7.3 *<\/em> 3 mm<\/p>\n<ul>\n<li>\n<strong>Gold Setting:<\/strong> The ring is set in G18k gold, which complements the jadeite perfectly and adds durability to the piece.<\/li>\n<\/ul>\n<p><strong>Poids de l&#039;or 18 carats :<\/strong> 2.55 grams<\/p>\n<ul>\n<li>\n<strong>Accents de diamant\u00a0:<\/strong> The dragon on the ring is accented with diamonds, adding a touch of sparkle and luxury to this already exquisite piece.<\/li>\n<\/ul>\n<p><strong>Diamants<\/strong>, 0.003 *<em> 12, 0.008 <\/em>* 28, total = 0.26 carats<\/p>\n<p>\u00a0<\/p>\n<p>The total weight of the ring is <strong>2.99 grams<\/strong> and it has an internal finger size of <strong>17.6 mm<\/strong>, making it suitable for daily wear by both men and women. With its certificate verifying its authenticity as natural Type A jadeite, you can be confident in your purchase.<\/p>\n<ul>\n<li>\n<strong>Certificat inclus :<\/strong> This Old Pit Rare Green Natural Type A Jadeite G18k Setting Gold Ring comes with a certificate verifying its authenticity as natural Type A jadeite for your peace of mind<\/li>\n<\/ul>\n<p><strong>Certificate numbers: GD2112H003875<\/strong><\/p>\n<p><img fetchpriority=\"high\" decoding=\"async\" height=\"1080\" src=\"https:\/\/shop.yipinqian.com\/wp-content\/uploads\/2024\/10\/afe1407a7e5d4c00ae5e08c648efa160.jpg?from=476444299\" width=\"1080\"><\/p>\n<p>Add some elegance to your jewelry collection or surprise someone special with this exceptional dragon shaped green stone set in gleaming gold band!<\/p>\n<p>\u00a0<\/p>\n<p>Yi Pin Qian \u2013 N\u00e9gociant en pierres pr\u00e9cieuses et m\u00e9taux pr\u00e9cieux \u00e0 Singapour \u2013 Num\u00e9ro de licence PS20190000031<\/p>\n<p>\u00a0<\/p>\n<p>*Toutes les jad\u00e9ites achet\u00e9es chez Yi Pin Qian \u00e0 Singapour, les clients peuvent r\u00e9server des cr\u00e9neaux pour le polissage ou une r\u00e9paration mineure en cas de mauvaise manipulation - des frais s&#039;appliquent et uniquement pour les clients de Yi Pin Qian \u00e0 Singapour*<\/p>\n<p>\u00a0<\/p>\n<p><strong>**Types de certificats**<\/strong><\/p>\n<p>\u00a0<\/p>\n<p><strong>NGI (Nan Yang Gemmologie)<\/strong><\/p>\n<p>ou <strong>Certificats \u00e9trangers <\/strong>(Yi Pin Qian utilise uniquement des certificats authentiques provenant de laboratoires \u00e9trangers et contr\u00f4le \u00e9galement la qualit\u00e9 de chacun de nos produits avant de les mettre en vente \u00e0 Singapour)<\/p>\n<p>\u00a0<\/p>\n<p>Chaque produit sur TikTok aura le type de certificat fourni indiqu\u00e9 dans la description. Pour tout client souhaitant envoyer sa commande \u00e0 NGI Singapore, il y aura un d\u00e9lai d&#039;attente pour la livraison de la commande estim\u00e9 \u00e0 environ 4 semaines pour recevoir votre commande. <strong>Les demandes de rapport sur les pierres pr\u00e9cieuses NGI doivent \u00eatre effectu\u00e9es en envoyant un message \u00e0 la boutique TikTok de Yi Pin Qian.<\/strong> Merci, <strong><u>des frais suppl\u00e9mentaires s&#039;appliquent<\/u><\/strong>.<\/p>\n<p>\u00a0<\/p>\n<p><strong>La jad\u00e9ite naturelle n&#039;est pas parfaite, juste un petit rappel : notre jad\u00e9ite naturelle, comme toutes les belles choses de la nature, poss\u00e8de ses caract\u00e9ristiques et ses variations uniques. Nous invitons nos pr\u00e9cieux clients \u00e0 adopter ces variations naturelles. Bon shopping !<\/strong><\/p>\n<p>\u00a0<\/p>\n<p><strong><u>Aucune des photos et des s\u00e9quences vid\u00e9o n&#039;a \u00e9t\u00e9 filtr\u00e9e. Nous encourageons nos clients \u00e0 regarder \u00e9galement les vid\u00e9os d&#039;accompagnement pour une vue plus compl\u00e8te de nos produits<\/u><\/strong><\/p>","protected":false},"excerpt":{"rendered":"<p>Cette bague en or avec monture en jad\u00e9ite naturelle de type A verte rare Old Pit G18k avec diam\u00e8tre est un superbe bijou qui ajoutera une touche d&#039;\u00e9l\u00e9gance \u00e0 n&#039;importe quelle tenue. Fabriqu\u00e9e en forme de dragon, cette bague est vraiment unique et accrocheuse. Jad\u00e9ite naturelle rare : Fabriqu\u00e9e \u00e0 partir de jad\u00e9ite naturelle rare de type A du Myanmar, cette bague [\u2026]<\/p>","protected":false},"featured_media":6539,"comment_status":"open","ping_status":"closed","template":"","meta":[],"product_brand":[],"product_cat":[195],"product_tag":[],"class_list":{"0":"post-1624","1":"product","2":"type-product","3":"status-publish","4":"has-post-thumbnail","6":"product_cat-heirloom-grade","8":"first","9":"instock","10":"sale","11":"shipping-taxable","12":"purchasable","13":"product-type-simple"},"_links":{"self":[{"href":"https:\/\/shop.yipinqian.com\/fr\/wp-json\/wp\/v2\/product\/1624","targetHints":{"allow":["GET"]}}],"collection":[{"href":"https:\/\/shop.yipinqian.com\/fr\/wp-json\/wp\/v2\/product"}],"about":[{"href":"https:\/\/shop.yipinqian.com\/fr\/wp-json\/wp\/v2\/types\/product"}],"replies":[{"embeddable":true,"href":"https:\/\/shop.yipinqian.com\/fr\/wp-json\/wp\/v2\/comments?post=1624"}],"version-history":[{"count":0,"href":"https:\/\/shop.yipinqian.com\/fr\/wp-json\/wp\/v2\/product\/1624\/revisions"}],"wp:featuredmedia":[{"embeddable":true,"href":"https:\/\/shop.yipinqian.com\/fr\/wp-json\/wp\/v2\/media\/6539"}],"wp:attachment":[{"href":"https:\/\/shop.yipinqian.com\/fr\/wp-json\/wp\/v2\/media?parent=1624"}],"wp:term":[{"taxonomy":"product_brand","embeddable":true,"href":"https:\/\/shop.yipinqian.com\/fr\/wp-json\/wp\/v2\/product_brand?post=1624"},{"taxonomy":"product_cat","embeddable":true,"href":"https:\/\/shop.yipinqian.com\/fr\/wp-json\/wp\/v2\/product_cat?post=1624"},{"taxonomy":"product_tag","embeddable":true,"href":"https:\/\/shop.yipinqian.com\/fr\/wp-json\/wp\/v2\/product_tag?post=1624"}],"curies":[{"name":"wp","href":"https:\/\/api.w.org\/{rel}","templated":true}]}}