{"id":1622,"date":"2024-10-24T23:20:50","date_gmt":"2024-10-24T15:20:50","guid":{"rendered":"https:\/\/shop.yipinqian.com\/product\/old-pit-icy-bluish-green-natural-type-a-jadeite-pendant-necklace-crafted-as-laughing-buddha-with-certificate-weigh-13-48-grams-27-7-31-6-7-2-mm-pendant162\/"},"modified":"2025-02-24T01:17:29","modified_gmt":"2025-02-23T17:17:29","slug":"old-pit-icy-bluish-green-natural-type-a-jadeite-pendant-necklace-crafted-as-laughing-buddha-with-certificate-weigh-13-48-grams-27-7-31-6-7-2-mm-pendant162","status":"publish","type":"product","link":"https:\/\/shop.yipinqian.com\/fr\/produit\/old-pit-icy-bluish-green-natural-type-a-jadeite-pendant-necklace-crafted-as-laughing-buddha-with-certificate-weigh-13-48-grams-27-7-31-6-7-2-mm-pendant162\/","title":{"rendered":"Collier pendentif en jad\u00e9ite naturelle de type A vert bleut\u00e9 glac\u00e9 Old Pit fabriqu\u00e9 en forme de Bouddha rieur avec certificat pesant 13,48 grammes, 27,7 * 31,6 * 7,2 mm (pendentif162)"},"content":{"rendered":"<p>Ce collier pendentif en jad\u00e9ite naturelle de type A vert bleut\u00e9 glac\u00e9 Old Pit, con\u00e7u en tant que Bouddha rieur, est un ajout \u00e9tonnant \u00e0 toute collection de bijoux.<\/p>\n<p><\/p>\n<p><strong>Num\u00e9ros de certificat : GD2109H014607<\/strong><\/p>\n<ul>\n<li>\n<strong>Jad\u00e9ite naturelle de type A :<\/strong> Le pendentif est fait de jad\u00e9ite naturelle de type A de haute qualit\u00e9, ce qui lui donne une apparence unique et magnifique.<\/li>\n<li>\n<strong>Avec certificat :<\/strong> Ce pendentif est accompagn\u00e9 d&#039;un certificat garantissant son authenticit\u00e9.<\/li>\n<li>\n<strong>Style de collier d\u00e9contract\u00e9 :<\/strong> Le style d\u00e9contract\u00e9 du collier le rend parfait pour un usage quotidien ou pour des occasions sp\u00e9ciales.<\/li>\n<\/ul>\n<p>Le design du Bouddha rieur de ce collier ajoute un aspect int\u00e9ressant et attrayant \u00e0 son attrait esth\u00e9tique. Il pr\u00e9sente une couleur vert bleut\u00e9 glacial qui lui conf\u00e8re une sensation sereine et paisible. Cette pi\u00e8ce unisexe p\u00e8se 13,48 grammes et mesure 27,7 * 31,6 * 7,2 mm (pendentif 162).<\/p>\n<ul>\n<li>\n<strong>Fabriqu\u00e9 au Myanmar :<\/strong> Ce produit vient du Myanmar, vous donnant acc\u00e8s au meilleur jade que le pays a \u00e0 offrir.<\/li>\n<\/ul>\n<p>Ce collier pendentif en jad\u00e9ite naturelle de type A est un cadeau id\u00e9al pour vous-m\u00eame ou vos proches \u00e0 toute occasion quotidienne, car il n&#039;y a aucune restriction sp\u00e9cifique quant au moment o\u00f9 vous pouvez porter ce chef-d&#039;\u0153uvre !<\/p>\n<ul>\n<li>\n<strong>Aucune garantie disponible\u00a0: <\/strong>Veuillez noter qu&#039;aucune garantie n&#039;est actuellement disponible pour ce produit ; cependant, nous vous assurons de son authenticit\u00e9 !<\/li>\n<\/ul>\n<p>Yi Pin Qian \u2013 N\u00e9gociant en pierres pr\u00e9cieuses et m\u00e9taux pr\u00e9cieux \u00e0 Singapour \u2013 Num\u00e9ro de licence PS20190000031<\/p>\n<p><\/p>\n<p>*Toutes les jad\u00e9ites achet\u00e9es chez Yi Pin Qian \u00e0 Singapour, les clients peuvent r\u00e9server des cr\u00e9neaux pour le polissage ou une r\u00e9paration mineure en cas de mauvaise manipulation - des frais s&#039;appliquent et uniquement pour les clients de Yi Pin Qian \u00e0 Singapour*<\/p>\n<p><\/p>\n<p><strong>**Types de certificats**<\/strong><\/p>\n<p><\/p>\n<p><strong>NGI (Nan Yang Gemmologie)<\/strong><\/p>\n<p>ou <strong>Certificats \u00e9trangers <\/strong>(Yi Pin Qian utilise uniquement des certificats authentiques provenant de laboratoires \u00e9trangers et contr\u00f4le \u00e9galement la qualit\u00e9 de chacun de nos produits avant de les mettre en vente \u00e0 Singapour)<\/p>\n<p><\/p>\n<p>Chaque produit sur TikTok aura le type de certificat fourni indiqu\u00e9 dans la description. Pour tout client souhaitant envoyer sa commande \u00e0 NGI Singapore, il y aura un d\u00e9lai d&#039;attente pour la livraison de la commande estim\u00e9 \u00e0 environ 4 semaines pour recevoir votre commande. <strong>Les demandes de rapport sur les pierres pr\u00e9cieuses NGI doivent \u00eatre effectu\u00e9es en envoyant un message \u00e0 la boutique TikTok de Yi Pin Qian.<\/strong> Merci, <strong><u>des frais suppl\u00e9mentaires s&#039;appliquent<\/u><\/strong>.<\/p>\n<p><\/p>\n<p><strong>La jad\u00e9ite naturelle n&#039;est pas parfaite, juste un petit rappel : notre jad\u00e9ite naturelle, comme toutes les belles choses de la nature, poss\u00e8de ses caract\u00e9ristiques et ses variations uniques. Nous invitons nos pr\u00e9cieux clients \u00e0 adopter ces variations naturelles. Bon shopping !<\/strong><\/p>\n<p><\/p>\n<p><strong><u>Aucune des photos et des s\u00e9quences vid\u00e9o n&#039;a \u00e9t\u00e9 filtr\u00e9e. Nous encourageons nos clients \u00e0 regarder \u00e9galement les vid\u00e9os d&#039;accompagnement pour une vue plus compl\u00e8te de nos produits<\/u><\/strong><\/p>","protected":false},"excerpt":{"rendered":"<p>Ce collier pendentif en jad\u00e9ite naturelle de type A vert bleut\u00e9 glac\u00e9 Old Pit, con\u00e7u en forme de Bouddha rieur, est un ajout \u00e9tonnant \u00e0 toute collection de bijoux. Num\u00e9ros de certificat : GD2109H014607 Jad\u00e9ite naturelle de type A : Le pendentif est fabriqu\u00e9 en jad\u00e9ite naturelle de type A de haute qualit\u00e9, ce qui lui donne une apparence unique et magnifique. Avec certificat : Ce pendentif est livr\u00e9 avec [\u2026]<\/p>","protected":false},"featured_media":6529,"comment_status":"open","ping_status":"closed","template":"","meta":[],"product_brand":[],"product_cat":[195],"product_tag":[],"class_list":{"0":"post-1622","1":"product","2":"type-product","3":"status-publish","4":"has-post-thumbnail","6":"product_cat-heirloom-grade","8":"first","9":"instock","10":"sale","11":"shipping-taxable","12":"purchasable","13":"product-type-simple"},"_links":{"self":[{"href":"https:\/\/shop.yipinqian.com\/fr\/wp-json\/wp\/v2\/product\/1622","targetHints":{"allow":["GET"]}}],"collection":[{"href":"https:\/\/shop.yipinqian.com\/fr\/wp-json\/wp\/v2\/product"}],"about":[{"href":"https:\/\/shop.yipinqian.com\/fr\/wp-json\/wp\/v2\/types\/product"}],"replies":[{"embeddable":true,"href":"https:\/\/shop.yipinqian.com\/fr\/wp-json\/wp\/v2\/comments?post=1622"}],"version-history":[{"count":0,"href":"https:\/\/shop.yipinqian.com\/fr\/wp-json\/wp\/v2\/product\/1622\/revisions"}],"wp:featuredmedia":[{"embeddable":true,"href":"https:\/\/shop.yipinqian.com\/fr\/wp-json\/wp\/v2\/media\/6529"}],"wp:attachment":[{"href":"https:\/\/shop.yipinqian.com\/fr\/wp-json\/wp\/v2\/media?parent=1622"}],"wp:term":[{"taxonomy":"product_brand","embeddable":true,"href":"https:\/\/shop.yipinqian.com\/fr\/wp-json\/wp\/v2\/product_brand?post=1622"},{"taxonomy":"product_cat","embeddable":true,"href":"https:\/\/shop.yipinqian.com\/fr\/wp-json\/wp\/v2\/product_cat?post=1622"},{"taxonomy":"product_tag","embeddable":true,"href":"https:\/\/shop.yipinqian.com\/fr\/wp-json\/wp\/v2\/product_tag?post=1622"}],"curies":[{"name":"wp","href":"https:\/\/api.w.org\/{rel}","templated":true}]}}