{"id":1619,"date":"2024-10-24T23:20:48","date_gmt":"2024-10-24T15:20:48","guid":{"rendered":"https:\/\/shop.yipinqian.com\/product\/oil-green-natural-type-a-jadeite-pendant-carved-as-water-buffalo-representing-hardworking-and-simple-unstoppable-strong-and-healthy-and-turn-the-tide-certificate-include-weighs-14-56-grams-34-6-23-6-1\/"},"modified":"2025-02-17T00:04:07","modified_gmt":"2025-02-16T16:04:07","slug":"oil-green-natural-type-a-jadeite-pendant-carved-as-water-buffalo-representing-hardworking-and-simple-unstoppable-strong-and-healthy-and-turn-the-tide-certificate-include-weighs-14-56-grams-34-6-23-6-1","status":"publish","type":"product","link":"https:\/\/shop.yipinqian.com\/fr\/produit\/oil-green-natural-type-a-jadeite-pendant-carved-as-water-buffalo-representing-hardworking-and-simple-unstoppable-strong-and-healthy-and-turn-the-tide-certificate-include-weighs-14-56-grams-34-6-23-6-1\/","title":{"rendered":"Pendentif en jad\u00e9ite naturelle de type A vert p\u00e9trole sculpt\u00e9 en forme de buffle d&#039;eau repr\u00e9sentant le travail acharn\u00e9 et la simplicit\u00e9, l&#039;imparable, la force et la sant\u00e9 et le renversement de la tendance, le certificat comprend p\u00e8se 14,56 grammes, 34,6 * 23,6 * 11,5 mm, convient \u00e0 un usage quotidien (pendentif80)"},"content":{"rendered":"<p>Ce pendentif en jad\u00e9ite naturelle de type A vert p\u00e9trole est un superbe bijou parfait pour un usage quotidien. Fabriqu\u00e9 en jade de haute qualit\u00e9, ce pendentif p\u00e8se 14,56 grammes et mesure 34,6 * 23,6 * 11,5 mm.<\/p>\n<ul>\n<li>\n<strong>Repr\u00e9sentant le travail acharn\u00e9 et la simplicit\u00e9 :<\/strong> Ce pendentif repr\u00e9sente un buffle d&#039;eau, qui repr\u00e9sente le travail acharn\u00e9 et la simplicit\u00e9.<\/li>\n<li>\n<strong>Inarr\u00eatable :<\/strong> Le buffle d\u2019eau repr\u00e9sente \u00e9galement la force et un esprit inarr\u00eatable.<\/li>\n<li>\n<strong>Fort et en bonne sant\u00e9 :<\/strong> Fabriqu\u00e9 \u00e0 partir de jad\u00e9ite naturelle de type A, ce pendentif est non seulement beau, mais favorise \u00e9galement la force et la bonne sant\u00e9.<\/li>\n<li>\n<strong>Inverser la tendance :<\/strong>La sculpture du buffle d&#039;eau sur le pendentif symbolise le renversement de la tendance ou le d\u00e9passement des d\u00e9fis difficiles de la vie<\/li>\n<\/ul>\n<p><strong>Num\u00e9ros de certificat : ZS24040200291<\/strong><\/p>\n<p><img fetchpriority=\"high\" decoding=\"async\" height=\"1080\" src=\"https:\/\/shop.yipinqian.com\/wp-content\/uploads\/2024\/10\/5b06eb6fac07e666daf2a3ac04eaabcb.jpg?from=476444299\" width=\"1080\"><img decoding=\"async\" height=\"1080\" src=\"https:\/\/shop.yipinqian.com\/wp-content\/uploads\/2024\/10\/9e40e14cd0e69c1c3cf29ad395620d35.jpg?from=476444299\" width=\"1080\"><\/p>\n<p>Ce style de collier est suffisamment d\u00e9contract\u00e9 pour \u00eatre port\u00e9 au quotidien tout en faisant sensation avec son design de sculpture complexe. Il est livr\u00e9 avec un certificat d&#039;authenticit\u00e9 pour garantir sa qualit\u00e9, originaire du Myanmar, connu pour sa production de jad\u00e9ite de haute qualit\u00e9. Cette pi\u00e8ce unisexe est facile \u00e0 offrir \u00e0 toute personne de votre entourage qui appr\u00e9cie l&#039;artisanat de la haute joaillerie.<\/p>\n<p>Ajoutez ce pendentif en jad\u00e9ite naturelle de type A vert p\u00e9trole sculpt\u00e9 en forme de buffle d&#039;eau repr\u00e9sentant le travailleur, la simple, l&#039;imparable, la forte et la saine, renversez la tendance \u00e0 votre collection d\u00e8s aujourd&#039;hui\u00a0!<\/p>\n<p>.<\/p>\n<p>Yi Pin Qian \u2013 N\u00e9gociant en pierres pr\u00e9cieuses et m\u00e9taux pr\u00e9cieux \u00e0 Singapour \u2013 Num\u00e9ro de licence PS20190000031<\/p>\n<p>\u00a0<\/p>\n<p>*Toutes les jad\u00e9ites achet\u00e9es chez Yi Pin Qian \u00e0 Singapour, les clients peuvent r\u00e9server des cr\u00e9neaux pour le polissage ou une r\u00e9paration mineure en cas de mauvaise manipulation - des frais s&#039;appliquent et uniquement pour les clients de Yi Pin Qian \u00e0 Singapour*<\/p>\n<p>\u00a0<\/p>\n<p><strong>**Types de certificats**<\/strong><\/p>\n<p>\u00a0<\/p>\n<p><strong>NGI (Nan Yang Gemmologie)<\/strong><\/p>\n<p>ou <strong>Certificats \u00e9trangers <\/strong>(Yi Pin Qian utilise uniquement des certificats authentiques provenant de laboratoires \u00e9trangers et contr\u00f4le \u00e9galement la qualit\u00e9 de chacun de nos produits avant de les mettre en vente \u00e0 Singapour)<\/p>\n<p>\u00a0<\/p>\n<p>Chaque produit sur TikTok aura le type de certificat fourni indiqu\u00e9 dans la description. Pour tout client souhaitant envoyer sa commande \u00e0 NGI Singapore, il y aura un d\u00e9lai d&#039;attente pour la livraison de la commande estim\u00e9 \u00e0 environ 4 semaines pour recevoir votre commande. <strong>Les demandes de rapport sur les pierres pr\u00e9cieuses NGI doivent \u00eatre effectu\u00e9es en envoyant un message \u00e0 la boutique TikTok de Yi Pin Qian.<\/strong> Merci, <strong><u>des frais suppl\u00e9mentaires s&#039;appliquent<\/u><\/strong>.<\/p>\n<p>\u00a0<\/p>\n<p><strong>La jad\u00e9ite naturelle n&#039;est pas parfaite, juste un petit rappel : notre jad\u00e9ite naturelle, comme toutes les belles choses de la nature, poss\u00e8de ses caract\u00e9ristiques et ses variations uniques. Nous invitons nos pr\u00e9cieux clients \u00e0 adopter ces variations naturelles. Bon shopping !<\/strong><\/p>\n<p>\u00a0<\/p>\n<p><strong><u>Aucune des photos et des s\u00e9quences vid\u00e9o n&#039;a \u00e9t\u00e9 filtr\u00e9e. Nous encourageons nos clients \u00e0 regarder \u00e9galement les vid\u00e9os d&#039;accompagnement pour une vue plus compl\u00e8te de nos produits<\/u><\/strong><\/p>\n<p>\u00a0<\/p>\n<p>.<\/p>","protected":false},"excerpt":{"rendered":"<p>This Oil Green Natural Type A Jadeite Pendant is a stunning piece of jewelry that is perfect for daily wear. Made from high-quality jade, this pendant weigh 14.56 grams and measures 34.6 * 23.6 * 11.5 mm. Representing Hardworking and Simple: This pendant features a water buffalo, which represents hard work and simplicity. Unstoppable: The [&hellip;]<\/p>","protected":false},"featured_media":6513,"comment_status":"open","ping_status":"closed","template":"","meta":[],"product_brand":[],"product_cat":[48],"product_tag":[],"class_list":{"0":"post-1619","1":"product","2":"type-product","3":"status-publish","4":"has-post-thumbnail","6":"product_cat-pendants","8":"first","9":"instock","10":"sale","11":"shipping-taxable","12":"purchasable","13":"product-type-simple"},"_links":{"self":[{"href":"https:\/\/shop.yipinqian.com\/fr\/wp-json\/wp\/v2\/product\/1619","targetHints":{"allow":["GET"]}}],"collection":[{"href":"https:\/\/shop.yipinqian.com\/fr\/wp-json\/wp\/v2\/product"}],"about":[{"href":"https:\/\/shop.yipinqian.com\/fr\/wp-json\/wp\/v2\/types\/product"}],"replies":[{"embeddable":true,"href":"https:\/\/shop.yipinqian.com\/fr\/wp-json\/wp\/v2\/comments?post=1619"}],"version-history":[{"count":0,"href":"https:\/\/shop.yipinqian.com\/fr\/wp-json\/wp\/v2\/product\/1619\/revisions"}],"wp:featuredmedia":[{"embeddable":true,"href":"https:\/\/shop.yipinqian.com\/fr\/wp-json\/wp\/v2\/media\/6513"}],"wp:attachment":[{"href":"https:\/\/shop.yipinqian.com\/fr\/wp-json\/wp\/v2\/media?parent=1619"}],"wp:term":[{"taxonomy":"product_brand","embeddable":true,"href":"https:\/\/shop.yipinqian.com\/fr\/wp-json\/wp\/v2\/product_brand?post=1619"},{"taxonomy":"product_cat","embeddable":true,"href":"https:\/\/shop.yipinqian.com\/fr\/wp-json\/wp\/v2\/product_cat?post=1619"},{"taxonomy":"product_tag","embeddable":true,"href":"https:\/\/shop.yipinqian.com\/fr\/wp-json\/wp\/v2\/product_tag?post=1619"}],"curies":[{"name":"wp","href":"https:\/\/api.w.org\/{rel}","templated":true}]}}