{"id":1618,"date":"2024-10-24T23:20:48","date_gmt":"2024-10-24T15:20:48","guid":{"rendered":"https:\/\/shop.yipinqian.com\/product\/nicely-crafted-yellow-premium-quality-leg-with-ruyi-and-spider-natural-type-a-jadeite-pendant-symbolism-contentment-wealth-and-happiness-wealth-and-good-fortune-with-certificate-weigh-10-70-grams-25-8\/"},"modified":"2025-02-24T00:49:52","modified_gmt":"2025-02-23T16:49:52","slug":"nicely-crafted-yellow-premium-quality-leg-with-ruyi-and-spider-natural-type-a-jadeite-pendant-symbolism-contentment-wealth-and-happiness-wealth-and-good-fortune-with-certificate-weigh-10-70-grams-25-8","status":"publish","type":"product","link":"https:\/\/shop.yipinqian.com\/fr\/produit\/nicely-crafted-yellow-premium-quality-leg-with-ruyi-and-spider-natural-type-a-jadeite-pendant-symbolism-contentment-wealth-and-happiness-wealth-and-good-fortune-with-certificate-weigh-10-70-grams-25-8\/","title":{"rendered":"Pendentif en jad\u00e9ite naturelle de type A avec une jambe jaune de qualit\u00e9 sup\u00e9rieure joliment con\u00e7ue avec Ruyi et araign\u00e9e Symbolisme Contentement, richesse et bonheur, richesse et bonne fortune avec certificat p\u00e8se 10,70 grammes, 25,80 * 16,6 * 14,5 mm convient \u00e0 un usage quotidien (pendentif73)"},"content":{"rendered":"<p>Ce pendentif en jad\u00e9ite naturelle de type A de qualit\u00e9 sup\u00e9rieure avec une jambe jaune joliment con\u00e7ue et une araign\u00e9e Ruyi est un ajout \u00e9tonnant \u00e0 toute collection de bijoux. Ce pendentif est magnifiquement con\u00e7u et symbolise le contentement, la richesse, le bonheur et la bonne fortune.<\/p>\n<ul>\n<li>\n<strong>Mat\u00e9riau de qualit\u00e9 sup\u00e9rieure :<\/strong> Fabriqu\u00e9 \u00e0 partir de jad\u00e9ite naturelle de type A avec un poids de 10,70 grammes.<\/li>\n<li>\n<strong>Conception symbolique :<\/strong> La jambe jaune de qualit\u00e9 sup\u00e9rieure avec le design Ruyi et Spider repr\u00e9sente le contentement, la richesse et le bonheur.<\/li>\n<li>\n<strong>Certificat inclus :<\/strong> Ce pendentif est accompagn\u00e9 d&#039;un certificat d&#039;authenticit\u00e9 pour garantir que vous recevez un produit de la plus haute qualit\u00e9.<\/li>\n<\/ul>\n<p><strong>Num\u00e9ros de certificat : GD2111H012374<\/strong><\/p>\n<p><img fetchpriority=\"high\" decoding=\"async\" height=\"1080\" src=\"https:\/\/shop.yipinqian.com\/wp-content\/uploads\/2024\/10\/b4d726621d0b91c74b6394a8bb47eec7.jpg?from=476444299\" width=\"1080\"><\/p>\n<p>Ce pendentif est parfait pour un usage quotidien gr\u00e2ce \u00e0 son style de collier d\u00e9contract\u00e9. Il mesure 25,80 * 16,6 * 14,5 mm, ce qui en fait la taille parfaite pour toutes les occasions tout en ajoutant de l&#039;\u00e9l\u00e9gance \u00e0 votre look g\u00e9n\u00e9ral.<\/p>\n<ul>\n<li>\n<strong>Fabriqu\u00e9 au Myanmar :<\/strong> Le pays d&#039;origine de ce produit est le Myanmar<\/li>\n<li>\n<strong>Collier et pendentif en jade Style : <\/strong>Le style de collier de ce produit est d\u00e9contract\u00e9<\/li>\n<li>.<\/li>\n<\/ul>\n<p>Ajoutez une touche d&#039;\u00e9l\u00e9gance et de sophistication \u00e0 votre garde-robe aujourd&#039;hui avec ce pendentif en jad\u00e9ite naturelle de type A Ruyi et Spider de qualit\u00e9 sup\u00e9rieure jaune joliment con\u00e7u !<\/p>\n<p>\u00a0<\/p>\n<p>Yi Pin Qian \u2013 N\u00e9gociant en pierres pr\u00e9cieuses et m\u00e9taux pr\u00e9cieux \u00e0 Singapour \u2013 Num\u00e9ro de licence PS20190000031<\/p>\n<p>\u00a0<\/p>\n<p>*Toutes les jad\u00e9ites achet\u00e9es chez Yi Pin Qian \u00e0 Singapour, les clients peuvent r\u00e9server des cr\u00e9neaux pour le polissage ou une r\u00e9paration mineure en cas de mauvaise manipulation - des frais s&#039;appliquent et uniquement pour les clients de Yi Pin Qian \u00e0 Singapour*<\/p>\n<p>\u00a0<\/p>\n<p><strong>**Types de certificats**<\/strong><\/p>\n<p>\u00a0<\/p>\n<p><strong>NGI (Nan Yang Gemmologie)<\/strong><\/p>\n<p>ou <strong>Certificats \u00e9trangers <\/strong>(Yi Pin Qian utilise uniquement des certificats authentiques provenant de laboratoires \u00e9trangers et contr\u00f4le \u00e9galement la qualit\u00e9 de chacun de nos produits avant de les mettre en vente \u00e0 Singapour)<\/p>\n<p>\u00a0<\/p>\n<p>Chaque produit sur TikTok aura le type de certificat fourni indiqu\u00e9 dans la description. Pour tout client souhaitant envoyer sa commande \u00e0 NGI Singapore, il y aura un d\u00e9lai d&#039;attente pour la livraison de la commande estim\u00e9 \u00e0 environ 4 semaines pour recevoir votre commande. <strong>Les demandes de rapport sur les pierres pr\u00e9cieuses NGI doivent \u00eatre effectu\u00e9es en envoyant un message \u00e0 la boutique TikTok de Yi Pin Qian.<\/strong> Merci, <strong><u>des frais suppl\u00e9mentaires s&#039;appliquent<\/u><\/strong>.<\/p>\n<p>\u00a0<\/p>\n<p><strong>La jad\u00e9ite naturelle n&#039;est pas parfaite, juste un petit rappel : notre jad\u00e9ite naturelle, comme toutes les belles choses de la nature, poss\u00e8de ses caract\u00e9ristiques et ses variations uniques. Nous invitons nos pr\u00e9cieux clients \u00e0 adopter ces variations naturelles. Bon shopping !<\/strong><\/p>\n<p>\u00a0<\/p>\n<p><strong><u>Aucune des photos et des s\u00e9quences vid\u00e9o n&#039;a \u00e9t\u00e9 filtr\u00e9e. Nous encourageons nos clients \u00e0 regarder \u00e9galement les vid\u00e9os d&#039;accompagnement pour une vue plus compl\u00e8te de nos produits<\/u><\/strong><\/p>","protected":false},"excerpt":{"rendered":"<p>This Nicely Crafted Yellow Premium Quality Leg with Ruyi and Spider Natural Type A Jadeite Pendant is a stunning addition to any jewelry collection. This pendant is beautifully crafted and symbolizes contentment, wealth, happiness, and good fortune. Premium Quality Material: Made from natural Type A Jadeite with a weight of 10.70 grams. Symbolic Design: The [&hellip;]<\/p>","protected":false},"featured_media":6501,"comment_status":"open","ping_status":"closed","template":"","meta":[],"product_brand":[],"product_cat":[194],"product_tag":[],"class_list":{"0":"post-1618","1":"product","2":"type-product","3":"status-publish","4":"has-post-thumbnail","6":"product_cat-value-picks","8":"first","9":"instock","10":"sale","11":"shipping-taxable","12":"purchasable","13":"product-type-simple"},"_links":{"self":[{"href":"https:\/\/shop.yipinqian.com\/fr\/wp-json\/wp\/v2\/product\/1618","targetHints":{"allow":["GET"]}}],"collection":[{"href":"https:\/\/shop.yipinqian.com\/fr\/wp-json\/wp\/v2\/product"}],"about":[{"href":"https:\/\/shop.yipinqian.com\/fr\/wp-json\/wp\/v2\/types\/product"}],"replies":[{"embeddable":true,"href":"https:\/\/shop.yipinqian.com\/fr\/wp-json\/wp\/v2\/comments?post=1618"}],"version-history":[{"count":0,"href":"https:\/\/shop.yipinqian.com\/fr\/wp-json\/wp\/v2\/product\/1618\/revisions"}],"wp:featuredmedia":[{"embeddable":true,"href":"https:\/\/shop.yipinqian.com\/fr\/wp-json\/wp\/v2\/media\/6501"}],"wp:attachment":[{"href":"https:\/\/shop.yipinqian.com\/fr\/wp-json\/wp\/v2\/media?parent=1618"}],"wp:term":[{"taxonomy":"product_brand","embeddable":true,"href":"https:\/\/shop.yipinqian.com\/fr\/wp-json\/wp\/v2\/product_brand?post=1618"},{"taxonomy":"product_cat","embeddable":true,"href":"https:\/\/shop.yipinqian.com\/fr\/wp-json\/wp\/v2\/product_cat?post=1618"},{"taxonomy":"product_tag","embeddable":true,"href":"https:\/\/shop.yipinqian.com\/fr\/wp-json\/wp\/v2\/product_tag?post=1618"}],"curies":[{"name":"wp","href":"https:\/\/api.w.org\/{rel}","templated":true}]}}