{"id":1614,"date":"2024-10-24T23:20:47","date_gmt":"2024-10-24T15:20:47","guid":{"rendered":"https:\/\/shop.yipinqian.com\/product\/natural-type-a-jadeite-with-certificate-hugh-pendant-carved-as-dragon-with-yellow-weight-103-37-grams-76-60-49-80-16-80-mm-suitable-for-occasion-wear-or-for-collections-pendant124\/"},"modified":"2025-02-17T00:04:07","modified_gmt":"2025-02-16T16:04:07","slug":"natural-type-a-jadeite-with-certificate-hugh-pendant-carved-as-dragon-with-yellow-weight-103-37-grams-76-60-49-80-16-80-mm-suitable-for-occasion-wear-or-for-collections-pendant124","status":"publish","type":"product","link":"https:\/\/shop.yipinqian.com\/fr\/produit\/natural-type-a-jadeite-with-certificate-hugh-pendant-carved-as-dragon-with-yellow-weight-103-37-grams-76-60-49-80-16-80-mm-suitable-for-occasion-wear-or-for-collections-pendant124\/","title":{"rendered":"Pendentif en jad\u00e9ite naturelle de type A avec certificat Hugh sculpt\u00e9 en forme de dragon avec du jaune pesant 103,37 grammes, 76,60 * 49,80 * 16,80 mm, adapt\u00e9 \u00e0 un usage occasionnel ou pour des collections (pendentif124)"},"content":{"rendered":"<p>Ce pendentif en jad\u00e9ite naturelle de type A est un ajout \u00e9tonnant \u00e0 toute collection de bijoux. Sculpt\u00e9 en forme de dragon aux teintes jaunes, ce pendentif p\u00e8se 103,37 grammes et mesure 76,60 * 49,80 * 16,80 mm, ce qui le rend adapt\u00e9 \u00e0 la fois aux occasions sp\u00e9ciales et aux collectionneurs.<\/p>\n<p><img fetchpriority=\"high\" decoding=\"async\" height=\"1080\" src=\"https:\/\/shop.yipinqian.com\/wp-content\/uploads\/2024\/10\/66bc089b0455dc37d527a93136e1bfb6.jpg?from=476444299\" width=\"1080\"><img decoding=\"async\" height=\"1080\" src=\"https:\/\/shop.yipinqian.com\/wp-content\/uploads\/2024\/10\/3997b242d1af7ad2290e5cc2d5707b8c.jpg?from=476444299\" width=\"1080\"><\/p>\n<p>Fabriqu\u00e9 en jad\u00e9ite, ce collier respire l&#039;\u00e9l\u00e9gance et la sophistication avec son motif de dragon complexe. Principales caract\u00e9ristiques : \u2013 Jad\u00e9ite naturelle de type A \u2013 Certificat inclus \u2013 Motif dragon aux teintes jaunes \u2013 Convient pour les occasions sp\u00e9ciales ou les collections Qu&#039;il soit port\u00e9 comme une pi\u00e8ce de d\u00e9claration ou ajout\u00e9 \u00e0 votre tenue quotidienne, ce collier est parfait pour tout amateur de bijoux masculin \u00e0 la recherche d&#039;un style \u00e9l\u00e9gant et d\u00e9contract\u00e9. Attributs du produit :<\/p>\n<ul>\n<li>Avec certificat : Oui \u2013 <strong>Num\u00e9ro de certificat 911189007926<\/strong>\n<\/li>\n<li>Pays d&#039;origine : Myanmar<\/li>\n<li>Occasion : Quotidien<\/li>\n<li>Type de garantie : Aucune garantie disponible<\/li>\n<li>Sexe : Masculin<\/li>\n<li>Type de jade : Jad\u00e9ite<\/li>\n<li>Collier Style D\u00e9contract\u00e9<\/li>\n<\/ul>\n<p>Investissez d\u00e8s aujourd\u2019hui dans la beaut\u00e9 intemporelle du jade naturel !<\/p>\n<p>\u00a0<\/p>\n<p>Yi Pin Qian \u2013 N\u00e9gociant en pierres pr\u00e9cieuses et m\u00e9taux pr\u00e9cieux \u00e0 Singapour \u2013 Num\u00e9ro de licence PS20190000031<\/p>\n<p>\u00a0<\/p>\n<p>*Toutes les jad\u00e9ites achet\u00e9es chez Yi Pin Qian \u00e0 Singapour, les clients peuvent r\u00e9server des cr\u00e9neaux pour le polissage ou une r\u00e9paration mineure en cas de mauvaise manipulation - des frais s&#039;appliquent et uniquement pour les clients de Yi Pin Qian \u00e0 Singapour*<\/p>\n<p>\u00a0<\/p>\n<p><strong>**Types de certificats**<\/strong><\/p>\n<p>\u00a0<\/p>\n<p><strong>NGI (Nan Yang Gemmologie)<\/strong><\/p>\n<p>ou <strong>Certificats \u00e9trangers <\/strong>(Yi Pin Qian utilise uniquement des certificats authentiques provenant de laboratoires \u00e9trangers et contr\u00f4le \u00e9galement la qualit\u00e9 de chacun de nos produits avant de les mettre en vente \u00e0 Singapour)<\/p>\n<p>\u00a0<\/p>\n<p>Chaque produit sur TikTok aura le type de certificat fourni indiqu\u00e9 dans la description. Pour tout client souhaitant envoyer sa commande \u00e0 NGI Singapore, il y aura un d\u00e9lai d&#039;attente pour la livraison de la commande estim\u00e9 \u00e0 environ 4 semaines pour recevoir votre commande. <strong>Les demandes de rapport sur les pierres pr\u00e9cieuses NGI doivent \u00eatre effectu\u00e9es en envoyant un message \u00e0 la boutique TikTok de Yi Pin Qian.<\/strong> Merci, <strong><u>des frais suppl\u00e9mentaires s&#039;appliquent<\/u><\/strong>.<\/p>","protected":false},"excerpt":{"rendered":"<p>This Natural Type A Jadeite pendant is a stunning addition to any jewelry collection. Carved as a dragon with yellow hues, this pendant weigh 103.37 grams and measures 76.60 * 49.80 * 16.80 mm, making it suitable for both occasion wear and collectors. Crafted from Jadeite, this necklace exudes elegance and sophistication with its intricate [&hellip;]<\/p>","protected":false},"featured_media":6471,"comment_status":"open","ping_status":"closed","template":"","meta":[],"product_brand":[],"product_cat":[48],"product_tag":[],"class_list":{"0":"post-1614","1":"product","2":"type-product","3":"status-publish","4":"has-post-thumbnail","6":"product_cat-pendants","8":"first","9":"instock","10":"sale","11":"shipping-taxable","12":"purchasable","13":"product-type-simple"},"_links":{"self":[{"href":"https:\/\/shop.yipinqian.com\/fr\/wp-json\/wp\/v2\/product\/1614","targetHints":{"allow":["GET"]}}],"collection":[{"href":"https:\/\/shop.yipinqian.com\/fr\/wp-json\/wp\/v2\/product"}],"about":[{"href":"https:\/\/shop.yipinqian.com\/fr\/wp-json\/wp\/v2\/types\/product"}],"replies":[{"embeddable":true,"href":"https:\/\/shop.yipinqian.com\/fr\/wp-json\/wp\/v2\/comments?post=1614"}],"version-history":[{"count":0,"href":"https:\/\/shop.yipinqian.com\/fr\/wp-json\/wp\/v2\/product\/1614\/revisions"}],"wp:featuredmedia":[{"embeddable":true,"href":"https:\/\/shop.yipinqian.com\/fr\/wp-json\/wp\/v2\/media\/6471"}],"wp:attachment":[{"href":"https:\/\/shop.yipinqian.com\/fr\/wp-json\/wp\/v2\/media?parent=1614"}],"wp:term":[{"taxonomy":"product_brand","embeddable":true,"href":"https:\/\/shop.yipinqian.com\/fr\/wp-json\/wp\/v2\/product_brand?post=1614"},{"taxonomy":"product_cat","embeddable":true,"href":"https:\/\/shop.yipinqian.com\/fr\/wp-json\/wp\/v2\/product_cat?post=1614"},{"taxonomy":"product_tag","embeddable":true,"href":"https:\/\/shop.yipinqian.com\/fr\/wp-json\/wp\/v2\/product_tag?post=1614"}],"curies":[{"name":"wp","href":"https:\/\/api.w.org\/{rel}","templated":true}]}}