{"id":1612,"date":"2024-10-24T23:20:44","date_gmt":"2024-10-24T15:20:44","guid":{"rendered":"https:\/\/shop.yipinqian.com\/product\/natural-type-a-jadeite-pendant-with-ngi-gemstone-report-crafted-with-buddha-near-colorless-with-light-yellowish-brown-patches-with-good-translucency-weighs-40-07-grams-69-18-30-95-7-27-mm-pendant146\/"},"modified":"2025-02-24T01:34:17","modified_gmt":"2025-02-23T17:34:17","slug":"natural-type-a-jadeite-pendant-with-ngi-gemstone-report-crafted-with-buddha-near-colorless-with-light-yellowish-brown-patches-with-good-translucency-weighs-40-07-grams-69-18-30-95-7-27-mm-pendant146","status":"publish","type":"product","link":"https:\/\/shop.yipinqian.com\/fr\/produit\/natural-type-a-jadeite-pendant-with-ngi-gemstone-report-crafted-with-buddha-near-colorless-with-light-yellowish-brown-patches-with-good-translucency-weighs-40-07-grams-69-18-30-95-7-27-mm-pendant146\/","title":{"rendered":"Natural Type A Jadeite Pendant with NGI Gemstone Report Crafted with Buddha near colorless with light yellowish-brown patches with good translucency , weighs 40.07 grams , 69.18 * 30.95 * 7.27 mm (pendant146)"},"content":{"rendered":"<p>This Natural Type A Jadeite Pendant is a stunning piece of jewelry that features a Buddha carving and  with NGI Gemstone Report.<\/p>\n<p><strong>NGI Report Numbers: 16817289<\/strong><\/p>\n<p>The pendant has beautiful near colorless appearance with light yellowish-brown patches and good translucency, giving it an elegant look.<\/p>\n<p>With a weight of 40.07 grams and dimensions of 69.18 * 30.95 * 7.27 mm, this pendant is perfect for adding charm to any outfit.<\/p>\n<p>Key Features: &#8211; Natural Type A Jadeite Pendant &#8211; NGI Gemstone Report &#8211; Buddha carving &#8211; Near colorless appearance with light yellowish-brown patches &#8211; Good translucency &#8211; Weighs 40.07 grams &#8211; Dimensions: 69.18 *30 .95 *7 .27 mm<\/p>\n<p><img fetchpriority=\"high\" decoding=\"async\" height=\"1080\" src=\"https:\/\/shop.yipinqian.com\/wp-content\/uploads\/2024\/10\/e69c8bf59d364b19746e0ac3ef9ebd7c.jpg?from=476444299\" width=\"1080\"><\/p>\n<p>This unisex necklace style has a casual design that can be worn for any occasion, making it perfect for everyday wear or as an elegant gift to your loved one. Product Attributes:<\/p>\n<ul>\n<li>Avec certificat : Oui<\/li>\n<li>Warranty Type: No warranty<\/li>\n<li>Genre : Unisexe<\/li>\n<li>Style de collier : D\u00e9contract\u00e9<\/li>\n<\/ul>\n<p>Invest in this beautiful Natural Type A Jadeite Pendant from Yi Pin Qian &#8211; License Precious Stone Dealing Company, today!<\/p>\n<p>Yi Pin Qian \u2013 N\u00e9gociant en pierres pr\u00e9cieuses et m\u00e9taux pr\u00e9cieux \u00e0 Singapour \u2013 Num\u00e9ro de licence PS20190000031<\/p>\n<p>*Toutes les jad\u00e9ites achet\u00e9es chez Yi Pin Qian \u00e0 Singapour, les clients peuvent r\u00e9server des cr\u00e9neaux pour le polissage ou une r\u00e9paration mineure en cas de mauvaise manipulation - des frais s&#039;appliquent et uniquement pour les clients de Yi Pin Qian \u00e0 Singapour*<\/p>\n<ul>\n<li> <\/li>\n<\/ul>\n<p>NGI (Nan Yang Gemmologie)<\/p>\n<p>ou des certificats \u00e9trangers (Yi Pin Qian utilise uniquement des certificats authentiques provenant de laboratoires \u00e9trangers et contr\u00f4le \u00e9galement la qualit\u00e9 de chacun de nos produits avant de les mettre en vente \u00e0 Singapour)<\/p>\n<p> <\/p>\n<p>Chaque produit sur TikTok aura le type de certificat fourni indiqu\u00e9 dans la description. Pour tout client souhaitant envoyer sa commande \u00e0 NGI Singapore, il y aura un d\u00e9lai d&#039;attente pour la livraison de la commande estim\u00e9 \u00e0 environ 4 semaines pour recevoir votre commande. Les demandes de rapport sur les pierres pr\u00e9cieuses NGI doivent \u00eatre effectu\u00e9es en envoyant un message \u00e0 la boutique TikTok Yi Pin Qian. Merci, des frais suppl\u00e9mentaires s&#039;appliquent.<\/p>","protected":false},"excerpt":{"rendered":"<p>This Natural Type A Jadeite Pendant is a stunning piece of jewelry that features a Buddha carving and with NGI Gemstone Report. NGI Report Numbers: 16817289 The pendant has beautiful near colorless appearance with light yellowish-brown patches and good translucency, giving it an elegant look. With a weight of 40.07 grams and dimensions of 69.18 [&hellip;]<\/p>","protected":false},"featured_media":6459,"comment_status":"open","ping_status":"closed","template":"","meta":[],"product_brand":[],"product_cat":[196],"product_tag":[],"class_list":{"0":"post-1612","1":"product","2":"type-product","3":"status-publish","4":"has-post-thumbnail","6":"product_cat-vault-collection","8":"first","9":"instock","10":"sale","11":"shipping-taxable","12":"purchasable","13":"product-type-simple"},"_links":{"self":[{"href":"https:\/\/shop.yipinqian.com\/fr\/wp-json\/wp\/v2\/product\/1612","targetHints":{"allow":["GET"]}}],"collection":[{"href":"https:\/\/shop.yipinqian.com\/fr\/wp-json\/wp\/v2\/product"}],"about":[{"href":"https:\/\/shop.yipinqian.com\/fr\/wp-json\/wp\/v2\/types\/product"}],"replies":[{"embeddable":true,"href":"https:\/\/shop.yipinqian.com\/fr\/wp-json\/wp\/v2\/comments?post=1612"}],"version-history":[{"count":0,"href":"https:\/\/shop.yipinqian.com\/fr\/wp-json\/wp\/v2\/product\/1612\/revisions"}],"wp:featuredmedia":[{"embeddable":true,"href":"https:\/\/shop.yipinqian.com\/fr\/wp-json\/wp\/v2\/media\/6459"}],"wp:attachment":[{"href":"https:\/\/shop.yipinqian.com\/fr\/wp-json\/wp\/v2\/media?parent=1612"}],"wp:term":[{"taxonomy":"product_brand","embeddable":true,"href":"https:\/\/shop.yipinqian.com\/fr\/wp-json\/wp\/v2\/product_brand?post=1612"},{"taxonomy":"product_cat","embeddable":true,"href":"https:\/\/shop.yipinqian.com\/fr\/wp-json\/wp\/v2\/product_cat?post=1612"},{"taxonomy":"product_tag","embeddable":true,"href":"https:\/\/shop.yipinqian.com\/fr\/wp-json\/wp\/v2\/product_tag?post=1612"}],"curies":[{"name":"wp","href":"https:\/\/api.w.org\/{rel}","templated":true}]}}