{"id":1596,"date":"2024-10-24T23:20:35","date_gmt":"2024-10-24T15:20:35","guid":{"rendered":"https:\/\/shop.yipinqian.com\/product\/mix-with-lavender-light-green-and-wuji-natural-type-a-jadeite-donut-pendant-meaning-wealthy-safe-and-healthy-with-certificate-weighs-7-28-grams-26-1-5-2-mm-good-for-daily-wear-pendant92\/"},"modified":"2025-02-17T00:04:06","modified_gmt":"2025-02-16T16:04:06","slug":"mix-with-lavender-light-green-and-wuji-natural-type-a-jadeite-donut-pendant-meaning-wealthy-safe-and-healthy-with-certificate-weighs-7-28-grams-26-1-5-2-mm-good-for-daily-wear-pendant92","status":"publish","type":"product","link":"https:\/\/shop.yipinqian.com\/fr\/produit\/mix-with-lavender-light-green-and-wuji-natural-type-a-jadeite-donut-pendant-meaning-wealthy-safe-and-healthy-with-certificate-weighs-7-28-grams-26-1-5-2-mm-good-for-daily-wear-pendant92\/","title":{"rendered":"M\u00e9lange de lavande, de vert clair et de pendentif en forme de donut en jad\u00e9ite naturelle de type A Wuji signifiant riche, s\u00fbr et sain avec certificat p\u00e8se 7,28 grammes, 26,1 * 5,2 mm, id\u00e9al pour un usage quotidien (pendentif92)"},"content":{"rendered":"<p>Ornez-vous de ce pendentif donut en jad\u00e9ite naturelle de type A m\u00e9lang\u00e9 \u00e0 de la lavande, du vert clair et du wuji et adoptez une vie de richesse, de s\u00e9curit\u00e9 et de sant\u00e9.<\/p>\n<ul>\n<li>\n<strong>Jade authentique :<\/strong> Fabriqu\u00e9 \u00e0 partir de v\u00e9ritable jad\u00e9ite de type A du Myanmar, ce pendentif est un symbole de puret\u00e9 et de long\u00e9vit\u00e9.<\/li>\n<li>\n<strong>Style de collier d\u00e9contract\u00e9 :<\/strong> Ce pendentif est parfait pour un usage quotidien.<\/li>\n<li>\n<strong>Certificat inclus :<\/strong> Ce pendentif en jade est accompagn\u00e9 d&#039;un certificat garantissant son authenticit\u00e9.<\/li>\n<\/ul>\n<p><strong>Num\u00e9ros de certificat : ZS24040800178<\/strong><\/p>\n<p><img fetchpriority=\"high\" decoding=\"async\" height=\"1080\" src=\"https:\/\/shop.yipinqian.com\/wp-content\/uploads\/2024\/10\/66ed8402b4ed843c5c2ee4a7a106cba2.jpg?from=476444299\" width=\"1080\"><\/p>\n<p>Pesant 7,28 grammes et mesurant 26,1 * 5,2 mm, cette pi\u00e8ce unisexe pr\u00e9sente de belles nuances de lavande et de vert clair qui compl\u00e8teront parfaitement n&#039;importe quelle tenue ou teint.<\/p>\n<p>Incorporez les bienfaits du jade dans votre vie en le portant quotidiennement au cours de vos activit\u00e9s quotidiennes sans avoir \u00e0 vous soucier de sa durabilit\u00e9 car il est livr\u00e9 sans aucun type de garantie qui lui est attach\u00e9.<\/p>\n<p>\u00a0<\/p>\n<p>Yi Pin Qian \u2013 N\u00e9gociant en pierres pr\u00e9cieuses et m\u00e9taux pr\u00e9cieux \u00e0 Singapour \u2013 Num\u00e9ro de licence PS20190000031<\/p>\n<p>\u00a0<\/p>\n<p>*Toutes les jad\u00e9ites achet\u00e9es chez Yi Pin Qian \u00e0 Singapour, les clients peuvent r\u00e9server des cr\u00e9neaux pour le polissage ou une r\u00e9paration mineure en cas de mauvaise manipulation - des frais s&#039;appliquent et uniquement pour les clients de Yi Pin Qian \u00e0 Singapour*<\/p>\n<p>\u00a0<\/p>\n<p><strong>**Types de certificats**<\/strong><\/p>\n<p>\u00a0<\/p>\n<p><strong>NGI (Nan Yang Gemmologie)<\/strong><\/p>\n<p>ou <strong>Certificats \u00e9trangers <\/strong>(Yi Pin Qian utilise uniquement des certificats authentiques provenant de laboratoires \u00e9trangers et contr\u00f4le \u00e9galement la qualit\u00e9 de chacun de nos produits avant de les mettre en vente \u00e0 Singapour)<\/p>\n<p>\u00a0<\/p>\n<p>Chaque produit sur TikTok aura le type de certificat fourni indiqu\u00e9 dans la description. Pour tout client souhaitant envoyer sa commande \u00e0 NGI Singapore, il y aura un d\u00e9lai d&#039;attente pour la livraison de la commande estim\u00e9 \u00e0 environ 4 semaines pour recevoir votre commande. <strong>Les demandes de rapport sur les pierres pr\u00e9cieuses NGI doivent \u00eatre effectu\u00e9es en envoyant un message \u00e0 la boutique TikTok de Yi Pin Qian.<\/strong> Merci, <strong><u>des frais suppl\u00e9mentaires s&#039;appliquent<\/u><\/strong>.<\/p>\n<p>\u00a0<\/p>\n<p>.<\/p>","protected":false},"excerpt":{"rendered":"<p>Adorn yourself with this Mix with Lavender, light green and wuji Natural Type A Jadeite Donut Pendant and embrace a life of Wealth, Safety and Health. Authentic Jade: Crafted from genuine Type A Jadeite from Myanmar, this pendant is a symbol of purity and longevity. Casual Necklace Style: This pendant is perfect for daily wear. [&hellip;]<\/p>","protected":false},"featured_media":6344,"comment_status":"open","ping_status":"closed","template":"","meta":[],"product_brand":[],"product_cat":[48],"product_tag":[],"class_list":{"0":"post-1596","1":"product","2":"type-product","3":"status-publish","4":"has-post-thumbnail","6":"product_cat-pendants","8":"first","9":"instock","10":"sale","11":"shipping-taxable","12":"purchasable","13":"product-type-simple"},"_links":{"self":[{"href":"https:\/\/shop.yipinqian.com\/fr\/wp-json\/wp\/v2\/product\/1596","targetHints":{"allow":["GET"]}}],"collection":[{"href":"https:\/\/shop.yipinqian.com\/fr\/wp-json\/wp\/v2\/product"}],"about":[{"href":"https:\/\/shop.yipinqian.com\/fr\/wp-json\/wp\/v2\/types\/product"}],"replies":[{"embeddable":true,"href":"https:\/\/shop.yipinqian.com\/fr\/wp-json\/wp\/v2\/comments?post=1596"}],"version-history":[{"count":0,"href":"https:\/\/shop.yipinqian.com\/fr\/wp-json\/wp\/v2\/product\/1596\/revisions"}],"wp:featuredmedia":[{"embeddable":true,"href":"https:\/\/shop.yipinqian.com\/fr\/wp-json\/wp\/v2\/media\/6344"}],"wp:attachment":[{"href":"https:\/\/shop.yipinqian.com\/fr\/wp-json\/wp\/v2\/media?parent=1596"}],"wp:term":[{"taxonomy":"product_brand","embeddable":true,"href":"https:\/\/shop.yipinqian.com\/fr\/wp-json\/wp\/v2\/product_brand?post=1596"},{"taxonomy":"product_cat","embeddable":true,"href":"https:\/\/shop.yipinqian.com\/fr\/wp-json\/wp\/v2\/product_cat?post=1596"},{"taxonomy":"product_tag","embeddable":true,"href":"https:\/\/shop.yipinqian.com\/fr\/wp-json\/wp\/v2\/product_tag?post=1596"}],"curies":[{"name":"wp","href":"https:\/\/api.w.org\/{rel}","templated":true}]}}