{"id":1595,"date":"2024-10-24T23:20:34","date_gmt":"2024-10-24T15:20:34","guid":{"rendered":"https:\/\/shop.yipinqian.com\/product\/mix-with-green-lavender-and-icy-natural-type-a-jadeite-jade-33-beads-with-measurement-of-5-5-mm-bracelet-qic-labs-approved-certificate-included-weigh-9-grams-bracelet16\/"},"modified":"2025-02-17T00:04:06","modified_gmt":"2025-02-16T16:04:06","slug":"mix-with-green-lavender-and-icy-natural-type-a-jadeite-jade-33-beads-with-measurement-of-5-5-mm-bracelet-qic-labs-approved-certificate-included-weigh-9-grams-bracelet16","status":"publish","type":"product","link":"https:\/\/shop.yipinqian.com\/fr\/produit\/mix-with-green-lavender-and-icy-natural-type-a-jadeite-jade-33-beads-with-measurement-of-5-5-mm-bracelet-qic-labs-approved-certificate-included-weigh-9-grams-bracelet16\/","title":{"rendered":"M\u00e9lange de 33 perles de jade jad\u00e9ite de type A naturel vert, lavande et glac\u00e9 avec une mesure de bracelet de 5,5 mm, certificat approuv\u00e9 par les laboratoires QIC inclus pesant 9 grammes (bracelet16)"},"content":{"rendered":"<p>Ce bracelet en jade jad\u00e9ite naturel de type A m\u00e9lang\u00e9 \u00e0 du vert, de la lavande et du glacial est un accessoire parfait \u00e0 porter au quotidien. <strong>33 perles<\/strong> avoir une mesure de <strong>5,5 mm<\/strong> chacun et sont enfil\u00e9s ensemble pour peser <strong>9 grammes<\/strong> dans l&#039;ensemble.<\/p>\n<p><\/p>\n<p><strong>Num\u00e9ros de certificat : 5924032200010<\/strong><\/p>\n<ul>\n<li>\n<strong>M\u00e9lange de couleurs :<\/strong> Pr\u00e9sentant des tons naturels verts, lavande et glac\u00e9s, ce bracelet met en valeur la beaut\u00e9 unique du jade jad\u00e9ite.<\/li>\n<li>\n<strong>Approuv\u00e9 par QIC Labs :<\/strong> Ce bracelet est livr\u00e9 avec un certificat approuv\u00e9 par les laboratoires QIC pour garantir son authenticit\u00e9.<\/li>\n<li>\n<strong>S&#039;adapte confortablement :<\/strong> Le bracelet est con\u00e7u sous la forme d&#039;un bracelet confortable \u00e0 porter qui peut \u00eatre ajust\u00e9 pour s&#039;adapter \u00e0 la taille de votre poignet<\/li>\n<\/ul>\n<p>Le jade jad\u00e9ite naturel de type A utilis\u00e9 dans ce produit provient du Myanmar, ce qui garantit son authenticit\u00e9 et sa qualit\u00e9. C&#039;est un cadeau id\u00e9al pour les femmes qui appr\u00e9cient les pi\u00e8ces \u00e9poustouflantes qui peuvent \u00eatre port\u00e9es en toute occasion.<\/p>\n<ul>\n<li>\n<strong>Aucune garantie : <\/strong>Ce produit n&#039;est accompagn\u00e9 d&#039;aucun type de garantie<\/li>\n<li>.<\/li>\n<\/ul>\n<p>Ajoutez cette pi\u00e8ce d\u00e9licate mais frappante \u00e0 votre collection de bijoux d\u00e8s aujourd&#039;hui\u00a0!<\/p>\n<p>.<\/p>\n<p>Yi Pin Qian \u2013 N\u00e9gociant en pierres pr\u00e9cieuses et m\u00e9taux pr\u00e9cieux \u00e0 Singapour \u2013 Num\u00e9ro de licence PS20190000031<\/p>\n<p><\/p>\n<p>*Toutes les jad\u00e9ites achet\u00e9es chez Yi Pin Qian \u00e0 Singapour, les clients peuvent r\u00e9server des cr\u00e9neaux pour le polissage ou une r\u00e9paration mineure en cas de mauvaise manipulation - des frais s&#039;appliquent et uniquement pour les clients de Yi Pin Qian \u00e0 Singapour*<\/p>\n<p><\/p>\n<p><strong>**Types de certificats**<\/strong><\/p>\n<p><\/p>\n<p><strong>NGI (Nan Yang Gemmologie)<\/strong><\/p>\n<p>ou <strong>Certificats \u00e9trangers <\/strong>(Yi Pin Qian utilise uniquement des certificats authentiques provenant de laboratoires \u00e9trangers et contr\u00f4le \u00e9galement la qualit\u00e9 de chacun de nos produits avant de les mettre en vente \u00e0 Singapour)<\/p>\n<p><\/p>\n<p>Chaque produit sur TikTok aura le type de certificat fourni indiqu\u00e9 dans la description. Pour tout client souhaitant envoyer sa commande \u00e0 NGI Singapore, il y aura un d\u00e9lai d&#039;attente pour la livraison de la commande estim\u00e9 \u00e0 environ 4 semaines pour recevoir votre commande. <strong>Les demandes de rapport sur les pierres pr\u00e9cieuses NGI doivent \u00eatre effectu\u00e9es en envoyant un message \u00e0 la boutique TikTok de Yi Pin Qian.<\/strong> Merci, <strong><u>des frais suppl\u00e9mentaires s&#039;appliquent<\/u><\/strong>.<\/p>\n<p><\/p>\n<p><strong>La jad\u00e9ite naturelle n&#039;est pas parfaite, juste un petit rappel : notre jad\u00e9ite naturelle, comme toutes les belles choses de la nature, poss\u00e8de ses caract\u00e9ristiques et ses variations uniques. Nous invitons nos pr\u00e9cieux clients \u00e0 adopter ces variations naturelles. Bon shopping !<\/strong><\/p>\n<p><\/p>\n<p><strong><u>Aucune des photos et des s\u00e9quences vid\u00e9o n&#039;a \u00e9t\u00e9 filtr\u00e9e. Nous encourageons nos clients \u00e0 regarder \u00e9galement les vid\u00e9os d&#039;accompagnement pour une vue plus compl\u00e8te de nos produits<\/u><\/strong><\/p>","protected":false},"excerpt":{"rendered":"<p>Ce bracelet en jade de type A m\u00e9lang\u00e9 avec du vert, de la lavande et du glacial naturel est un accessoire parfait \u00e0 porter au quotidien. Les 33 perles mesurent 5,5 mm chacune et sont enfil\u00e9es ensemble pour peser 9 grammes au total. Num\u00e9ros de certificat : 5924032200010 M\u00e9lange de couleurs : Pr\u00e9sentant des tons verts, lavande et naturels glac\u00e9s, ce bracelet pr\u00e9sente [\u2026]<\/p>","protected":false},"featured_media":6336,"comment_status":"open","ping_status":"closed","template":"","meta":[],"product_brand":[],"product_cat":[121,84],"product_tag":[],"class_list":{"0":"post-1595","1":"product","2":"type-product","3":"status-publish","4":"has-post-thumbnail","6":"product_cat-bracelets-bangles","7":"product_cat-charms-and-charm-bracelet","9":"first","10":"instock","11":"sale","12":"shipping-taxable","13":"purchasable","14":"product-type-simple"},"_links":{"self":[{"href":"https:\/\/shop.yipinqian.com\/fr\/wp-json\/wp\/v2\/product\/1595","targetHints":{"allow":["GET"]}}],"collection":[{"href":"https:\/\/shop.yipinqian.com\/fr\/wp-json\/wp\/v2\/product"}],"about":[{"href":"https:\/\/shop.yipinqian.com\/fr\/wp-json\/wp\/v2\/types\/product"}],"replies":[{"embeddable":true,"href":"https:\/\/shop.yipinqian.com\/fr\/wp-json\/wp\/v2\/comments?post=1595"}],"version-history":[{"count":0,"href":"https:\/\/shop.yipinqian.com\/fr\/wp-json\/wp\/v2\/product\/1595\/revisions"}],"wp:featuredmedia":[{"embeddable":true,"href":"https:\/\/shop.yipinqian.com\/fr\/wp-json\/wp\/v2\/media\/6336"}],"wp:attachment":[{"href":"https:\/\/shop.yipinqian.com\/fr\/wp-json\/wp\/v2\/media?parent=1595"}],"wp:term":[{"taxonomy":"product_brand","embeddable":true,"href":"https:\/\/shop.yipinqian.com\/fr\/wp-json\/wp\/v2\/product_brand?post=1595"},{"taxonomy":"product_cat","embeddable":true,"href":"https:\/\/shop.yipinqian.com\/fr\/wp-json\/wp\/v2\/product_cat?post=1595"},{"taxonomy":"product_tag","embeddable":true,"href":"https:\/\/shop.yipinqian.com\/fr\/wp-json\/wp\/v2\/product_tag?post=1595"}],"curies":[{"name":"wp","href":"https:\/\/api.w.org\/{rel}","templated":true}]}}