{"id":1593,"date":"2024-10-24T23:20:34","date_gmt":"2024-10-24T15:20:34","guid":{"rendered":"https:\/\/shop.yipinqian.com\/product\/mid-year-special-offer-lavender-with-yellow-patches-natural-type-a-jadeite-jade-crafted-as-dragon-with-certificate-weigh-71-76-grams-54-8-54-8-15-8-mm-pendant170\/"},"modified":"2025-02-24T00:49:52","modified_gmt":"2025-02-23T16:49:52","slug":"mid-year-special-offer-lavender-with-yellow-patches-natural-type-a-jadeite-jade-crafted-as-dragon-with-certificate-weigh-71-76-grams-54-8-54-8-15-8-mm-pendant170","status":"publish","type":"product","link":"https:\/\/shop.yipinqian.com\/fr\/produit\/mid-year-special-offer-lavender-with-yellow-patches-natural-type-a-jadeite-jade-crafted-as-dragon-with-certificate-weigh-71-76-grams-54-8-54-8-15-8-mm-pendant170\/","title":{"rendered":"Offre sp\u00e9ciale de mi-ann\u00e9e Lavande avec taches jaunes Jade jad\u00e9ite naturelle de type A fa\u00e7onn\u00e9 en forme de dragon avec certificat pesant 71,76 grammes, 54,8 * 54,8 * 15,8 mm (pendentif 170)"},"content":{"rendered":"<p>Ce pendentif en jade jad\u00e9ite naturel de type A lavande avec taches jaunes, fabriqu\u00e9 en forme de dragon, est un ajout parfait \u00e0 toute collection de bijoux.<\/p>\n<p><\/p>\n<p><strong>Num\u00e9ros de certificat : SZ19286752<\/strong><\/p>\n<ul>\n<li>\n<strong>Conception exquise :<\/strong> Ce pendentif est fabriqu\u00e9 en forme de dragon, symbolisant la force et la puissance.<\/li>\n<li>\n<strong>Jad\u00e9ite naturelle de type A :<\/strong> Fabriqu\u00e9 en jad\u00e9ite naturelle de type A de haute qualit\u00e9, ce pendentif est durable et r\u00e9sistant.<\/li>\n<li>\n<strong>Certificat d&#039;authenticit\u00e9 :<\/strong> Ce produit est accompagn\u00e9 d&#039;un certificat d&#039;authenticit\u00e9 pour votre tranquillit\u00e9 d&#039;esprit.<\/li>\n<\/ul>\n<p>La couleur lavande associ\u00e9e \u00e0 des taches jaunes cr\u00e9e un design accrocheur qui peut \u00eatre port\u00e9 en toute occasion. Parfait pour un usage quotidien ou pour des \u00e9v\u00e9nements habill\u00e9s, ce style de collier unisexe peut ajouter de la sophistication \u00e0 n&#039;importe quelle tenue.<\/p>\n<ul>\n<li>\n<strong>Fabriqu\u00e9 au Myanmar :<\/strong> Le pays d&#039;origine de ce produit est le Myanmar, ce qui garantit son authenticit\u00e9 en tant que v\u00e9ritable jad\u00e9ite de la r\u00e9gion.<\/li>\n<\/ul>\n<p>Veuillez noter que ce produit n&#039;est pas couvert par une garantie. Am\u00e9liorez votre collection de bijoux d\u00e8s aujourd&#039;hui en ajoutant ce superbe pendentif dragon en jad\u00e9ite naturelle de type A !<\/p>\n<p><\/p>\n<p>Yi Pin Qian \u2013 N\u00e9gociant en pierres pr\u00e9cieuses et m\u00e9taux pr\u00e9cieux \u00e0 Singapour \u2013 Num\u00e9ro de licence PS20190000031<\/p>\n<p><\/p>\n<p>*Toutes les jad\u00e9ites achet\u00e9es chez Yi Pin Qian \u00e0 Singapour, les clients peuvent r\u00e9server des cr\u00e9neaux pour le polissage ou une r\u00e9paration mineure en cas de mauvaise manipulation - des frais s&#039;appliquent et uniquement pour les clients de Yi Pin Qian \u00e0 Singapour*<\/p>\n<p><\/p>\n<p><strong>**Types de certificats**<\/strong><\/p>\n<p><\/p>\n<p><strong>NGI (Nan Yang Gemmologie)<\/strong><\/p>\n<p>ou <strong>Certificats \u00e9trangers <\/strong>(Yi Pin Qian utilise uniquement des certificats authentiques provenant de laboratoires \u00e9trangers et contr\u00f4le \u00e9galement la qualit\u00e9 de chacun de nos produits avant de les mettre en vente \u00e0 Singapour)<\/p>\n<p><\/p>\n<p>Chaque produit sur TikTok aura le type de certificat fourni indiqu\u00e9 dans la description. Pour tout client souhaitant envoyer sa commande \u00e0 NGI Singapore, il y aura un d\u00e9lai d&#039;attente pour la livraison de la commande estim\u00e9 \u00e0 environ 4 semaines pour recevoir votre commande. <strong>Les demandes de rapport sur les pierres pr\u00e9cieuses NGI doivent \u00eatre effectu\u00e9es en envoyant un message \u00e0 la boutique TikTok de Yi Pin Qian.<\/strong> Merci, <strong><u>des frais suppl\u00e9mentaires s&#039;appliquent<\/u><\/strong>.<\/p>\n<p><\/p>\n<p><strong>La jad\u00e9ite naturelle n&#039;est pas parfaite, juste un petit rappel : notre jad\u00e9ite naturelle, comme toutes les belles choses de la nature, poss\u00e8de ses caract\u00e9ristiques et ses variations uniques. Nous invitons nos pr\u00e9cieux clients \u00e0 adopter ces variations naturelles. Bon shopping !<\/strong><\/p>\n<p><\/p>\n<p><strong><u>Aucune des photos et des s\u00e9quences vid\u00e9o n&#039;a \u00e9t\u00e9 filtr\u00e9e. Nous encourageons nos clients \u00e0 regarder \u00e9galement les vid\u00e9os d&#039;accompagnement pour une vue plus compl\u00e8te de nos produits<\/u><\/strong><\/p>","protected":false},"excerpt":{"rendered":"<p>This Lavender with Yellow Patches Natural Type A Jadeite Jade crafted as Dragon pendant is a perfect addition to any jewelry collection. Certificate numbers: SZ19286752 Exquisite Design: This pendant is crafted in the shape of a dragon, symbolizing strength and power. Natural Type A Jadeite: Made with high-quality natural type A jadeite, this pendant is [&hellip;]<\/p>","protected":false},"featured_media":6328,"comment_status":"open","ping_status":"closed","template":"","meta":[],"product_brand":[],"product_cat":[194],"product_tag":[],"class_list":{"0":"post-1593","1":"product","2":"type-product","3":"status-publish","4":"has-post-thumbnail","6":"product_cat-value-picks","8":"first","9":"instock","10":"sale","11":"shipping-taxable","12":"purchasable","13":"product-type-simple"},"_links":{"self":[{"href":"https:\/\/shop.yipinqian.com\/fr\/wp-json\/wp\/v2\/product\/1593","targetHints":{"allow":["GET"]}}],"collection":[{"href":"https:\/\/shop.yipinqian.com\/fr\/wp-json\/wp\/v2\/product"}],"about":[{"href":"https:\/\/shop.yipinqian.com\/fr\/wp-json\/wp\/v2\/types\/product"}],"replies":[{"embeddable":true,"href":"https:\/\/shop.yipinqian.com\/fr\/wp-json\/wp\/v2\/comments?post=1593"}],"version-history":[{"count":0,"href":"https:\/\/shop.yipinqian.com\/fr\/wp-json\/wp\/v2\/product\/1593\/revisions"}],"wp:featuredmedia":[{"embeddable":true,"href":"https:\/\/shop.yipinqian.com\/fr\/wp-json\/wp\/v2\/media\/6328"}],"wp:attachment":[{"href":"https:\/\/shop.yipinqian.com\/fr\/wp-json\/wp\/v2\/media?parent=1593"}],"wp:term":[{"taxonomy":"product_brand","embeddable":true,"href":"https:\/\/shop.yipinqian.com\/fr\/wp-json\/wp\/v2\/product_brand?post=1593"},{"taxonomy":"product_cat","embeddable":true,"href":"https:\/\/shop.yipinqian.com\/fr\/wp-json\/wp\/v2\/product_cat?post=1593"},{"taxonomy":"product_tag","embeddable":true,"href":"https:\/\/shop.yipinqian.com\/fr\/wp-json\/wp\/v2\/product_tag?post=1593"}],"curies":[{"name":"wp","href":"https:\/\/api.w.org\/{rel}","templated":true}]}}