{"id":1591,"date":"2024-10-24T23:20:31","date_gmt":"2024-10-24T15:20:31","guid":{"rendered":"https:\/\/shop.yipinqian.com\/product\/mid-year-special-semi-icy-translucent-natural-type-a-jadeite-jade-crafted-with-round-shape-as-pendant-with-18k-gold-clasp-certificate-weigh-18-24-grams-measurement-35-2-5-5-mm-18kp32\/"},"modified":"2025-02-24T00:49:52","modified_gmt":"2025-02-23T16:49:52","slug":"mid-year-special-semi-icy-translucent-natural-type-a-jadeite-jade-crafted-with-round-shape-as-pendant-with-18k-gold-clasp-certificate-weigh-18-24-grams-measurement-35-2-5-5-mm-18kp32","status":"publish","type":"product","link":"https:\/\/shop.yipinqian.com\/fr\/produit\/mid-year-special-semi-icy-translucent-natural-type-a-jadeite-jade-crafted-with-round-shape-as-pendant-with-18k-gold-clasp-certificate-weigh-18-24-grams-measurement-35-2-5-5-mm-18kp32\/","title":{"rendered":"Sp\u00e9cial mi-ann\u00e9e \u2013 Jade jad\u00e9ite naturelle translucide semi-glac\u00e9e de type A fabriqu\u00e9e avec une forme ronde comme pendentif avec fermoir en or 18 carats, poids certifi\u00e9 18,24 grammes, mesure 35,2 * 5,5 mm (18kp32)"},"content":{"rendered":"<p>Procurez-vous ce superbe pendentif en jade jad\u00e9ite naturelle translucide semi-glac\u00e9e de type A, con\u00e7u avec une forme ronde et un fermoir classique en or 18 carats. Ce pendentif est le compl\u00e9ment parfait \u00e0 votre collection de bijoux et ne manquera pas de faire tourner les t\u00eates.<\/p>\n<p><\/p>\n<p>Num\u00e9ros de certificat : GD2107H009527<\/p>\n<ul>\n<li>\n<strong>Jad\u00e9ite naturelle translucide semi-glac\u00e9e de type A :<\/strong> Ce magnifique pendentif est fabriqu\u00e9 \u00e0 partir de jade de haute qualit\u00e9 qui pr\u00e9sente une finition translucide semi-glac\u00e9e. La jad\u00e9ite naturelle de type A ajoute \u00e0 l&#039;attrait de cette pi\u00e8ce.<\/li>\n<li>\n<strong>Fermoir en or 18 carats :<\/strong> Le fermoir classique en or 18 carats compl\u00e8te parfaitement le superbe pendentif en jade. Il ajoute une touche d&#039;\u00e9l\u00e9gance et de sophistication qui le rend adapt\u00e9 \u00e0 toutes les occasions.<\/li>\n<li>\n<strong>P\u00e8se 18,24 grammes :<\/strong> Mesurant 35,2 * 5,5 mm (18kp32), cette pi\u00e8ce exquise p\u00e8se un impressionnant 18,24 grammes, ce qui la rend substantielle mais suffisamment confortable pour \u00eatre port\u00e9e toute la journ\u00e9e.<\/li>\n<\/ul>\n<p>Cette magnifique pi\u00e8ce est accompagn\u00e9e d&#039;un certificat d&#039;authenticit\u00e9 officiel du Myanmar, garantissant sa qualit\u00e9 et son authenticit\u00e9 - parfaite pour ceux qui appr\u00e9cient l&#039;artisanat de haute joaillerie !<\/p>\n<ul>\n<li>\n<strong>Style de collier d\u00e9contract\u00e9 :<\/strong> Ce magnifique collier a \u00e9t\u00e9 con\u00e7u en gardant \u00e0 l&#039;esprit les besoins d&#039;un style d\u00e9contract\u00e9, ce qui le rend suffisamment polyvalent pour de nombreuses occasions.<\/li>\n<\/ul>\n<p>Ce collier en jad\u00e9ite naturelle de type A est unisexe, donc tout le monde peut le porter en toute confiance sans aucune h\u00e9sitation<\/p>\n<p>Le pendentif en jad\u00e9ite naturelle translucide semi-glac\u00e9e de type A sp\u00e9cial mi-ann\u00e9e est non seulement de bon augure, mais constitue \u00e9galement une excellente option de cadeau\u00a0!<\/p>\n<p>.<\/p>\n<p><strong>La jad\u00e9ite naturelle n&#039;est pas parfaite, juste un petit rappel : notre jad\u00e9ite naturelle, comme toutes les belles choses de la nature, poss\u00e8de ses caract\u00e9ristiques et ses variations uniques. Nous invitons nos pr\u00e9cieux clients \u00e0 adopter ces variations naturelles. Bon shopping !<\/strong><\/p>\n<p><\/p>\n<p><strong><u>Aucune des photos et des s\u00e9quences vid\u00e9o n&#039;a \u00e9t\u00e9 filtr\u00e9e. Nous encourageons nos clients \u00e0 regarder \u00e9galement les vid\u00e9os d&#039;accompagnement pour une vue plus compl\u00e8te de nos produits<\/u><\/strong><\/p>","protected":false},"excerpt":{"rendered":"<p>Get your hands on this stunning Semi Icy Translucent Natural Type A Jadeite Jade pendant, crafted with a round shape, and a classic 18k Gold Clasp. This pendant makes for the perfect addition to your jewelry collection and is sure to turn heads. Certificate numbers: GD2107H009527 Semi Icy Translucent Natural Type A Jadeite: This beautiful [&hellip;]<\/p>","protected":false},"featured_media":6311,"comment_status":"open","ping_status":"closed","template":"","meta":[],"product_brand":[],"product_cat":[194],"product_tag":[],"class_list":{"0":"post-1591","1":"product","2":"type-product","3":"status-publish","4":"has-post-thumbnail","6":"product_cat-value-picks","8":"first","9":"instock","10":"sale","11":"shipping-taxable","12":"purchasable","13":"product-type-simple"},"_links":{"self":[{"href":"https:\/\/shop.yipinqian.com\/fr\/wp-json\/wp\/v2\/product\/1591","targetHints":{"allow":["GET"]}}],"collection":[{"href":"https:\/\/shop.yipinqian.com\/fr\/wp-json\/wp\/v2\/product"}],"about":[{"href":"https:\/\/shop.yipinqian.com\/fr\/wp-json\/wp\/v2\/types\/product"}],"replies":[{"embeddable":true,"href":"https:\/\/shop.yipinqian.com\/fr\/wp-json\/wp\/v2\/comments?post=1591"}],"version-history":[{"count":0,"href":"https:\/\/shop.yipinqian.com\/fr\/wp-json\/wp\/v2\/product\/1591\/revisions"}],"wp:featuredmedia":[{"embeddable":true,"href":"https:\/\/shop.yipinqian.com\/fr\/wp-json\/wp\/v2\/media\/6311"}],"wp:attachment":[{"href":"https:\/\/shop.yipinqian.com\/fr\/wp-json\/wp\/v2\/media?parent=1591"}],"wp:term":[{"taxonomy":"product_brand","embeddable":true,"href":"https:\/\/shop.yipinqian.com\/fr\/wp-json\/wp\/v2\/product_brand?post=1591"},{"taxonomy":"product_cat","embeddable":true,"href":"https:\/\/shop.yipinqian.com\/fr\/wp-json\/wp\/v2\/product_cat?post=1591"},{"taxonomy":"product_tag","embeddable":true,"href":"https:\/\/shop.yipinqian.com\/fr\/wp-json\/wp\/v2\/product_tag?post=1591"}],"curies":[{"name":"wp","href":"https:\/\/api.w.org\/{rel}","templated":true}]}}