{"id":1587,"date":"2024-10-24T23:20:29","date_gmt":"2024-10-24T15:20:29","guid":{"rendered":"https:\/\/shop.yipinqian.com\/product\/mid-year-special-offer-five-green-cabochon-natural-type-a-jadeite-jade-set-with-11-0-003-ruby-on-18k-gold-as-a-ring-certificate-included-weigh-2-15-grams-finger-size-18mm-18kring18\/"},"modified":"2025-02-17T00:04:05","modified_gmt":"2025-02-16T16:04:05","slug":"mid-year-special-offer-five-green-cabochon-natural-type-a-jadeite-jade-set-with-11-0-003-ruby-on-18k-gold-as-a-ring-certificate-included-weigh-2-15-grams-finger-size-18mm-18kring18","status":"publish","type":"product","link":"https:\/\/shop.yipinqian.com\/fr\/produit\/mid-year-special-offer-five-green-cabochon-natural-type-a-jadeite-jade-set-with-11-0-003-ruby-on-18k-gold-as-a-ring-certificate-included-weigh-2-15-grams-finger-size-18mm-18kring18\/","title":{"rendered":"Offre sp\u00e9ciale de mi-ann\u00e9e Cinq cabochons verts en jade jad\u00e9ite naturelle de type A sertis de 11 * 0,003 rubis sur or 18 carats comme bague, certificat inclus, poids 2,15 grammes, taille de doigt 18 mm (18kring18)"},"content":{"rendered":"<p><strong><u>Offre sp\u00e9ciale de mi-ann\u00e9e<\/u><\/strong><\/p>\n<p>\u00a0<\/p>\n<p>Cette bague en jade jad\u00e9ite naturelle de type A \u00e0 cinq cabochons verts est un ajout \u00e9tonnant \u00e0 toute collection de bijoux. La bague est en or 18 carats et comporte cinq belles pierres de jade vertes, chacune avec une taille cabochon pour mettre en valeur leur beaut\u00e9 naturelle.<\/p>\n<p>\u00a0<\/p>\n<p><strong>Num\u00e9ros de certificat : GD2112H015826<\/strong><\/p>\n<p><strong>Poids de l&#039;or 18 carats : 2,05 grammes<\/strong><\/p>\n<p><strong>Taille des doigts : 18 mm<\/strong><\/p>\n<p>\u00a0<\/p>\n<ul>\n<li>Onze rubis d\u00e9licats, pesant chacun 0,003 carat, sont sertis dans la bande d&#039;or pour une touche d&#039;\u00e9clat suppl\u00e9mentaire.<\/li>\n<li>La bague est livr\u00e9e avec un certificat d&#039;authenticit\u00e9 et p\u00e8se 2,15 grammes.<\/li>\n<li>La taille du doigt pour cette bague particuli\u00e8re est de 18 mm.<\/li>\n<\/ul>\n<p>Originaire du Myanmar, ce jade jad\u00e9ite naturel de type A pr\u00e9sente une coloration exquise qui compl\u00e8te parfaitement n&#039;importe quel teint de peau.<\/p>\n<p>Ce bijou est parfait pour un usage quotidien ou pour des occasions sp\u00e9ciales et constitue une excellente option de cadeau ou une option de plaisir personnel !<\/p>\n<ul>\n<li>Le mat\u00e9riau de monture de ce produit est l&#039;or 18 carats garantissant sa qualit\u00e9 et sa durabilit\u00e9 dans le temps<\/li>\n<\/ul>\n<p>Con\u00e7ue sp\u00e9cifiquement pour les femmes et fabriqu\u00e9e \u00e0 partir de mat\u00e9riaux de haute qualit\u00e9 qui dureront \u00e0 coup s\u00fbr\u00a0; la bague en jade jad\u00e9ite naturelle de type A \u00e0 cinq cabochons verts sera un accessoire incontournable de votre collection que vous aimerez pour toujours\u00a0!<\/p>\n<p>\u00a0<\/p>\n<p>Yi Pin Qian \u2013 N\u00e9gociant en pierres pr\u00e9cieuses et m\u00e9taux pr\u00e9cieux \u00e0 Singapour \u2013 Num\u00e9ro de licence PS20190000031<\/p>\n<p>\u00a0<\/p>\n<p>*Toutes les jad\u00e9ites achet\u00e9es chez Yi Pin Qian \u00e0 Singapour, les clients peuvent r\u00e9server des cr\u00e9neaux pour le polissage ou une r\u00e9paration mineure en cas de mauvaise manipulation - des frais s&#039;appliquent et uniquement pour les clients de Yi Pin Qian \u00e0 Singapour*<\/p>\n<p>\u00a0<\/p>\n<p><strong>**Types de certificats**<\/strong><\/p>\n<p>\u00a0<\/p>\n<p><strong>NGI (Nan Yang Gemmologie)<\/strong><\/p>\n<p>ou <strong>Certificats \u00e9trangers <\/strong>(Yi Pin Qian utilise uniquement des certificats authentiques provenant de laboratoires \u00e9trangers et contr\u00f4le \u00e9galement la qualit\u00e9 de chacun de nos produits avant de les mettre en vente \u00e0 Singapour)<\/p>\n<p>\u00a0<\/p>\n<p>Chaque produit sur TikTok aura le type de certificat fourni indiqu\u00e9 dans la description. Pour tout client souhaitant envoyer sa commande \u00e0 NGI Singapore, il y aura un d\u00e9lai d&#039;attente pour la livraison de la commande estim\u00e9 \u00e0 environ 4 semaines pour recevoir votre commande. <strong>Les demandes de rapport sur les pierres pr\u00e9cieuses NGI doivent \u00eatre effectu\u00e9es en envoyant un message \u00e0 la boutique TikTok de Yi Pin Qian.<\/strong> Merci, <strong><u>des frais suppl\u00e9mentaires s&#039;appliquent<\/u><\/strong>.<\/p>\n<p>\u00a0<\/p>\n<p><strong>La jad\u00e9ite naturelle n&#039;est pas parfaite, juste un petit rappel : notre jad\u00e9ite naturelle, comme toutes les belles choses de la nature, poss\u00e8de ses caract\u00e9ristiques et ses variations uniques. Nous invitons nos pr\u00e9cieux clients \u00e0 adopter ces variations naturelles. Bon shopping !<\/strong><\/p>\n<p>\u00a0<\/p>\n<p><strong><u>Aucune des photos et des s\u00e9quences vid\u00e9o n&#039;a \u00e9t\u00e9 filtr\u00e9e. Nous encourageons nos clients \u00e0 regarder \u00e9galement les vid\u00e9os d&#039;accompagnement pour une vue plus compl\u00e8te de nos produits<\/u><\/strong><\/p>\n<p>\u00a0<\/p>","protected":false},"excerpt":{"rendered":"<p>Mid Year Special Offer \u00a0 This Five Green Cabochon Natural Type A Jadeite Jade Ring is a stunning addition to any jewelry collection. The ring is made of 18k gold and features five beautiful green jade stones, each with a cabochon cut to highlight their natural beauty. \u00a0 Certificate numbers: GD2112H015826 18K Gold Weight: 2.05 [&hellip;]<\/p>","protected":false},"featured_media":6281,"comment_status":"open","ping_status":"closed","template":"","meta":[],"product_brand":[],"product_cat":[119,49],"product_tag":[],"class_list":{"0":"post-1587","1":"product","2":"type-product","3":"status-publish","4":"has-post-thumbnail","6":"product_cat-18k-gold-ring-setting","7":"product_cat-rings","9":"first","10":"instock","11":"sale","12":"shipping-taxable","13":"purchasable","14":"product-type-simple"},"_links":{"self":[{"href":"https:\/\/shop.yipinqian.com\/fr\/wp-json\/wp\/v2\/product\/1587","targetHints":{"allow":["GET"]}}],"collection":[{"href":"https:\/\/shop.yipinqian.com\/fr\/wp-json\/wp\/v2\/product"}],"about":[{"href":"https:\/\/shop.yipinqian.com\/fr\/wp-json\/wp\/v2\/types\/product"}],"replies":[{"embeddable":true,"href":"https:\/\/shop.yipinqian.com\/fr\/wp-json\/wp\/v2\/comments?post=1587"}],"version-history":[{"count":0,"href":"https:\/\/shop.yipinqian.com\/fr\/wp-json\/wp\/v2\/product\/1587\/revisions"}],"wp:featuredmedia":[{"embeddable":true,"href":"https:\/\/shop.yipinqian.com\/fr\/wp-json\/wp\/v2\/media\/6281"}],"wp:attachment":[{"href":"https:\/\/shop.yipinqian.com\/fr\/wp-json\/wp\/v2\/media?parent=1587"}],"wp:term":[{"taxonomy":"product_brand","embeddable":true,"href":"https:\/\/shop.yipinqian.com\/fr\/wp-json\/wp\/v2\/product_brand?post=1587"},{"taxonomy":"product_cat","embeddable":true,"href":"https:\/\/shop.yipinqian.com\/fr\/wp-json\/wp\/v2\/product_cat?post=1587"},{"taxonomy":"product_tag","embeddable":true,"href":"https:\/\/shop.yipinqian.com\/fr\/wp-json\/wp\/v2\/product_tag?post=1587"}],"curies":[{"name":"wp","href":"https:\/\/api.w.org\/{rel}","templated":true}]}}