{"id":1586,"date":"2024-10-24T23:20:29","date_gmt":"2024-10-24T15:20:29","guid":{"rendered":"https:\/\/shop.yipinqian.com\/product\/mid-year-offer-premium-icy-translucent-natural-type-a-jadeite-jade-cabochon-8-5-9-8-3-2-mm-crafted-with-shape-of-heart-set-on-18k-gold-as-ring-certificate-weighs-1-83-grams-18kring27\/"},"modified":"2025-02-17T00:04:05","modified_gmt":"2025-02-16T16:04:05","slug":"mid-year-offer-premium-icy-translucent-natural-type-a-jadeite-jade-cabochon-8-5-9-8-3-2-mm-crafted-with-shape-of-heart-set-on-18k-gold-as-ring-certificate-weighs-1-83-grams-18kring27","status":"publish","type":"product","link":"https:\/\/shop.yipinqian.com\/fr\/produit\/mid-year-offer-premium-icy-translucent-natural-type-a-jadeite-jade-cabochon-8-5-9-8-3-2-mm-crafted-with-shape-of-heart-set-on-18k-gold-as-ring-certificate-weighs-1-83-grams-18kring27\/","title":{"rendered":"Offre de mi-ann\u00e9e \u2013 Cabochon en jade jad\u00e9ite translucide de type A naturel glac\u00e9 de qualit\u00e9 sup\u00e9rieure 8,5 * 9,8 * 3,2 mm fabriqu\u00e9 en forme de c\u0153ur serti sur or 18 carats comme bague, le certificat p\u00e8se 1,83 gramme (18kring27)"},"content":{"rendered":"<p>Cette bague en jade jad\u00e9ite naturelle translucide de type A de qualit\u00e9 sup\u00e9rieure pr\u00e9sente un cabochon mesurant 8,5 * 9,8 * 3,2 mm, con\u00e7u en forme de c\u0153ur et serti sur un superbe or 18 carats.<\/p>\n<p><\/p>\n<p>Num\u00e9ros de certificat : GD2107H002981<\/p>\n<p>Taille des doigts : #7 \u2013 14,5 mm<\/p>\n<p>L&#039;or 18 carats p\u00e8se 1,3 gramme<\/p>\n<p>Diamants : 8 * 0,012 carats = 0,096 carats<\/p>\n<p><\/p>\n<ul>\n<li>\n<strong>Mat\u00e9riel:<\/strong> Le cabochon de jade est de premi\u00e8re qualit\u00e9 et la monture est en or 18 carats luxueux.<\/li>\n<li>\n<strong>Certificat:<\/strong> Cette pi\u00e8ce exquise est accompagn\u00e9e d&#039;un certificat attestant son authenticit\u00e9.<\/li>\n<li>\n<strong>Conception:<\/strong> Le design en forme de c\u0153ur ajoute une touche de romantisme et d&#039;\u00e9l\u00e9gance \u00e0 la bague, la rendant parfaite pour les occasions sp\u00e9ciales comme les fian\u00e7ailles.<\/li>\n<\/ul>\n<p>Cette bague en jade unique ne p\u00e8se que 1,83 gramme, ce qui la rend confortable \u00e0 porter tout en \u00e9tant accrocheuse et luxueuse.<\/p>\n<ul>\n<li><strong>Type de jade : Le jade utilis\u00e9 dans cette bague est de la v\u00e9ritable jad\u00e9ite, connue pour sa beaut\u00e9 et sa raret\u00e9.<\/strong><\/li>\n<li><strong>Le mat\u00e9riau secondaire utilis\u00e9 est des accents de diamant pour rehausser la beaut\u00e9 de cette pi\u00e8ce exquise.<\/strong><\/li>\n<\/ul>\n<p><strong>Fabriqu\u00e9e au Myanmar, cette superbe pi\u00e8ce incarne la sophistication et la gr\u00e2ce \u2013 un choix id\u00e9al pour toute femme cherchant \u00e0 ajouter une touche d&#039;\u00e9l\u00e9gance \u00e0 sa collection de bijoux.<\/strong><\/p>\n<p><\/p>\n<p>Yi Pin Qian \u2013 N\u00e9gociant en pierres pr\u00e9cieuses et m\u00e9taux pr\u00e9cieux \u00e0 Singapour \u2013 Num\u00e9ro de licence PS20190000031<\/p>\n<p><\/p>\n<p>*Toutes les jad\u00e9ites achet\u00e9es chez Yi Pin Qian \u00e0 Singapour, les clients peuvent r\u00e9server des cr\u00e9neaux pour le polissage ou une r\u00e9paration mineure en cas de mauvaise manipulation - des frais s&#039;appliquent et uniquement pour les clients de Yi Pin Qian \u00e0 Singapour*<\/p>\n<p><\/p>\n<p><strong>**Types de certificats**<\/strong><\/p>\n<p><\/p>\n<p><strong>NGI (Nan Yang Gemmologie)<\/strong><\/p>\n<p>ou <strong>Certificats \u00e9trangers <\/strong>(Yi Pin Qian utilise uniquement des certificats authentiques provenant de laboratoires \u00e9trangers et contr\u00f4le \u00e9galement la qualit\u00e9 de chacun de nos produits avant de les mettre en vente \u00e0 Singapour)<\/p>\n<p><\/p>\n<p>Chaque produit sur TikTok aura le type de certificat fourni indiqu\u00e9 dans la description. Pour tout client souhaitant envoyer sa commande \u00e0 NGI Singapore, il y aura un d\u00e9lai d&#039;attente pour la livraison de la commande estim\u00e9 \u00e0 environ 4 semaines pour recevoir votre commande. <strong>Les demandes de rapport sur les pierres pr\u00e9cieuses NGI doivent \u00eatre effectu\u00e9es en envoyant un message \u00e0 la boutique TikTok de Yi Pin Qian.<\/strong> Merci, <strong><u>des frais suppl\u00e9mentaires s&#039;appliquent<\/u><\/strong>.<\/p>\n<p><\/p>\n<p><strong>La jad\u00e9ite naturelle n&#039;est pas parfaite, juste un petit rappel : notre jad\u00e9ite naturelle, comme toutes les belles choses de la nature, poss\u00e8de ses caract\u00e9ristiques et ses variations uniques. Nous invitons nos pr\u00e9cieux clients \u00e0 adopter ces variations naturelles. Bon shopping !<\/strong><\/p>\n<p><\/p>\n<p><strong><u>Aucune des photos et des s\u00e9quences vid\u00e9o n&#039;a \u00e9t\u00e9 filtr\u00e9e. Nous encourageons nos clients \u00e0 regarder \u00e9galement les vid\u00e9os d&#039;accompagnement pour une vue plus compl\u00e8te de nos produits<\/u><\/strong><\/p>","protected":false},"excerpt":{"rendered":"<p>Cette bague en jade jad\u00e9ite naturelle translucide de type A de qualit\u00e9 sup\u00e9rieure est dot\u00e9e d&#039;un cabochon mesurant 8,5 * 9,8 * 3,2 mm, con\u00e7u en forme de c\u0153ur et serti sur un superbe or 18 carats. Num\u00e9ros de certificat : GD2107H002981 Taille du doigt : #7 \u2013 14,5 mm Or 18 carats p\u00e8se 1,3 gramme Diamants : 8 * 0,012 carats = 0,096 carats [\u2026]<\/p>","protected":false},"featured_media":6264,"comment_status":"open","ping_status":"closed","template":"","meta":[],"product_brand":[],"product_cat":[119,49],"product_tag":[],"class_list":{"0":"post-1586","1":"product","2":"type-product","3":"status-publish","4":"has-post-thumbnail","6":"product_cat-18k-gold-ring-setting","7":"product_cat-rings","9":"first","10":"instock","11":"sale","12":"shipping-taxable","13":"purchasable","14":"product-type-simple"},"_links":{"self":[{"href":"https:\/\/shop.yipinqian.com\/fr\/wp-json\/wp\/v2\/product\/1586","targetHints":{"allow":["GET"]}}],"collection":[{"href":"https:\/\/shop.yipinqian.com\/fr\/wp-json\/wp\/v2\/product"}],"about":[{"href":"https:\/\/shop.yipinqian.com\/fr\/wp-json\/wp\/v2\/types\/product"}],"replies":[{"embeddable":true,"href":"https:\/\/shop.yipinqian.com\/fr\/wp-json\/wp\/v2\/comments?post=1586"}],"version-history":[{"count":0,"href":"https:\/\/shop.yipinqian.com\/fr\/wp-json\/wp\/v2\/product\/1586\/revisions"}],"wp:featuredmedia":[{"embeddable":true,"href":"https:\/\/shop.yipinqian.com\/fr\/wp-json\/wp\/v2\/media\/6264"}],"wp:attachment":[{"href":"https:\/\/shop.yipinqian.com\/fr\/wp-json\/wp\/v2\/media?parent=1586"}],"wp:term":[{"taxonomy":"product_brand","embeddable":true,"href":"https:\/\/shop.yipinqian.com\/fr\/wp-json\/wp\/v2\/product_brand?post=1586"},{"taxonomy":"product_cat","embeddable":true,"href":"https:\/\/shop.yipinqian.com\/fr\/wp-json\/wp\/v2\/product_cat?post=1586"},{"taxonomy":"product_tag","embeddable":true,"href":"https:\/\/shop.yipinqian.com\/fr\/wp-json\/wp\/v2\/product_tag?post=1586"}],"curies":[{"name":"wp","href":"https:\/\/api.w.org\/{rel}","templated":true}]}}