{"id":1584,"date":"2024-10-24T23:20:27","date_gmt":"2024-10-24T15:20:27","guid":{"rendered":"https:\/\/shop.yipinqian.com\/product\/luxury-fine-lavender-natural-type-a-jadeite-jade-cabochon-11-6-10-5-8-mm-set-on-18k-gold-as-ring-with-certificate-weigh-3-24-grams-finger-size-16-8-mm-a-lavender-that-withstand-any-lights-18kring14\/"},"modified":"2025-02-17T00:04:05","modified_gmt":"2025-02-16T16:04:05","slug":"luxury-fine-lavender-natural-type-a-jadeite-jade-cabochon-11-6-10-5-8-mm-set-on-18k-gold-as-ring-with-certificate-weigh-3-24-grams-finger-size-16-8-mm-a-lavender-that-withstand-any-lights-18kring14","status":"publish","type":"product","link":"https:\/\/shop.yipinqian.com\/fr\/produit\/luxury-fine-lavender-natural-type-a-jadeite-jade-cabochon-11-6-10-5-8-mm-set-on-18k-gold-as-ring-with-certificate-weigh-3-24-grams-finger-size-16-8-mm-a-lavender-that-withstand-any-lights-18kring14\/","title":{"rendered":"Cabochon de jade jad\u00e9ite naturel de type A de luxe de couleur lavande fine 11,6 * 10 * 5,8 mm, mont\u00e9 sur or 18 carats comme bague avec certificat pesant 3,24 grammes, taille de doigt 16,8 mm, une lavande qui r\u00e9siste \u00e0 toutes les lumi\u00e8res (18kring14)"},"content":{"rendered":"<p>Ce <strong>Lavande fine de luxe<\/strong> Cabochon en jade jad\u00e9ite naturelle de type A <strong>11,6 * 10 * 5,8 mm<\/strong> Mont\u00e9 sur une bague en or 18 carats, c&#039;est un superbe bijou qui vous laissera bouche b\u00e9e.<\/p>\n<p><u><strong>L&#039;authenticit\u00e9 plut\u00f4t que l&#039;accessibilit\u00e9<\/strong><\/u><\/p>\n<p>Num\u00e9ros de certificat : <strong>GD2203H014881<\/strong><\/p>\n<p>Poids de l&#039;or 18 carats : <strong>1,89 grammes<\/strong><\/p>\n<p>Cabochon de jade jad\u00e9ite : <strong>1,35 grammes, 11,6 *<em> 10 *<\/em> 5,8 mm<\/strong><\/p>\n<ul>\n<li>\n<strong>Teinte lavande naturelle :<\/strong> Le cabochon de jade poss\u00e8de une <strong><u>belle teinte lavande qui r\u00e9siste \u00e0 toute lumi\u00e8re<\/u><\/strong>, ce qui en fait un choix id\u00e9al pour un usage quotidien.<\/li>\n<li>\n<strong>Mat\u00e9riaux de haute qualit\u00e9 :<\/strong> La bague est sertie sur de l&#039;or PT\/Carat, ce qui ajoute \u00e0 sa durabilit\u00e9 et \u00e0 sa long\u00e9vit\u00e9. Le certificat confirme l&#039;authenticit\u00e9 de la jad\u00e9ite.<\/li>\n<li>\n<strong>Design f\u00e9minin :<\/strong> Cette bague est con\u00e7ue pour les femmes et a une taille de doigt de 16,8 mm, ce qui garantit qu&#039;elle s&#039;adapte confortablement \u00e0 votre doigt sans \u00eatre trop serr\u00e9e ou trop l\u00e2che.<\/li>\n<\/ul>\n<p>La bague cabochon en jade jad\u00e9ite naturelle de type A de couleur lavande de luxe est parfaite pour un usage quotidien ou pour des occasions sp\u00e9ciales lorsque vous souhaitez ajouter une touche d&#039;\u00e9l\u00e9gance suppl\u00e9mentaire \u00e0 votre tenue. Elle est fabriqu\u00e9e au Myanmar avec un savoir-faire et des mat\u00e9riaux de haute qualit\u00e9, ce qui en fait un ajout pr\u00e9cieux \u00e0 toute collection de bijoux.<\/p>\n<ul>\n<li>\n<strong>Certificat inclus :<\/strong> Cette pi\u00e8ce est accompagn\u00e9e d&#039;une certification confirmant son authenticit\u00e9 afin que vous puissiez \u00eatre assur\u00e9 qu&#039;il s&#039;agit de v\u00e9ritable jad\u00e9ite de type A utilis\u00e9e dans la fabrication de cette bague.<\/li>\n<li>\n<strong>Une excellente id\u00e9e cadeau :<\/strong> Si vous recherchez quelque chose d&#039;unique et de sp\u00e9cial \u00e0 offrir en cadeau, cette bague de luxe en jade naturel de type A lavande fine est un choix id\u00e9al car son beau design impressionnera s\u00fbrement tous ceux qui les portent tout en profitant de leur pr\u00e9cieuse beaut\u00e9.<\/li>\n<\/ul>\n<p>Yi Pin Qian \u2013 N\u00e9gociant en pierres pr\u00e9cieuses et m\u00e9taux pr\u00e9cieux \u00e0 Singapour \u2013 Num\u00e9ro de licence PS20190000031<\/p>\n<p>\u00a0<\/p>\n<p>*Toutes les jad\u00e9ites achet\u00e9es chez Yi Pin Qian \u00e0 Singapour, les clients peuvent r\u00e9server des cr\u00e9neaux pour le polissage ou une r\u00e9paration mineure en cas de mauvaise manipulation - des frais s&#039;appliquent et uniquement pour les clients de Yi Pin Qian \u00e0 Singapour*<\/p>\n<p>\u00a0<\/p>\n<p><strong>**Types de certificats**<\/strong><\/p>\n<p>\u00a0<\/p>\n<p><strong>NGI (Nan Yang Gemmologie)<\/strong><\/p>\n<p>ou <strong>Certificats \u00e9trangers <\/strong>(Yi Pin Qian utilise uniquement des certificats authentiques provenant de laboratoires \u00e9trangers et contr\u00f4le \u00e9galement la qualit\u00e9 de chacun de nos produits avant de les mettre en vente \u00e0 Singapour)<\/p>\n<p>\u00a0<\/p>\n<p>Chaque produit sur TikTok aura le type de certificat fourni indiqu\u00e9 dans la description. Pour tout client souhaitant envoyer sa commande \u00e0 NGI Singapore, il y aura un d\u00e9lai d&#039;attente pour la livraison de la commande estim\u00e9 \u00e0 environ 4 semaines pour recevoir votre commande. <strong>Les demandes de rapport sur les pierres pr\u00e9cieuses NGI doivent \u00eatre effectu\u00e9es en envoyant un message \u00e0 la boutique TikTok de Yi Pin Qian.<\/strong> Merci, <strong><u>des frais suppl\u00e9mentaires s&#039;appliquent<\/u><\/strong>.<\/p>\n<p>\u00a0<\/p>\n<p><strong>La jad\u00e9ite naturelle n&#039;est pas parfaite, juste un petit rappel : notre jad\u00e9ite naturelle, comme toutes les belles choses de la nature, poss\u00e8de ses caract\u00e9ristiques et ses variations uniques. Nous invitons nos pr\u00e9cieux clients \u00e0 adopter ces variations naturelles. Bon shopping !<\/strong><\/p>\n<p>\u00a0<\/p>\n<p><strong><u>Aucune des photos et des s\u00e9quences vid\u00e9o n&#039;a \u00e9t\u00e9 filtr\u00e9e. Nous encourageons nos clients \u00e0 regarder \u00e9galement les vid\u00e9os d&#039;accompagnement pour une vue plus compl\u00e8te de nos produits<\/u><\/strong><\/p>","protected":false},"excerpt":{"rendered":"<p>This Luxury Fine Lavender Natural Type A Jadeite Jade Cabochon 11.6 * 10 * 5.8 mm Set on 18k Gold Ring is a stunning piece of jewelry that will leave you in awe. Authenticity over affordability Certificate numbers: GD2203H014881 18k Gold Weight: 1.89 grams Jadeite Jade Cabochon: 1.35 grams, 11.6 * 10 * 5.8 mm [&hellip;]<\/p>","protected":false},"featured_media":6256,"comment_status":"open","ping_status":"closed","template":"","meta":[],"product_brand":[],"product_cat":[119,49],"product_tag":[],"class_list":{"0":"post-1584","1":"product","2":"type-product","3":"status-publish","4":"has-post-thumbnail","6":"product_cat-18k-gold-ring-setting","7":"product_cat-rings","9":"first","10":"instock","11":"sale","12":"shipping-taxable","13":"purchasable","14":"product-type-simple"},"_links":{"self":[{"href":"https:\/\/shop.yipinqian.com\/fr\/wp-json\/wp\/v2\/product\/1584","targetHints":{"allow":["GET"]}}],"collection":[{"href":"https:\/\/shop.yipinqian.com\/fr\/wp-json\/wp\/v2\/product"}],"about":[{"href":"https:\/\/shop.yipinqian.com\/fr\/wp-json\/wp\/v2\/types\/product"}],"replies":[{"embeddable":true,"href":"https:\/\/shop.yipinqian.com\/fr\/wp-json\/wp\/v2\/comments?post=1584"}],"version-history":[{"count":0,"href":"https:\/\/shop.yipinqian.com\/fr\/wp-json\/wp\/v2\/product\/1584\/revisions"}],"wp:featuredmedia":[{"embeddable":true,"href":"https:\/\/shop.yipinqian.com\/fr\/wp-json\/wp\/v2\/media\/6256"}],"wp:attachment":[{"href":"https:\/\/shop.yipinqian.com\/fr\/wp-json\/wp\/v2\/media?parent=1584"}],"wp:term":[{"taxonomy":"product_brand","embeddable":true,"href":"https:\/\/shop.yipinqian.com\/fr\/wp-json\/wp\/v2\/product_brand?post=1584"},{"taxonomy":"product_cat","embeddable":true,"href":"https:\/\/shop.yipinqian.com\/fr\/wp-json\/wp\/v2\/product_cat?post=1584"},{"taxonomy":"product_tag","embeddable":true,"href":"https:\/\/shop.yipinqian.com\/fr\/wp-json\/wp\/v2\/product_tag?post=1584"}],"curies":[{"name":"wp","href":"https:\/\/api.w.org\/{rel}","templated":true}]}}