{"id":1583,"date":"2024-10-24T23:20:27","date_gmt":"2024-10-24T15:20:27","guid":{"rendered":"https:\/\/shop.yipinqian.com\/product\/lots-of-green-with-wuji-carved-as-nine-dragons-natural-type-a-jadeite-pendant-with-certificate-weight-45-16-grams-60-30-35-30-9-90-mm-suitable-for-daily-wear-pendant120\/"},"modified":"2025-02-24T01:17:29","modified_gmt":"2025-02-23T17:17:29","slug":"lots-of-green-with-wuji-carved-as-nine-dragons-natural-type-a-jadeite-pendant-with-certificate-weight-45-16-grams-60-30-35-30-9-90-mm-suitable-for-daily-wear-pendant120","status":"publish","type":"product","link":"https:\/\/shop.yipinqian.com\/fr\/produit\/lots-of-green-with-wuji-carved-as-nine-dragons-natural-type-a-jadeite-pendant-with-certificate-weight-45-16-grams-60-30-35-30-9-90-mm-suitable-for-daily-wear-pendant120\/","title":{"rendered":"Beaucoup de vert avec Wuji sculpt\u00e9 comme neuf dragons Pendentif en jad\u00e9ite naturelle de type A avec certificat pesant 45,16 grammes, 60,30 * 35,30 * 9,90 mm adapt\u00e9 \u00e0 un usage quotidien (pendentif120)"},"content":{"rendered":"<p>Ce pendentif en jad\u00e9ite naturelle de type A est l&#039;accessoire id\u00e9al \u00e0 porter au quotidien. Avec un poids de 45,16 grammes et des dimensions de 60,30 * 35,30 * 9,90 mm, il pr\u00e9sente un design \u00e9poustouflant qui met en valeur beaucoup de vert avec Wuji sculpt\u00e9 comme neuf dragons.<\/p>\n<ul>\n<li>\n<strong>Avec certificat :<\/strong> Oui<\/li>\n<li>\n<strong>Pays d&#039;origine :<\/strong> Birmanie<\/li>\n<li>\n<strong>Occasion:<\/strong> Tous les jours<\/li>\n<li>\n<strong>Type de jade :<\/strong>Jad\u00e9ite<\/li>\n<li>\n<strong>Genre : <\/strong>Le genre de ce produit est unisexe.<\/li>\n<\/ul>\n<p><strong>Num\u00e9ro de certificat : SJ2312017069<\/strong><\/p>\n<p><img fetchpriority=\"high\" decoding=\"async\" height=\"1080\" src=\"https:\/\/shop.yipinqian.com\/wp-content\/uploads\/2024\/10\/096afd8af321bec50b66c8a9be965995.jpg?from=476444299\" width=\"1080\"><\/p>\n<p>Le style d\u00e9contract\u00e9 du collier compl\u00e8te l&#039;\u00e9l\u00e9gance et la sophistication de cette pi\u00e8ce exquise, la rendant parfaite pour toutes les occasions.<\/p>\n<p>Ce pendentif n&#039;est pas accompagn\u00e9 d&#039;une garantie, mais il est con\u00e7u pour durer de nombreuses ann\u00e9es \u00e0 venir en tant que pi\u00e8ce de d\u00e9claration exquise dans votre collection ou cadeau que vous pourrez transmettre aux g\u00e9n\u00e9rations \u00e0 venir !<\/p>\n<p>\u00a0<\/p>\n<p>Yi Pin Qian \u2013 N\u00e9gociant en pierres pr\u00e9cieuses et m\u00e9taux pr\u00e9cieux \u00e0 Singapour \u2013 Num\u00e9ro de licence PS20190000031<\/p>\n<p>\u00a0<\/p>\n<p>*Toutes les jad\u00e9ites achet\u00e9es chez Yi Pin Qian \u00e0 Singapour, les clients peuvent r\u00e9server des cr\u00e9neaux pour le polissage ou une r\u00e9paration mineure en cas de mauvaise manipulation - des frais s&#039;appliquent et uniquement pour les clients de Yi Pin Qian \u00e0 Singapour*<\/p>\n<p>\u00a0<\/p>\n<p><strong>**Types de certificats**<\/strong><\/p>\n<p>\u00a0<\/p>\n<p><strong>NGI (Nan Yang Gemmologie)<\/strong><\/p>\n<p>ou <strong>Certificats \u00e9trangers <\/strong>(Yi Pin Qian utilise uniquement des certificats authentiques provenant de laboratoires \u00e9trangers et contr\u00f4le \u00e9galement la qualit\u00e9 de chacun de nos produits avant de les mettre en vente \u00e0 Singapour)<\/p>\n<p>\u00a0<\/p>\n<p>Chaque produit sur TikTok aura le type de certificat fourni indiqu\u00e9 dans la description. Pour tout client souhaitant envoyer sa commande \u00e0 NGI Singapore, il y aura un d\u00e9lai d&#039;attente pour la livraison de la commande estim\u00e9 \u00e0 environ 4 semaines pour recevoir votre commande. <strong>Les demandes de rapport sur les pierres pr\u00e9cieuses NGI doivent \u00eatre effectu\u00e9es en envoyant un message \u00e0 la boutique TikTok de Yi Pin Qian.<\/strong> Merci, <strong><u>des frais suppl\u00e9mentaires s&#039;appliquent<\/u><\/strong>.<\/p>","protected":false},"excerpt":{"rendered":"<p>Ce pendentif en jad\u00e9ite naturelle de type A est l&#039;accessoire parfait \u00e0 porter au quotidien. Avec un poids de 45,16 grammes et des dimensions de 60,30 * 35,30 * 9,90 mm, il pr\u00e9sente un design \u00e9poustouflant qui met en valeur beaucoup de vert avec Wuji sculpt\u00e9 comme neuf dragons. Avec certificat : Oui Pays d&#039;origine : Myanmar Occasion : Quotidien Type de jade : Jad\u00e9ite [\u2026]<\/p>","protected":false},"featured_media":6248,"comment_status":"open","ping_status":"closed","template":"","meta":[],"product_brand":[],"product_cat":[195],"product_tag":[],"class_list":{"0":"post-1583","1":"product","2":"type-product","3":"status-publish","4":"has-post-thumbnail","6":"product_cat-heirloom-grade","8":"first","9":"instock","10":"sale","11":"shipping-taxable","12":"purchasable","13":"product-type-simple"},"_links":{"self":[{"href":"https:\/\/shop.yipinqian.com\/fr\/wp-json\/wp\/v2\/product\/1583","targetHints":{"allow":["GET"]}}],"collection":[{"href":"https:\/\/shop.yipinqian.com\/fr\/wp-json\/wp\/v2\/product"}],"about":[{"href":"https:\/\/shop.yipinqian.com\/fr\/wp-json\/wp\/v2\/types\/product"}],"replies":[{"embeddable":true,"href":"https:\/\/shop.yipinqian.com\/fr\/wp-json\/wp\/v2\/comments?post=1583"}],"version-history":[{"count":0,"href":"https:\/\/shop.yipinqian.com\/fr\/wp-json\/wp\/v2\/product\/1583\/revisions"}],"wp:featuredmedia":[{"embeddable":true,"href":"https:\/\/shop.yipinqian.com\/fr\/wp-json\/wp\/v2\/media\/6248"}],"wp:attachment":[{"href":"https:\/\/shop.yipinqian.com\/fr\/wp-json\/wp\/v2\/media?parent=1583"}],"wp:term":[{"taxonomy":"product_brand","embeddable":true,"href":"https:\/\/shop.yipinqian.com\/fr\/wp-json\/wp\/v2\/product_brand?post=1583"},{"taxonomy":"product_cat","embeddable":true,"href":"https:\/\/shop.yipinqian.com\/fr\/wp-json\/wp\/v2\/product_cat?post=1583"},{"taxonomy":"product_tag","embeddable":true,"href":"https:\/\/shop.yipinqian.com\/fr\/wp-json\/wp\/v2\/product_tag?post=1583"}],"curies":[{"name":"wp","href":"https:\/\/api.w.org\/{rel}","templated":true}]}}