{"id":1581,"date":"2024-10-24T23:20:26","date_gmt":"2024-10-24T15:20:26","guid":{"rendered":"https:\/\/shop.yipinqian.com\/product\/lots-of-green-on-this-natural-type-a-jadeite-pendant-necklace-crafted-as-chinese-cabbage-with-ruyi-symbols-of-wealth-rolling-in-good-luck-and-prosperity-certificate-included-weigh-15-27-grams-47-9-19\/"},"modified":"2025-02-17T00:04:05","modified_gmt":"2025-02-16T16:04:05","slug":"lots-of-green-on-this-natural-type-a-jadeite-pendant-necklace-crafted-as-chinese-cabbage-with-ruyi-symbols-of-wealth-rolling-in-good-luck-and-prosperity-certificate-included-weigh-15-27-grams-47-9-19","status":"publish","type":"product","link":"https:\/\/shop.yipinqian.com\/fr\/produit\/lots-of-green-on-this-natural-type-a-jadeite-pendant-necklace-crafted-as-chinese-cabbage-with-ruyi-symbols-of-wealth-rolling-in-good-luck-and-prosperity-certificate-included-weigh-15-27-grams-47-9-19\/","title":{"rendered":"Beaucoup de vert sur ce collier pendentif en jad\u00e9ite de type naturel fabriqu\u00e9 comme du chou chinois avec Ru Ayi, symboles de richesse qui roule, de chance et de prosp\u00e9rit\u00e9, certificat inclus p\u00e8se 15,27 grammes, 47,9 * 19,6 * 14,8 mm, (pendentif30)"},"content":{"rendered":"<p>Apportez une touche de prosp\u00e9rit\u00e9 et de chance \u00e0 votre quotidien avec ce superbe collier pendentif en jad\u00e9ite naturelle de type A. Con\u00e7u pour ressembler \u00e0 un chou chinois avec des Ruyi, symboles de richesse qui roulent, ce collier est l&#039;accessoire parfait pour ajouter du charme et de l&#039;\u00e9l\u00e9gance \u00e0 votre look d\u00e9contract\u00e9.<\/p>\n<ul>\n<li>\n<strong>Beaucoup de vert :<\/strong> Le pendentif arbore une belle couleur verte qui compl\u00e9tera n&#039;importe quelle tenue.<\/li>\n<li>\n<strong>Certificat inclus :<\/strong> Ce collier est accompagn\u00e9 d&#039;un certificat d&#039;authenticit\u00e9, garantissant que vous obtenez de la v\u00e9ritable jad\u00e9ite.<\/li>\n<\/ul>\n<p><strong>Num\u00e9ros de certificat : ZGDTE125871<\/strong><\/p>\n<p><img fetchpriority=\"high\" decoding=\"async\" height=\"1080\" src=\"https:\/\/shop.yipinqian.com\/wp-content\/uploads\/2024\/10\/f545a9e2efde702c2f5ab557bfe72ff7.jpg?from=476444299\" width=\"1080\"><\/p>\n<ul>\n<li>\n<strong>P\u00e8se 15,27 grammes :<\/strong> L\u00e9ger mais solidement construit pour un port confortable tout au long de la journ\u00e9e.<\/li>\n<\/ul>\n<p>Fabriqu\u00e9 \u00e0 partir de jad\u00e9ite de haute qualit\u00e9 provenant du Myanmar, ce collier unisexe est parfait pour un usage quotidien et constitue un excellent ajout \u00e0 toute collection de bijoux. De plus, son style d\u00e9contract\u00e9 signifie que vous pouvez facilement l&#039;associer \u00e0 d&#039;autres pi\u00e8ces ou le porter seul comme une pi\u00e8ce de d\u00e9claration accrocheuse.<\/p>\n<ul>\n<li>\n<strong>Type de jade :<\/strong> Fabriqu\u00e9 \u00e0 partir d&#039;un magnifique mat\u00e9riau en jad\u00e9ite connu pour sa durabilit\u00e9 et ses motifs uniques<\/li>\n<li>\n<strong>Le style du collier : <\/strong>Son style d\u00e9contract\u00e9 le rend facile \u00e0 porter au quotidien ou \u00e0 superposer avec d&#039;autres colliers<\/li>\n<\/ul>\n<p>Ajoutez une touche d\u2019\u00e9l\u00e9gance \u00e0 votre quotidien \u2013 commandez maintenant !<\/p>\n<p>.<\/p>\n<p>Yi Pin Qian \u2013 N\u00e9gociant en pierres pr\u00e9cieuses et m\u00e9taux pr\u00e9cieux \u00e0 Singapour \u2013 Num\u00e9ro de licence PS20190000031<\/p>\n<p>\u00a0<\/p>\n<p>*Toutes les jad\u00e9ites achet\u00e9es chez Yi Pin Qian \u00e0 Singapour, les clients peuvent r\u00e9server des cr\u00e9neaux pour le polissage ou une r\u00e9paration mineure en cas de mauvaise manipulation - des frais s&#039;appliquent et uniquement pour les clients de Yi Pin Qian \u00e0 Singapour*<\/p>\n<p>\u00a0<\/p>\n<p><strong>**Types de certificats**<\/strong><\/p>\n<p>\u00a0<\/p>\n<p><strong>NGI (Nan Yang Gemmologie)<\/strong><\/p>\n<p>ou <strong>Certificats \u00e9trangers <\/strong>(Yi Pin Qian utilise uniquement des certificats authentiques provenant de laboratoires \u00e9trangers et contr\u00f4le \u00e9galement la qualit\u00e9 de chacun de nos produits avant de les mettre en vente \u00e0 Singapour)<\/p>\n<p>\u00a0<\/p>\n<p>Chaque produit sur TikTok aura le type de certificat fourni indiqu\u00e9 dans la description. Pour tout client souhaitant envoyer sa commande \u00e0 NGI Singapore, il y aura un d\u00e9lai d&#039;attente pour la livraison de la commande estim\u00e9 \u00e0 environ 4 semaines pour recevoir votre commande. <strong>Les demandes de rapport sur les pierres pr\u00e9cieuses NGI doivent \u00eatre effectu\u00e9es en envoyant un message \u00e0 la boutique TikTok de Yi Pin Qian.<\/strong> Merci, <strong><u>des frais suppl\u00e9mentaires s&#039;appliquent<\/u><\/strong>.<\/p>\n<p>\u00a0<\/p>\n<p><strong>La jad\u00e9ite naturelle n&#039;est pas parfaite, juste un petit rappel : notre jad\u00e9ite naturelle, comme toutes les belles choses de la nature, poss\u00e8de ses caract\u00e9ristiques et ses variations uniques. Nous invitons nos pr\u00e9cieux clients \u00e0 adopter ces variations naturelles. Bon shopping !<\/strong><\/p>\n<p>\u00a0<\/p>\n<p><strong><u>Aucune des photos et des s\u00e9quences vid\u00e9o n&#039;a \u00e9t\u00e9 filtr\u00e9e. Nous encourageons nos clients \u00e0 regarder \u00e9galement les vid\u00e9os d&#039;accompagnement pour une vue plus compl\u00e8te de nos produits<\/u><\/strong><\/p>","protected":false},"excerpt":{"rendered":"<p>Bring a touch of prosperity and good luck to your daily life with this stunning Natural Type A Jadeite Pendant Necklace. Crafted to resemble a Chinese cabbage with Ruyi, symbols of wealth rolling in, this necklace is the perfect accessory for adding some charm and elegance to your casual look. Lots Of Green: The pendant [&hellip;]<\/p>","protected":false},"featured_media":6238,"comment_status":"open","ping_status":"closed","template":"","meta":[],"product_brand":[],"product_cat":[48],"product_tag":[],"class_list":{"0":"post-1581","1":"product","2":"type-product","3":"status-publish","4":"has-post-thumbnail","6":"product_cat-pendants","8":"first","9":"instock","10":"sale","11":"shipping-taxable","12":"purchasable","13":"product-type-simple"},"_links":{"self":[{"href":"https:\/\/shop.yipinqian.com\/fr\/wp-json\/wp\/v2\/product\/1581","targetHints":{"allow":["GET"]}}],"collection":[{"href":"https:\/\/shop.yipinqian.com\/fr\/wp-json\/wp\/v2\/product"}],"about":[{"href":"https:\/\/shop.yipinqian.com\/fr\/wp-json\/wp\/v2\/types\/product"}],"replies":[{"embeddable":true,"href":"https:\/\/shop.yipinqian.com\/fr\/wp-json\/wp\/v2\/comments?post=1581"}],"version-history":[{"count":0,"href":"https:\/\/shop.yipinqian.com\/fr\/wp-json\/wp\/v2\/product\/1581\/revisions"}],"wp:featuredmedia":[{"embeddable":true,"href":"https:\/\/shop.yipinqian.com\/fr\/wp-json\/wp\/v2\/media\/6238"}],"wp:attachment":[{"href":"https:\/\/shop.yipinqian.com\/fr\/wp-json\/wp\/v2\/media?parent=1581"}],"wp:term":[{"taxonomy":"product_brand","embeddable":true,"href":"https:\/\/shop.yipinqian.com\/fr\/wp-json\/wp\/v2\/product_brand?post=1581"},{"taxonomy":"product_cat","embeddable":true,"href":"https:\/\/shop.yipinqian.com\/fr\/wp-json\/wp\/v2\/product_cat?post=1581"},{"taxonomy":"product_tag","embeddable":true,"href":"https:\/\/shop.yipinqian.com\/fr\/wp-json\/wp\/v2\/product_tag?post=1581"}],"curies":[{"name":"wp","href":"https:\/\/api.w.org\/{rel}","templated":true}]}}