{"id":1580,"date":"2024-10-24T23:20:26","date_gmt":"2024-10-24T15:20:26","guid":{"rendered":"https:\/\/shop.yipinqian.com\/product\/line-of-green-crafted-with-very-refreshing-unique-rare-dragonfly-with-flower-natural-type-a-jadeite-pendant-come-with-certificate-weight-26-84-grams-57-20-21-70-11-80-mm-suitable-for-daily-wear-pendan\/"},"modified":"2025-02-17T00:04:05","modified_gmt":"2025-02-16T16:04:05","slug":"line-of-green-crafted-with-very-refreshing-unique-rare-dragonfly-with-flower-natural-type-a-jadeite-pendant-come-with-certificate-weight-26-84-grams-57-20-21-70-11-80-mm-suitable-for-daily-wear-pendan","status":"publish","type":"product","link":"https:\/\/shop.yipinqian.com\/fr\/produit\/line-of-green-crafted-with-very-refreshing-unique-rare-dragonfly-with-flower-natural-type-a-jadeite-pendant-come-with-certificate-weight-26-84-grams-57-20-21-70-11-80-mm-suitable-for-daily-wear-pendan\/","title":{"rendered":"Line of Green Crafted with Very Refreshing Unique Rare Dragonfly with Flower Natural Type A Jadeite Pendant come with certificate weight 26.84 grams, 57.20 * 21.70 * 11.80 mm suitable for daily wear (pendant114)"},"content":{"rendered":"<p>This exquisite Jade Necklace &amp; Pendant features a refreshing Dragonfly with Flower design in a beautiful shade of green. Made of natural Type A Jadeite, this pendant weighs 26.84 grams and measures 57.20 * 21.70 * 11.80 mm, making it perfect for daily wear.<\/p>\n<ul>\n<li>\n<strong>Unique Rare Design:<\/strong> Featuring a one line Dragonfly with Flower design, this pendant is truly unique and rare.<\/li>\n<li>\n<strong>Jad\u00e9ite naturelle de type A :<\/strong> Crafted using natural Type A Jadeite, this pendant is both durable and beautiful in equal measure.<\/li>\n<li>\n<strong>Certificat inclus :<\/strong> This pendant comes with a certificate to ensure its authenticity for your peace of mind.<\/li>\n<\/ul>\n<p>Certificate numbers: GD2204H005660<\/p>\n<p>\u00a0<\/p>\n<p><img fetchpriority=\"high\" decoding=\"async\" height=\"1080\" src=\"https:\/\/shop.yipinqian.com\/wp-content\/uploads\/2024\/10\/e883aa4e589812f67198a351556e94a2.jpg?from=476444299\" width=\"1080\"><\/p>\n<p>Made in Myanmar, this stunning unisex necklace has been designed to be casual yet elegant &#8211; suitable for any daily occasion! Please note that the warranty type on this product is &#8216;No&#8217;.<\/p>\n<p>\u00a0<\/p>\n<p>Yi Pin Qian \u2013 N\u00e9gociant en pierres pr\u00e9cieuses et m\u00e9taux pr\u00e9cieux \u00e0 Singapour \u2013 Num\u00e9ro de licence PS20190000031<\/p>\n<p>\u00a0<\/p>\n<p>*Toutes les jad\u00e9ites achet\u00e9es chez Yi Pin Qian \u00e0 Singapour, les clients peuvent r\u00e9server des cr\u00e9neaux pour le polissage ou une r\u00e9paration mineure en cas de mauvaise manipulation - des frais s&#039;appliquent et uniquement pour les clients de Yi Pin Qian \u00e0 Singapour*<\/p>\n<p>\u00a0<\/p>\n<p><strong>**Types de certificats**<\/strong><\/p>\n<p>\u00a0<\/p>\n<p><strong>NGI (Nan Yang Gemmologie)<\/strong><\/p>\n<p>ou <strong>Certificats \u00e9trangers <\/strong>(Yi Pin Qian utilise uniquement des certificats authentiques provenant de laboratoires \u00e9trangers et contr\u00f4le \u00e9galement la qualit\u00e9 de chacun de nos produits avant de les mettre en vente \u00e0 Singapour)<\/p>\n<p>\u00a0<\/p>\n<p>Chaque produit sur TikTok aura le type de certificat fourni indiqu\u00e9 dans la description. Pour tout client souhaitant envoyer sa commande \u00e0 NGI Singapore, il y aura un d\u00e9lai d&#039;attente pour la livraison de la commande estim\u00e9 \u00e0 environ 4 semaines pour recevoir votre commande. <strong>Les demandes de rapport sur les pierres pr\u00e9cieuses NGI doivent \u00eatre effectu\u00e9es en envoyant un message \u00e0 la boutique TikTok de Yi Pin Qian.<\/strong> Merci, <strong><u>des frais suppl\u00e9mentaires s&#039;appliquent<\/u><\/strong>.<\/p>","protected":false},"excerpt":{"rendered":"<p>This exquisite Jade Necklace &amp; Pendant features a refreshing Dragonfly with Flower design in a beautiful shade of green. Made of natural Type A Jadeite, this pendant weighs 26.84 grams and measures 57.20 * 21.70 * 11.80 mm, making it perfect for daily wear. Unique Rare Design: Featuring a one line Dragonfly with Flower design, [&hellip;]<\/p>","protected":false},"featured_media":6228,"comment_status":"open","ping_status":"closed","template":"","meta":[],"product_brand":[],"product_cat":[48],"product_tag":[],"class_list":{"0":"post-1580","1":"product","2":"type-product","3":"status-publish","4":"has-post-thumbnail","6":"product_cat-pendants","8":"first","9":"instock","10":"sale","11":"shipping-taxable","12":"purchasable","13":"product-type-simple"},"_links":{"self":[{"href":"https:\/\/shop.yipinqian.com\/fr\/wp-json\/wp\/v2\/product\/1580","targetHints":{"allow":["GET"]}}],"collection":[{"href":"https:\/\/shop.yipinqian.com\/fr\/wp-json\/wp\/v2\/product"}],"about":[{"href":"https:\/\/shop.yipinqian.com\/fr\/wp-json\/wp\/v2\/types\/product"}],"replies":[{"embeddable":true,"href":"https:\/\/shop.yipinqian.com\/fr\/wp-json\/wp\/v2\/comments?post=1580"}],"version-history":[{"count":0,"href":"https:\/\/shop.yipinqian.com\/fr\/wp-json\/wp\/v2\/product\/1580\/revisions"}],"wp:featuredmedia":[{"embeddable":true,"href":"https:\/\/shop.yipinqian.com\/fr\/wp-json\/wp\/v2\/media\/6228"}],"wp:attachment":[{"href":"https:\/\/shop.yipinqian.com\/fr\/wp-json\/wp\/v2\/media?parent=1580"}],"wp:term":[{"taxonomy":"product_brand","embeddable":true,"href":"https:\/\/shop.yipinqian.com\/fr\/wp-json\/wp\/v2\/product_brand?post=1580"},{"taxonomy":"product_cat","embeddable":true,"href":"https:\/\/shop.yipinqian.com\/fr\/wp-json\/wp\/v2\/product_cat?post=1580"},{"taxonomy":"product_tag","embeddable":true,"href":"https:\/\/shop.yipinqian.com\/fr\/wp-json\/wp\/v2\/product_tag?post=1580"}],"curies":[{"name":"wp","href":"https:\/\/api.w.org\/{rel}","templated":true}]}}