{"id":1579,"date":"2024-10-24T23:20:25","date_gmt":"2024-10-24T15:20:25","guid":{"rendered":"https:\/\/shop.yipinqian.com\/product\/limited-time-offer-semi-icy-premium-natural-type-a-jadeite-jade-crafted-with-pixiu-as-pendant-certificate-weigh-30-20-grams-measurement-53-5-30-3-14-8-mm-pendant200\/"},"modified":"2025-02-24T01:17:30","modified_gmt":"2025-02-23T17:17:30","slug":"limited-time-offer-semi-icy-premium-natural-type-a-jadeite-jade-crafted-with-pixiu-as-pendant-certificate-weigh-30-20-grams-measurement-53-5-30-3-14-8-mm-pendant200","status":"publish","type":"product","link":"https:\/\/shop.yipinqian.com\/fr\/produit\/limited-time-offer-semi-icy-premium-natural-type-a-jadeite-jade-crafted-with-pixiu-as-pendant-certificate-weigh-30-20-grams-measurement-53-5-30-3-14-8-mm-pendant200\/","title":{"rendered":"Offre \u00e0 dur\u00e9e limit\u00e9e Jade jad\u00e9ite naturelle de type A de qualit\u00e9 sup\u00e9rieure semi-glac\u00e9e fabriqu\u00e9 avec du pixiu comme pendentif, certificat pesant 30,20 grammes, mesurant 53,5 * 30,3 * 14,8 mm (pendentif 200)"},"content":{"rendered":"<p>Ce pendentif en jade jad\u00e9ite naturelle de type A de qualit\u00e9 sup\u00e9rieure semi-glac\u00e9e, fabriqu\u00e9 avec du pixiu, est un ajout \u00e9tonnant \u00e0 toute collection de bijoux.<\/p>\n<p><\/p>\n<p><strong>Num\u00e9ros de certificat : GD2110H012867<\/strong><\/p>\n<ul>\n<li>\n<strong>Qualit\u00e9 sup\u00e9rieure :<\/strong> Fabriqu\u00e9 \u00e0 partir de jade jad\u00e9ite naturel de type A de haute qualit\u00e9, ce pendentif impressionnera \u00e0 coup s\u00fbr par sa belle texture semi-glac\u00e9e.<\/li>\n<li>\n<strong>Artisanat exquis :<\/strong> Soigneusement con\u00e7u et con\u00e7u avec un symbole pixiu, ce pendentif pr\u00e9sente les d\u00e9tails complexes de la sculpture en jade.<\/li>\n<li>\n<strong>Certificat inclus :<\/strong> Avec un certificat d&#039;authenticit\u00e9 inclus du Myanmar, vous pouvez avoir confiance dans la qualit\u00e9 et l&#039;authenticit\u00e9 de cette pi\u00e8ce.<\/li>\n<\/ul>\n<p>La mesure de 53,5 * 30,3 * 14,8 mm (pendentif 200) en fait la taille parfaite pour un usage quotidien ou comme pi\u00e8ce de d\u00e9claration pour des occasions sp\u00e9ciales.<\/p>\n<ul>\n<li>\n<strong>\u00c0 porter au quotidien :<\/strong> Ce style de collier est parfait pour une tenue d\u00e9contract\u00e9e ou un usage quotidien car il ajoute juste la bonne quantit\u00e9 d&#039;\u00e9l\u00e9gance sans \u00eatre trop exag\u00e9r\u00e9.<\/li>\n<\/ul>\n<p>Ce collier unisexe est une merveilleuse option de cadeau tout en \u00e9tant un cadeau id\u00e9al pour vous-m\u00eame\u00a0!<\/p>\n<p><\/p>\n<p>Yi Pin Qian \u2013 N\u00e9gociant en pierres pr\u00e9cieuses et m\u00e9taux pr\u00e9cieux \u00e0 Singapour \u2013 Num\u00e9ro de licence PS20190000031<\/p>\n<p><\/p>\n<p>*Toutes les jad\u00e9ites achet\u00e9es chez Yi Pin Qian \u00e0 Singapour, les clients peuvent r\u00e9server des cr\u00e9neaux pour le polissage ou une r\u00e9paration mineure en cas de mauvaise manipulation - des frais s&#039;appliquent et uniquement pour les clients de Yi Pin Qian \u00e0 Singapour*<\/p>\n<p><\/p>\n<p><strong>**Types de certificats**<\/strong><\/p>\n<p><\/p>\n<p><strong>NGI (Nan Yang Gemmologie)<\/strong><\/p>\n<p>ou <strong>Certificats \u00e9trangers <\/strong>(Yi Pin Qian utilise uniquement des certificats authentiques provenant de laboratoires \u00e9trangers et contr\u00f4le \u00e9galement la qualit\u00e9 de chacun de nos produits avant de les mettre en vente \u00e0 Singapour)<\/p>\n<p><\/p>\n<p>Chaque produit sur TikTok aura le type de certificat fourni indiqu\u00e9 dans la description. Pour tout client souhaitant envoyer sa commande \u00e0 NGI Singapore, il y aura un d\u00e9lai d&#039;attente pour la livraison de la commande estim\u00e9 \u00e0 environ 4 semaines pour recevoir votre commande. <strong>Les demandes de rapport sur les pierres pr\u00e9cieuses NGI doivent \u00eatre effectu\u00e9es en envoyant un message \u00e0 la boutique TikTok de Yi Pin Qian.<\/strong> Merci, <strong><u>des frais suppl\u00e9mentaires s&#039;appliquent<\/u><\/strong>.<\/p>\n<p><\/p>\n<p><strong>La jad\u00e9ite naturelle n&#039;est pas parfaite, juste un petit rappel : notre jad\u00e9ite naturelle, comme toutes les belles choses de la nature, poss\u00e8de ses caract\u00e9ristiques et ses variations uniques. Nous invitons nos pr\u00e9cieux clients \u00e0 adopter ces variations naturelles. Bon shopping !<\/strong><\/p>\n<p><\/p>\n<p><strong><u>Aucune des photos et des s\u00e9quences vid\u00e9o n&#039;a \u00e9t\u00e9 filtr\u00e9e. Nous encourageons nos clients \u00e0 regarder \u00e9galement les vid\u00e9os d&#039;accompagnement pour une vue plus compl\u00e8te de nos produits<\/u><\/strong><\/p>\n<p><\/p>\n<p>.<\/p>","protected":false},"excerpt":{"rendered":"<p>This Semi Icy Premium Natural Type A Jadeite Jade pendant, crafted with pixiu, is a stunning addition to any jewelry collection. Certificate numbers: GD2110H012867 Premium Quality: Made from high-quality natural Type A jadeite jade, this pendant is sure to impress with its beautiful semi-icy texture. Exquisite Craftsmanship: Meticulously crafted and designed with a pixiu symbol, [&hellip;]<\/p>","protected":false},"featured_media":6218,"comment_status":"open","ping_status":"closed","template":"","meta":[],"product_brand":[],"product_cat":[195],"product_tag":[],"class_list":{"0":"post-1579","1":"product","2":"type-product","3":"status-publish","4":"has-post-thumbnail","6":"product_cat-heirloom-grade","8":"first","9":"instock","10":"sale","11":"shipping-taxable","12":"purchasable","13":"product-type-simple"},"_links":{"self":[{"href":"https:\/\/shop.yipinqian.com\/fr\/wp-json\/wp\/v2\/product\/1579","targetHints":{"allow":["GET"]}}],"collection":[{"href":"https:\/\/shop.yipinqian.com\/fr\/wp-json\/wp\/v2\/product"}],"about":[{"href":"https:\/\/shop.yipinqian.com\/fr\/wp-json\/wp\/v2\/types\/product"}],"replies":[{"embeddable":true,"href":"https:\/\/shop.yipinqian.com\/fr\/wp-json\/wp\/v2\/comments?post=1579"}],"version-history":[{"count":0,"href":"https:\/\/shop.yipinqian.com\/fr\/wp-json\/wp\/v2\/product\/1579\/revisions"}],"wp:featuredmedia":[{"embeddable":true,"href":"https:\/\/shop.yipinqian.com\/fr\/wp-json\/wp\/v2\/media\/6218"}],"wp:attachment":[{"href":"https:\/\/shop.yipinqian.com\/fr\/wp-json\/wp\/v2\/media?parent=1579"}],"wp:term":[{"taxonomy":"product_brand","embeddable":true,"href":"https:\/\/shop.yipinqian.com\/fr\/wp-json\/wp\/v2\/product_brand?post=1579"},{"taxonomy":"product_cat","embeddable":true,"href":"https:\/\/shop.yipinqian.com\/fr\/wp-json\/wp\/v2\/product_cat?post=1579"},{"taxonomy":"product_tag","embeddable":true,"href":"https:\/\/shop.yipinqian.com\/fr\/wp-json\/wp\/v2\/product_tag?post=1579"}],"curies":[{"name":"wp","href":"https:\/\/api.w.org\/{rel}","templated":true}]}}