{"id":1577,"date":"2024-10-24T23:20:23","date_gmt":"2024-10-24T15:20:23","guid":{"rendered":"https:\/\/shop.yipinqian.com\/product\/limited-time-offer-natural-type-a-jadeite-jade-crafted-as-the-shape-of-donut-as-pendant-with-certificate-weigh-24-58-grams-measurement-41-2-6-3-mm-pendant211\/"},"modified":"2025-02-17T00:04:05","modified_gmt":"2025-02-16T16:04:05","slug":"limited-time-offer-natural-type-a-jadeite-jade-crafted-as-the-shape-of-donut-as-pendant-with-certificate-weigh-24-58-grams-measurement-41-2-6-3-mm-pendant211","status":"publish","type":"product","link":"https:\/\/shop.yipinqian.com\/fr\/produit\/limited-time-offer-natural-type-a-jadeite-jade-crafted-as-the-shape-of-donut-as-pendant-with-certificate-weigh-24-58-grams-measurement-41-2-6-3-mm-pendant211\/","title":{"rendered":"Offre \u00e0 dur\u00e9e limit\u00e9e \u2013 Jade jad\u00e9ite naturelle de type A fabriqu\u00e9e en forme de beignet en pendentif avec certificat pesant 24,58 grammes, mesurant 41,2 * 6,3 mm (pendentif211)"},"content":{"rendered":"<p>Rehaussez votre collection de bijoux avec cette offre \u00e0 dur\u00e9e limit\u00e9e d&#039;un superbe pendentif en forme de donut en jade jad\u00e9ite naturelle de type A.<\/p>\n<p>Num\u00e9ros de certificat : ZS24031902033<\/p>\n<p><img fetchpriority=\"high\" decoding=\"async\" height=\"1080\" src=\"https:\/\/shop.yipinqian.com\/wp-content\/uploads\/2024\/10\/d9284fa526ec9cfda30ff3a726103887.jpg?from=476444299\" width=\"1080\"><\/p>\n<ul>\n<li>\n<strong>Authenticit\u00e9 garantie :<\/strong> Ce pendentif en jade est accompagn\u00e9 d&#039;un certificat garantissant son authenticit\u00e9 et sa classification de type A.<\/li>\n<li>\n<strong>Fabriqu\u00e9 \u00e0 la perfection :<\/strong> Soigneusement con\u00e7u en forme de beignet, ce pendentif est fabriqu\u00e9 \u00e0 partir de jade jad\u00e9ite naturel de haute qualit\u00e9 et p\u00e8se 24,58 grammes, mesurant 41,2 * 6,3 mm.<\/li>\n<li>\n<strong>Un accessoire quotidien :<\/strong> Polyvalent dans son style, le style d\u00e9contract\u00e9 du collier le rend parfait pour un usage quotidien ou pour \u00eatre superpos\u00e9 avec d&#039;autres colliers pour un look tendance.<\/li>\n<\/ul>\n<p>Ce magnifique pendentif provient du Myanmar, connu pour produire du jade jad\u00e9ite de la meilleure qualit\u00e9 au monde, ce qui en fait un excellent ajout \u00e0 votre collection ou un cadeau sp\u00e9cial pour quelqu&#039;un qui appr\u00e9cie les bijoux uniques qui se d\u00e9marquent de la foule.<\/p>\n<ul>\n<li><strong>Une pi\u00e8ce unisexe : ce pendentif en forme de donut est parfait pour les hommes et les femmes qui appr\u00e9cient la beaut\u00e9 intemporelle de leurs accessoires.<\/strong><\/li>\n<\/ul>\n<p><strong>Veuillez noter que cette pi\u00e8ce exquise n&#039;est accompagn\u00e9e d&#039;aucune garantie, mais soyez assur\u00e9 que son savoir-faire sup\u00e9rieur assure sa long\u00e9vit\u00e9 malgr\u00e9 l&#039;usure quotidienne \u00e0 condition que vous en preniez bien soin !<\/strong><\/p>\n<p><strong>.<\/strong><\/p>","protected":false},"excerpt":{"rendered":"<p>Rehaussez votre collection de bijoux avec cette offre \u00e0 dur\u00e9e limit\u00e9e d&#039;un superbe pendentif en jade jad\u00e9ite naturelle de type A. Num\u00e9ros de certificat : ZS24031902033 Authenticit\u00e9 garantie : ce pendentif en jade est accompagn\u00e9 d&#039;un certificat garantissant son authenticit\u00e9 et sa classification de type A. Fabriqu\u00e9 \u00e0 la perfection : m\u00e9ticuleusement fabriqu\u00e9 en forme de beignet, ce pendentif est fabriqu\u00e9 \u00e0 partir de jade de haute qualit\u00e9 [\u2026]<\/p>","protected":false},"featured_media":6210,"comment_status":"open","ping_status":"closed","template":"","meta":[],"product_brand":[],"product_cat":[48],"product_tag":[],"class_list":{"0":"post-1577","1":"product","2":"type-product","3":"status-publish","4":"has-post-thumbnail","6":"product_cat-pendants","8":"first","9":"instock","10":"sale","11":"shipping-taxable","12":"purchasable","13":"product-type-simple"},"_links":{"self":[{"href":"https:\/\/shop.yipinqian.com\/fr\/wp-json\/wp\/v2\/product\/1577","targetHints":{"allow":["GET"]}}],"collection":[{"href":"https:\/\/shop.yipinqian.com\/fr\/wp-json\/wp\/v2\/product"}],"about":[{"href":"https:\/\/shop.yipinqian.com\/fr\/wp-json\/wp\/v2\/types\/product"}],"replies":[{"embeddable":true,"href":"https:\/\/shop.yipinqian.com\/fr\/wp-json\/wp\/v2\/comments?post=1577"}],"version-history":[{"count":0,"href":"https:\/\/shop.yipinqian.com\/fr\/wp-json\/wp\/v2\/product\/1577\/revisions"}],"wp:featuredmedia":[{"embeddable":true,"href":"https:\/\/shop.yipinqian.com\/fr\/wp-json\/wp\/v2\/media\/6210"}],"wp:attachment":[{"href":"https:\/\/shop.yipinqian.com\/fr\/wp-json\/wp\/v2\/media?parent=1577"}],"wp:term":[{"taxonomy":"product_brand","embeddable":true,"href":"https:\/\/shop.yipinqian.com\/fr\/wp-json\/wp\/v2\/product_brand?post=1577"},{"taxonomy":"product_cat","embeddable":true,"href":"https:\/\/shop.yipinqian.com\/fr\/wp-json\/wp\/v2\/product_cat?post=1577"},{"taxonomy":"product_tag","embeddable":true,"href":"https:\/\/shop.yipinqian.com\/fr\/wp-json\/wp\/v2\/product_tag?post=1577"}],"curies":[{"name":"wp","href":"https:\/\/api.w.org\/{rel}","templated":true}]}}