{"id":1576,"date":"2024-10-24T23:20:22","date_gmt":"2024-10-24T15:20:22","guid":{"rendered":"https:\/\/shop.yipinqian.com\/product\/limited-time-offer-lavender-green-hue-natural-type-a-jadeite-jade-crafted-as-shape-of-donut-set-on-18k-gold-with-diamonds-and-1-icy-apple-green-cabochon-certificate-weigh-4-47-grams-measurement-19-9-1\/"},"modified":"2025-02-17T00:04:04","modified_gmt":"2025-02-16T16:04:04","slug":"limited-time-offer-lavender-green-hue-natural-type-a-jadeite-jade-crafted-as-shape-of-donut-set-on-18k-gold-with-diamonds-and-1-icy-apple-green-cabochon-certificate-weigh-4-47-grams-measurement-19-9-1","status":"publish","type":"product","link":"https:\/\/shop.yipinqian.com\/fr\/produit\/limited-time-offer-lavender-green-hue-natural-type-a-jadeite-jade-crafted-as-shape-of-donut-set-on-18k-gold-with-diamonds-and-1-icy-apple-green-cabochon-certificate-weigh-4-47-grams-measurement-19-9-1\/","title":{"rendered":"Limited time offer &#8211; Lavender, Green Hue Natural Type A Jadeite Jade crafted as shape of Donut set on 18k gold with diamonds and 1 icy apple green cabochon, certificate weigh 4.47 grams, measurement 19.9 * 19.9 * 3.6 mm (18kp26)"},"content":{"rendered":"<p>This Lavender and Green Hue Natural Type A Jadeite Jade pendant is a stunning addition to any jewelry collection. Crafted in the shape of a donut and set on 18k gold, it features dazzling diamonds and a gorgeous icy apple green cabochon.<\/p>\n<p>\u00a0<\/p>\n<p><strong>Certificate numbers: GD2110H012008<\/strong><\/p>\n<p>\u00a0<\/p>\n<p><strong>Diamonds: 90 *<em> 0.003 = 0.27 carats \/ 1 <\/em>* 0.06 carats<\/strong><\/p>\n<p><strong>1 * Icy Apple Green Jadeite Cabochon<\/strong><\/p>\n<p><strong>18k Gold Weight: 1.49 grams<\/strong><\/p>\n<p>\u00a0<\/p>\n<ul>\n<li>\n<strong>Mat\u00e9riels:<\/strong> This pendant features Type A Jadeite jade, diamonds, and <strong>18k gold.<\/strong>\n<\/li>\n<li>\n<strong>Certificat:<\/strong> Yes, this product comes with a certificate of authenticity.<\/li>\n<li>\n<strong>Mesures:<\/strong> Le pendentif p\u00e8se <strong>4.47 grams<\/strong> et mesures <strong>19.9 * 19.9 *3.6 mm.<\/strong>\n<\/li>\n<li>\n<strong>Type de jade :<\/strong> This product is made with Type A jadeite jade from Myanmar.<\/li>\n<\/ul>\n<p>This unisex necklace has a casual style that can be worn on any occasion or given as an unforgettable gift to someone special in your life.<\/p>\n<p>\u00a0<\/p>\n<p>Add this Lavender Green Hue Natural Type A Jadeite Donut Pendant to your wardrobe today!<\/p>\n<p>\u00a0<\/p>\n<p>Yi Pin Qian \u2013 N\u00e9gociant en pierres pr\u00e9cieuses et m\u00e9taux pr\u00e9cieux \u00e0 Singapour \u2013 Num\u00e9ro de licence PS20190000031<\/p>\n<p>\u00a0<\/p>\n<p>*Toutes les jad\u00e9ites achet\u00e9es chez Yi Pin Qian \u00e0 Singapour, les clients peuvent r\u00e9server des cr\u00e9neaux pour le polissage ou une r\u00e9paration mineure en cas de mauvaise manipulation - des frais s&#039;appliquent et uniquement pour les clients de Yi Pin Qian \u00e0 Singapour*<\/p>\n<p>\u00a0<\/p>\n<p><strong>**Types de certificats**<\/strong><\/p>\n<p>\u00a0<\/p>\n<p><strong>NGI (Nan Yang Gemmologie)<\/strong><\/p>\n<p>ou <strong>Certificats \u00e9trangers <\/strong>(Yi Pin Qian utilise uniquement des certificats authentiques provenant de laboratoires \u00e9trangers et contr\u00f4le \u00e9galement la qualit\u00e9 de chacun de nos produits avant de les mettre en vente \u00e0 Singapour)<\/p>\n<p>\u00a0<\/p>\n<p>Chaque produit sur TikTok aura le type de certificat fourni indiqu\u00e9 dans la description. Pour tout client souhaitant envoyer sa commande \u00e0 NGI Singapore, il y aura un d\u00e9lai d&#039;attente pour la livraison de la commande estim\u00e9 \u00e0 environ 4 semaines pour recevoir votre commande. <strong>Les demandes de rapport sur les pierres pr\u00e9cieuses NGI doivent \u00eatre effectu\u00e9es en envoyant un message \u00e0 la boutique TikTok de Yi Pin Qian.<\/strong> Merci, <strong><u>des frais suppl\u00e9mentaires s&#039;appliquent<\/u><\/strong>.<\/p>\n<p>\u00a0<\/p>\n<p><strong>La jad\u00e9ite naturelle n&#039;est pas parfaite, juste un petit rappel : notre jad\u00e9ite naturelle, comme toutes les belles choses de la nature, poss\u00e8de ses caract\u00e9ristiques et ses variations uniques. Nous invitons nos pr\u00e9cieux clients \u00e0 adopter ces variations naturelles. Bon shopping !<\/strong><\/p>\n<p>\u00a0<\/p>\n<p><strong><u>Aucune des photos et des s\u00e9quences vid\u00e9o n&#039;a \u00e9t\u00e9 filtr\u00e9e. Nous encourageons nos clients \u00e0 regarder \u00e9galement les vid\u00e9os d&#039;accompagnement pour une vue plus compl\u00e8te de nos produits<\/u><\/strong><\/p>","protected":false},"excerpt":{"rendered":"<p>This Lavender and Green Hue Natural Type A Jadeite Jade pendant is a stunning addition to any jewelry collection. Crafted in the shape of a donut and set on 18k gold, it features dazzling diamonds and a gorgeous icy apple green cabochon. \u00a0 Certificate numbers: GD2110H012008 \u00a0 Diamonds: 90 * 0.003 = 0.27 carats \/ [&hellip;]<\/p>","protected":false},"featured_media":6200,"comment_status":"open","ping_status":"closed","template":"","meta":[],"product_brand":[],"product_cat":[120,48],"product_tag":[],"class_list":{"0":"post-1576","1":"product","2":"type-product","3":"status-publish","4":"has-post-thumbnail","6":"product_cat-18k-gold-setting-pendants","7":"product_cat-pendants","9":"first","10":"instock","11":"sale","12":"shipping-taxable","13":"purchasable","14":"product-type-simple"},"_links":{"self":[{"href":"https:\/\/shop.yipinqian.com\/fr\/wp-json\/wp\/v2\/product\/1576","targetHints":{"allow":["GET"]}}],"collection":[{"href":"https:\/\/shop.yipinqian.com\/fr\/wp-json\/wp\/v2\/product"}],"about":[{"href":"https:\/\/shop.yipinqian.com\/fr\/wp-json\/wp\/v2\/types\/product"}],"replies":[{"embeddable":true,"href":"https:\/\/shop.yipinqian.com\/fr\/wp-json\/wp\/v2\/comments?post=1576"}],"version-history":[{"count":0,"href":"https:\/\/shop.yipinqian.com\/fr\/wp-json\/wp\/v2\/product\/1576\/revisions"}],"wp:featuredmedia":[{"embeddable":true,"href":"https:\/\/shop.yipinqian.com\/fr\/wp-json\/wp\/v2\/media\/6200"}],"wp:attachment":[{"href":"https:\/\/shop.yipinqian.com\/fr\/wp-json\/wp\/v2\/media?parent=1576"}],"wp:term":[{"taxonomy":"product_brand","embeddable":true,"href":"https:\/\/shop.yipinqian.com\/fr\/wp-json\/wp\/v2\/product_brand?post=1576"},{"taxonomy":"product_cat","embeddable":true,"href":"https:\/\/shop.yipinqian.com\/fr\/wp-json\/wp\/v2\/product_cat?post=1576"},{"taxonomy":"product_tag","embeddable":true,"href":"https:\/\/shop.yipinqian.com\/fr\/wp-json\/wp\/v2\/product_tag?post=1576"}],"curies":[{"name":"wp","href":"https:\/\/api.w.org\/{rel}","templated":true}]}}