{"id":1570,"date":"2024-10-24T23:20:18","date_gmt":"2024-10-24T15:20:18","guid":{"rendered":"https:\/\/shop.yipinqian.com\/product\/light-lavender-with-red-patches-natural-type-a-jadeite-pendant-necklace-crafted-with-fengshui-scenery-certificate-included-weigh-44-44-grams-60-8-36-9-8-mm-pendant104\/"},"modified":"2025-02-24T00:49:52","modified_gmt":"2025-02-23T16:49:52","slug":"light-lavender-with-red-patches-natural-type-a-jadeite-pendant-necklace-crafted-with-fengshui-scenery-certificate-included-weigh-44-44-grams-60-8-36-9-8-mm-pendant104","status":"publish","type":"product","link":"https:\/\/shop.yipinqian.com\/fr\/produit\/light-lavender-with-red-patches-natural-type-a-jadeite-pendant-necklace-crafted-with-fengshui-scenery-certificate-included-weigh-44-44-grams-60-8-36-9-8-mm-pendant104\/","title":{"rendered":"Light Lavender with red patches Natural Type A Jadeite Pendant Necklace crafted with fengshui scenery, certificate included weigh 44.44 grams, 60.8 * 36 * 9.8 mm (pendant104)"},"content":{"rendered":"<p>Elevate your style with this stunning light lavender with red patches Natural Type A Jadeite Pendant Necklace. Crafted with fengshui scenery, this necklace is a true masterpiece.<\/p>\n<ul>\n<li>Exquisite Design: This necklace features a beautiful fengshui scenery design that&#8217;s both elegant and captivating.<\/li>\n<li>Natural Type A Jadeite: Made from natural Type A jadeite, this pendant is not only beautiful but also durable.<\/li>\n<li>Certificate Included: You can be sure of the authenticity of the jade as it comes with a certificate included in the package.<\/li>\n<\/ul>\n<p><strong>Certificate numbers: GD2112H011123<\/strong><\/p>\n<p><img fetchpriority=\"high\" decoding=\"async\" height=\"1080\" src=\"https:\/\/shop.yipinqian.com\/wp-content\/uploads\/2024\/10\/437fda13fd42570691e14c8ce7658ef3.jpg?from=476444299\" width=\"1080\"><img decoding=\"async\" height=\"1080\" src=\"https:\/\/shop.yipinqian.com\/wp-content\/uploads\/2024\/10\/446c98496f1220db176b1b3aa8705ea8.jpg?from=476444299\" width=\"1080\"><\/p>\n<p>The pendant weighs 44.44 grams and measures 60.8 * 36 * 9.8 mm (pendant104), making it an ideal size for casual wear.<\/p>\n<ul>\n<li>Unisex Design: This pendant is designed for both men and women, making it an excellent choice for anyone looking to add some style to their outfit.<\/li>\n<li>Jade Necklace Style &#8211; Casual: The casual design of this necklace makes it perfect for daily wear or when going out with friends or family<\/li>\n<\/ul>\n<p>This gorgeous piece was crafted in Myanmar and is an excellent choice for anyone looking to invest in quality jewelry accessories &amp; derivatives that are perfect as daily wears without worrying about warranty type as there isn&#8217;t any hassle when you buy from us!<\/p>\n<p>\u00a0<\/p>\n<p>Yi Pin Qian \u2013 N\u00e9gociant en pierres pr\u00e9cieuses et m\u00e9taux pr\u00e9cieux \u00e0 Singapour \u2013 Num\u00e9ro de licence PS20190000031<\/p>\n<p>\u00a0<\/p>\n<p>*Toutes les jad\u00e9ites achet\u00e9es chez Yi Pin Qian \u00e0 Singapour, les clients peuvent r\u00e9server des cr\u00e9neaux pour le polissage ou une r\u00e9paration mineure en cas de mauvaise manipulation - des frais s&#039;appliquent et uniquement pour les clients de Yi Pin Qian \u00e0 Singapour*<\/p>\n<p>\u00a0<\/p>\n<p><strong>**Types de certificats**<\/strong><\/p>\n<p>\u00a0<\/p>\n<p><strong>NGI (Nan Yang Gemmologie)<\/strong><\/p>\n<p>ou <strong>Certificats \u00e9trangers <\/strong>(Yi Pin Qian utilise uniquement des certificats authentiques provenant de laboratoires \u00e9trangers et contr\u00f4le \u00e9galement la qualit\u00e9 de chacun de nos produits avant de les mettre en vente \u00e0 Singapour)<\/p>\n<p>\u00a0<\/p>\n<p>Chaque produit sur TikTok aura le type de certificat fourni indiqu\u00e9 dans la description. Pour tout client souhaitant envoyer sa commande \u00e0 NGI Singapore, il y aura un d\u00e9lai d&#039;attente pour la livraison de la commande estim\u00e9 \u00e0 environ 4 semaines pour recevoir votre commande. <strong>Les demandes de rapport sur les pierres pr\u00e9cieuses NGI doivent \u00eatre effectu\u00e9es en envoyant un message \u00e0 la boutique TikTok de Yi Pin Qian.<\/strong> Merci, <strong><u>des frais suppl\u00e9mentaires s&#039;appliquent<\/u><\/strong>.<\/p>\n<p>\u00a0<\/p>\n<p><strong>La jad\u00e9ite naturelle n&#039;est pas parfaite, juste un petit rappel : notre jad\u00e9ite naturelle, comme toutes les belles choses de la nature, poss\u00e8de ses caract\u00e9ristiques et ses variations uniques. Nous invitons nos pr\u00e9cieux clients \u00e0 adopter ces variations naturelles. Bon shopping !<\/strong><\/p>\n<p>\u00a0<\/p>\n<p><strong><u>Aucune des photos et des s\u00e9quences vid\u00e9o n&#039;a \u00e9t\u00e9 filtr\u00e9e. Nous encourageons nos clients \u00e0 regarder \u00e9galement les vid\u00e9os d&#039;accompagnement pour une vue plus compl\u00e8te de nos produits<\/u><\/strong><\/p>","protected":false},"excerpt":{"rendered":"<p>Elevate your style with this stunning light lavender with red patches Natural Type A Jadeite Pendant Necklace. Crafted with fengshui scenery, this necklace is a true masterpiece. Exquisite Design: This necklace features a beautiful fengshui scenery design that&#8217;s both elegant and captivating. Natural Type A Jadeite: Made from natural Type A jadeite, this pendant is [&hellip;]<\/p>","protected":false},"featured_media":6167,"comment_status":"open","ping_status":"closed","template":"","meta":[],"product_brand":[],"product_cat":[194],"product_tag":[],"class_list":{"0":"post-1570","1":"product","2":"type-product","3":"status-publish","4":"has-post-thumbnail","6":"product_cat-value-picks","8":"first","9":"instock","10":"sale","11":"shipping-taxable","12":"purchasable","13":"product-type-simple"},"_links":{"self":[{"href":"https:\/\/shop.yipinqian.com\/fr\/wp-json\/wp\/v2\/product\/1570","targetHints":{"allow":["GET"]}}],"collection":[{"href":"https:\/\/shop.yipinqian.com\/fr\/wp-json\/wp\/v2\/product"}],"about":[{"href":"https:\/\/shop.yipinqian.com\/fr\/wp-json\/wp\/v2\/types\/product"}],"replies":[{"embeddable":true,"href":"https:\/\/shop.yipinqian.com\/fr\/wp-json\/wp\/v2\/comments?post=1570"}],"version-history":[{"count":0,"href":"https:\/\/shop.yipinqian.com\/fr\/wp-json\/wp\/v2\/product\/1570\/revisions"}],"wp:featuredmedia":[{"embeddable":true,"href":"https:\/\/shop.yipinqian.com\/fr\/wp-json\/wp\/v2\/media\/6167"}],"wp:attachment":[{"href":"https:\/\/shop.yipinqian.com\/fr\/wp-json\/wp\/v2\/media?parent=1570"}],"wp:term":[{"taxonomy":"product_brand","embeddable":true,"href":"https:\/\/shop.yipinqian.com\/fr\/wp-json\/wp\/v2\/product_brand?post=1570"},{"taxonomy":"product_cat","embeddable":true,"href":"https:\/\/shop.yipinqian.com\/fr\/wp-json\/wp\/v2\/product_cat?post=1570"},{"taxonomy":"product_tag","embeddable":true,"href":"https:\/\/shop.yipinqian.com\/fr\/wp-json\/wp\/v2\/product_tag?post=1570"}],"curies":[{"name":"wp","href":"https:\/\/api.w.org\/{rel}","templated":true}]}}